{"id":23694,"date":"2020-12-02T11:44:21","date_gmt":"2020-12-02T10:44:21","guid":{"rendered":"https:\/\/www.reulsport.com\/?post_type=product&#038;p=23694"},"modified":"2022-09-22T15:53:25","modified_gmt":"2022-09-22T13:53:25","slug":"kit-canon-adv-series-8-paire","status":"publish","type":"product","link":"https:\/\/www.reulsport.com\/en\/produit\/kit-canon-adv-series-8-paire\/","title":{"rendered":"kit Canon ADV Series 8 (Paire)"},"content":{"rendered":"<p>R\u00e9flecteur d&#8217;iris et combo optique<\/p>\n<p>Combinant la distance sup\u00e9rieure des r\u00e9flecteurs Iris avec deux optiques elliptiques, l&#8217;ADV Light Cannon fait briller un motif de lumi\u00e8re puissant et lisse pour tous les terrains.\u00a0Des routes sinueuses aux sentiers \u00e0 grande vitesse, le motif de faisceau Driving \/ Combo est le m\u00e9lange parfait de lumi\u00e8re.<\/p>\n<p>Feu de jour Halo\u00a0<\/p>\n<p>Le syst\u00e8me Halo offre la lueur r\u00e9tro\u00e9clair\u00e9e la plus douce de jour comme de nuit. Choisissez de la faire fonctionner comme feux de jour ou de placer un interrupteur s\u00e9par\u00e9 pour un \u00e9clairage de style \u00e0 la demande.<\/p>\n<p>Caract\u00e9ristiques :\u00a0<\/p>\n<p>\u00a0Led : 8 x 10W (80W)<\/p>\n<p>\u00a0Temp\u00e9rature de la couleur : 6.000 Kelvin<\/p>\n<p>\u00a0Lumens : 8560 Lumens (brut) \/ 5992 Lumens (efficaces)<\/p>\n<p>Distance d&#8217;\u00e9clairage : 760m (kit) \/ 570m (Pi\u00e8ce)<\/p>\n<p>Puissance d&#8217;\u00e9clairage : 17120lm (kit) \/ 8560lm (Pi\u00e8ce)<\/p>\n<p>\u00a0Faisceau : Combo = Spot + Elliptical<\/p>\n<p>\u00a0Dimensions : 238\/237\/160mm<\/p>\n<p>\u00a0Poids : 2.3 kg<\/p>\n<p>\u00a0Tension : 9-32V DC<\/p>\n<p>\u00a0Amp\u00e9rage : 3.34A@24V DC &#8211; 6.67A@12V DC<\/p>\n<p>\u00a0Estimation de vibration : 21.2 Grms<\/p>\n<p>\u00a0Mat\u00e9riau de la lentille : Acryl<\/p>\n<p>\u00a0Etanche IP68\/69k<\/p>\n","protected":false},"excerpt":{"rendered":"<p>R\u00e9flecteur d&#8217;iris et combo optique Combinant la distance sup\u00e9rieure des r\u00e9flecteurs Iris avec deux optiques elliptiques, l&#8217;ADV Light Cannon fait briller un motif de lumi\u00e8re puissant et lisse pour tous les terrains.\u00a0Des routes sinueuses aux sentiers \u00e0 grande vitesse, le motif de faisceau Driving \/ Combo est le m\u00e9lange parfait de lumi\u00e8re. Feu de jour [&hellip;]<\/p>\n","protected":false},"featured_media":23706,"comment_status":"open","ping_status":"closed","template":"","meta":[],"product_cat":[100],"product_tag":[197],"acf":[],"yoast_head":"<!-- This site is optimized with the Yoast SEO plugin v20.1 - https:\/\/yoast.com\/wordpress\/plugins\/seo\/ -->\n<title>kit Canon ADV Series 8 (Paire) - ReulSport - Landrover specialist - Iveco partner<\/title>\n<meta name=\"robots\" content=\"index, follow, max-snippet:-1, max-image-preview:large, max-video-preview:-1\" \/>\n<link rel=\"canonical\" href=\"https:\/\/www.reulsport.com\/en\/produit\/kit-canon-adv-series-8-paire\/\" \/>\n<meta property=\"og:locale\" content=\"en_US\" \/>\n<meta property=\"og:type\" content=\"article\" \/>\n<meta property=\"og:title\" content=\"kit Canon ADV Series 8 (Paire) - ReulSport - Landrover specialist - Iveco partner\" \/>\n<meta property=\"og:description\" content=\"R\u00e9flecteur d&#8217;iris et combo optique Combinant la distance sup\u00e9rieure des r\u00e9flecteurs Iris avec deux optiques elliptiques, l&#8217;ADV Light Cannon fait briller un motif de lumi\u00e8re puissant et lisse pour tous les terrains.\u00a0Des routes sinueuses aux sentiers \u00e0 grande vitesse, le motif de faisceau Driving \/ Combo est le m\u00e9lange parfait de lumi\u00e8re. Feu de jour [&hellip;]\" \/>\n<meta property=\"og:url\" content=\"https:\/\/www.reulsport.com\/en\/produit\/kit-canon-adv-series-8-paire\/\" \/>\n<meta property=\"og:site_name\" content=\"ReulSport - Landrover specialist - Iveco partner\" \/>\n<meta property=\"article:modified_time\" content=\"2022-09-22T13:53:25+00:00\" \/>\n<meta property=\"og:image\" content=\"https:\/\/www.reulsport.com\/wp-content\/uploads\/2020\/12\/CGA-CPMH8MKIT.jpeg\" \/>\n\t<meta property=\"og:image:width\" content=\"1500\" \/>\n\t<meta property=\"og:image:height\" content=\"1481\" \/>\n\t<meta property=\"og:image:type\" content=\"image\/jpeg\" \/>\n<meta name=\"twitter:card\" content=\"summary_large_image\" \/>\n<meta name=\"twitter:label1\" content=\"Est. reading time\" \/>\n\t<meta name=\"twitter:data1\" content=\"1 minute\" \/>\n<script type=\"application\/ld+json\" class=\"yoast-schema-graph\">{\"@context\":\"https:\/\/schema.org\",\"@graph\":[{\"@type\":\"WebPage\",\"@id\":\"https:\/\/www.reulsport.com\/en\/produit\/kit-canon-adv-series-8-paire\/\",\"url\":\"https:\/\/www.reulsport.com\/en\/produit\/kit-canon-adv-series-8-paire\/\",\"name\":\"kit Canon ADV Series 8 (Paire) - ReulSport - Landrover specialist - Iveco partner\",\"isPartOf\":{\"@id\":\"https:\/\/www.reulsport.com\/#website\"},\"datePublished\":\"2020-12-02T10:44:21+00:00\",\"dateModified\":\"2022-09-22T13:53:25+00:00\",\"breadcrumb\":{\"@id\":\"https:\/\/www.reulsport.com\/en\/produit\/kit-canon-adv-series-8-paire\/#breadcrumb\"},\"inLanguage\":\"en-US\",\"potentialAction\":[{\"@type\":\"ReadAction\",\"target\":[\"https:\/\/www.reulsport.com\/en\/produit\/kit-canon-adv-series-8-paire\/\"]}]},{\"@type\":\"BreadcrumbList\",\"@id\":\"https:\/\/www.reulsport.com\/en\/produit\/kit-canon-adv-series-8-paire\/#breadcrumb\",\"itemListElement\":[{\"@type\":\"ListItem\",\"position\":1,\"name\":\"Accueil\",\"item\":\"https:\/\/www.reulsport.com\/en\/\"},{\"@type\":\"ListItem\",\"position\":2,\"name\":\"Shop\",\"item\":\"https:\/\/www.reulsport.com\/en\/shop\/\"},{\"@type\":\"ListItem\",\"position\":3,\"name\":\"kit Canon ADV Series 8 (Paire)\"}]},{\"@type\":\"WebSite\",\"@id\":\"https:\/\/www.reulsport.com\/#website\",\"url\":\"https:\/\/www.reulsport.com\/\",\"name\":\"ReulSport - Landrover specialist - Iveco partner\",\"description\":\"ReulSport est un garage Ineos, Iveco et Polaris dans la r\u00e9gion de Verviers et Li\u00e8ge. Sp\u00e9cialiste de l&#039;Offroad, de la pr\u00e9paration et de l&#039;accessoirisation. .\",\"potentialAction\":[{\"@type\":\"SearchAction\",\"target\":{\"@type\":\"EntryPoint\",\"urlTemplate\":\"https:\/\/www.reulsport.com\/?s={search_term_string}\"},\"query-input\":\"required name=search_term_string\"}],\"inLanguage\":\"en-US\"}]}<\/script>\n<!-- \/ Yoast SEO plugin. -->","yoast_head_json":{"title":"kit Canon ADV Series 8 (Paire) - ReulSport - Landrover specialist - Iveco partner","robots":{"index":"index","follow":"follow","max-snippet":"max-snippet:-1","max-image-preview":"max-image-preview:large","max-video-preview":"max-video-preview:-1"},"canonical":"https:\/\/www.reulsport.com\/en\/produit\/kit-canon-adv-series-8-paire\/","og_locale":"en_US","og_type":"article","og_title":"kit Canon ADV Series 8 (Paire) - ReulSport - Landrover specialist - Iveco partner","og_description":"R\u00e9flecteur d&#8217;iris et combo optique Combinant la distance sup\u00e9rieure des r\u00e9flecteurs Iris avec deux optiques elliptiques, l&#8217;ADV Light Cannon fait briller un motif de lumi\u00e8re puissant et lisse pour tous les terrains.\u00a0Des routes sinueuses aux sentiers \u00e0 grande vitesse, le motif de faisceau Driving \/ Combo est le m\u00e9lange parfait de lumi\u00e8re. Feu de jour [&hellip;]","og_url":"https:\/\/www.reulsport.com\/en\/produit\/kit-canon-adv-series-8-paire\/","og_site_name":"ReulSport - Landrover specialist - Iveco partner","article_modified_time":"2022-09-22T13:53:25+00:00","og_image":[{"width":1500,"height":1481,"url":"https:\/\/www.reulsport.com\/wp-content\/uploads\/2020\/12\/CGA-CPMH8MKIT.jpeg","type":"image\/jpeg"}],"twitter_card":"summary_large_image","twitter_misc":{"Est. reading time":"1 minute"},"schema":{"@context":"https:\/\/schema.org","@graph":[{"@type":"WebPage","@id":"https:\/\/www.reulsport.com\/en\/produit\/kit-canon-adv-series-8-paire\/","url":"https:\/\/www.reulsport.com\/en\/produit\/kit-canon-adv-series-8-paire\/","name":"kit Canon ADV Series 8 (Paire) - ReulSport - Landrover specialist - Iveco partner","isPartOf":{"@id":"https:\/\/www.reulsport.com\/#website"},"datePublished":"2020-12-02T10:44:21+00:00","dateModified":"2022-09-22T13:53:25+00:00","breadcrumb":{"@id":"https:\/\/www.reulsport.com\/en\/produit\/kit-canon-adv-series-8-paire\/#breadcrumb"},"inLanguage":"en-US","potentialAction":[{"@type":"ReadAction","target":["https:\/\/www.reulsport.com\/en\/produit\/kit-canon-adv-series-8-paire\/"]}]},{"@type":"BreadcrumbList","@id":"https:\/\/www.reulsport.com\/en\/produit\/kit-canon-adv-series-8-paire\/#breadcrumb","itemListElement":[{"@type":"ListItem","position":1,"name":"Accueil","item":"https:\/\/www.reulsport.com\/en\/"},{"@type":"ListItem","position":2,"name":"Shop","item":"https:\/\/www.reulsport.com\/en\/shop\/"},{"@type":"ListItem","position":3,"name":"kit Canon ADV Series 8 (Paire)"}]},{"@type":"WebSite","@id":"https:\/\/www.reulsport.com\/#website","url":"https:\/\/www.reulsport.com\/","name":"ReulSport - Landrover specialist - Iveco partner","description":"ReulSport est un garage Ineos, Iveco et Polaris dans la r\u00e9gion de Verviers et Li\u00e8ge. Sp\u00e9cialiste de l&#039;Offroad, de la pr\u00e9paration et de l&#039;accessoirisation. .","potentialAction":[{"@type":"SearchAction","target":{"@type":"EntryPoint","urlTemplate":"https:\/\/www.reulsport.com\/?s={search_term_string}"},"query-input":"required name=search_term_string"}],"inLanguage":"en-US"}]}},"_links":{"self":[{"href":"https:\/\/www.reulsport.com\/en\/wp-json\/wp\/v2\/product\/23694"}],"collection":[{"href":"https:\/\/www.reulsport.com\/en\/wp-json\/wp\/v2\/product"}],"about":[{"href":"https:\/\/www.reulsport.com\/en\/wp-json\/wp\/v2\/types\/product"}],"replies":[{"embeddable":true,"href":"https:\/\/www.reulsport.com\/en\/wp-json\/wp\/v2\/comments?post=23694"}],"wp:featuredmedia":[{"embeddable":true,"href":"https:\/\/www.reulsport.com\/en\/wp-json\/wp\/v2\/media\/23706"}],"wp:attachment":[{"href":"https:\/\/www.reulsport.com\/en\/wp-json\/wp\/v2\/media?parent=23694"}],"wp:term":[{"taxonomy":"product_cat","embeddable":true,"href":"https:\/\/www.reulsport.com\/en\/wp-json\/wp\/v2\/product_cat?post=23694"},{"taxonomy":"product_tag","embeddable":true,"href":"https:\/\/www.reulsport.com\/en\/wp-json\/wp\/v2\/product_tag?post=23694"}],"curies":[{"name":"wp","href":"https:\/\/api.w.org\/{rel}","templated":true}]}}