{"id":24112,"date":"2020-12-08T16:40:50","date_gmt":"2020-12-08T15:40:50","guid":{"rendered":"https:\/\/www.reulsport.com\/?post_type=product&#038;p=24112"},"modified":"2022-09-22T15:43:23","modified_gmt":"2022-09-22T13:43:23","slug":"barre-led-xpl-curvee","status":"publish","type":"product","link":"https:\/\/www.reulsport.com\/en\/produit\/barre-led-xpl-curvee\/","title":{"rendered":"Barre led XPL curv\u00e9e"},"content":{"rendered":"<p>La barre LED de la s\u00e9rie XPL Curved Halo est notre solution \u00e0 la demande croissante de barres lumineuses courb\u00e9es haute performance.<br \/>\nNous sommes les premiers \u00e0 le faire avec un bo\u00eetier ultra mince de 2 pouces et des LED 5W \u00e0 une rang\u00e9e de haute intensit\u00e9.<\/p>\n<p>Utilisant notre technologie de r\u00e9flecteur d&#8217;iris coupl\u00e9e \u00e0 la courbe unique de la barre, la s\u00e9rie XPL Curved produit un large motif de faisceau ponctuel qui atteint plus de 566m avec jusqu&#8217;\u00e0 23 005 lumens bruts.<\/p>\n<p>Caract\u00e9ristiques :\u00a0<\/p>\n<p>\u00a0Led : 5w par led<\/p>\n<p>Structure : aluminium<\/p>\n<p>\u00a0Temp\u00e9rature de la couleur : 6.000 Kelvin<\/p>\n<p>\u00a0Faisceau : Spot 10\u00b0<\/p>\n<p>\u00a0Tension : 9-32V DC<\/p>\n<p>\u00a0Amp\u00e9rage : 3.12A~8.96A@24V DC &#8211; 6.25A~17.92A@12V DC<\/p>\n<p>\u00a0Estimation de vibration : 21 Grms<\/p>\n<p>\u00a0Mat\u00e9riau de la lentille : Polycarbonate<\/p>\n<p>Merci de nous consulter pour les prix.<\/p>\n","protected":false},"excerpt":{"rendered":"<p>La barre LED de la s\u00e9rie XPL Curved Halo est notre solution \u00e0 la demande croissante de barres lumineuses courb\u00e9es haute performance. Nous sommes les premiers \u00e0 le faire avec un bo\u00eetier ultra mince de 2 pouces et des LED 5W \u00e0 une rang\u00e9e de haute intensit\u00e9. Utilisant notre technologie de r\u00e9flecteur d&#8217;iris coupl\u00e9e \u00e0 [&hellip;]<\/p>\n","protected":false},"featured_media":24137,"comment_status":"open","ping_status":"closed","template":"","meta":[],"product_cat":[100],"product_tag":[197],"acf":[],"yoast_head":"<!-- This site is optimized with the Yoast SEO plugin v20.1 - https:\/\/yoast.com\/wordpress\/plugins\/seo\/ -->\n<title>Barre led XPL curv\u00e9e - ReulSport - Landrover specialist - Iveco partner<\/title>\n<meta name=\"robots\" content=\"index, follow, max-snippet:-1, max-image-preview:large, max-video-preview:-1\" \/>\n<link rel=\"canonical\" href=\"https:\/\/www.reulsport.com\/en\/produit\/barre-led-xpl-curvee\/\" \/>\n<meta property=\"og:locale\" content=\"en_US\" \/>\n<meta property=\"og:type\" content=\"article\" \/>\n<meta property=\"og:title\" content=\"Barre led XPL curv\u00e9e - ReulSport - Landrover specialist - Iveco partner\" \/>\n<meta property=\"og:description\" content=\"La barre LED de la s\u00e9rie XPL Curved Halo est notre solution \u00e0 la demande croissante de barres lumineuses courb\u00e9es haute performance. Nous sommes les premiers \u00e0 le faire avec un bo\u00eetier ultra mince de 2 pouces et des LED 5W \u00e0 une rang\u00e9e de haute intensit\u00e9. Utilisant notre technologie de r\u00e9flecteur d&#8217;iris coupl\u00e9e \u00e0 [&hellip;]\" \/>\n<meta property=\"og:url\" content=\"https:\/\/www.reulsport.com\/en\/produit\/barre-led-xpl-curvee\/\" \/>\n<meta property=\"og:site_name\" content=\"ReulSport - Landrover specialist - Iveco partner\" \/>\n<meta property=\"article:modified_time\" content=\"2022-09-22T13:43:23+00:00\" \/>\n<meta property=\"og:image\" content=\"https:\/\/www.reulsport.com\/wp-content\/uploads\/2020\/12\/XPL-Curved.jpg\" \/>\n\t<meta property=\"og:image:width\" content=\"740\" \/>\n\t<meta property=\"og:image:height\" content=\"400\" \/>\n\t<meta property=\"og:image:type\" content=\"image\/jpeg\" \/>\n<meta name=\"twitter:card\" content=\"summary_large_image\" \/>\n<meta name=\"twitter:label1\" content=\"Est. reading time\" \/>\n\t<meta name=\"twitter:data1\" content=\"1 minute\" \/>\n<script type=\"application\/ld+json\" class=\"yoast-schema-graph\">{\"@context\":\"https:\/\/schema.org\",\"@graph\":[{\"@type\":\"WebPage\",\"@id\":\"https:\/\/www.reulsport.com\/en\/produit\/barre-led-xpl-curvee\/\",\"url\":\"https:\/\/www.reulsport.com\/en\/produit\/barre-led-xpl-curvee\/\",\"name\":\"Barre led XPL curv\u00e9e - ReulSport - Landrover specialist - Iveco partner\",\"isPartOf\":{\"@id\":\"https:\/\/www.reulsport.com\/#website\"},\"datePublished\":\"2020-12-08T15:40:50+00:00\",\"dateModified\":\"2022-09-22T13:43:23+00:00\",\"breadcrumb\":{\"@id\":\"https:\/\/www.reulsport.com\/en\/produit\/barre-led-xpl-curvee\/#breadcrumb\"},\"inLanguage\":\"en-US\",\"potentialAction\":[{\"@type\":\"ReadAction\",\"target\":[\"https:\/\/www.reulsport.com\/en\/produit\/barre-led-xpl-curvee\/\"]}]},{\"@type\":\"BreadcrumbList\",\"@id\":\"https:\/\/www.reulsport.com\/en\/produit\/barre-led-xpl-curvee\/#breadcrumb\",\"itemListElement\":[{\"@type\":\"ListItem\",\"position\":1,\"name\":\"Accueil\",\"item\":\"https:\/\/www.reulsport.com\/en\/\"},{\"@type\":\"ListItem\",\"position\":2,\"name\":\"Shop\",\"item\":\"https:\/\/www.reulsport.com\/en\/shop\/\"},{\"@type\":\"ListItem\",\"position\":3,\"name\":\"Barre led XPL curv\u00e9e\"}]},{\"@type\":\"WebSite\",\"@id\":\"https:\/\/www.reulsport.com\/#website\",\"url\":\"https:\/\/www.reulsport.com\/\",\"name\":\"ReulSport - Landrover specialist - Iveco partner\",\"description\":\"ReulSport est un garage Ineos, Iveco et Polaris dans la r\u00e9gion de Verviers et Li\u00e8ge. Sp\u00e9cialiste de l&#039;Offroad, de la pr\u00e9paration et de l&#039;accessoirisation. .\",\"potentialAction\":[{\"@type\":\"SearchAction\",\"target\":{\"@type\":\"EntryPoint\",\"urlTemplate\":\"https:\/\/www.reulsport.com\/?s={search_term_string}\"},\"query-input\":\"required name=search_term_string\"}],\"inLanguage\":\"en-US\"}]}<\/script>\n<!-- \/ Yoast SEO plugin. -->","yoast_head_json":{"title":"Barre led XPL curv\u00e9e - ReulSport - Landrover specialist - Iveco partner","robots":{"index":"index","follow":"follow","max-snippet":"max-snippet:-1","max-image-preview":"max-image-preview:large","max-video-preview":"max-video-preview:-1"},"canonical":"https:\/\/www.reulsport.com\/en\/produit\/barre-led-xpl-curvee\/","og_locale":"en_US","og_type":"article","og_title":"Barre led XPL curv\u00e9e - ReulSport - Landrover specialist - Iveco partner","og_description":"La barre LED de la s\u00e9rie XPL Curved Halo est notre solution \u00e0 la demande croissante de barres lumineuses courb\u00e9es haute performance. Nous sommes les premiers \u00e0 le faire avec un bo\u00eetier ultra mince de 2 pouces et des LED 5W \u00e0 une rang\u00e9e de haute intensit\u00e9. Utilisant notre technologie de r\u00e9flecteur d&#8217;iris coupl\u00e9e \u00e0 [&hellip;]","og_url":"https:\/\/www.reulsport.com\/en\/produit\/barre-led-xpl-curvee\/","og_site_name":"ReulSport - Landrover specialist - Iveco partner","article_modified_time":"2022-09-22T13:43:23+00:00","og_image":[{"width":740,"height":400,"url":"https:\/\/www.reulsport.com\/wp-content\/uploads\/2020\/12\/XPL-Curved.jpg","type":"image\/jpeg"}],"twitter_card":"summary_large_image","twitter_misc":{"Est. reading time":"1 minute"},"schema":{"@context":"https:\/\/schema.org","@graph":[{"@type":"WebPage","@id":"https:\/\/www.reulsport.com\/en\/produit\/barre-led-xpl-curvee\/","url":"https:\/\/www.reulsport.com\/en\/produit\/barre-led-xpl-curvee\/","name":"Barre led XPL curv\u00e9e - ReulSport - Landrover specialist - Iveco partner","isPartOf":{"@id":"https:\/\/www.reulsport.com\/#website"},"datePublished":"2020-12-08T15:40:50+00:00","dateModified":"2022-09-22T13:43:23+00:00","breadcrumb":{"@id":"https:\/\/www.reulsport.com\/en\/produit\/barre-led-xpl-curvee\/#breadcrumb"},"inLanguage":"en-US","potentialAction":[{"@type":"ReadAction","target":["https:\/\/www.reulsport.com\/en\/produit\/barre-led-xpl-curvee\/"]}]},{"@type":"BreadcrumbList","@id":"https:\/\/www.reulsport.com\/en\/produit\/barre-led-xpl-curvee\/#breadcrumb","itemListElement":[{"@type":"ListItem","position":1,"name":"Accueil","item":"https:\/\/www.reulsport.com\/en\/"},{"@type":"ListItem","position":2,"name":"Shop","item":"https:\/\/www.reulsport.com\/en\/shop\/"},{"@type":"ListItem","position":3,"name":"Barre led XPL curv\u00e9e"}]},{"@type":"WebSite","@id":"https:\/\/www.reulsport.com\/#website","url":"https:\/\/www.reulsport.com\/","name":"ReulSport - Landrover specialist - Iveco partner","description":"ReulSport est un garage Ineos, Iveco et Polaris dans la r\u00e9gion de Verviers et Li\u00e8ge. Sp\u00e9cialiste de l&#039;Offroad, de la pr\u00e9paration et de l&#039;accessoirisation. .","potentialAction":[{"@type":"SearchAction","target":{"@type":"EntryPoint","urlTemplate":"https:\/\/www.reulsport.com\/?s={search_term_string}"},"query-input":"required name=search_term_string"}],"inLanguage":"en-US"}]}},"_links":{"self":[{"href":"https:\/\/www.reulsport.com\/en\/wp-json\/wp\/v2\/product\/24112"}],"collection":[{"href":"https:\/\/www.reulsport.com\/en\/wp-json\/wp\/v2\/product"}],"about":[{"href":"https:\/\/www.reulsport.com\/en\/wp-json\/wp\/v2\/types\/product"}],"replies":[{"embeddable":true,"href":"https:\/\/www.reulsport.com\/en\/wp-json\/wp\/v2\/comments?post=24112"}],"wp:featuredmedia":[{"embeddable":true,"href":"https:\/\/www.reulsport.com\/en\/wp-json\/wp\/v2\/media\/24137"}],"wp:attachment":[{"href":"https:\/\/www.reulsport.com\/en\/wp-json\/wp\/v2\/media?parent=24112"}],"wp:term":[{"taxonomy":"product_cat","embeddable":true,"href":"https:\/\/www.reulsport.com\/en\/wp-json\/wp\/v2\/product_cat?post=24112"},{"taxonomy":"product_tag","embeddable":true,"href":"https:\/\/www.reulsport.com\/en\/wp-json\/wp\/v2\/product_tag?post=24112"}],"curies":[{"name":"wp","href":"https:\/\/api.w.org\/{rel}","templated":true}]}}