{"id":24192,"date":"2020-12-09T08:44:39","date_gmt":"2020-12-09T07:44:39","guid":{"rendered":"https:\/\/www.reulsport.com\/?post_type=product&#038;p=24192"},"modified":"2022-09-22T15:40:58","modified_gmt":"2022-09-22T13:40:58","slug":"barre-led-xpr","status":"publish","type":"product","link":"https:\/\/www.reulsport.com\/en\/produit\/barre-led-xpr\/","title":{"rendered":"Barre led XPR"},"content":{"rendered":"<p>Vision X pr\u00e9sente la s\u00e9rie Xmitter Prime Iris Light Bar ou XPR. Cette nouvelle g\u00e9n\u00e9ration de barres leds pr\u00e9sente deux caract\u00e9ristiques jamais vues auparavant sur une barre lumineuse Vision X : la technologie de r\u00e9flecteur IRIS et un double montage(supports de montage sur pieds et d&#8217;extr\u00e9mit\u00e9 brevet\u00e9s sont inclus en standard). La s\u00e9rie XPR est lanc\u00e9e avec 7 longueurs diff\u00e9rentes, allant de 11,5 \u201d\u00e0 51\u201d, et une option de faisceau unique.<\/p>\n<p>Caract\u00e9ristiques :\u00a0<\/p>\n<p>\u00a0Led : 10w par led<\/p>\n<p>Structure : aluminium<\/p>\n<p>\u00a0Temp\u00e9rature de la couleur : 6.000 Kelvin<\/p>\n<p>\u00a0Faisceau : Mixte<\/p>\n<p>\u00a0Tension : 11-32V DC<\/p>\n<p>\u00a0Amp\u00e9rage : 1.25A~11.25A@24V DC &#8211; 2.5A~22.5A@12V DC<\/p>\n<p>\u00a0Estimation de vibration : 21 Grms<\/p>\n<p>\u00a0Mat\u00e9riau de la lentille : Polycarbonate<\/p>\n<p>Merci de nous consulter pour les prix.<\/p>\n","protected":false},"excerpt":{"rendered":"<p>Vision X pr\u00e9sente la s\u00e9rie Xmitter Prime Iris Light Bar ou XPR. Cette nouvelle g\u00e9n\u00e9ration de barres leds pr\u00e9sente deux caract\u00e9ristiques jamais vues auparavant sur une barre lumineuse Vision X : la technologie de r\u00e9flecteur IRIS et un double montage(supports de montage sur pieds et d&#8217;extr\u00e9mit\u00e9 brevet\u00e9s sont inclus en standard). La s\u00e9rie XPR est [&hellip;]<\/p>\n","protected":false},"featured_media":24381,"comment_status":"open","ping_status":"closed","template":"","meta":[],"product_cat":[100],"product_tag":[197],"acf":[],"yoast_head":"<!-- This site is optimized with the Yoast SEO plugin v20.1 - https:\/\/yoast.com\/wordpress\/plugins\/seo\/ -->\n<title>Barre led XPR - ReulSport - Landrover specialist - Iveco partner<\/title>\n<meta name=\"robots\" content=\"index, follow, max-snippet:-1, max-image-preview:large, max-video-preview:-1\" \/>\n<link rel=\"canonical\" href=\"https:\/\/www.reulsport.com\/en\/produit\/barre-led-xpr\/\" \/>\n<meta property=\"og:locale\" content=\"en_US\" \/>\n<meta property=\"og:type\" content=\"article\" \/>\n<meta property=\"og:title\" content=\"Barre led XPR - ReulSport - Landrover specialist - Iveco partner\" \/>\n<meta property=\"og:description\" content=\"Vision X pr\u00e9sente la s\u00e9rie Xmitter Prime Iris Light Bar ou XPR. Cette nouvelle g\u00e9n\u00e9ration de barres leds pr\u00e9sente deux caract\u00e9ristiques jamais vues auparavant sur une barre lumineuse Vision X : la technologie de r\u00e9flecteur IRIS et un double montage(supports de montage sur pieds et d&#8217;extr\u00e9mit\u00e9 brevet\u00e9s sont inclus en standard). La s\u00e9rie XPR est [&hellip;]\" \/>\n<meta property=\"og:url\" content=\"https:\/\/www.reulsport.com\/en\/produit\/barre-led-xpr\/\" \/>\n<meta property=\"og:site_name\" content=\"ReulSport - Landrover specialist - Iveco partner\" \/>\n<meta property=\"article:modified_time\" content=\"2022-09-22T13:40:58+00:00\" \/>\n<meta property=\"og:image\" content=\"https:\/\/www.reulsport.com\/wp-content\/uploads\/2020\/12\/XPRM.jpg\" \/>\n\t<meta property=\"og:image:width\" content=\"740\" \/>\n\t<meta property=\"og:image:height\" content=\"400\" \/>\n\t<meta property=\"og:image:type\" content=\"image\/jpeg\" \/>\n<meta name=\"twitter:card\" content=\"summary_large_image\" \/>\n<meta name=\"twitter:label1\" content=\"Est. reading time\" \/>\n\t<meta name=\"twitter:data1\" content=\"1 minute\" \/>\n<script type=\"application\/ld+json\" class=\"yoast-schema-graph\">{\"@context\":\"https:\/\/schema.org\",\"@graph\":[{\"@type\":\"WebPage\",\"@id\":\"https:\/\/www.reulsport.com\/en\/produit\/barre-led-xpr\/\",\"url\":\"https:\/\/www.reulsport.com\/en\/produit\/barre-led-xpr\/\",\"name\":\"Barre led XPR - ReulSport - Landrover specialist - Iveco partner\",\"isPartOf\":{\"@id\":\"https:\/\/www.reulsport.com\/#website\"},\"datePublished\":\"2020-12-09T07:44:39+00:00\",\"dateModified\":\"2022-09-22T13:40:58+00:00\",\"breadcrumb\":{\"@id\":\"https:\/\/www.reulsport.com\/en\/produit\/barre-led-xpr\/#breadcrumb\"},\"inLanguage\":\"en-US\",\"potentialAction\":[{\"@type\":\"ReadAction\",\"target\":[\"https:\/\/www.reulsport.com\/en\/produit\/barre-led-xpr\/\"]}]},{\"@type\":\"BreadcrumbList\",\"@id\":\"https:\/\/www.reulsport.com\/en\/produit\/barre-led-xpr\/#breadcrumb\",\"itemListElement\":[{\"@type\":\"ListItem\",\"position\":1,\"name\":\"Accueil\",\"item\":\"https:\/\/www.reulsport.com\/en\/\"},{\"@type\":\"ListItem\",\"position\":2,\"name\":\"Shop\",\"item\":\"https:\/\/www.reulsport.com\/en\/shop\/\"},{\"@type\":\"ListItem\",\"position\":3,\"name\":\"Barre led XPR\"}]},{\"@type\":\"WebSite\",\"@id\":\"https:\/\/www.reulsport.com\/#website\",\"url\":\"https:\/\/www.reulsport.com\/\",\"name\":\"ReulSport - Landrover specialist - Iveco partner\",\"description\":\"ReulSport est un garage Ineos, Iveco et Polaris dans la r\u00e9gion de Verviers et Li\u00e8ge. Sp\u00e9cialiste de l&#039;Offroad, de la pr\u00e9paration et de l&#039;accessoirisation. .\",\"potentialAction\":[{\"@type\":\"SearchAction\",\"target\":{\"@type\":\"EntryPoint\",\"urlTemplate\":\"https:\/\/www.reulsport.com\/?s={search_term_string}\"},\"query-input\":\"required name=search_term_string\"}],\"inLanguage\":\"en-US\"}]}<\/script>\n<!-- \/ Yoast SEO plugin. -->","yoast_head_json":{"title":"Barre led XPR - ReulSport - Landrover specialist - Iveco partner","robots":{"index":"index","follow":"follow","max-snippet":"max-snippet:-1","max-image-preview":"max-image-preview:large","max-video-preview":"max-video-preview:-1"},"canonical":"https:\/\/www.reulsport.com\/en\/produit\/barre-led-xpr\/","og_locale":"en_US","og_type":"article","og_title":"Barre led XPR - ReulSport - Landrover specialist - Iveco partner","og_description":"Vision X pr\u00e9sente la s\u00e9rie Xmitter Prime Iris Light Bar ou XPR. Cette nouvelle g\u00e9n\u00e9ration de barres leds pr\u00e9sente deux caract\u00e9ristiques jamais vues auparavant sur une barre lumineuse Vision X : la technologie de r\u00e9flecteur IRIS et un double montage(supports de montage sur pieds et d&#8217;extr\u00e9mit\u00e9 brevet\u00e9s sont inclus en standard). La s\u00e9rie XPR est [&hellip;]","og_url":"https:\/\/www.reulsport.com\/en\/produit\/barre-led-xpr\/","og_site_name":"ReulSport - Landrover specialist - Iveco partner","article_modified_time":"2022-09-22T13:40:58+00:00","og_image":[{"width":740,"height":400,"url":"https:\/\/www.reulsport.com\/wp-content\/uploads\/2020\/12\/XPRM.jpg","type":"image\/jpeg"}],"twitter_card":"summary_large_image","twitter_misc":{"Est. reading time":"1 minute"},"schema":{"@context":"https:\/\/schema.org","@graph":[{"@type":"WebPage","@id":"https:\/\/www.reulsport.com\/en\/produit\/barre-led-xpr\/","url":"https:\/\/www.reulsport.com\/en\/produit\/barre-led-xpr\/","name":"Barre led XPR - ReulSport - Landrover specialist - Iveco partner","isPartOf":{"@id":"https:\/\/www.reulsport.com\/#website"},"datePublished":"2020-12-09T07:44:39+00:00","dateModified":"2022-09-22T13:40:58+00:00","breadcrumb":{"@id":"https:\/\/www.reulsport.com\/en\/produit\/barre-led-xpr\/#breadcrumb"},"inLanguage":"en-US","potentialAction":[{"@type":"ReadAction","target":["https:\/\/www.reulsport.com\/en\/produit\/barre-led-xpr\/"]}]},{"@type":"BreadcrumbList","@id":"https:\/\/www.reulsport.com\/en\/produit\/barre-led-xpr\/#breadcrumb","itemListElement":[{"@type":"ListItem","position":1,"name":"Accueil","item":"https:\/\/www.reulsport.com\/en\/"},{"@type":"ListItem","position":2,"name":"Shop","item":"https:\/\/www.reulsport.com\/en\/shop\/"},{"@type":"ListItem","position":3,"name":"Barre led XPR"}]},{"@type":"WebSite","@id":"https:\/\/www.reulsport.com\/#website","url":"https:\/\/www.reulsport.com\/","name":"ReulSport - Landrover specialist - Iveco partner","description":"ReulSport est un garage Ineos, Iveco et Polaris dans la r\u00e9gion de Verviers et Li\u00e8ge. Sp\u00e9cialiste de l&#039;Offroad, de la pr\u00e9paration et de l&#039;accessoirisation. .","potentialAction":[{"@type":"SearchAction","target":{"@type":"EntryPoint","urlTemplate":"https:\/\/www.reulsport.com\/?s={search_term_string}"},"query-input":"required name=search_term_string"}],"inLanguage":"en-US"}]}},"_links":{"self":[{"href":"https:\/\/www.reulsport.com\/en\/wp-json\/wp\/v2\/product\/24192"}],"collection":[{"href":"https:\/\/www.reulsport.com\/en\/wp-json\/wp\/v2\/product"}],"about":[{"href":"https:\/\/www.reulsport.com\/en\/wp-json\/wp\/v2\/types\/product"}],"replies":[{"embeddable":true,"href":"https:\/\/www.reulsport.com\/en\/wp-json\/wp\/v2\/comments?post=24192"}],"wp:featuredmedia":[{"embeddable":true,"href":"https:\/\/www.reulsport.com\/en\/wp-json\/wp\/v2\/media\/24381"}],"wp:attachment":[{"href":"https:\/\/www.reulsport.com\/en\/wp-json\/wp\/v2\/media?parent=24192"}],"wp:term":[{"taxonomy":"product_cat","embeddable":true,"href":"https:\/\/www.reulsport.com\/en\/wp-json\/wp\/v2\/product_cat?post=24192"},{"taxonomy":"product_tag","embeddable":true,"href":"https:\/\/www.reulsport.com\/en\/wp-json\/wp\/v2\/product_tag?post=24192"}],"curies":[{"name":"wp","href":"https:\/\/api.w.org\/{rel}","templated":true}]}}