{"id":24609,"date":"2020-12-09T11:31:38","date_gmt":"2020-12-09T10:31:38","guid":{"rendered":"https:\/\/www.reulsport.com\/?post_type=product&#038;p=24609"},"modified":"2022-09-22T15:08:10","modified_gmt":"2022-09-22T13:08:10","slug":"duralux-mini","status":"publish","type":"product","link":"https:\/\/www.reulsport.com\/en\/produit\/duralux-mini\/","title":{"rendered":"Duralux Mini"},"content":{"rendered":"<p>Le DURA Mini offre un rendement lumineux exceptionnel \u00e0 partir d&#8217;un petit bo\u00eetier compact de 7 cm.\u00a0Utilisant des LED de 3 watts, le DURA Mini fonctionne avec un amp\u00e9rage extr\u00eamement faible (1 A @ 12 V) tout en produisant 2000 lumens bruts.\u00a0Pesant moins de 700 g, la DURA Mini est la lampe id\u00e9ale pour ceux qui ont besoin d&#8217;une lumi\u00e8re puissante dans un espace limit\u00e9.<\/p>\n<p>Caract\u00e9ristiques :\u00a0<\/p>\n<p>\u00a0Led : 4 x 3W<\/p>\n<p>\u00a0Temp\u00e9rature de la couleur : 6.000 Kelvin<\/p>\n<p>\u00a0Lumens : 2000 Lumens (brut) \/ 950 Lumens (efficaces)<\/p>\n<p>\u00a0Faisceau : 60\u00b0 Wide Flood<\/p>\n<p>\u00a0Dimensions : 70\/92\/49mm<\/p>\n<p>\u00a0Poids : 0.40 kg<\/p>\n<p>\u00a0Tension : 9-32V DC<\/p>\n<p>\u00a0Amp\u00e9rage : 0.5A@24V DC &#8211; 1.0A@12V DC<\/p>\n<p>\u00a0Estimation de vibration : 8.6 Grms<\/p>\n<p>Merci de nous consulter pour les prix.<\/p>\n","protected":false},"excerpt":{"rendered":"<p>Le DURA Mini offre un rendement lumineux exceptionnel \u00e0 partir d&#8217;un petit bo\u00eetier compact de 7 cm.\u00a0Utilisant des LED de 3 watts, le DURA Mini fonctionne avec un amp\u00e9rage extr\u00eamement faible (1 A @ 12 V) tout en produisant 2000 lumens bruts.\u00a0Pesant moins de 700 g, la DURA Mini est la lampe id\u00e9ale pour ceux [&hellip;]<\/p>\n","protected":false},"featured_media":24666,"comment_status":"open","ping_status":"closed","template":"","meta":[],"product_cat":[100],"product_tag":[197],"acf":[],"yoast_head":"<!-- This site is optimized with the Yoast SEO plugin v20.1 - https:\/\/yoast.com\/wordpress\/plugins\/seo\/ -->\n<title>Duralux Mini - ReulSport - Landrover specialist - Iveco partner<\/title>\n<meta name=\"robots\" content=\"index, follow, max-snippet:-1, max-image-preview:large, max-video-preview:-1\" \/>\n<link rel=\"canonical\" href=\"https:\/\/www.reulsport.com\/en\/produit\/duralux-mini\/\" \/>\n<meta property=\"og:locale\" content=\"en_US\" \/>\n<meta property=\"og:type\" content=\"article\" \/>\n<meta property=\"og:title\" content=\"Duralux Mini - ReulSport - Landrover specialist - Iveco partner\" \/>\n<meta property=\"og:description\" content=\"Le DURA Mini offre un rendement lumineux exceptionnel \u00e0 partir d&#8217;un petit bo\u00eetier compact de 7 cm.\u00a0Utilisant des LED de 3 watts, le DURA Mini fonctionne avec un amp\u00e9rage extr\u00eamement faible (1 A @ 12 V) tout en produisant 2000 lumens bruts.\u00a0Pesant moins de 700 g, la DURA Mini est la lampe id\u00e9ale pour ceux [&hellip;]\" \/>\n<meta property=\"og:url\" content=\"https:\/\/www.reulsport.com\/en\/produit\/duralux-mini\/\" \/>\n<meta property=\"og:site_name\" content=\"ReulSport - Landrover specialist - Iveco partner\" \/>\n<meta property=\"article:modified_time\" content=\"2022-09-22T13:08:10+00:00\" \/>\n<meta property=\"og:image\" content=\"https:\/\/www.reulsport.com\/wp-content\/uploads\/2020\/12\/Mini-Dura-Combo.jpg\" \/>\n\t<meta property=\"og:image:width\" content=\"740\" \/>\n\t<meta property=\"og:image:height\" content=\"400\" \/>\n\t<meta property=\"og:image:type\" content=\"image\/jpeg\" \/>\n<meta name=\"twitter:card\" content=\"summary_large_image\" \/>\n<meta name=\"twitter:label1\" content=\"Est. reading time\" \/>\n\t<meta name=\"twitter:data1\" content=\"1 minute\" \/>\n<script type=\"application\/ld+json\" class=\"yoast-schema-graph\">{\"@context\":\"https:\/\/schema.org\",\"@graph\":[{\"@type\":\"WebPage\",\"@id\":\"https:\/\/www.reulsport.com\/en\/produit\/duralux-mini\/\",\"url\":\"https:\/\/www.reulsport.com\/en\/produit\/duralux-mini\/\",\"name\":\"Duralux Mini - ReulSport - Landrover specialist - Iveco partner\",\"isPartOf\":{\"@id\":\"https:\/\/www.reulsport.com\/#website\"},\"datePublished\":\"2020-12-09T10:31:38+00:00\",\"dateModified\":\"2022-09-22T13:08:10+00:00\",\"breadcrumb\":{\"@id\":\"https:\/\/www.reulsport.com\/en\/produit\/duralux-mini\/#breadcrumb\"},\"inLanguage\":\"en-US\",\"potentialAction\":[{\"@type\":\"ReadAction\",\"target\":[\"https:\/\/www.reulsport.com\/en\/produit\/duralux-mini\/\"]}]},{\"@type\":\"BreadcrumbList\",\"@id\":\"https:\/\/www.reulsport.com\/en\/produit\/duralux-mini\/#breadcrumb\",\"itemListElement\":[{\"@type\":\"ListItem\",\"position\":1,\"name\":\"Accueil\",\"item\":\"https:\/\/www.reulsport.com\/en\/\"},{\"@type\":\"ListItem\",\"position\":2,\"name\":\"Shop\",\"item\":\"https:\/\/www.reulsport.com\/en\/shop\/\"},{\"@type\":\"ListItem\",\"position\":3,\"name\":\"Duralux Mini\"}]},{\"@type\":\"WebSite\",\"@id\":\"https:\/\/www.reulsport.com\/#website\",\"url\":\"https:\/\/www.reulsport.com\/\",\"name\":\"ReulSport - Landrover specialist - Iveco partner\",\"description\":\"ReulSport est un garage Ineos, Iveco et Polaris dans la r\u00e9gion de Verviers et Li\u00e8ge. Sp\u00e9cialiste de l&#039;Offroad, de la pr\u00e9paration et de l&#039;accessoirisation. .\",\"potentialAction\":[{\"@type\":\"SearchAction\",\"target\":{\"@type\":\"EntryPoint\",\"urlTemplate\":\"https:\/\/www.reulsport.com\/?s={search_term_string}\"},\"query-input\":\"required name=search_term_string\"}],\"inLanguage\":\"en-US\"}]}<\/script>\n<!-- \/ Yoast SEO plugin. -->","yoast_head_json":{"title":"Duralux Mini - ReulSport - Landrover specialist - Iveco partner","robots":{"index":"index","follow":"follow","max-snippet":"max-snippet:-1","max-image-preview":"max-image-preview:large","max-video-preview":"max-video-preview:-1"},"canonical":"https:\/\/www.reulsport.com\/en\/produit\/duralux-mini\/","og_locale":"en_US","og_type":"article","og_title":"Duralux Mini - ReulSport - Landrover specialist - Iveco partner","og_description":"Le DURA Mini offre un rendement lumineux exceptionnel \u00e0 partir d&#8217;un petit bo\u00eetier compact de 7 cm.\u00a0Utilisant des LED de 3 watts, le DURA Mini fonctionne avec un amp\u00e9rage extr\u00eamement faible (1 A @ 12 V) tout en produisant 2000 lumens bruts.\u00a0Pesant moins de 700 g, la DURA Mini est la lampe id\u00e9ale pour ceux [&hellip;]","og_url":"https:\/\/www.reulsport.com\/en\/produit\/duralux-mini\/","og_site_name":"ReulSport - Landrover specialist - Iveco partner","article_modified_time":"2022-09-22T13:08:10+00:00","og_image":[{"width":740,"height":400,"url":"https:\/\/www.reulsport.com\/wp-content\/uploads\/2020\/12\/Mini-Dura-Combo.jpg","type":"image\/jpeg"}],"twitter_card":"summary_large_image","twitter_misc":{"Est. reading time":"1 minute"},"schema":{"@context":"https:\/\/schema.org","@graph":[{"@type":"WebPage","@id":"https:\/\/www.reulsport.com\/en\/produit\/duralux-mini\/","url":"https:\/\/www.reulsport.com\/en\/produit\/duralux-mini\/","name":"Duralux Mini - ReulSport - Landrover specialist - Iveco partner","isPartOf":{"@id":"https:\/\/www.reulsport.com\/#website"},"datePublished":"2020-12-09T10:31:38+00:00","dateModified":"2022-09-22T13:08:10+00:00","breadcrumb":{"@id":"https:\/\/www.reulsport.com\/en\/produit\/duralux-mini\/#breadcrumb"},"inLanguage":"en-US","potentialAction":[{"@type":"ReadAction","target":["https:\/\/www.reulsport.com\/en\/produit\/duralux-mini\/"]}]},{"@type":"BreadcrumbList","@id":"https:\/\/www.reulsport.com\/en\/produit\/duralux-mini\/#breadcrumb","itemListElement":[{"@type":"ListItem","position":1,"name":"Accueil","item":"https:\/\/www.reulsport.com\/en\/"},{"@type":"ListItem","position":2,"name":"Shop","item":"https:\/\/www.reulsport.com\/en\/shop\/"},{"@type":"ListItem","position":3,"name":"Duralux Mini"}]},{"@type":"WebSite","@id":"https:\/\/www.reulsport.com\/#website","url":"https:\/\/www.reulsport.com\/","name":"ReulSport - Landrover specialist - Iveco partner","description":"ReulSport est un garage Ineos, Iveco et Polaris dans la r\u00e9gion de Verviers et Li\u00e8ge. Sp\u00e9cialiste de l&#039;Offroad, de la pr\u00e9paration et de l&#039;accessoirisation. .","potentialAction":[{"@type":"SearchAction","target":{"@type":"EntryPoint","urlTemplate":"https:\/\/www.reulsport.com\/?s={search_term_string}"},"query-input":"required name=search_term_string"}],"inLanguage":"en-US"}]}},"_links":{"self":[{"href":"https:\/\/www.reulsport.com\/en\/wp-json\/wp\/v2\/product\/24609"}],"collection":[{"href":"https:\/\/www.reulsport.com\/en\/wp-json\/wp\/v2\/product"}],"about":[{"href":"https:\/\/www.reulsport.com\/en\/wp-json\/wp\/v2\/types\/product"}],"replies":[{"embeddable":true,"href":"https:\/\/www.reulsport.com\/en\/wp-json\/wp\/v2\/comments?post=24609"}],"wp:featuredmedia":[{"embeddable":true,"href":"https:\/\/www.reulsport.com\/en\/wp-json\/wp\/v2\/media\/24666"}],"wp:attachment":[{"href":"https:\/\/www.reulsport.com\/en\/wp-json\/wp\/v2\/media?parent=24609"}],"wp:term":[{"taxonomy":"product_cat","embeddable":true,"href":"https:\/\/www.reulsport.com\/en\/wp-json\/wp\/v2\/product_cat?post=24609"},{"taxonomy":"product_tag","embeddable":true,"href":"https:\/\/www.reulsport.com\/en\/wp-json\/wp\/v2\/product_tag?post=24609"}],"curies":[{"name":"wp","href":"https:\/\/api.w.org\/{rel}","templated":true}]}}