{"id":25191,"date":"2020-12-16T12:05:44","date_gmt":"2020-12-16T11:05:44","guid":{"rendered":"https:\/\/www.reulsport.com\/?post_type=product&#038;p=25191"},"modified":"2021-01-26T12:03:17","modified_gmt":"2021-01-26T11:03:17","slug":"bfgoodrich-krawler","status":"publish","type":"product","link":"https:\/\/www.reulsport.com\/en\/produit\/bfgoodrich-krawler\/","title":{"rendered":"BFGoodrich Krawler"},"content":{"rendered":"<p>Le meilleur pneu rock Krawling au monde. Adh\u00e9rence sans pr\u00e9c\u00e9dent sur les rochers, la boue et la salet\u00e9.\u00a0Carcasse ultra-r\u00e9sistante avec motif de bande de roulement \u00e0 crampons profonds.<\/p>\n<p>Son compos\u00e9 doux et adh\u00e9rant s&#8217;accroche aux surfaces in\u00e9gales pour une meilleure traction. La bande de roulement peut \u00eatre sculpt\u00e9e pour mieux r\u00e9pondre \u00e0 vos besoins individuels.\u00a0<\/p>\n<p>R\u00e9sistance extr\u00eame \u00e0 la perforation.\u00a0Quatre plis lat\u00e9raux en nylon.<\/p>\n<p>37\/12.5R17 disponible en label Blue et Red<\/p>\n","protected":false},"excerpt":{"rendered":"<p>Le meilleur pneu rock Krawling au monde. Adh\u00e9rence sans pr\u00e9c\u00e9dent sur les rochers, la boue et la salet\u00e9.\u00a0Carcasse ultra-r\u00e9sistante avec motif de bande de roulement \u00e0 crampons profonds. Son compos\u00e9 doux et adh\u00e9rant s&#8217;accroche aux surfaces in\u00e9gales pour une meilleure traction. La bande de roulement peut \u00eatre sculpt\u00e9e pour mieux r\u00e9pondre \u00e0 vos besoins individuels.\u00a0 [&hellip;]<\/p>\n","protected":false},"featured_media":25205,"comment_status":"open","ping_status":"closed","template":"","meta":[],"product_cat":[182,97],"product_tag":[222],"acf":[],"yoast_head":"<!-- This site is optimized with the Yoast SEO plugin v20.1 - https:\/\/yoast.com\/wordpress\/plugins\/seo\/ -->\n<title>BFGoodrich Krawler - ReulSport - Landrover specialist - Iveco partner<\/title>\n<meta name=\"robots\" content=\"index, follow, max-snippet:-1, max-image-preview:large, max-video-preview:-1\" \/>\n<link rel=\"canonical\" href=\"https:\/\/www.reulsport.com\/en\/produit\/bfgoodrich-krawler\/\" \/>\n<meta property=\"og:locale\" content=\"en_US\" \/>\n<meta property=\"og:type\" content=\"article\" \/>\n<meta property=\"og:title\" content=\"BFGoodrich Krawler - ReulSport - Landrover specialist - Iveco partner\" \/>\n<meta property=\"og:description\" content=\"Le meilleur pneu rock Krawling au monde. Adh\u00e9rence sans pr\u00e9c\u00e9dent sur les rochers, la boue et la salet\u00e9.\u00a0Carcasse ultra-r\u00e9sistante avec motif de bande de roulement \u00e0 crampons profonds. Son compos\u00e9 doux et adh\u00e9rant s&#8217;accroche aux surfaces in\u00e9gales pour une meilleure traction. La bande de roulement peut \u00eatre sculpt\u00e9e pour mieux r\u00e9pondre \u00e0 vos besoins individuels.\u00a0 [&hellip;]\" \/>\n<meta property=\"og:url\" content=\"https:\/\/www.reulsport.com\/en\/produit\/bfgoodrich-krawler\/\" \/>\n<meta property=\"og:site_name\" content=\"ReulSport - Landrover specialist - Iveco partner\" \/>\n<meta property=\"article:modified_time\" content=\"2021-01-26T11:03:17+00:00\" \/>\n<meta property=\"og:image\" content=\"https:\/\/www.reulsport.com\/wp-content\/uploads\/2020\/12\/krawler-ta.png\" \/>\n\t<meta property=\"og:image:width\" content=\"343\" \/>\n\t<meta property=\"og:image:height\" content=\"415\" \/>\n\t<meta property=\"og:image:type\" content=\"image\/png\" \/>\n<meta name=\"twitter:card\" content=\"summary_large_image\" \/>\n<script type=\"application\/ld+json\" class=\"yoast-schema-graph\">{\"@context\":\"https:\/\/schema.org\",\"@graph\":[{\"@type\":\"WebPage\",\"@id\":\"https:\/\/www.reulsport.com\/en\/produit\/bfgoodrich-krawler\/\",\"url\":\"https:\/\/www.reulsport.com\/en\/produit\/bfgoodrich-krawler\/\",\"name\":\"BFGoodrich Krawler - ReulSport - Landrover specialist - Iveco partner\",\"isPartOf\":{\"@id\":\"https:\/\/www.reulsport.com\/#website\"},\"datePublished\":\"2020-12-16T11:05:44+00:00\",\"dateModified\":\"2021-01-26T11:03:17+00:00\",\"breadcrumb\":{\"@id\":\"https:\/\/www.reulsport.com\/en\/produit\/bfgoodrich-krawler\/#breadcrumb\"},\"inLanguage\":\"en-US\",\"potentialAction\":[{\"@type\":\"ReadAction\",\"target\":[\"https:\/\/www.reulsport.com\/en\/produit\/bfgoodrich-krawler\/\"]}]},{\"@type\":\"BreadcrumbList\",\"@id\":\"https:\/\/www.reulsport.com\/en\/produit\/bfgoodrich-krawler\/#breadcrumb\",\"itemListElement\":[{\"@type\":\"ListItem\",\"position\":1,\"name\":\"Accueil\",\"item\":\"https:\/\/www.reulsport.com\/en\/\"},{\"@type\":\"ListItem\",\"position\":2,\"name\":\"Shop\",\"item\":\"https:\/\/www.reulsport.com\/en\/shop\/\"},{\"@type\":\"ListItem\",\"position\":3,\"name\":\"BFGoodrich Krawler\"}]},{\"@type\":\"WebSite\",\"@id\":\"https:\/\/www.reulsport.com\/#website\",\"url\":\"https:\/\/www.reulsport.com\/\",\"name\":\"ReulSport - Landrover specialist - Iveco partner\",\"description\":\"ReulSport est un garage Ineos, Iveco et Polaris dans la r\u00e9gion de Verviers et Li\u00e8ge. Sp\u00e9cialiste de l&#039;Offroad, de la pr\u00e9paration et de l&#039;accessoirisation. .\",\"potentialAction\":[{\"@type\":\"SearchAction\",\"target\":{\"@type\":\"EntryPoint\",\"urlTemplate\":\"https:\/\/www.reulsport.com\/?s={search_term_string}\"},\"query-input\":\"required name=search_term_string\"}],\"inLanguage\":\"en-US\"}]}<\/script>\n<!-- \/ Yoast SEO plugin. -->","yoast_head_json":{"title":"BFGoodrich Krawler - ReulSport - Landrover specialist - Iveco partner","robots":{"index":"index","follow":"follow","max-snippet":"max-snippet:-1","max-image-preview":"max-image-preview:large","max-video-preview":"max-video-preview:-1"},"canonical":"https:\/\/www.reulsport.com\/en\/produit\/bfgoodrich-krawler\/","og_locale":"en_US","og_type":"article","og_title":"BFGoodrich Krawler - ReulSport - Landrover specialist - Iveco partner","og_description":"Le meilleur pneu rock Krawling au monde. Adh\u00e9rence sans pr\u00e9c\u00e9dent sur les rochers, la boue et la salet\u00e9.\u00a0Carcasse ultra-r\u00e9sistante avec motif de bande de roulement \u00e0 crampons profonds. Son compos\u00e9 doux et adh\u00e9rant s&#8217;accroche aux surfaces in\u00e9gales pour une meilleure traction. La bande de roulement peut \u00eatre sculpt\u00e9e pour mieux r\u00e9pondre \u00e0 vos besoins individuels.\u00a0 [&hellip;]","og_url":"https:\/\/www.reulsport.com\/en\/produit\/bfgoodrich-krawler\/","og_site_name":"ReulSport - Landrover specialist - Iveco partner","article_modified_time":"2021-01-26T11:03:17+00:00","og_image":[{"width":343,"height":415,"url":"https:\/\/www.reulsport.com\/wp-content\/uploads\/2020\/12\/krawler-ta.png","type":"image\/png"}],"twitter_card":"summary_large_image","schema":{"@context":"https:\/\/schema.org","@graph":[{"@type":"WebPage","@id":"https:\/\/www.reulsport.com\/en\/produit\/bfgoodrich-krawler\/","url":"https:\/\/www.reulsport.com\/en\/produit\/bfgoodrich-krawler\/","name":"BFGoodrich Krawler - ReulSport - Landrover specialist - Iveco partner","isPartOf":{"@id":"https:\/\/www.reulsport.com\/#website"},"datePublished":"2020-12-16T11:05:44+00:00","dateModified":"2021-01-26T11:03:17+00:00","breadcrumb":{"@id":"https:\/\/www.reulsport.com\/en\/produit\/bfgoodrich-krawler\/#breadcrumb"},"inLanguage":"en-US","potentialAction":[{"@type":"ReadAction","target":["https:\/\/www.reulsport.com\/en\/produit\/bfgoodrich-krawler\/"]}]},{"@type":"BreadcrumbList","@id":"https:\/\/www.reulsport.com\/en\/produit\/bfgoodrich-krawler\/#breadcrumb","itemListElement":[{"@type":"ListItem","position":1,"name":"Accueil","item":"https:\/\/www.reulsport.com\/en\/"},{"@type":"ListItem","position":2,"name":"Shop","item":"https:\/\/www.reulsport.com\/en\/shop\/"},{"@type":"ListItem","position":3,"name":"BFGoodrich Krawler"}]},{"@type":"WebSite","@id":"https:\/\/www.reulsport.com\/#website","url":"https:\/\/www.reulsport.com\/","name":"ReulSport - Landrover specialist - Iveco partner","description":"ReulSport est un garage Ineos, Iveco et Polaris dans la r\u00e9gion de Verviers et Li\u00e8ge. Sp\u00e9cialiste de l&#039;Offroad, de la pr\u00e9paration et de l&#039;accessoirisation. .","potentialAction":[{"@type":"SearchAction","target":{"@type":"EntryPoint","urlTemplate":"https:\/\/www.reulsport.com\/?s={search_term_string}"},"query-input":"required name=search_term_string"}],"inLanguage":"en-US"}]}},"_links":{"self":[{"href":"https:\/\/www.reulsport.com\/en\/wp-json\/wp\/v2\/product\/25191"}],"collection":[{"href":"https:\/\/www.reulsport.com\/en\/wp-json\/wp\/v2\/product"}],"about":[{"href":"https:\/\/www.reulsport.com\/en\/wp-json\/wp\/v2\/types\/product"}],"replies":[{"embeddable":true,"href":"https:\/\/www.reulsport.com\/en\/wp-json\/wp\/v2\/comments?post=25191"}],"wp:featuredmedia":[{"embeddable":true,"href":"https:\/\/www.reulsport.com\/en\/wp-json\/wp\/v2\/media\/25205"}],"wp:attachment":[{"href":"https:\/\/www.reulsport.com\/en\/wp-json\/wp\/v2\/media?parent=25191"}],"wp:term":[{"taxonomy":"product_cat","embeddable":true,"href":"https:\/\/www.reulsport.com\/en\/wp-json\/wp\/v2\/product_cat?post=25191"},{"taxonomy":"product_tag","embeddable":true,"href":"https:\/\/www.reulsport.com\/en\/wp-json\/wp\/v2\/product_tag?post=25191"}],"curies":[{"name":"wp","href":"https:\/\/api.w.org\/{rel}","templated":true}]}}