{"id":25269,"date":"2020-06-01T16:19:27","date_gmt":"2020-06-01T14:19:27","guid":{"rendered":"https:\/\/www.reulsport.com\/produit\/autocollants-pour-pneus-bfgoodrich-officiels\/"},"modified":"2021-01-26T14:08:34","modified_gmt":"2021-01-26T13:08:34","slug":"autocollants-pour-pneus-bfgoodrich-officiels","status":"publish","type":"product","link":"https:\/\/www.reulsport.com\/en\/produit\/autocollants-pour-pneus-bfgoodrich-officiels\/","title":{"rendered":"Autocollants pour pneus BFGoodrich officiels &#8211; BFGoodrich All Terrain T\/A KO2"},"content":{"rendered":"<p>Con\u00e7u pour s&#8217;adapter parfaitement \u00e0 vos pneus <strong>BFGoodrich All Terrain T\/A KO2<\/strong>, ce kit de lettrage pour pneus est une fa\u00e7on accrocheuse de vous exprimer.<\/p>\n<p>Depuis leur lancement en 2007 par Tire Stickers\u00ae LLC, bas\u00e9 \u00e0 Los Angeles en Californie, les kits de lettrage de pneus sont une tendance explosive dans la personnalisation des v\u00e9hicules. BFGoodrich\u00ae s&#8217;est associ\u00e9 en exclusivit\u00e9 avec Tire Stickers\u00ae pour introduire les lettrages de pneus BFGoodrich\u00ae. D\u00e9velopp\u00e9es en collaboration avec des passionn\u00e9s et des \u00e9quipes de sport automobile, et fabriqu\u00e9es aux \u00c9tats-Unis, ces lettrages de pneus en caoutchouc en relief adh\u00e8rent aux flancs de vos pneus par-dessus le lettrage noir existant avec une r\u00e9elle r\u00e9sistance (con\u00e7us pour r\u00e9sister aux conditions les plus exigeantes et aux temp\u00e9ratures les plus \u00e9lev\u00e9es).<\/p>\n<p>Chaque kit de lettrage de pneus est con\u00e7u pour recouvrir parfaitement le lettrage existant sur les flancs. Les lettres BFGoodrich pour les pneus tout-terrain sont disponibles pour la plupart des mod\u00e8les et des tailles de pneus.<\/p>\n<p>Ces lettrages de pneus sont disponibles sous forme de kit qui peut \u00eatre appliqu\u00e9 sur n&#8217;importe quel pneu BFGoodrich\u00ae par vous m\u00eame.<\/p>\n<p>Chaque kit comprend :<br \/>\n-Le lettrage des pneus (comprend 4 ou 5 pneus BFGoodrich\u00ae et le nom du mod\u00e8le),<br \/>\n-L&#8217;Adh\u00e9sif liquide pour pneus afin qu&#8217;ils adh\u00e8rent \u00e0 vos pneus et ne les l\u00e2chent jamais,<br \/>\n-Des instructions compl\u00e8tes pour que le travail soit bien fait !<\/p>\n<p>Retrouvez le tutoriel de pose sur notre chaine Youtube :<br \/>\n<a href=\"https:\/\/youtu.be\/yEvvvIhuGos\"><span style=\"color: #3366ff\">https:\/\/youtu.be\/yEvvvIhuGos<\/span><\/a><\/p>\n","protected":false},"excerpt":{"rendered":"<p>Con\u00e7u pour s&#8217;adapter parfaitement \u00e0 vos pneus BFGoodrich All Terrain T\/A KO2, ce kit de lettrage pour pneus est une fa\u00e7on accrocheuse de vous exprimer. Depuis leur lancement en 2007 par Tire Stickers\u00ae LLC, bas\u00e9 \u00e0 Los Angeles en Californie, les kits de lettrage de pneus sont une tendance explosive dans la personnalisation des v\u00e9hicules. [&hellip;]<\/p>\n","protected":false},"featured_media":18143,"comment_status":"open","ping_status":"closed","template":"","meta":[],"product_cat":[189],"product_tag":[222],"acf":[],"yoast_head":"<!-- This site is optimized with the Yoast SEO plugin v20.1 - https:\/\/yoast.com\/wordpress\/plugins\/seo\/ -->\n<title>Autocollants pour pneus BFGoodrich officiels - BFGoodrich All Terrain T\/A KO2 - ReulSport - Landrover specialist - Iveco partner<\/title>\n<meta name=\"robots\" content=\"index, follow, max-snippet:-1, max-image-preview:large, max-video-preview:-1\" \/>\n<link rel=\"canonical\" href=\"https:\/\/www.reulsport.com\/en\/produit\/autocollants-pour-pneus-bfgoodrich-officiels\/\" \/>\n<meta property=\"og:locale\" content=\"en_US\" \/>\n<meta property=\"og:type\" content=\"article\" \/>\n<meta property=\"og:title\" content=\"Autocollants pour pneus BFGoodrich officiels - BFGoodrich All Terrain T\/A KO2 - ReulSport - Landrover specialist - Iveco partner\" \/>\n<meta property=\"og:description\" content=\"Con\u00e7u pour s&#8217;adapter parfaitement \u00e0 vos pneus BFGoodrich All Terrain T\/A KO2, ce kit de lettrage pour pneus est une fa\u00e7on accrocheuse de vous exprimer. Depuis leur lancement en 2007 par Tire Stickers\u00ae LLC, bas\u00e9 \u00e0 Los Angeles en Californie, les kits de lettrage de pneus sont une tendance explosive dans la personnalisation des v\u00e9hicules. [&hellip;]\" \/>\n<meta property=\"og:url\" content=\"https:\/\/www.reulsport.com\/en\/produit\/autocollants-pour-pneus-bfgoodrich-officiels\/\" \/>\n<meta property=\"og:site_name\" content=\"ReulSport - Landrover specialist - Iveco partner\" \/>\n<meta property=\"article:modified_time\" content=\"2021-01-26T13:08:34+00:00\" \/>\n<meta property=\"og:image\" content=\"https:\/\/www.reulsport.com\/wp-content\/uploads\/2020\/06\/BFGoodrich-Tire-Letters.jpg\" \/>\n\t<meta property=\"og:image:width\" content=\"1920\" \/>\n\t<meta property=\"og:image:height\" content=\"1474\" \/>\n\t<meta property=\"og:image:type\" content=\"image\/jpeg\" \/>\n<meta name=\"twitter:card\" content=\"summary_large_image\" \/>\n<meta name=\"twitter:label1\" content=\"Est. reading time\" \/>\n\t<meta name=\"twitter:data1\" content=\"1 minute\" \/>\n<script type=\"application\/ld+json\" class=\"yoast-schema-graph\">{\"@context\":\"https:\/\/schema.org\",\"@graph\":[{\"@type\":\"WebPage\",\"@id\":\"https:\/\/www.reulsport.com\/en\/produit\/autocollants-pour-pneus-bfgoodrich-officiels\/\",\"url\":\"https:\/\/www.reulsport.com\/en\/produit\/autocollants-pour-pneus-bfgoodrich-officiels\/\",\"name\":\"Autocollants pour pneus BFGoodrich officiels - BFGoodrich All Terrain T\/A KO2 - ReulSport - Landrover specialist - Iveco partner\",\"isPartOf\":{\"@id\":\"https:\/\/www.reulsport.com\/#website\"},\"datePublished\":\"2020-06-01T14:19:27+00:00\",\"dateModified\":\"2021-01-26T13:08:34+00:00\",\"breadcrumb\":{\"@id\":\"https:\/\/www.reulsport.com\/en\/produit\/autocollants-pour-pneus-bfgoodrich-officiels\/#breadcrumb\"},\"inLanguage\":\"en-US\",\"potentialAction\":[{\"@type\":\"ReadAction\",\"target\":[\"https:\/\/www.reulsport.com\/en\/produit\/autocollants-pour-pneus-bfgoodrich-officiels\/\"]}]},{\"@type\":\"BreadcrumbList\",\"@id\":\"https:\/\/www.reulsport.com\/en\/produit\/autocollants-pour-pneus-bfgoodrich-officiels\/#breadcrumb\",\"itemListElement\":[{\"@type\":\"ListItem\",\"position\":1,\"name\":\"Accueil\",\"item\":\"https:\/\/www.reulsport.com\/en\/\"},{\"@type\":\"ListItem\",\"position\":2,\"name\":\"Shop\",\"item\":\"https:\/\/www.reulsport.com\/en\/shop\/\"},{\"@type\":\"ListItem\",\"position\":3,\"name\":\"Autocollants pour pneus BFGoodrich officiels &#8211; BFGoodrich All Terrain T\/A KO2\"}]},{\"@type\":\"WebSite\",\"@id\":\"https:\/\/www.reulsport.com\/#website\",\"url\":\"https:\/\/www.reulsport.com\/\",\"name\":\"ReulSport - Landrover specialist - Iveco partner\",\"description\":\"ReulSport est un garage Ineos, Iveco et Polaris dans la r\u00e9gion de Verviers et Li\u00e8ge. Sp\u00e9cialiste de l&#039;Offroad, de la pr\u00e9paration et de l&#039;accessoirisation. .\",\"potentialAction\":[{\"@type\":\"SearchAction\",\"target\":{\"@type\":\"EntryPoint\",\"urlTemplate\":\"https:\/\/www.reulsport.com\/?s={search_term_string}\"},\"query-input\":\"required name=search_term_string\"}],\"inLanguage\":\"en-US\"}]}<\/script>\n<!-- \/ Yoast SEO plugin. -->","yoast_head_json":{"title":"Autocollants pour pneus BFGoodrich officiels - BFGoodrich All Terrain T\/A KO2 - ReulSport - Landrover specialist - Iveco partner","robots":{"index":"index","follow":"follow","max-snippet":"max-snippet:-1","max-image-preview":"max-image-preview:large","max-video-preview":"max-video-preview:-1"},"canonical":"https:\/\/www.reulsport.com\/en\/produit\/autocollants-pour-pneus-bfgoodrich-officiels\/","og_locale":"en_US","og_type":"article","og_title":"Autocollants pour pneus BFGoodrich officiels - BFGoodrich All Terrain T\/A KO2 - ReulSport - Landrover specialist - Iveco partner","og_description":"Con\u00e7u pour s&#8217;adapter parfaitement \u00e0 vos pneus BFGoodrich All Terrain T\/A KO2, ce kit de lettrage pour pneus est une fa\u00e7on accrocheuse de vous exprimer. Depuis leur lancement en 2007 par Tire Stickers\u00ae LLC, bas\u00e9 \u00e0 Los Angeles en Californie, les kits de lettrage de pneus sont une tendance explosive dans la personnalisation des v\u00e9hicules. [&hellip;]","og_url":"https:\/\/www.reulsport.com\/en\/produit\/autocollants-pour-pneus-bfgoodrich-officiels\/","og_site_name":"ReulSport - Landrover specialist - Iveco partner","article_modified_time":"2021-01-26T13:08:34+00:00","og_image":[{"width":1920,"height":1474,"url":"https:\/\/www.reulsport.com\/wp-content\/uploads\/2020\/06\/BFGoodrich-Tire-Letters.jpg","type":"image\/jpeg"}],"twitter_card":"summary_large_image","twitter_misc":{"Est. reading time":"1 minute"},"schema":{"@context":"https:\/\/schema.org","@graph":[{"@type":"WebPage","@id":"https:\/\/www.reulsport.com\/en\/produit\/autocollants-pour-pneus-bfgoodrich-officiels\/","url":"https:\/\/www.reulsport.com\/en\/produit\/autocollants-pour-pneus-bfgoodrich-officiels\/","name":"Autocollants pour pneus BFGoodrich officiels - BFGoodrich All Terrain T\/A KO2 - ReulSport - Landrover specialist - Iveco partner","isPartOf":{"@id":"https:\/\/www.reulsport.com\/#website"},"datePublished":"2020-06-01T14:19:27+00:00","dateModified":"2021-01-26T13:08:34+00:00","breadcrumb":{"@id":"https:\/\/www.reulsport.com\/en\/produit\/autocollants-pour-pneus-bfgoodrich-officiels\/#breadcrumb"},"inLanguage":"en-US","potentialAction":[{"@type":"ReadAction","target":["https:\/\/www.reulsport.com\/en\/produit\/autocollants-pour-pneus-bfgoodrich-officiels\/"]}]},{"@type":"BreadcrumbList","@id":"https:\/\/www.reulsport.com\/en\/produit\/autocollants-pour-pneus-bfgoodrich-officiels\/#breadcrumb","itemListElement":[{"@type":"ListItem","position":1,"name":"Accueil","item":"https:\/\/www.reulsport.com\/en\/"},{"@type":"ListItem","position":2,"name":"Shop","item":"https:\/\/www.reulsport.com\/en\/shop\/"},{"@type":"ListItem","position":3,"name":"Autocollants pour pneus BFGoodrich officiels &#8211; BFGoodrich All Terrain T\/A KO2"}]},{"@type":"WebSite","@id":"https:\/\/www.reulsport.com\/#website","url":"https:\/\/www.reulsport.com\/","name":"ReulSport - Landrover specialist - Iveco partner","description":"ReulSport est un garage Ineos, Iveco et Polaris dans la r\u00e9gion de Verviers et Li\u00e8ge. Sp\u00e9cialiste de l&#039;Offroad, de la pr\u00e9paration et de l&#039;accessoirisation. .","potentialAction":[{"@type":"SearchAction","target":{"@type":"EntryPoint","urlTemplate":"https:\/\/www.reulsport.com\/?s={search_term_string}"},"query-input":"required name=search_term_string"}],"inLanguage":"en-US"}]}},"_links":{"self":[{"href":"https:\/\/www.reulsport.com\/en\/wp-json\/wp\/v2\/product\/25269"}],"collection":[{"href":"https:\/\/www.reulsport.com\/en\/wp-json\/wp\/v2\/product"}],"about":[{"href":"https:\/\/www.reulsport.com\/en\/wp-json\/wp\/v2\/types\/product"}],"replies":[{"embeddable":true,"href":"https:\/\/www.reulsport.com\/en\/wp-json\/wp\/v2\/comments?post=25269"}],"wp:featuredmedia":[{"embeddable":true,"href":"https:\/\/www.reulsport.com\/en\/wp-json\/wp\/v2\/media\/18143"}],"wp:attachment":[{"href":"https:\/\/www.reulsport.com\/en\/wp-json\/wp\/v2\/media?parent=25269"}],"wp:term":[{"taxonomy":"product_cat","embeddable":true,"href":"https:\/\/www.reulsport.com\/en\/wp-json\/wp\/v2\/product_cat?post=25269"},{"taxonomy":"product_tag","embeddable":true,"href":"https:\/\/www.reulsport.com\/en\/wp-json\/wp\/v2\/product_tag?post=25269"}],"curies":[{"name":"wp","href":"https:\/\/api.w.org\/{rel}","templated":true}]}}