{"id":25427,"date":"2020-02-14T11:10:30","date_gmt":"2020-02-14T10:10:30","guid":{"rendered":"https:\/\/www.reulsport.com\/produit\/phare-vortex-led-7-single\/"},"modified":"2022-09-22T16:27:56","modified_gmt":"2022-09-22T14:27:56","slug":"phare-vortex-led-7-single","status":"publish","type":"product","link":"https:\/\/www.reulsport.com\/en\/produit\/phare-vortex-led-7-single\/","title":{"rendered":"Phare Vortex LED 7&#8243; &#8211; Single"},"content":{"rendered":"\r\n<p>Le Vortex 7\u2033 a \u00e9t\u00e9 con\u00e7u pour \u00eatre utilis\u00e9 par tout v\u00e9hicule qui dispose d&#8217;un phare d&#8217;usine 7\u2033 ou d&#8217;un montage adapt\u00e9 : Jeeps, 4&#215;4, Motos &#8230;<br \/>\r\nLe phare Vortex est pr\u00e9vu pour s&#8217;adapter au plus grand nombre de v\u00e9hicules car il \u00e0 \u00e9t\u00e9 d\u00e9velopp\u00e9 dans ce sens.<br \/>\r\n<br \/>\r\n<strong>Anneau Halo LED<\/strong><br \/>\r\nLe phare \u00e0 LED Vortex est dot\u00e9 d&#8217;un halo lumineux qui peut \u00eatre actif sans que les feux de croisement ou les feux de route soient allum\u00e9s. Avoir un halo de 7\u2033 \u00e0 l&#8217;avant de votre v\u00e9hicule fera non seulement tourner les t\u00eates, mais vous fournira \u00e9galement les options d&#8217;\u00e9clairage optimales pour les meilleures conditions.<br \/>\r\n<br \/>\r\n<strong>3 modes diff\u00e9rents<\/strong><br \/>\r\n\u00c9quip\u00e9 d&#8217;un anneau LED Halo, le phare Vortex LED est \u00e9galement livr\u00e9 avec un feu de route extr\u00eamement puissant et un feu de croisement \u00e0 large diffusion. <br \/>\r\nAvec une telle diversit\u00e9 dans la configuration des faisceaux, vous pouvez \u00eatre assur\u00e9 que vous aurez \u00e0 tout moment le bon \u00e9clairage pour le bon sc\u00e9nario.<br \/>\r\n<br \/>\r\nDisponible en couleur <strong>Chrome<\/strong>,<strong> Black Chrome<\/strong> &amp; bient\u00f4t en<strong> Matt Black<\/strong>.<\/p>\r\n\r\n\r\n<h4>Caract\u00e9ristiques techniques :\u00a0<\/h4>\r\n\r\n\r\n<ul>\r\n\t<li>Faisceaux: Haut 20W, Bas 13W, Halo LED<\/li>\r\n\t<li>Bo\u00eetier: hybride aluminium-polycarbonate<\/li>\r\n\t<li>Lentille: Polycarbonate durable r\u00e9sistant aux UV<\/li>\r\n\t<li>Remplacement direct PAR 56 \/ H6017 \/ H6024<\/li>\r\n\t<li>Approbation: DOT Certified<\/li>\r\n\t<li>Indice IP: IP-68<\/li>\r\n\t<li>C\u00e2blage et prise d&#8217;adaptateur inclus<\/li>\r\n\t<li>Dimensions: 176,8 mm x 176,8 mm x 97,8 mm<\/li>\r\n\t<li>Poids: 800g<\/li>\r\n\t<li>Lumens bruts: 4210<\/li>\r\n\t<li>Lumens effectifs: 2 947<\/li>\r\n\t<li>R\u00e9partition de la lumi\u00e8re: feux de croisement 13 W \/ feux de route 20 W \/ Halo<\/li>\r\n<\/ul>\r\n","protected":false},"excerpt":{"rendered":"<p>Le Vortex 7\u2033 a \u00e9t\u00e9 con\u00e7u pour \u00eatre utilis\u00e9 par tout v\u00e9hicule qui dispose d&#8217;un phare d&#8217;usine 7\u2033 ou d&#8217;un montage adapt\u00e9 : Jeeps, 4&#215;4, Motos &#8230; Le phare Vortex est pr\u00e9vu pour s&#8217;adapter au plus grand nombre de v\u00e9hicules car il \u00e0 \u00e9t\u00e9 d\u00e9velopp\u00e9 dans ce sens. Anneau Halo LED Le phare \u00e0 LED [&hellip;]<\/p>\n","protected":false},"featured_media":15338,"comment_status":"open","ping_status":"closed","template":"","meta":[],"product_cat":[100],"product_tag":[197],"acf":[],"yoast_head":"<!-- This site is optimized with the Yoast SEO plugin v20.1 - https:\/\/yoast.com\/wordpress\/plugins\/seo\/ -->\n<title>Phare Vortex LED 7&quot; - Single - ReulSport - Landrover specialist - Iveco partner<\/title>\n<meta name=\"robots\" content=\"index, follow, max-snippet:-1, max-image-preview:large, max-video-preview:-1\" \/>\n<link rel=\"canonical\" href=\"https:\/\/www.reulsport.com\/en\/produit\/phare-vortex-led-7-single\/\" \/>\n<meta property=\"og:locale\" content=\"en_US\" \/>\n<meta property=\"og:type\" content=\"article\" \/>\n<meta property=\"og:title\" content=\"Phare Vortex LED 7&quot; - Single - ReulSport - Landrover specialist - Iveco partner\" \/>\n<meta property=\"og:description\" content=\"Le Vortex 7\u2033 a \u00e9t\u00e9 con\u00e7u pour \u00eatre utilis\u00e9 par tout v\u00e9hicule qui dispose d&#8217;un phare d&#8217;usine 7\u2033 ou d&#8217;un montage adapt\u00e9 : Jeeps, 4&#215;4, Motos &#8230; Le phare Vortex est pr\u00e9vu pour s&#8217;adapter au plus grand nombre de v\u00e9hicules car il \u00e0 \u00e9t\u00e9 d\u00e9velopp\u00e9 dans ce sens. Anneau Halo LED Le phare \u00e0 LED [&hellip;]\" \/>\n<meta property=\"og:url\" content=\"https:\/\/www.reulsport.com\/en\/produit\/phare-vortex-led-7-single\/\" \/>\n<meta property=\"og:site_name\" content=\"ReulSport - Landrover specialist - Iveco partner\" \/>\n<meta property=\"article:modified_time\" content=\"2022-09-22T14:27:56+00:00\" \/>\n<meta property=\"og:image\" content=\"https:\/\/www.reulsport.com\/wp-content\/uploads\/2020\/02\/XIL-7REL_1.jpg\" \/>\n\t<meta property=\"og:image:width\" content=\"600\" \/>\n\t<meta property=\"og:image:height\" content=\"600\" \/>\n\t<meta property=\"og:image:type\" content=\"image\/jpeg\" \/>\n<meta name=\"twitter:card\" content=\"summary_large_image\" \/>\n<meta name=\"twitter:label1\" content=\"Est. reading time\" \/>\n\t<meta name=\"twitter:data1\" content=\"1 minute\" \/>\n<script type=\"application\/ld+json\" class=\"yoast-schema-graph\">{\"@context\":\"https:\/\/schema.org\",\"@graph\":[{\"@type\":\"WebPage\",\"@id\":\"https:\/\/www.reulsport.com\/en\/produit\/phare-vortex-led-7-single\/\",\"url\":\"https:\/\/www.reulsport.com\/en\/produit\/phare-vortex-led-7-single\/\",\"name\":\"Phare Vortex LED 7\\\" - Single - ReulSport - Landrover specialist - Iveco partner\",\"isPartOf\":{\"@id\":\"https:\/\/www.reulsport.com\/#website\"},\"datePublished\":\"2020-02-14T10:10:30+00:00\",\"dateModified\":\"2022-09-22T14:27:56+00:00\",\"breadcrumb\":{\"@id\":\"https:\/\/www.reulsport.com\/en\/produit\/phare-vortex-led-7-single\/#breadcrumb\"},\"inLanguage\":\"en-US\",\"potentialAction\":[{\"@type\":\"ReadAction\",\"target\":[\"https:\/\/www.reulsport.com\/en\/produit\/phare-vortex-led-7-single\/\"]}]},{\"@type\":\"BreadcrumbList\",\"@id\":\"https:\/\/www.reulsport.com\/en\/produit\/phare-vortex-led-7-single\/#breadcrumb\",\"itemListElement\":[{\"@type\":\"ListItem\",\"position\":1,\"name\":\"Accueil\",\"item\":\"https:\/\/www.reulsport.com\/en\/\"},{\"@type\":\"ListItem\",\"position\":2,\"name\":\"Shop\",\"item\":\"https:\/\/www.reulsport.com\/en\/shop\/\"},{\"@type\":\"ListItem\",\"position\":3,\"name\":\"Phare Vortex LED 7&#8243; &#8211; Single\"}]},{\"@type\":\"WebSite\",\"@id\":\"https:\/\/www.reulsport.com\/#website\",\"url\":\"https:\/\/www.reulsport.com\/\",\"name\":\"ReulSport - Landrover specialist - Iveco partner\",\"description\":\"ReulSport est un garage Ineos, Iveco et Polaris dans la r\u00e9gion de Verviers et Li\u00e8ge. Sp\u00e9cialiste de l&#039;Offroad, de la pr\u00e9paration et de l&#039;accessoirisation. .\",\"potentialAction\":[{\"@type\":\"SearchAction\",\"target\":{\"@type\":\"EntryPoint\",\"urlTemplate\":\"https:\/\/www.reulsport.com\/?s={search_term_string}\"},\"query-input\":\"required name=search_term_string\"}],\"inLanguage\":\"en-US\"}]}<\/script>\n<!-- \/ Yoast SEO plugin. -->","yoast_head_json":{"title":"Phare Vortex LED 7\" - Single - ReulSport - Landrover specialist - Iveco partner","robots":{"index":"index","follow":"follow","max-snippet":"max-snippet:-1","max-image-preview":"max-image-preview:large","max-video-preview":"max-video-preview:-1"},"canonical":"https:\/\/www.reulsport.com\/en\/produit\/phare-vortex-led-7-single\/","og_locale":"en_US","og_type":"article","og_title":"Phare Vortex LED 7\" - Single - ReulSport - Landrover specialist - Iveco partner","og_description":"Le Vortex 7\u2033 a \u00e9t\u00e9 con\u00e7u pour \u00eatre utilis\u00e9 par tout v\u00e9hicule qui dispose d&#8217;un phare d&#8217;usine 7\u2033 ou d&#8217;un montage adapt\u00e9 : Jeeps, 4&#215;4, Motos &#8230; Le phare Vortex est pr\u00e9vu pour s&#8217;adapter au plus grand nombre de v\u00e9hicules car il \u00e0 \u00e9t\u00e9 d\u00e9velopp\u00e9 dans ce sens. Anneau Halo LED Le phare \u00e0 LED [&hellip;]","og_url":"https:\/\/www.reulsport.com\/en\/produit\/phare-vortex-led-7-single\/","og_site_name":"ReulSport - Landrover specialist - Iveco partner","article_modified_time":"2022-09-22T14:27:56+00:00","og_image":[{"width":600,"height":600,"url":"https:\/\/www.reulsport.com\/wp-content\/uploads\/2020\/02\/XIL-7REL_1.jpg","type":"image\/jpeg"}],"twitter_card":"summary_large_image","twitter_misc":{"Est. reading time":"1 minute"},"schema":{"@context":"https:\/\/schema.org","@graph":[{"@type":"WebPage","@id":"https:\/\/www.reulsport.com\/en\/produit\/phare-vortex-led-7-single\/","url":"https:\/\/www.reulsport.com\/en\/produit\/phare-vortex-led-7-single\/","name":"Phare Vortex LED 7\" - Single - ReulSport - Landrover specialist - Iveco partner","isPartOf":{"@id":"https:\/\/www.reulsport.com\/#website"},"datePublished":"2020-02-14T10:10:30+00:00","dateModified":"2022-09-22T14:27:56+00:00","breadcrumb":{"@id":"https:\/\/www.reulsport.com\/en\/produit\/phare-vortex-led-7-single\/#breadcrumb"},"inLanguage":"en-US","potentialAction":[{"@type":"ReadAction","target":["https:\/\/www.reulsport.com\/en\/produit\/phare-vortex-led-7-single\/"]}]},{"@type":"BreadcrumbList","@id":"https:\/\/www.reulsport.com\/en\/produit\/phare-vortex-led-7-single\/#breadcrumb","itemListElement":[{"@type":"ListItem","position":1,"name":"Accueil","item":"https:\/\/www.reulsport.com\/en\/"},{"@type":"ListItem","position":2,"name":"Shop","item":"https:\/\/www.reulsport.com\/en\/shop\/"},{"@type":"ListItem","position":3,"name":"Phare Vortex LED 7&#8243; &#8211; Single"}]},{"@type":"WebSite","@id":"https:\/\/www.reulsport.com\/#website","url":"https:\/\/www.reulsport.com\/","name":"ReulSport - Landrover specialist - Iveco partner","description":"ReulSport est un garage Ineos, Iveco et Polaris dans la r\u00e9gion de Verviers et Li\u00e8ge. Sp\u00e9cialiste de l&#039;Offroad, de la pr\u00e9paration et de l&#039;accessoirisation. .","potentialAction":[{"@type":"SearchAction","target":{"@type":"EntryPoint","urlTemplate":"https:\/\/www.reulsport.com\/?s={search_term_string}"},"query-input":"required name=search_term_string"}],"inLanguage":"en-US"}]}},"_links":{"self":[{"href":"https:\/\/www.reulsport.com\/en\/wp-json\/wp\/v2\/product\/25427"}],"collection":[{"href":"https:\/\/www.reulsport.com\/en\/wp-json\/wp\/v2\/product"}],"about":[{"href":"https:\/\/www.reulsport.com\/en\/wp-json\/wp\/v2\/types\/product"}],"replies":[{"embeddable":true,"href":"https:\/\/www.reulsport.com\/en\/wp-json\/wp\/v2\/comments?post=25427"}],"wp:featuredmedia":[{"embeddable":true,"href":"https:\/\/www.reulsport.com\/en\/wp-json\/wp\/v2\/media\/15338"}],"wp:attachment":[{"href":"https:\/\/www.reulsport.com\/en\/wp-json\/wp\/v2\/media?parent=25427"}],"wp:term":[{"taxonomy":"product_cat","embeddable":true,"href":"https:\/\/www.reulsport.com\/en\/wp-json\/wp\/v2\/product_cat?post=25427"},{"taxonomy":"product_tag","embeddable":true,"href":"https:\/\/www.reulsport.com\/en\/wp-json\/wp\/v2\/product_tag?post=25427"}],"curies":[{"name":"wp","href":"https:\/\/api.w.org\/{rel}","templated":true}]}}