{"id":25433,"date":"2019-12-18T12:49:40","date_gmt":"2019-12-18T11:49:40","guid":{"rendered":"https:\/\/www.reulsport.com\/produit\/cric-arb-jack\/"},"modified":"2025-01-20T11:42:07","modified_gmt":"2025-01-20T10:42:07","slug":"cric-arb-jack","status":"publish","type":"product","link":"https:\/\/www.reulsport.com\/en\/produit\/cric-arb-jack\/","title":{"rendered":"CRIC JACK ARB \u2013 CRIC HYDRAULIQUE 4X4"},"content":{"rendered":"\r\n<p><strong>CRIC JACK ARB<\/strong> &#8211; <strong>CRIC HYDRAULIQUE 4X4<\/strong><br \/>\r\n<br \/>\r\nLe <strong>cric ARB JACK<\/strong> pour vous aider \u00e0 mener \u00e0 bien vos missions de r\u00e9cup\u00e9ration les plus d\u00e9licate.<br \/>\r\nLe corps du <strong>cric ARB JACK<\/strong> peut \u00eatre pivot\u00e9 \u00e0 360 \u00b0 pour aligner le pied pivotant en fonction du terrain.<br \/>\r\nLe corps du <strong>cric hydraulique JACK ARB<\/strong> est fabriqu\u00e9 \u00e0 partir d&#8217;aluminium de qualit\u00e9 a\u00e9ronautique 6061 T6 pour une r\u00e9sistance maximale. En remontant le corps, les 9 points d\u2019accrochage offrent au crochet r\u00e9glable une large gamme de hauteurs de levage, le <strong>cric JACK ARB<\/strong> est capable de soulever un total de 2.000 kg.<br \/>\r\nEn situation de charge, une soupape de d\u00e9charge interne assure la protection contre les surcharges afin de prot\u00e9ger \u00e0 la fois le <strong>cric 4&#215;4 JACK ARB<\/strong> et plus important encore l&#8217;utilisateur des cons\u00e9quences dangereuses d&#8217;une chute soudaine du <strong>v\u00e9hicule 4&#215;4<\/strong> si la limite de travail est d\u00e9pass\u00e9e.<br \/>\r\nLe <strong>cric hydraulique JACK ARB<\/strong> est soigneusement con\u00e7ue pour concilier forme ergonomique et un fonctionnement s\u00fbre et fiable, la position haute de la poign\u00e9e et la fonction de pivot sup\u00e9rieur offrent aux utilisateurs un contr\u00f4le ultime tout en \u00e9vitant le besoin de s\u2019agenouiller dans une tranch\u00e9e profonde pour fonctionner.<br \/>\r\nLe <strong>cric JACK ARB<\/strong> est livr\u00e9 avec sa housse de rangement.<\/p>\r\n\r\n\r\n<p>Caract\u00e9ristiques techniques du <strong>CRIC HYDRAULIQUE JACK ARB<\/strong> : \u00a0<\/p>\r\n\r\n\r\n<p>\u00a0 \u00a0\u00a0 Hauteur de levage min: 160 mm<br \/>\r\n\u00a0\u00a0\u00a0\u00a0 Hauteur de levage maximale: 710 &#8211; 1230 mm<br \/>\r\n\u00a0\u00a0\u00a0\u00a0 Charge de travail maximale: 2 000 kg<br \/>\r\n\u00a0\u00a0\u00a0\u00a0 Hauteur compress\u00e9e: 890 mm<br \/>\r\n\u00a0\u00a0\u00a0\u00a0 Hauteur \u00e9tendue: 1432 mm<br \/>\r\n\u00a0\u00a0\u00a0\u00a0 Poids: 10,5 kg<br \/>\r\n\u00a0\u00a0 \u00a0 Mat\u00e9riau: aluminium 6061 T6<br \/>\r\n\u00a0\u00a0\u00a0\u00a0 Protection contre la corrosion: anodis\u00e9<\/p>\r\n\r\n\r\n<p>&nbsp;<\/p>\r\n\r\n\r\n<figure class=\"wp-block-embed-youtube wp-block-embed is-type-video is-provider-youtube wp-embed-aspect-16-9 wp-has-aspect-ratio\">\r\n<div class=\"wp-block-embed__wrapper\">https:\/\/youtu.be\/oAvDhoLExaE<\/div>\r\n<\/figure>\r\n","protected":false},"excerpt":{"rendered":"<p>CRIC JACK ARB &#8211; CRIC HYDRAULIQUE 4X4 Le cric ARB JACK pour vous aider \u00e0 mener \u00e0 bien vos missions de r\u00e9cup\u00e9ration les plus d\u00e9licate. Le corps du cric ARB JACK peut \u00eatre pivot\u00e9 \u00e0 360 \u00b0 pour aligner le pied pivotant en fonction du terrain. Le corps du cric hydraulique JACK ARB est fabriqu\u00e9 [&hellip;]<\/p>\n","protected":false},"featured_media":15207,"comment_status":"open","ping_status":"closed","template":"","meta":[],"product_cat":[98],"product_tag":[210],"acf":[],"yoast_head":"<!-- This site is optimized with the Yoast SEO plugin v20.1 - https:\/\/yoast.com\/wordpress\/plugins\/seo\/ -->\n<title>CRIC JACK ARB \u2013 CRIC HYDRAULIQUE 4X4 - ReulSport - Landrover specialist - Iveco partner<\/title>\n<meta name=\"robots\" content=\"index, follow, max-snippet:-1, max-image-preview:large, max-video-preview:-1\" \/>\n<link rel=\"canonical\" href=\"https:\/\/www.reulsport.com\/en\/produit\/cric-arb-jack\/\" \/>\n<meta property=\"og:locale\" content=\"en_US\" \/>\n<meta property=\"og:type\" content=\"article\" \/>\n<meta property=\"og:title\" content=\"CRIC JACK ARB \u2013 CRIC HYDRAULIQUE 4X4 - ReulSport - Landrover specialist - Iveco partner\" \/>\n<meta property=\"og:description\" content=\"CRIC JACK ARB &#8211; CRIC HYDRAULIQUE 4X4 Le cric ARB JACK pour vous aider \u00e0 mener \u00e0 bien vos missions de r\u00e9cup\u00e9ration les plus d\u00e9licate. Le corps du cric ARB JACK peut \u00eatre pivot\u00e9 \u00e0 360 \u00b0 pour aligner le pied pivotant en fonction du terrain. Le corps du cric hydraulique JACK ARB est fabriqu\u00e9 [&hellip;]\" \/>\n<meta property=\"og:url\" content=\"https:\/\/www.reulsport.com\/en\/produit\/cric-arb-jack\/\" \/>\n<meta property=\"og:site_name\" content=\"ReulSport - Landrover specialist - Iveco partner\" \/>\n<meta property=\"article:modified_time\" content=\"2025-01-20T10:42:07+00:00\" \/>\n<meta property=\"og:image\" content=\"https:\/\/www.reulsport.com\/wp-content\/uploads\/2019\/12\/Jack_538x580_2.png\" \/>\n\t<meta property=\"og:image:width\" content=\"538\" \/>\n\t<meta property=\"og:image:height\" content=\"580\" \/>\n\t<meta property=\"og:image:type\" content=\"image\/png\" \/>\n<meta name=\"twitter:card\" content=\"summary_large_image\" \/>\n<meta name=\"twitter:label1\" content=\"Est. reading time\" \/>\n\t<meta name=\"twitter:data1\" content=\"1 minute\" \/>\n<script type=\"application\/ld+json\" class=\"yoast-schema-graph\">{\"@context\":\"https:\/\/schema.org\",\"@graph\":[{\"@type\":\"WebPage\",\"@id\":\"https:\/\/www.reulsport.com\/en\/produit\/cric-arb-jack\/\",\"url\":\"https:\/\/www.reulsport.com\/en\/produit\/cric-arb-jack\/\",\"name\":\"CRIC JACK ARB \u2013 CRIC HYDRAULIQUE 4X4 - ReulSport - Landrover specialist - Iveco partner\",\"isPartOf\":{\"@id\":\"https:\/\/www.reulsport.com\/#website\"},\"datePublished\":\"2019-12-18T11:49:40+00:00\",\"dateModified\":\"2025-01-20T10:42:07+00:00\",\"breadcrumb\":{\"@id\":\"https:\/\/www.reulsport.com\/en\/produit\/cric-arb-jack\/#breadcrumb\"},\"inLanguage\":\"en-US\",\"potentialAction\":[{\"@type\":\"ReadAction\",\"target\":[\"https:\/\/www.reulsport.com\/en\/produit\/cric-arb-jack\/\"]}]},{\"@type\":\"BreadcrumbList\",\"@id\":\"https:\/\/www.reulsport.com\/en\/produit\/cric-arb-jack\/#breadcrumb\",\"itemListElement\":[{\"@type\":\"ListItem\",\"position\":1,\"name\":\"Accueil\",\"item\":\"https:\/\/www.reulsport.com\/en\/\"},{\"@type\":\"ListItem\",\"position\":2,\"name\":\"Shop\",\"item\":\"https:\/\/www.reulsport.com\/en\/shop\/\"},{\"@type\":\"ListItem\",\"position\":3,\"name\":\"CRIC JACK ARB \u2013 CRIC HYDRAULIQUE 4X4\"}]},{\"@type\":\"WebSite\",\"@id\":\"https:\/\/www.reulsport.com\/#website\",\"url\":\"https:\/\/www.reulsport.com\/\",\"name\":\"ReulSport - Landrover specialist - Iveco partner\",\"description\":\"ReulSport est un garage Ineos, Iveco et Polaris dans la r\u00e9gion de Verviers et Li\u00e8ge. Sp\u00e9cialiste de l&#039;Offroad, de la pr\u00e9paration et de l&#039;accessoirisation. .\",\"potentialAction\":[{\"@type\":\"SearchAction\",\"target\":{\"@type\":\"EntryPoint\",\"urlTemplate\":\"https:\/\/www.reulsport.com\/?s={search_term_string}\"},\"query-input\":\"required name=search_term_string\"}],\"inLanguage\":\"en-US\"}]}<\/script>\n<!-- \/ Yoast SEO plugin. -->","yoast_head_json":{"title":"CRIC JACK ARB \u2013 CRIC HYDRAULIQUE 4X4 - ReulSport - Landrover specialist - Iveco partner","robots":{"index":"index","follow":"follow","max-snippet":"max-snippet:-1","max-image-preview":"max-image-preview:large","max-video-preview":"max-video-preview:-1"},"canonical":"https:\/\/www.reulsport.com\/en\/produit\/cric-arb-jack\/","og_locale":"en_US","og_type":"article","og_title":"CRIC JACK ARB \u2013 CRIC HYDRAULIQUE 4X4 - ReulSport - Landrover specialist - Iveco partner","og_description":"CRIC JACK ARB &#8211; CRIC HYDRAULIQUE 4X4 Le cric ARB JACK pour vous aider \u00e0 mener \u00e0 bien vos missions de r\u00e9cup\u00e9ration les plus d\u00e9licate. Le corps du cric ARB JACK peut \u00eatre pivot\u00e9 \u00e0 360 \u00b0 pour aligner le pied pivotant en fonction du terrain. Le corps du cric hydraulique JACK ARB est fabriqu\u00e9 [&hellip;]","og_url":"https:\/\/www.reulsport.com\/en\/produit\/cric-arb-jack\/","og_site_name":"ReulSport - Landrover specialist - Iveco partner","article_modified_time":"2025-01-20T10:42:07+00:00","og_image":[{"width":538,"height":580,"url":"https:\/\/www.reulsport.com\/wp-content\/uploads\/2019\/12\/Jack_538x580_2.png","type":"image\/png"}],"twitter_card":"summary_large_image","twitter_misc":{"Est. reading time":"1 minute"},"schema":{"@context":"https:\/\/schema.org","@graph":[{"@type":"WebPage","@id":"https:\/\/www.reulsport.com\/en\/produit\/cric-arb-jack\/","url":"https:\/\/www.reulsport.com\/en\/produit\/cric-arb-jack\/","name":"CRIC JACK ARB \u2013 CRIC HYDRAULIQUE 4X4 - ReulSport - Landrover specialist - Iveco partner","isPartOf":{"@id":"https:\/\/www.reulsport.com\/#website"},"datePublished":"2019-12-18T11:49:40+00:00","dateModified":"2025-01-20T10:42:07+00:00","breadcrumb":{"@id":"https:\/\/www.reulsport.com\/en\/produit\/cric-arb-jack\/#breadcrumb"},"inLanguage":"en-US","potentialAction":[{"@type":"ReadAction","target":["https:\/\/www.reulsport.com\/en\/produit\/cric-arb-jack\/"]}]},{"@type":"BreadcrumbList","@id":"https:\/\/www.reulsport.com\/en\/produit\/cric-arb-jack\/#breadcrumb","itemListElement":[{"@type":"ListItem","position":1,"name":"Accueil","item":"https:\/\/www.reulsport.com\/en\/"},{"@type":"ListItem","position":2,"name":"Shop","item":"https:\/\/www.reulsport.com\/en\/shop\/"},{"@type":"ListItem","position":3,"name":"CRIC JACK ARB \u2013 CRIC HYDRAULIQUE 4X4"}]},{"@type":"WebSite","@id":"https:\/\/www.reulsport.com\/#website","url":"https:\/\/www.reulsport.com\/","name":"ReulSport - Landrover specialist - Iveco partner","description":"ReulSport est un garage Ineos, Iveco et Polaris dans la r\u00e9gion de Verviers et Li\u00e8ge. Sp\u00e9cialiste de l&#039;Offroad, de la pr\u00e9paration et de l&#039;accessoirisation. .","potentialAction":[{"@type":"SearchAction","target":{"@type":"EntryPoint","urlTemplate":"https:\/\/www.reulsport.com\/?s={search_term_string}"},"query-input":"required name=search_term_string"}],"inLanguage":"en-US"}]}},"_links":{"self":[{"href":"https:\/\/www.reulsport.com\/en\/wp-json\/wp\/v2\/product\/25433"}],"collection":[{"href":"https:\/\/www.reulsport.com\/en\/wp-json\/wp\/v2\/product"}],"about":[{"href":"https:\/\/www.reulsport.com\/en\/wp-json\/wp\/v2\/types\/product"}],"replies":[{"embeddable":true,"href":"https:\/\/www.reulsport.com\/en\/wp-json\/wp\/v2\/comments?post=25433"}],"wp:featuredmedia":[{"embeddable":true,"href":"https:\/\/www.reulsport.com\/en\/wp-json\/wp\/v2\/media\/15207"}],"wp:attachment":[{"href":"https:\/\/www.reulsport.com\/en\/wp-json\/wp\/v2\/media?parent=25433"}],"wp:term":[{"taxonomy":"product_cat","embeddable":true,"href":"https:\/\/www.reulsport.com\/en\/wp-json\/wp\/v2\/product_cat?post=25433"},{"taxonomy":"product_tag","embeddable":true,"href":"https:\/\/www.reulsport.com\/en\/wp-json\/wp\/v2\/product_tag?post=25433"}],"curies":[{"name":"wp","href":"https:\/\/api.w.org\/{rel}","templated":true}]}}