{"id":25436,"date":"2019-05-29T09:58:45","date_gmt":"2019-05-29T07:58:45","guid":{"rendered":"https:\/\/www.reulsport.com\/produit\/smartlink\/"},"modified":"2023-03-01T15:51:57","modified_gmt":"2023-03-01T14:51:57","slug":"smartlink","status":"publish","type":"product","link":"https:\/\/www.reulsport.com\/en\/produit\/smartlink\/","title":{"rendered":"Smartlink"},"content":{"rendered":"<p>\u00c9liminer le crochet de treuil conventionnel et le remplacer par une manille SmartLink plus s\u00fbre et plus forte. Le support de manille SmartLink est un support de manille pliable pour monter sur vos corde de treuil . Avec moins de 30MM d\u2019\u00e9paisseur, le Smartlink se repliera avec ces plots en caoutchouc contre votre \u00e9cubier et sera tr\u00e8s discret sur les v\u00e9hicule moderne !<\/p>\n","protected":false},"excerpt":{"rendered":"<p>\u00c9liminer le crochet de treuil conventionnel et le remplacer par une manille SmartLink plus s\u00fbre et plus forte. Le support de manille SmartLink est un support de manille pliable pour monter sur vos corde de treuil . Avec moins de 30MM d\u2019\u00e9paisseur, le Smartlink se repliera avec ces plots en caoutchouc contre votre \u00e9cubier et [&hellip;]<\/p>\n","protected":false},"featured_media":12205,"comment_status":"open","ping_status":"closed","template":"","meta":[],"product_cat":[96],"product_tag":[212],"acf":[],"yoast_head":"<!-- This site is optimized with the Yoast SEO plugin v20.1 - https:\/\/yoast.com\/wordpress\/plugins\/seo\/ -->\n<title>Smartlink - ReulSport - Landrover specialist - Iveco partner<\/title>\n<meta name=\"robots\" content=\"index, follow, max-snippet:-1, max-image-preview:large, max-video-preview:-1\" \/>\n<link rel=\"canonical\" href=\"https:\/\/www.reulsport.com\/en\/produit\/smartlink\/\" \/>\n<meta property=\"og:locale\" content=\"en_US\" \/>\n<meta property=\"og:type\" content=\"article\" \/>\n<meta property=\"og:title\" content=\"Smartlink - ReulSport - Landrover specialist - Iveco partner\" \/>\n<meta property=\"og:description\" content=\"\u00c9liminer le crochet de treuil conventionnel et le remplacer par une manille SmartLink plus s\u00fbre et plus forte. Le support de manille SmartLink est un support de manille pliable pour monter sur vos corde de treuil . Avec moins de 30MM d\u2019\u00e9paisseur, le Smartlink se repliera avec ces plots en caoutchouc contre votre \u00e9cubier et [&hellip;]\" \/>\n<meta property=\"og:url\" content=\"https:\/\/www.reulsport.com\/en\/produit\/smartlink\/\" \/>\n<meta property=\"og:site_name\" content=\"ReulSport - Landrover specialist - Iveco partner\" \/>\n<meta property=\"article:modified_time\" content=\"2023-03-01T14:51:57+00:00\" \/>\n<meta property=\"og:image\" content=\"https:\/\/www.reulsport.com\/wp-content\/uploads\/2019\/05\/ReulSport_SmartLink-1.jpg\" \/>\n\t<meta property=\"og:image:width\" content=\"1920\" \/>\n\t<meta property=\"og:image:height\" content=\"1280\" \/>\n\t<meta property=\"og:image:type\" content=\"image\/jpeg\" \/>\n<meta name=\"twitter:card\" content=\"summary_large_image\" \/>\n<script type=\"application\/ld+json\" class=\"yoast-schema-graph\">{\"@context\":\"https:\/\/schema.org\",\"@graph\":[{\"@type\":\"WebPage\",\"@id\":\"https:\/\/www.reulsport.com\/en\/produit\/smartlink\/\",\"url\":\"https:\/\/www.reulsport.com\/en\/produit\/smartlink\/\",\"name\":\"Smartlink - ReulSport - Landrover specialist - Iveco partner\",\"isPartOf\":{\"@id\":\"https:\/\/www.reulsport.com\/#website\"},\"datePublished\":\"2019-05-29T07:58:45+00:00\",\"dateModified\":\"2023-03-01T14:51:57+00:00\",\"breadcrumb\":{\"@id\":\"https:\/\/www.reulsport.com\/en\/produit\/smartlink\/#breadcrumb\"},\"inLanguage\":\"en-US\",\"potentialAction\":[{\"@type\":\"ReadAction\",\"target\":[\"https:\/\/www.reulsport.com\/en\/produit\/smartlink\/\"]}]},{\"@type\":\"BreadcrumbList\",\"@id\":\"https:\/\/www.reulsport.com\/en\/produit\/smartlink\/#breadcrumb\",\"itemListElement\":[{\"@type\":\"ListItem\",\"position\":1,\"name\":\"Accueil\",\"item\":\"https:\/\/www.reulsport.com\/en\/\"},{\"@type\":\"ListItem\",\"position\":2,\"name\":\"Shop\",\"item\":\"https:\/\/www.reulsport.com\/en\/shop\/\"},{\"@type\":\"ListItem\",\"position\":3,\"name\":\"Smartlink\"}]},{\"@type\":\"WebSite\",\"@id\":\"https:\/\/www.reulsport.com\/#website\",\"url\":\"https:\/\/www.reulsport.com\/\",\"name\":\"ReulSport - Landrover specialist - Iveco partner\",\"description\":\"ReulSport est un garage Ineos, Iveco et Polaris dans la r\u00e9gion de Verviers et Li\u00e8ge. Sp\u00e9cialiste de l&#039;Offroad, de la pr\u00e9paration et de l&#039;accessoirisation. .\",\"potentialAction\":[{\"@type\":\"SearchAction\",\"target\":{\"@type\":\"EntryPoint\",\"urlTemplate\":\"https:\/\/www.reulsport.com\/?s={search_term_string}\"},\"query-input\":\"required name=search_term_string\"}],\"inLanguage\":\"en-US\"}]}<\/script>\n<!-- \/ Yoast SEO plugin. -->","yoast_head_json":{"title":"Smartlink - ReulSport - Landrover specialist - Iveco partner","robots":{"index":"index","follow":"follow","max-snippet":"max-snippet:-1","max-image-preview":"max-image-preview:large","max-video-preview":"max-video-preview:-1"},"canonical":"https:\/\/www.reulsport.com\/en\/produit\/smartlink\/","og_locale":"en_US","og_type":"article","og_title":"Smartlink - ReulSport - Landrover specialist - Iveco partner","og_description":"\u00c9liminer le crochet de treuil conventionnel et le remplacer par une manille SmartLink plus s\u00fbre et plus forte. Le support de manille SmartLink est un support de manille pliable pour monter sur vos corde de treuil . Avec moins de 30MM d\u2019\u00e9paisseur, le Smartlink se repliera avec ces plots en caoutchouc contre votre \u00e9cubier et [&hellip;]","og_url":"https:\/\/www.reulsport.com\/en\/produit\/smartlink\/","og_site_name":"ReulSport - Landrover specialist - Iveco partner","article_modified_time":"2023-03-01T14:51:57+00:00","og_image":[{"width":1920,"height":1280,"url":"https:\/\/www.reulsport.com\/wp-content\/uploads\/2019\/05\/ReulSport_SmartLink-1.jpg","type":"image\/jpeg"}],"twitter_card":"summary_large_image","schema":{"@context":"https:\/\/schema.org","@graph":[{"@type":"WebPage","@id":"https:\/\/www.reulsport.com\/en\/produit\/smartlink\/","url":"https:\/\/www.reulsport.com\/en\/produit\/smartlink\/","name":"Smartlink - ReulSport - Landrover specialist - Iveco partner","isPartOf":{"@id":"https:\/\/www.reulsport.com\/#website"},"datePublished":"2019-05-29T07:58:45+00:00","dateModified":"2023-03-01T14:51:57+00:00","breadcrumb":{"@id":"https:\/\/www.reulsport.com\/en\/produit\/smartlink\/#breadcrumb"},"inLanguage":"en-US","potentialAction":[{"@type":"ReadAction","target":["https:\/\/www.reulsport.com\/en\/produit\/smartlink\/"]}]},{"@type":"BreadcrumbList","@id":"https:\/\/www.reulsport.com\/en\/produit\/smartlink\/#breadcrumb","itemListElement":[{"@type":"ListItem","position":1,"name":"Accueil","item":"https:\/\/www.reulsport.com\/en\/"},{"@type":"ListItem","position":2,"name":"Shop","item":"https:\/\/www.reulsport.com\/en\/shop\/"},{"@type":"ListItem","position":3,"name":"Smartlink"}]},{"@type":"WebSite","@id":"https:\/\/www.reulsport.com\/#website","url":"https:\/\/www.reulsport.com\/","name":"ReulSport - Landrover specialist - Iveco partner","description":"ReulSport est un garage Ineos, Iveco et Polaris dans la r\u00e9gion de Verviers et Li\u00e8ge. Sp\u00e9cialiste de l&#039;Offroad, de la pr\u00e9paration et de l&#039;accessoirisation. .","potentialAction":[{"@type":"SearchAction","target":{"@type":"EntryPoint","urlTemplate":"https:\/\/www.reulsport.com\/?s={search_term_string}"},"query-input":"required name=search_term_string"}],"inLanguage":"en-US"}]}},"_links":{"self":[{"href":"https:\/\/www.reulsport.com\/en\/wp-json\/wp\/v2\/product\/25436"}],"collection":[{"href":"https:\/\/www.reulsport.com\/en\/wp-json\/wp\/v2\/product"}],"about":[{"href":"https:\/\/www.reulsport.com\/en\/wp-json\/wp\/v2\/types\/product"}],"replies":[{"embeddable":true,"href":"https:\/\/www.reulsport.com\/en\/wp-json\/wp\/v2\/comments?post=25436"}],"wp:featuredmedia":[{"embeddable":true,"href":"https:\/\/www.reulsport.com\/en\/wp-json\/wp\/v2\/media\/12205"}],"wp:attachment":[{"href":"https:\/\/www.reulsport.com\/en\/wp-json\/wp\/v2\/media?parent=25436"}],"wp:term":[{"taxonomy":"product_cat","embeddable":true,"href":"https:\/\/www.reulsport.com\/en\/wp-json\/wp\/v2\/product_cat?post=25436"},{"taxonomy":"product_tag","embeddable":true,"href":"https:\/\/www.reulsport.com\/en\/wp-json\/wp\/v2\/product_tag?post=25436"}],"curies":[{"name":"wp","href":"https:\/\/api.w.org\/{rel}","templated":true}]}}