{"id":25439,"date":"2017-07-28T14:59:23","date_gmt":"2017-07-28T12:59:23","guid":{"rendered":"https:\/\/www.reulsport.com\/produit\/protection-du-refroidisseur-de-carburant-rs-pour-defender-td4-2-4l\/"},"modified":"2021-01-26T14:22:57","modified_gmt":"2021-01-26T13:22:57","slug":"protection-du-refroidisseur-de-carburant-rs-pour-defender-td4-2-4l","status":"publish","type":"product","link":"https:\/\/www.reulsport.com\/en\/produit\/protection-du-refroidisseur-de-carburant-rs-pour-defender-td4-2-4l\/","title":{"rendered":"Protection du refroidisseur de carburant RS pour DEFENDER TD4 2.4L"},"content":{"rendered":"<p>Prot\u00e8ge le refroidisseur de carburant dans le ch\u00e2ssis sur votre Defender 2.4 Td4\u00a0<br \/>\n\u00c9tudi\u00e9 sur un logiciel 3D<br \/>\nFabriqu\u00e9 dans un acier haute r\u00e9sistance : Weldox 700<br \/>\nTraitement anticorrosion par m\u00e9tallisation et thermo-laquage<\/p>\n","protected":false},"excerpt":{"rendered":"<p>Prot\u00e8ge le refroidisseur de carburant dans le ch\u00e2ssis sur votre Defender 2.4 Td4\u00a0 \u00c9tudi\u00e9 sur un logiciel 3D Fabriqu\u00e9 dans un acier haute r\u00e9sistance : Weldox 700 Traitement anticorrosion par m\u00e9tallisation et thermo-laquage<\/p>\n","protected":false},"featured_media":0,"comment_status":"open","ping_status":"closed","template":"","meta":[],"product_cat":[177],"product_tag":[212],"acf":[],"yoast_head":"<!-- This site is optimized with the Yoast SEO plugin v20.1 - https:\/\/yoast.com\/wordpress\/plugins\/seo\/ -->\n<title>Protection du refroidisseur de carburant RS pour DEFENDER TD4 2.4L - ReulSport - Landrover specialist - Iveco partner<\/title>\n<meta name=\"robots\" content=\"index, follow, max-snippet:-1, max-image-preview:large, max-video-preview:-1\" \/>\n<link rel=\"canonical\" href=\"https:\/\/www.reulsport.com\/en\/produit\/protection-du-refroidisseur-de-carburant-rs-pour-defender-td4-2-4l\/\" \/>\n<meta property=\"og:locale\" content=\"en_US\" \/>\n<meta property=\"og:type\" content=\"article\" \/>\n<meta property=\"og:title\" content=\"Protection du refroidisseur de carburant RS pour DEFENDER TD4 2.4L - ReulSport - Landrover specialist - Iveco partner\" \/>\n<meta property=\"og:description\" content=\"Prot\u00e8ge le refroidisseur de carburant dans le ch\u00e2ssis sur votre Defender 2.4 Td4\u00a0 \u00c9tudi\u00e9 sur un logiciel 3D Fabriqu\u00e9 dans un acier haute r\u00e9sistance : Weldox 700 Traitement anticorrosion par m\u00e9tallisation et thermo-laquage\" \/>\n<meta property=\"og:url\" content=\"https:\/\/www.reulsport.com\/en\/produit\/protection-du-refroidisseur-de-carburant-rs-pour-defender-td4-2-4l\/\" \/>\n<meta property=\"og:site_name\" content=\"ReulSport - Landrover specialist - Iveco partner\" \/>\n<meta property=\"article:modified_time\" content=\"2021-01-26T13:22:57+00:00\" \/>\n<meta name=\"twitter:card\" content=\"summary_large_image\" \/>\n<script type=\"application\/ld+json\" class=\"yoast-schema-graph\">{\"@context\":\"https:\/\/schema.org\",\"@graph\":[{\"@type\":\"WebPage\",\"@id\":\"https:\/\/www.reulsport.com\/en\/produit\/protection-du-refroidisseur-de-carburant-rs-pour-defender-td4-2-4l\/\",\"url\":\"https:\/\/www.reulsport.com\/en\/produit\/protection-du-refroidisseur-de-carburant-rs-pour-defender-td4-2-4l\/\",\"name\":\"Protection du refroidisseur de carburant RS pour DEFENDER TD4 2.4L - ReulSport - Landrover specialist - Iveco partner\",\"isPartOf\":{\"@id\":\"https:\/\/www.reulsport.com\/#website\"},\"datePublished\":\"2017-07-28T12:59:23+00:00\",\"dateModified\":\"2021-01-26T13:22:57+00:00\",\"breadcrumb\":{\"@id\":\"https:\/\/www.reulsport.com\/en\/produit\/protection-du-refroidisseur-de-carburant-rs-pour-defender-td4-2-4l\/#breadcrumb\"},\"inLanguage\":\"en-US\",\"potentialAction\":[{\"@type\":\"ReadAction\",\"target\":[\"https:\/\/www.reulsport.com\/en\/produit\/protection-du-refroidisseur-de-carburant-rs-pour-defender-td4-2-4l\/\"]}]},{\"@type\":\"BreadcrumbList\",\"@id\":\"https:\/\/www.reulsport.com\/en\/produit\/protection-du-refroidisseur-de-carburant-rs-pour-defender-td4-2-4l\/#breadcrumb\",\"itemListElement\":[{\"@type\":\"ListItem\",\"position\":1,\"name\":\"Accueil\",\"item\":\"https:\/\/www.reulsport.com\/en\/\"},{\"@type\":\"ListItem\",\"position\":2,\"name\":\"Shop\",\"item\":\"https:\/\/www.reulsport.com\/en\/shop\/\"},{\"@type\":\"ListItem\",\"position\":3,\"name\":\"Protection du refroidisseur de carburant RS pour DEFENDER TD4 2.4L\"}]},{\"@type\":\"WebSite\",\"@id\":\"https:\/\/www.reulsport.com\/#website\",\"url\":\"https:\/\/www.reulsport.com\/\",\"name\":\"ReulSport - Landrover specialist - Iveco partner\",\"description\":\"ReulSport est un garage Ineos, Iveco et Polaris dans la r\u00e9gion de Verviers et Li\u00e8ge. Sp\u00e9cialiste de l&#039;Offroad, de la pr\u00e9paration et de l&#039;accessoirisation. .\",\"potentialAction\":[{\"@type\":\"SearchAction\",\"target\":{\"@type\":\"EntryPoint\",\"urlTemplate\":\"https:\/\/www.reulsport.com\/?s={search_term_string}\"},\"query-input\":\"required name=search_term_string\"}],\"inLanguage\":\"en-US\"}]}<\/script>\n<!-- \/ Yoast SEO plugin. -->","yoast_head_json":{"title":"Protection du refroidisseur de carburant RS pour DEFENDER TD4 2.4L - ReulSport - Landrover specialist - Iveco partner","robots":{"index":"index","follow":"follow","max-snippet":"max-snippet:-1","max-image-preview":"max-image-preview:large","max-video-preview":"max-video-preview:-1"},"canonical":"https:\/\/www.reulsport.com\/en\/produit\/protection-du-refroidisseur-de-carburant-rs-pour-defender-td4-2-4l\/","og_locale":"en_US","og_type":"article","og_title":"Protection du refroidisseur de carburant RS pour DEFENDER TD4 2.4L - ReulSport - Landrover specialist - Iveco partner","og_description":"Prot\u00e8ge le refroidisseur de carburant dans le ch\u00e2ssis sur votre Defender 2.4 Td4\u00a0 \u00c9tudi\u00e9 sur un logiciel 3D Fabriqu\u00e9 dans un acier haute r\u00e9sistance : Weldox 700 Traitement anticorrosion par m\u00e9tallisation et thermo-laquage","og_url":"https:\/\/www.reulsport.com\/en\/produit\/protection-du-refroidisseur-de-carburant-rs-pour-defender-td4-2-4l\/","og_site_name":"ReulSport - Landrover specialist - Iveco partner","article_modified_time":"2021-01-26T13:22:57+00:00","twitter_card":"summary_large_image","schema":{"@context":"https:\/\/schema.org","@graph":[{"@type":"WebPage","@id":"https:\/\/www.reulsport.com\/en\/produit\/protection-du-refroidisseur-de-carburant-rs-pour-defender-td4-2-4l\/","url":"https:\/\/www.reulsport.com\/en\/produit\/protection-du-refroidisseur-de-carburant-rs-pour-defender-td4-2-4l\/","name":"Protection du refroidisseur de carburant RS pour DEFENDER TD4 2.4L - ReulSport - Landrover specialist - Iveco partner","isPartOf":{"@id":"https:\/\/www.reulsport.com\/#website"},"datePublished":"2017-07-28T12:59:23+00:00","dateModified":"2021-01-26T13:22:57+00:00","breadcrumb":{"@id":"https:\/\/www.reulsport.com\/en\/produit\/protection-du-refroidisseur-de-carburant-rs-pour-defender-td4-2-4l\/#breadcrumb"},"inLanguage":"en-US","potentialAction":[{"@type":"ReadAction","target":["https:\/\/www.reulsport.com\/en\/produit\/protection-du-refroidisseur-de-carburant-rs-pour-defender-td4-2-4l\/"]}]},{"@type":"BreadcrumbList","@id":"https:\/\/www.reulsport.com\/en\/produit\/protection-du-refroidisseur-de-carburant-rs-pour-defender-td4-2-4l\/#breadcrumb","itemListElement":[{"@type":"ListItem","position":1,"name":"Accueil","item":"https:\/\/www.reulsport.com\/en\/"},{"@type":"ListItem","position":2,"name":"Shop","item":"https:\/\/www.reulsport.com\/en\/shop\/"},{"@type":"ListItem","position":3,"name":"Protection du refroidisseur de carburant RS pour DEFENDER TD4 2.4L"}]},{"@type":"WebSite","@id":"https:\/\/www.reulsport.com\/#website","url":"https:\/\/www.reulsport.com\/","name":"ReulSport - Landrover specialist - Iveco partner","description":"ReulSport est un garage Ineos, Iveco et Polaris dans la r\u00e9gion de Verviers et Li\u00e8ge. Sp\u00e9cialiste de l&#039;Offroad, de la pr\u00e9paration et de l&#039;accessoirisation. .","potentialAction":[{"@type":"SearchAction","target":{"@type":"EntryPoint","urlTemplate":"https:\/\/www.reulsport.com\/?s={search_term_string}"},"query-input":"required name=search_term_string"}],"inLanguage":"en-US"}]}},"_links":{"self":[{"href":"https:\/\/www.reulsport.com\/en\/wp-json\/wp\/v2\/product\/25439"}],"collection":[{"href":"https:\/\/www.reulsport.com\/en\/wp-json\/wp\/v2\/product"}],"about":[{"href":"https:\/\/www.reulsport.com\/en\/wp-json\/wp\/v2\/types\/product"}],"replies":[{"embeddable":true,"href":"https:\/\/www.reulsport.com\/en\/wp-json\/wp\/v2\/comments?post=25439"}],"wp:attachment":[{"href":"https:\/\/www.reulsport.com\/en\/wp-json\/wp\/v2\/media?parent=25439"}],"wp:term":[{"taxonomy":"product_cat","embeddable":true,"href":"https:\/\/www.reulsport.com\/en\/wp-json\/wp\/v2\/product_cat?post=25439"},{"taxonomy":"product_tag","embeddable":true,"href":"https:\/\/www.reulsport.com\/en\/wp-json\/wp\/v2\/product_tag?post=25439"}],"curies":[{"name":"wp","href":"https:\/\/api.w.org\/{rel}","templated":true}]}}