{"id":26183,"date":"2021-01-05T15:34:37","date_gmt":"2021-01-05T14:34:37","guid":{"rendered":"https:\/\/www.reulsport.com\/?post_type=product&#038;p=26183"},"modified":"2021-01-26T11:53:16","modified_gmt":"2021-01-26T10:53:16","slug":"pro-pod","status":"publish","type":"product","link":"https:\/\/www.reulsport.com\/en\/produit\/pro-pod\/","title":{"rendered":"Pro pod"},"content":{"rendered":"<p>Le pro pod est \u00e9quip\u00e9 d&#8217;une lentille en polycarbonate durable qui prot\u00e8ge contre les d\u00e9bris de roches etc. Le rev\u00eatement est \u00e9galement waterproof.<\/p>\n<p>Ce pro pod produit une puissance de 140 lumens et est d\u00e9clin\u00e9 en 5 couleurs.<\/p>\n","protected":false},"excerpt":{"rendered":"<p>Le pro pod est \u00e9quip\u00e9 d&#8217;une lentille en polycarbonate durable qui prot\u00e8ge contre les d\u00e9bris de roches etc. Le rev\u00eatement est \u00e9galement waterproof. Ce pro pod produit une puissance de 140 lumens et est d\u00e9clin\u00e9 en 5 couleurs.<\/p>\n","protected":false},"featured_media":26212,"comment_status":"open","ping_status":"closed","template":"","meta":[],"product_cat":[100],"product_tag":[197],"acf":[],"yoast_head":"<!-- This site is optimized with the Yoast SEO plugin v20.1 - https:\/\/yoast.com\/wordpress\/plugins\/seo\/ -->\n<title>Pro pod - ReulSport - Landrover specialist - Iveco partner<\/title>\n<meta name=\"robots\" content=\"index, follow, max-snippet:-1, max-image-preview:large, max-video-preview:-1\" \/>\n<link rel=\"canonical\" href=\"https:\/\/www.reulsport.com\/en\/produit\/pro-pod\/\" \/>\n<meta property=\"og:locale\" content=\"en_US\" \/>\n<meta property=\"og:type\" content=\"article\" \/>\n<meta property=\"og:title\" content=\"Pro pod - ReulSport - Landrover specialist - Iveco partner\" \/>\n<meta property=\"og:description\" content=\"Le pro pod est \u00e9quip\u00e9 d&#8217;une lentille en polycarbonate durable qui prot\u00e8ge contre les d\u00e9bris de roches etc. Le rev\u00eatement est \u00e9galement waterproof. Ce pro pod produit une puissance de 140 lumens et est d\u00e9clin\u00e9 en 5 couleurs.\" \/>\n<meta property=\"og:url\" content=\"https:\/\/www.reulsport.com\/en\/produit\/pro-pod\/\" \/>\n<meta property=\"og:site_name\" content=\"ReulSport - Landrover specialist - Iveco partner\" \/>\n<meta property=\"article:modified_time\" content=\"2021-01-26T10:53:16+00:00\" \/>\n<meta property=\"og:image\" content=\"https:\/\/www.reulsport.com\/wp-content\/uploads\/2021\/01\/XIL-PDW_web.png\" \/>\n\t<meta property=\"og:image:width\" content=\"720\" \/>\n\t<meta property=\"og:image:height\" content=\"720\" \/>\n\t<meta property=\"og:image:type\" content=\"image\/png\" \/>\n<meta name=\"twitter:card\" content=\"summary_large_image\" \/>\n<script type=\"application\/ld+json\" class=\"yoast-schema-graph\">{\"@context\":\"https:\/\/schema.org\",\"@graph\":[{\"@type\":\"WebPage\",\"@id\":\"https:\/\/www.reulsport.com\/en\/produit\/pro-pod\/\",\"url\":\"https:\/\/www.reulsport.com\/en\/produit\/pro-pod\/\",\"name\":\"Pro pod - ReulSport - Landrover specialist - Iveco partner\",\"isPartOf\":{\"@id\":\"https:\/\/www.reulsport.com\/#website\"},\"datePublished\":\"2021-01-05T14:34:37+00:00\",\"dateModified\":\"2021-01-26T10:53:16+00:00\",\"breadcrumb\":{\"@id\":\"https:\/\/www.reulsport.com\/en\/produit\/pro-pod\/#breadcrumb\"},\"inLanguage\":\"en-US\",\"potentialAction\":[{\"@type\":\"ReadAction\",\"target\":[\"https:\/\/www.reulsport.com\/en\/produit\/pro-pod\/\"]}]},{\"@type\":\"BreadcrumbList\",\"@id\":\"https:\/\/www.reulsport.com\/en\/produit\/pro-pod\/#breadcrumb\",\"itemListElement\":[{\"@type\":\"ListItem\",\"position\":1,\"name\":\"Accueil\",\"item\":\"https:\/\/www.reulsport.com\/en\/\"},{\"@type\":\"ListItem\",\"position\":2,\"name\":\"Shop\",\"item\":\"https:\/\/www.reulsport.com\/en\/shop\/\"},{\"@type\":\"ListItem\",\"position\":3,\"name\":\"Pro pod\"}]},{\"@type\":\"WebSite\",\"@id\":\"https:\/\/www.reulsport.com\/#website\",\"url\":\"https:\/\/www.reulsport.com\/\",\"name\":\"ReulSport - Landrover specialist - Iveco partner\",\"description\":\"ReulSport est un garage Ineos, Iveco et Polaris dans la r\u00e9gion de Verviers et Li\u00e8ge. Sp\u00e9cialiste de l&#039;Offroad, de la pr\u00e9paration et de l&#039;accessoirisation. .\",\"potentialAction\":[{\"@type\":\"SearchAction\",\"target\":{\"@type\":\"EntryPoint\",\"urlTemplate\":\"https:\/\/www.reulsport.com\/?s={search_term_string}\"},\"query-input\":\"required name=search_term_string\"}],\"inLanguage\":\"en-US\"}]}<\/script>\n<!-- \/ Yoast SEO plugin. -->","yoast_head_json":{"title":"Pro pod - ReulSport - Landrover specialist - Iveco partner","robots":{"index":"index","follow":"follow","max-snippet":"max-snippet:-1","max-image-preview":"max-image-preview:large","max-video-preview":"max-video-preview:-1"},"canonical":"https:\/\/www.reulsport.com\/en\/produit\/pro-pod\/","og_locale":"en_US","og_type":"article","og_title":"Pro pod - ReulSport - Landrover specialist - Iveco partner","og_description":"Le pro pod est \u00e9quip\u00e9 d&#8217;une lentille en polycarbonate durable qui prot\u00e8ge contre les d\u00e9bris de roches etc. Le rev\u00eatement est \u00e9galement waterproof. Ce pro pod produit une puissance de 140 lumens et est d\u00e9clin\u00e9 en 5 couleurs.","og_url":"https:\/\/www.reulsport.com\/en\/produit\/pro-pod\/","og_site_name":"ReulSport - Landrover specialist - Iveco partner","article_modified_time":"2021-01-26T10:53:16+00:00","og_image":[{"width":720,"height":720,"url":"https:\/\/www.reulsport.com\/wp-content\/uploads\/2021\/01\/XIL-PDW_web.png","type":"image\/png"}],"twitter_card":"summary_large_image","schema":{"@context":"https:\/\/schema.org","@graph":[{"@type":"WebPage","@id":"https:\/\/www.reulsport.com\/en\/produit\/pro-pod\/","url":"https:\/\/www.reulsport.com\/en\/produit\/pro-pod\/","name":"Pro pod - ReulSport - Landrover specialist - Iveco partner","isPartOf":{"@id":"https:\/\/www.reulsport.com\/#website"},"datePublished":"2021-01-05T14:34:37+00:00","dateModified":"2021-01-26T10:53:16+00:00","breadcrumb":{"@id":"https:\/\/www.reulsport.com\/en\/produit\/pro-pod\/#breadcrumb"},"inLanguage":"en-US","potentialAction":[{"@type":"ReadAction","target":["https:\/\/www.reulsport.com\/en\/produit\/pro-pod\/"]}]},{"@type":"BreadcrumbList","@id":"https:\/\/www.reulsport.com\/en\/produit\/pro-pod\/#breadcrumb","itemListElement":[{"@type":"ListItem","position":1,"name":"Accueil","item":"https:\/\/www.reulsport.com\/en\/"},{"@type":"ListItem","position":2,"name":"Shop","item":"https:\/\/www.reulsport.com\/en\/shop\/"},{"@type":"ListItem","position":3,"name":"Pro pod"}]},{"@type":"WebSite","@id":"https:\/\/www.reulsport.com\/#website","url":"https:\/\/www.reulsport.com\/","name":"ReulSport - Landrover specialist - Iveco partner","description":"ReulSport est un garage Ineos, Iveco et Polaris dans la r\u00e9gion de Verviers et Li\u00e8ge. Sp\u00e9cialiste de l&#039;Offroad, de la pr\u00e9paration et de l&#039;accessoirisation. .","potentialAction":[{"@type":"SearchAction","target":{"@type":"EntryPoint","urlTemplate":"https:\/\/www.reulsport.com\/?s={search_term_string}"},"query-input":"required name=search_term_string"}],"inLanguage":"en-US"}]}},"_links":{"self":[{"href":"https:\/\/www.reulsport.com\/en\/wp-json\/wp\/v2\/product\/26183"}],"collection":[{"href":"https:\/\/www.reulsport.com\/en\/wp-json\/wp\/v2\/product"}],"about":[{"href":"https:\/\/www.reulsport.com\/en\/wp-json\/wp\/v2\/types\/product"}],"replies":[{"embeddable":true,"href":"https:\/\/www.reulsport.com\/en\/wp-json\/wp\/v2\/comments?post=26183"}],"wp:featuredmedia":[{"embeddable":true,"href":"https:\/\/www.reulsport.com\/en\/wp-json\/wp\/v2\/media\/26212"}],"wp:attachment":[{"href":"https:\/\/www.reulsport.com\/en\/wp-json\/wp\/v2\/media?parent=26183"}],"wp:term":[{"taxonomy":"product_cat","embeddable":true,"href":"https:\/\/www.reulsport.com\/en\/wp-json\/wp\/v2\/product_cat?post=26183"},{"taxonomy":"product_tag","embeddable":true,"href":"https:\/\/www.reulsport.com\/en\/wp-json\/wp\/v2\/product_tag?post=26183"}],"curies":[{"name":"wp","href":"https:\/\/api.w.org\/{rel}","templated":true}]}}