{"id":26337,"date":"2021-01-06T10:53:42","date_gmt":"2021-01-06T09:53:42","guid":{"rendered":"https:\/\/www.reulsport.com\/produit\/chaise-de-camping-arb-black-edition\/"},"modified":"2025-11-24T14:00:17","modified_gmt":"2025-11-24T13:00:17","slug":"chaise-de-camping-arb-black-edition","status":"publish","type":"product","link":"https:\/\/www.reulsport.com\/en\/produit\/chaise-de-camping-arb-black-edition\/","title":{"rendered":"Chaise de camping ARB black edition"},"content":{"rendered":"<p>Chaise de camping repliable en aluminium.<\/p>\n<p>Cette chaise arb est tr\u00e8s confortable et pratique gr\u00e2ce \u00e0 ses rangements lat\u00e9raux et son porte goblet.<\/p>\n<p>Cette chaise est \u00e9galement fournie avec une housse de rangement afin de pouvoir la transporter facilement.\u00a0<\/p>\n","protected":false},"excerpt":{"rendered":"<p>Chaise de camping repliable en aluminium. Cette chaise arb est tr\u00e8s confortable et pratique gr\u00e2ce \u00e0 ses rangements lat\u00e9raux et son porte goblet. Cette chaise est \u00e9galement fournie avec une housse de rangement afin de pouvoir la transporter facilement.\u00a0<\/p>\n","protected":false},"featured_media":26310,"comment_status":"open","ping_status":"closed","template":"","meta":[],"product_cat":[98],"product_tag":[210],"acf":[],"yoast_head":"<!-- This site is optimized with the Yoast SEO plugin v20.1 - https:\/\/yoast.com\/wordpress\/plugins\/seo\/ -->\n<title>Chaise de camping ARB black edition - ReulSport - Landrover specialist - Iveco partner<\/title>\n<meta name=\"robots\" content=\"index, follow, max-snippet:-1, max-image-preview:large, max-video-preview:-1\" \/>\n<link rel=\"canonical\" href=\"https:\/\/www.reulsport.com\/produit\/chaise-de-camping-arb-black-edition\/\" \/>\n<meta property=\"og:locale\" content=\"en_US\" \/>\n<meta property=\"og:type\" content=\"article\" \/>\n<meta property=\"og:title\" content=\"Chaise de camping ARB black edition - ReulSport - Landrover specialist - Iveco partner\" \/>\n<meta property=\"og:description\" content=\"Chaise de camping repliable en aluminium. Cette chaise arb est tr\u00e8s confortable et pratique gr\u00e2ce \u00e0 ses rangements lat\u00e9raux et son porte goblet. Cette chaise est \u00e9galement fournie avec une housse de rangement afin de pouvoir la transporter facilement.\u00a0\" \/>\n<meta property=\"og:url\" content=\"https:\/\/www.reulsport.com\/produit\/chaise-de-camping-arb-black-edition\/\" \/>\n<meta property=\"og:site_name\" content=\"ReulSport - Landrover specialist - Iveco partner\" \/>\n<meta property=\"article:modified_time\" content=\"2025-11-24T13:00:17+00:00\" \/>\n<meta property=\"og:image\" content=\"https:\/\/www.reulsport.com\/wp-content\/uploads\/2021\/01\/Chaisearb.jpg\" \/>\n\t<meta property=\"og:image:width\" content=\"800\" \/>\n\t<meta property=\"og:image:height\" content=\"585\" \/>\n\t<meta property=\"og:image:type\" content=\"image\/jpeg\" \/>\n<meta name=\"twitter:card\" content=\"summary_large_image\" \/>\n<script type=\"application\/ld+json\" class=\"yoast-schema-graph\">{\"@context\":\"https:\/\/schema.org\",\"@graph\":[{\"@type\":\"WebPage\",\"@id\":\"https:\/\/www.reulsport.com\/produit\/chaise-de-camping-arb-black-edition\/\",\"url\":\"https:\/\/www.reulsport.com\/produit\/chaise-de-camping-arb-black-edition\/\",\"name\":\"Chaise de camping ARB black edition - ReulSport - Landrover specialist - Iveco partner\",\"isPartOf\":{\"@id\":\"https:\/\/www.reulsport.com\/#website\"},\"datePublished\":\"2021-01-06T09:53:42+00:00\",\"dateModified\":\"2025-11-24T13:00:17+00:00\",\"breadcrumb\":{\"@id\":\"https:\/\/www.reulsport.com\/produit\/chaise-de-camping-arb-black-edition\/#breadcrumb\"},\"inLanguage\":\"en-US\",\"potentialAction\":[{\"@type\":\"ReadAction\",\"target\":[\"https:\/\/www.reulsport.com\/produit\/chaise-de-camping-arb-black-edition\/\"]}]},{\"@type\":\"BreadcrumbList\",\"@id\":\"https:\/\/www.reulsport.com\/produit\/chaise-de-camping-arb-black-edition\/#breadcrumb\",\"itemListElement\":[{\"@type\":\"ListItem\",\"position\":1,\"name\":\"Accueil\",\"item\":\"https:\/\/www.reulsport.com\/en\/\"},{\"@type\":\"ListItem\",\"position\":2,\"name\":\"Shop\",\"item\":\"https:\/\/www.reulsport.com\/en\/shop\/\"},{\"@type\":\"ListItem\",\"position\":3,\"name\":\"Chaise de camping ARB black edition\"}]},{\"@type\":\"WebSite\",\"@id\":\"https:\/\/www.reulsport.com\/#website\",\"url\":\"https:\/\/www.reulsport.com\/\",\"name\":\"ReulSport - Landrover specialist - Iveco partner\",\"description\":\"ReulSport est un garage Ineos, Iveco et Polaris dans la r\u00e9gion de Verviers et Li\u00e8ge. Sp\u00e9cialiste de l&#039;Offroad, de la pr\u00e9paration et de l&#039;accessoirisation. .\",\"potentialAction\":[{\"@type\":\"SearchAction\",\"target\":{\"@type\":\"EntryPoint\",\"urlTemplate\":\"https:\/\/www.reulsport.com\/?s={search_term_string}\"},\"query-input\":\"required name=search_term_string\"}],\"inLanguage\":\"en-US\"}]}<\/script>\n<!-- \/ Yoast SEO plugin. -->","yoast_head_json":{"title":"Chaise de camping ARB black edition - ReulSport - Landrover specialist - Iveco partner","robots":{"index":"index","follow":"follow","max-snippet":"max-snippet:-1","max-image-preview":"max-image-preview:large","max-video-preview":"max-video-preview:-1"},"canonical":"https:\/\/www.reulsport.com\/produit\/chaise-de-camping-arb-black-edition\/","og_locale":"en_US","og_type":"article","og_title":"Chaise de camping ARB black edition - ReulSport - Landrover specialist - Iveco partner","og_description":"Chaise de camping repliable en aluminium. Cette chaise arb est tr\u00e8s confortable et pratique gr\u00e2ce \u00e0 ses rangements lat\u00e9raux et son porte goblet. Cette chaise est \u00e9galement fournie avec une housse de rangement afin de pouvoir la transporter facilement.\u00a0","og_url":"https:\/\/www.reulsport.com\/produit\/chaise-de-camping-arb-black-edition\/","og_site_name":"ReulSport - Landrover specialist - Iveco partner","article_modified_time":"2025-11-24T13:00:17+00:00","og_image":[{"width":800,"height":585,"url":"https:\/\/www.reulsport.com\/wp-content\/uploads\/2021\/01\/Chaisearb.jpg","type":"image\/jpeg"}],"twitter_card":"summary_large_image","schema":{"@context":"https:\/\/schema.org","@graph":[{"@type":"WebPage","@id":"https:\/\/www.reulsport.com\/produit\/chaise-de-camping-arb-black-edition\/","url":"https:\/\/www.reulsport.com\/produit\/chaise-de-camping-arb-black-edition\/","name":"Chaise de camping ARB black edition - ReulSport - Landrover specialist - Iveco partner","isPartOf":{"@id":"https:\/\/www.reulsport.com\/#website"},"datePublished":"2021-01-06T09:53:42+00:00","dateModified":"2025-11-24T13:00:17+00:00","breadcrumb":{"@id":"https:\/\/www.reulsport.com\/produit\/chaise-de-camping-arb-black-edition\/#breadcrumb"},"inLanguage":"en-US","potentialAction":[{"@type":"ReadAction","target":["https:\/\/www.reulsport.com\/produit\/chaise-de-camping-arb-black-edition\/"]}]},{"@type":"BreadcrumbList","@id":"https:\/\/www.reulsport.com\/produit\/chaise-de-camping-arb-black-edition\/#breadcrumb","itemListElement":[{"@type":"ListItem","position":1,"name":"Accueil","item":"https:\/\/www.reulsport.com\/en\/"},{"@type":"ListItem","position":2,"name":"Shop","item":"https:\/\/www.reulsport.com\/en\/shop\/"},{"@type":"ListItem","position":3,"name":"Chaise de camping ARB black edition"}]},{"@type":"WebSite","@id":"https:\/\/www.reulsport.com\/#website","url":"https:\/\/www.reulsport.com\/","name":"ReulSport - Landrover specialist - Iveco partner","description":"ReulSport est un garage Ineos, Iveco et Polaris dans la r\u00e9gion de Verviers et Li\u00e8ge. Sp\u00e9cialiste de l&#039;Offroad, de la pr\u00e9paration et de l&#039;accessoirisation. .","potentialAction":[{"@type":"SearchAction","target":{"@type":"EntryPoint","urlTemplate":"https:\/\/www.reulsport.com\/?s={search_term_string}"},"query-input":"required name=search_term_string"}],"inLanguage":"en-US"}]}},"_links":{"self":[{"href":"https:\/\/www.reulsport.com\/en\/wp-json\/wp\/v2\/product\/26337"}],"collection":[{"href":"https:\/\/www.reulsport.com\/en\/wp-json\/wp\/v2\/product"}],"about":[{"href":"https:\/\/www.reulsport.com\/en\/wp-json\/wp\/v2\/types\/product"}],"replies":[{"embeddable":true,"href":"https:\/\/www.reulsport.com\/en\/wp-json\/wp\/v2\/comments?post=26337"}],"wp:featuredmedia":[{"embeddable":true,"href":"https:\/\/www.reulsport.com\/en\/wp-json\/wp\/v2\/media\/26310"}],"wp:attachment":[{"href":"https:\/\/www.reulsport.com\/en\/wp-json\/wp\/v2\/media?parent=26337"}],"wp:term":[{"taxonomy":"product_cat","embeddable":true,"href":"https:\/\/www.reulsport.com\/en\/wp-json\/wp\/v2\/product_cat?post=26337"},{"taxonomy":"product_tag","embeddable":true,"href":"https:\/\/www.reulsport.com\/en\/wp-json\/wp\/v2\/product_tag?post=26337"}],"curies":[{"name":"wp","href":"https:\/\/api.w.org\/{rel}","templated":true}]}}