{"id":26341,"date":"2021-01-06T11:19:54","date_gmt":"2021-01-06T10:19:54","guid":{"rendered":"https:\/\/www.reulsport.com\/produit\/chaise-de-camping-front-runner\/"},"modified":"2025-04-18T08:14:25","modified_gmt":"2025-04-18T06:14:25","slug":"chaise-de-camping-front-runner","status":"publish","type":"product","link":"https:\/\/www.reulsport.com\/en\/produit\/chaise-de-camping-front-runner\/","title":{"rendered":"Chaise de camping Front Runner"},"content":{"rendered":"<p>Voyager avec des chaises a toujours \u00e9t\u00e9 une t\u00e2che difficile \u00e0 cause de leur taille.<\/p>\n<p>La chaise Front runner est tr\u00e8s pratique car elle n\u00e9cessite tr\u00e8s peu de place de rangement. En effet, elle se replie pour faire 1\/16 de sa taille !<\/p>\n<p>Avantages :<\/p>\n<p>Confortable et facile \u00e0 transporter.<\/p>\n<p>Se plie en 3 \u00e9tapes faciles.<\/p>\n<p>Ne s&#8217;enfonce pas dans le sable.<\/p>\n<p>Hauteur de table confortable<\/p>\n<p>Fabriqu\u00e9 en acier solide.<\/p>\n<p>\u00a0Fonctionnalit\u00e9s intelligentes\u00a0:<\/p>\n<p>Un porte-gobelet.<\/p>\n<p>Une poche de rangement pour p\u00e9riph\u00e9riques multim\u00e9dias : un t\u00e9l\u00e9phone cellulaire, GPS ou lecteur mp3.<\/p>\n<p>Une poign\u00e9e pour le transport.<\/p>\n<p>Une poche utilitaire pour des livres, magazines et plans.<\/p>\n","protected":false},"excerpt":{"rendered":"<p>Voyager avec des chaises a toujours \u00e9t\u00e9 une t\u00e2che difficile \u00e0 cause de leur taille. La chaise Front runner est tr\u00e8s pratique car elle n\u00e9cessite tr\u00e8s peu de place de rangement. En effet, elle se replie pour faire 1\/16 de sa taille ! Avantages : Confortable et facile \u00e0 transporter. Se plie en 3 \u00e9tapes [&hellip;]<\/p>\n","protected":false},"featured_media":26314,"comment_status":"open","ping_status":"closed","template":"","meta":[],"product_cat":[98],"product_tag":[208],"acf":[],"yoast_head":"<!-- This site is optimized with the Yoast SEO plugin v20.1 - https:\/\/yoast.com\/wordpress\/plugins\/seo\/ -->\n<title>Chaise de camping Front Runner - ReulSport - Landrover specialist - Iveco partner<\/title>\n<meta name=\"robots\" content=\"index, follow, max-snippet:-1, max-image-preview:large, max-video-preview:-1\" \/>\n<link rel=\"canonical\" href=\"https:\/\/www.reulsport.com\/produit\/chaise-de-camping-front-runner\/\" \/>\n<meta property=\"og:locale\" content=\"en_US\" \/>\n<meta property=\"og:type\" content=\"article\" \/>\n<meta property=\"og:title\" content=\"Chaise de camping Front Runner - ReulSport - Landrover specialist - Iveco partner\" \/>\n<meta property=\"og:description\" content=\"Voyager avec des chaises a toujours \u00e9t\u00e9 une t\u00e2che difficile \u00e0 cause de leur taille. La chaise Front runner est tr\u00e8s pratique car elle n\u00e9cessite tr\u00e8s peu de place de rangement. En effet, elle se replie pour faire 1\/16 de sa taille ! Avantages : Confortable et facile \u00e0 transporter. Se plie en 3 \u00e9tapes [&hellip;]\" \/>\n<meta property=\"og:url\" content=\"https:\/\/www.reulsport.com\/produit\/chaise-de-camping-front-runner\/\" \/>\n<meta property=\"og:site_name\" content=\"ReulSport - Landrover specialist - Iveco partner\" \/>\n<meta property=\"article:modified_time\" content=\"2025-04-18T06:14:25+00:00\" \/>\n<meta property=\"og:image\" content=\"https:\/\/www.reulsport.com\/wp-content\/uploads\/2021\/01\/front-runner-expander-chair-CHAI007-1.jpg\" \/>\n\t<meta property=\"og:image:width\" content=\"1024\" \/>\n\t<meta property=\"og:image:height\" content=\"768\" \/>\n\t<meta property=\"og:image:type\" content=\"image\/jpeg\" \/>\n<meta name=\"twitter:card\" content=\"summary_large_image\" \/>\n<meta name=\"twitter:label1\" content=\"Est. reading time\" \/>\n\t<meta name=\"twitter:data1\" content=\"1 minute\" \/>\n<script type=\"application\/ld+json\" class=\"yoast-schema-graph\">{\"@context\":\"https:\/\/schema.org\",\"@graph\":[{\"@type\":\"WebPage\",\"@id\":\"https:\/\/www.reulsport.com\/produit\/chaise-de-camping-front-runner\/\",\"url\":\"https:\/\/www.reulsport.com\/produit\/chaise-de-camping-front-runner\/\",\"name\":\"Chaise de camping Front Runner - ReulSport - Landrover specialist - Iveco partner\",\"isPartOf\":{\"@id\":\"https:\/\/www.reulsport.com\/#website\"},\"datePublished\":\"2021-01-06T10:19:54+00:00\",\"dateModified\":\"2025-04-18T06:14:25+00:00\",\"breadcrumb\":{\"@id\":\"https:\/\/www.reulsport.com\/produit\/chaise-de-camping-front-runner\/#breadcrumb\"},\"inLanguage\":\"en-US\",\"potentialAction\":[{\"@type\":\"ReadAction\",\"target\":[\"https:\/\/www.reulsport.com\/produit\/chaise-de-camping-front-runner\/\"]}]},{\"@type\":\"BreadcrumbList\",\"@id\":\"https:\/\/www.reulsport.com\/produit\/chaise-de-camping-front-runner\/#breadcrumb\",\"itemListElement\":[{\"@type\":\"ListItem\",\"position\":1,\"name\":\"Accueil\",\"item\":\"https:\/\/www.reulsport.com\/en\/\"},{\"@type\":\"ListItem\",\"position\":2,\"name\":\"Shop\",\"item\":\"https:\/\/www.reulsport.com\/en\/shop\/\"},{\"@type\":\"ListItem\",\"position\":3,\"name\":\"Chaise de camping Front Runner\"}]},{\"@type\":\"WebSite\",\"@id\":\"https:\/\/www.reulsport.com\/#website\",\"url\":\"https:\/\/www.reulsport.com\/\",\"name\":\"ReulSport - Landrover specialist - Iveco partner\",\"description\":\"ReulSport est un garage Ineos, Iveco et Polaris dans la r\u00e9gion de Verviers et Li\u00e8ge. Sp\u00e9cialiste de l&#039;Offroad, de la pr\u00e9paration et de l&#039;accessoirisation. .\",\"potentialAction\":[{\"@type\":\"SearchAction\",\"target\":{\"@type\":\"EntryPoint\",\"urlTemplate\":\"https:\/\/www.reulsport.com\/?s={search_term_string}\"},\"query-input\":\"required name=search_term_string\"}],\"inLanguage\":\"en-US\"}]}<\/script>\n<!-- \/ Yoast SEO plugin. -->","yoast_head_json":{"title":"Chaise de camping Front Runner - ReulSport - Landrover specialist - Iveco partner","robots":{"index":"index","follow":"follow","max-snippet":"max-snippet:-1","max-image-preview":"max-image-preview:large","max-video-preview":"max-video-preview:-1"},"canonical":"https:\/\/www.reulsport.com\/produit\/chaise-de-camping-front-runner\/","og_locale":"en_US","og_type":"article","og_title":"Chaise de camping Front Runner - ReulSport - Landrover specialist - Iveco partner","og_description":"Voyager avec des chaises a toujours \u00e9t\u00e9 une t\u00e2che difficile \u00e0 cause de leur taille. La chaise Front runner est tr\u00e8s pratique car elle n\u00e9cessite tr\u00e8s peu de place de rangement. En effet, elle se replie pour faire 1\/16 de sa taille ! Avantages : Confortable et facile \u00e0 transporter. Se plie en 3 \u00e9tapes [&hellip;]","og_url":"https:\/\/www.reulsport.com\/produit\/chaise-de-camping-front-runner\/","og_site_name":"ReulSport - Landrover specialist - Iveco partner","article_modified_time":"2025-04-18T06:14:25+00:00","og_image":[{"width":1024,"height":768,"url":"https:\/\/www.reulsport.com\/wp-content\/uploads\/2021\/01\/front-runner-expander-chair-CHAI007-1.jpg","type":"image\/jpeg"}],"twitter_card":"summary_large_image","twitter_misc":{"Est. reading time":"1 minute"},"schema":{"@context":"https:\/\/schema.org","@graph":[{"@type":"WebPage","@id":"https:\/\/www.reulsport.com\/produit\/chaise-de-camping-front-runner\/","url":"https:\/\/www.reulsport.com\/produit\/chaise-de-camping-front-runner\/","name":"Chaise de camping Front Runner - ReulSport - Landrover specialist - Iveco partner","isPartOf":{"@id":"https:\/\/www.reulsport.com\/#website"},"datePublished":"2021-01-06T10:19:54+00:00","dateModified":"2025-04-18T06:14:25+00:00","breadcrumb":{"@id":"https:\/\/www.reulsport.com\/produit\/chaise-de-camping-front-runner\/#breadcrumb"},"inLanguage":"en-US","potentialAction":[{"@type":"ReadAction","target":["https:\/\/www.reulsport.com\/produit\/chaise-de-camping-front-runner\/"]}]},{"@type":"BreadcrumbList","@id":"https:\/\/www.reulsport.com\/produit\/chaise-de-camping-front-runner\/#breadcrumb","itemListElement":[{"@type":"ListItem","position":1,"name":"Accueil","item":"https:\/\/www.reulsport.com\/en\/"},{"@type":"ListItem","position":2,"name":"Shop","item":"https:\/\/www.reulsport.com\/en\/shop\/"},{"@type":"ListItem","position":3,"name":"Chaise de camping Front Runner"}]},{"@type":"WebSite","@id":"https:\/\/www.reulsport.com\/#website","url":"https:\/\/www.reulsport.com\/","name":"ReulSport - Landrover specialist - Iveco partner","description":"ReulSport est un garage Ineos, Iveco et Polaris dans la r\u00e9gion de Verviers et Li\u00e8ge. Sp\u00e9cialiste de l&#039;Offroad, de la pr\u00e9paration et de l&#039;accessoirisation. .","potentialAction":[{"@type":"SearchAction","target":{"@type":"EntryPoint","urlTemplate":"https:\/\/www.reulsport.com\/?s={search_term_string}"},"query-input":"required name=search_term_string"}],"inLanguage":"en-US"}]}},"_links":{"self":[{"href":"https:\/\/www.reulsport.com\/en\/wp-json\/wp\/v2\/product\/26341"}],"collection":[{"href":"https:\/\/www.reulsport.com\/en\/wp-json\/wp\/v2\/product"}],"about":[{"href":"https:\/\/www.reulsport.com\/en\/wp-json\/wp\/v2\/types\/product"}],"replies":[{"embeddable":true,"href":"https:\/\/www.reulsport.com\/en\/wp-json\/wp\/v2\/comments?post=26341"}],"wp:featuredmedia":[{"embeddable":true,"href":"https:\/\/www.reulsport.com\/en\/wp-json\/wp\/v2\/media\/26314"}],"wp:attachment":[{"href":"https:\/\/www.reulsport.com\/en\/wp-json\/wp\/v2\/media?parent=26341"}],"wp:term":[{"taxonomy":"product_cat","embeddable":true,"href":"https:\/\/www.reulsport.com\/en\/wp-json\/wp\/v2\/product_cat?post=26341"},{"taxonomy":"product_tag","embeddable":true,"href":"https:\/\/www.reulsport.com\/en\/wp-json\/wp\/v2\/product_tag?post=26341"}],"curies":[{"name":"wp","href":"https:\/\/api.w.org\/{rel}","templated":true}]}}