{"id":26565,"date":"2021-01-12T14:30:45","date_gmt":"2021-01-12T13:30:45","guid":{"rendered":"https:\/\/www.reulsport.com\/produit\/suspension-p2s-2\/"},"modified":"2021-10-18T09:49:45","modified_gmt":"2021-10-18T07:49:45","slug":"suspension-p2s-2","status":"publish","type":"product","link":"https:\/\/www.reulsport.com\/en\/produit\/suspension-p2s-2\/","title":{"rendered":"Suspension kit P2S"},"content":{"rendered":"<p>Suspension kit P2S<\/p>\n<p>3-way hydraulic shock absorber &#8211; 50&#215;22.<\/p>\n<p>The most robust:<\/p>\n<p>The P2S PREMIUM 50 dampers are very resistant thanks to their 22mm diameter rod and their 50 internal diameter steel body.<\/p>\n<p>They are equipped with 2 wiper seals for optimal protection of the sealing system.<\/p>\n<p>Their hydraulic design allows a perfect adaptation to your 4&#215;4.<\/p>\n<p>They integrate a DSC system (Double Stage Piston), developed by PERFORMANCE SUSPENSION, which optimises mass transfers by controlling body movements.<\/p>\n<p>They avoid heeling at high speeds while maintaining maximum comfort.<\/p>\n<p>PREMIUM shock absorbers feature the PGL system, which has a linear influence on the impact of rebound and slow compression settings.<\/p>\n<p>They feature the new HLC compression control with ultra high flow bypass technology.<\/p>\n<p>&nbsp;<\/p>\n<p>These shock absorbers are ideal for touring and off-road use in 4&#215;4 vehicles.<\/p>\n<p>&nbsp;<\/p>\n<p>&nbsp;<\/p>\n","protected":false},"excerpt":{"rendered":"<p>Suspension kit P2S 3-way hydraulic shock absorber &#8211; 50&#215;22. The most robust: The P2S PREMIUM 50 dampers are very resistant thanks to their 22mm diameter rod and their 50 internal diameter steel body. They are equipped with 2 wiper seals for optimal protection of the sealing system. Their hydraulic design allows a perfect adaptation to [&hellip;]<\/p>\n","protected":false},"featured_media":33849,"comment_status":"open","ping_status":"closed","template":"","meta":[],"product_cat":[177],"product_tag":[215],"acf":[],"yoast_head":"<!-- This site is optimized with the Yoast SEO plugin v20.1 - https:\/\/yoast.com\/wordpress\/plugins\/seo\/ -->\n<title>Suspension kit P2S - ReulSport - Landrover specialist - Iveco partner<\/title>\n<meta name=\"robots\" content=\"index, follow, max-snippet:-1, max-image-preview:large, max-video-preview:-1\" \/>\n<link rel=\"canonical\" href=\"https:\/\/www.reulsport.com\/en\/produit\/suspension-p2s-2\/\" \/>\n<meta property=\"og:locale\" content=\"en_US\" \/>\n<meta property=\"og:type\" content=\"article\" \/>\n<meta property=\"og:title\" content=\"Suspension kit P2S - ReulSport - Landrover specialist - Iveco partner\" \/>\n<meta property=\"og:description\" content=\"Suspension kit P2S 3-way hydraulic shock absorber &#8211; 50&#215;22. The most robust: The P2S PREMIUM 50 dampers are very resistant thanks to their 22mm diameter rod and their 50 internal diameter steel body. They are equipped with 2 wiper seals for optimal protection of the sealing system. Their hydraulic design allows a perfect adaptation to [&hellip;]\" \/>\n<meta property=\"og:url\" content=\"https:\/\/www.reulsport.com\/en\/produit\/suspension-p2s-2\/\" \/>\n<meta property=\"og:site_name\" content=\"ReulSport - Landrover specialist - Iveco partner\" \/>\n<meta property=\"article:modified_time\" content=\"2021-10-18T07:49:45+00:00\" \/>\n<meta property=\"og:image\" content=\"https:\/\/www.reulsport.com\/wp-content\/uploads\/2021\/01\/p2s_premium_50_modele-scaled.jpg\" \/>\n\t<meta property=\"og:image:width\" content=\"2560\" \/>\n\t<meta property=\"og:image:height\" content=\"2092\" \/>\n\t<meta property=\"og:image:type\" content=\"image\/jpeg\" \/>\n<meta name=\"twitter:card\" content=\"summary_large_image\" \/>\n<meta name=\"twitter:label1\" content=\"Est. reading time\" \/>\n\t<meta name=\"twitter:data1\" content=\"1 minute\" \/>\n<script type=\"application\/ld+json\" class=\"yoast-schema-graph\">{\"@context\":\"https:\/\/schema.org\",\"@graph\":[{\"@type\":\"WebPage\",\"@id\":\"https:\/\/www.reulsport.com\/en\/produit\/suspension-p2s-2\/\",\"url\":\"https:\/\/www.reulsport.com\/en\/produit\/suspension-p2s-2\/\",\"name\":\"Suspension kit P2S - ReulSport - Landrover specialist - Iveco partner\",\"isPartOf\":{\"@id\":\"https:\/\/www.reulsport.com\/#website\"},\"datePublished\":\"2021-01-12T13:30:45+00:00\",\"dateModified\":\"2021-10-18T07:49:45+00:00\",\"breadcrumb\":{\"@id\":\"https:\/\/www.reulsport.com\/en\/produit\/suspension-p2s-2\/#breadcrumb\"},\"inLanguage\":\"en-US\",\"potentialAction\":[{\"@type\":\"ReadAction\",\"target\":[\"https:\/\/www.reulsport.com\/en\/produit\/suspension-p2s-2\/\"]}]},{\"@type\":\"BreadcrumbList\",\"@id\":\"https:\/\/www.reulsport.com\/en\/produit\/suspension-p2s-2\/#breadcrumb\",\"itemListElement\":[{\"@type\":\"ListItem\",\"position\":1,\"name\":\"Accueil\",\"item\":\"https:\/\/www.reulsport.com\/en\/\"},{\"@type\":\"ListItem\",\"position\":2,\"name\":\"Shop\",\"item\":\"https:\/\/www.reulsport.com\/en\/shop\/\"},{\"@type\":\"ListItem\",\"position\":3,\"name\":\"Suspension kit P2S\"}]},{\"@type\":\"WebSite\",\"@id\":\"https:\/\/www.reulsport.com\/#website\",\"url\":\"https:\/\/www.reulsport.com\/\",\"name\":\"ReulSport - Landrover specialist - Iveco partner\",\"description\":\"ReulSport est un garage Ineos, Iveco et Polaris dans la r\u00e9gion de Verviers et Li\u00e8ge. Sp\u00e9cialiste de l&#039;Offroad, de la pr\u00e9paration et de l&#039;accessoirisation. .\",\"potentialAction\":[{\"@type\":\"SearchAction\",\"target\":{\"@type\":\"EntryPoint\",\"urlTemplate\":\"https:\/\/www.reulsport.com\/?s={search_term_string}\"},\"query-input\":\"required name=search_term_string\"}],\"inLanguage\":\"en-US\"}]}<\/script>\n<!-- \/ Yoast SEO plugin. -->","yoast_head_json":{"title":"Suspension kit P2S - ReulSport - Landrover specialist - Iveco partner","robots":{"index":"index","follow":"follow","max-snippet":"max-snippet:-1","max-image-preview":"max-image-preview:large","max-video-preview":"max-video-preview:-1"},"canonical":"https:\/\/www.reulsport.com\/en\/produit\/suspension-p2s-2\/","og_locale":"en_US","og_type":"article","og_title":"Suspension kit P2S - ReulSport - Landrover specialist - Iveco partner","og_description":"Suspension kit P2S 3-way hydraulic shock absorber &#8211; 50&#215;22. The most robust: The P2S PREMIUM 50 dampers are very resistant thanks to their 22mm diameter rod and their 50 internal diameter steel body. They are equipped with 2 wiper seals for optimal protection of the sealing system. Their hydraulic design allows a perfect adaptation to [&hellip;]","og_url":"https:\/\/www.reulsport.com\/en\/produit\/suspension-p2s-2\/","og_site_name":"ReulSport - Landrover specialist - Iveco partner","article_modified_time":"2021-10-18T07:49:45+00:00","og_image":[{"width":2560,"height":2092,"url":"https:\/\/www.reulsport.com\/wp-content\/uploads\/2021\/01\/p2s_premium_50_modele-scaled.jpg","type":"image\/jpeg"}],"twitter_card":"summary_large_image","twitter_misc":{"Est. reading time":"1 minute"},"schema":{"@context":"https:\/\/schema.org","@graph":[{"@type":"WebPage","@id":"https:\/\/www.reulsport.com\/en\/produit\/suspension-p2s-2\/","url":"https:\/\/www.reulsport.com\/en\/produit\/suspension-p2s-2\/","name":"Suspension kit P2S - ReulSport - Landrover specialist - Iveco partner","isPartOf":{"@id":"https:\/\/www.reulsport.com\/#website"},"datePublished":"2021-01-12T13:30:45+00:00","dateModified":"2021-10-18T07:49:45+00:00","breadcrumb":{"@id":"https:\/\/www.reulsport.com\/en\/produit\/suspension-p2s-2\/#breadcrumb"},"inLanguage":"en-US","potentialAction":[{"@type":"ReadAction","target":["https:\/\/www.reulsport.com\/en\/produit\/suspension-p2s-2\/"]}]},{"@type":"BreadcrumbList","@id":"https:\/\/www.reulsport.com\/en\/produit\/suspension-p2s-2\/#breadcrumb","itemListElement":[{"@type":"ListItem","position":1,"name":"Accueil","item":"https:\/\/www.reulsport.com\/en\/"},{"@type":"ListItem","position":2,"name":"Shop","item":"https:\/\/www.reulsport.com\/en\/shop\/"},{"@type":"ListItem","position":3,"name":"Suspension kit P2S"}]},{"@type":"WebSite","@id":"https:\/\/www.reulsport.com\/#website","url":"https:\/\/www.reulsport.com\/","name":"ReulSport - Landrover specialist - Iveco partner","description":"ReulSport est un garage Ineos, Iveco et Polaris dans la r\u00e9gion de Verviers et Li\u00e8ge. Sp\u00e9cialiste de l&#039;Offroad, de la pr\u00e9paration et de l&#039;accessoirisation. .","potentialAction":[{"@type":"SearchAction","target":{"@type":"EntryPoint","urlTemplate":"https:\/\/www.reulsport.com\/?s={search_term_string}"},"query-input":"required name=search_term_string"}],"inLanguage":"en-US"}]}},"_links":{"self":[{"href":"https:\/\/www.reulsport.com\/en\/wp-json\/wp\/v2\/product\/26565"}],"collection":[{"href":"https:\/\/www.reulsport.com\/en\/wp-json\/wp\/v2\/product"}],"about":[{"href":"https:\/\/www.reulsport.com\/en\/wp-json\/wp\/v2\/types\/product"}],"replies":[{"embeddable":true,"href":"https:\/\/www.reulsport.com\/en\/wp-json\/wp\/v2\/comments?post=26565"}],"wp:featuredmedia":[{"embeddable":true,"href":"https:\/\/www.reulsport.com\/en\/wp-json\/wp\/v2\/media\/33849"}],"wp:attachment":[{"href":"https:\/\/www.reulsport.com\/en\/wp-json\/wp\/v2\/media?parent=26565"}],"wp:term":[{"taxonomy":"product_cat","embeddable":true,"href":"https:\/\/www.reulsport.com\/en\/wp-json\/wp\/v2\/product_cat?post=26565"},{"taxonomy":"product_tag","embeddable":true,"href":"https:\/\/www.reulsport.com\/en\/wp-json\/wp\/v2\/product_tag?post=26565"}],"curies":[{"name":"wp","href":"https:\/\/api.w.org\/{rel}","templated":true}]}}