{"id":29709,"date":"2021-05-08T10:19:43","date_gmt":"2021-05-08T08:19:43","guid":{"rendered":"https:\/\/www.reulsport.com\/produit\/hidden-winch-mount-for-new-defender\/"},"modified":"2023-01-17T16:39:08","modified_gmt":"2023-01-17T15:39:08","slug":"hidden-winch-mount-for-new-defender","status":"publish","type":"product","link":"https:\/\/www.reulsport.com\/en\/produit\/hidden-winch-mount-for-new-defender\/","title":{"rendered":"Hidden winch mount for NEW DEFENDER"},"content":{"rendered":"<p>!!! NOT SUITABLE FOR V8 ENGINES !!!<\/p>\n<p>Allows the mounting of an inline Winch<br \/>\nMounted behind the original bumper<br \/>\nThe winch plate and the winch are hidden<br \/>\nIn Weldox 700<br \/>\nBlack termopainted<\/p>\n<p>The complete kit contains the winch mount, all needed screws and bolts, different fixation plates and the mounting instructions<\/p>\n","protected":false},"excerpt":{"rendered":"<p>!!! NOT SUITABLE FOR V8 ENGINES !!! Allows the mounting of an inline Winch Mounted behind the original bumper The winch plate and the winch are hidden In Weldox 700 Black termopainted The complete kit contains the winch mount, all needed screws and bolts, different fixation plates and the mounting instructions<\/p>\n","protected":false},"featured_media":29707,"comment_status":"open","ping_status":"closed","template":"","meta":[],"product_cat":[191],"product_tag":[],"acf":[],"yoast_head":"<!-- This site is optimized with the Yoast SEO plugin v20.1 - https:\/\/yoast.com\/wordpress\/plugins\/seo\/ -->\n<title>Hidden winch mount for NEW DEFENDER - ReulSport - Landrover specialist - Iveco partner<\/title>\n<meta name=\"robots\" content=\"index, follow, max-snippet:-1, max-image-preview:large, max-video-preview:-1\" \/>\n<link rel=\"canonical\" href=\"https:\/\/www.reulsport.com\/en\/produit\/hidden-winch-mount-for-new-defender\/\" \/>\n<meta property=\"og:locale\" content=\"en_US\" \/>\n<meta property=\"og:type\" content=\"article\" \/>\n<meta property=\"og:title\" content=\"Hidden winch mount for NEW DEFENDER - ReulSport - Landrover specialist - Iveco partner\" \/>\n<meta property=\"og:description\" content=\"!!! NOT SUITABLE FOR V8 ENGINES !!! Allows the mounting of an inline Winch Mounted behind the original bumper The winch plate and the winch are hidden In Weldox 700 Black termopainted The complete kit contains the winch mount, all needed screws and bolts, different fixation plates and the mounting instructions\" \/>\n<meta property=\"og:url\" content=\"https:\/\/www.reulsport.com\/en\/produit\/hidden-winch-mount-for-new-defender\/\" \/>\n<meta property=\"og:site_name\" content=\"ReulSport - Landrover specialist - Iveco partner\" \/>\n<meta property=\"article:modified_time\" content=\"2023-01-17T15:39:08+00:00\" \/>\n<meta property=\"og:image\" content=\"https:\/\/www.reulsport.com\/wp-content\/uploads\/2021\/05\/175178682_4095224910542978_7691626741664275264_n.jpg\" \/>\n\t<meta property=\"og:image:width\" content=\"2038\" \/>\n\t<meta property=\"og:image:height\" content=\"2048\" \/>\n\t<meta property=\"og:image:type\" content=\"image\/jpeg\" \/>\n<meta name=\"twitter:card\" content=\"summary_large_image\" \/>\n<script type=\"application\/ld+json\" class=\"yoast-schema-graph\">{\"@context\":\"https:\/\/schema.org\",\"@graph\":[{\"@type\":\"WebPage\",\"@id\":\"https:\/\/www.reulsport.com\/en\/produit\/hidden-winch-mount-for-new-defender\/\",\"url\":\"https:\/\/www.reulsport.com\/en\/produit\/hidden-winch-mount-for-new-defender\/\",\"name\":\"Hidden winch mount for NEW DEFENDER - ReulSport - Landrover specialist - Iveco partner\",\"isPartOf\":{\"@id\":\"https:\/\/www.reulsport.com\/#website\"},\"datePublished\":\"2021-05-08T08:19:43+00:00\",\"dateModified\":\"2023-01-17T15:39:08+00:00\",\"breadcrumb\":{\"@id\":\"https:\/\/www.reulsport.com\/en\/produit\/hidden-winch-mount-for-new-defender\/#breadcrumb\"},\"inLanguage\":\"en-US\",\"potentialAction\":[{\"@type\":\"ReadAction\",\"target\":[\"https:\/\/www.reulsport.com\/en\/produit\/hidden-winch-mount-for-new-defender\/\"]}]},{\"@type\":\"BreadcrumbList\",\"@id\":\"https:\/\/www.reulsport.com\/en\/produit\/hidden-winch-mount-for-new-defender\/#breadcrumb\",\"itemListElement\":[{\"@type\":\"ListItem\",\"position\":1,\"name\":\"Accueil\",\"item\":\"https:\/\/www.reulsport.com\/en\/\"},{\"@type\":\"ListItem\",\"position\":2,\"name\":\"Shop\",\"item\":\"https:\/\/www.reulsport.com\/en\/shop\/\"},{\"@type\":\"ListItem\",\"position\":3,\"name\":\"Hidden winch mount for NEW DEFENDER\"}]},{\"@type\":\"WebSite\",\"@id\":\"https:\/\/www.reulsport.com\/#website\",\"url\":\"https:\/\/www.reulsport.com\/\",\"name\":\"ReulSport - Landrover specialist - Iveco partner\",\"description\":\"ReulSport est un garage Ineos, Iveco et Polaris dans la r\u00e9gion de Verviers et Li\u00e8ge. Sp\u00e9cialiste de l&#039;Offroad, de la pr\u00e9paration et de l&#039;accessoirisation. .\",\"potentialAction\":[{\"@type\":\"SearchAction\",\"target\":{\"@type\":\"EntryPoint\",\"urlTemplate\":\"https:\/\/www.reulsport.com\/?s={search_term_string}\"},\"query-input\":\"required name=search_term_string\"}],\"inLanguage\":\"en-US\"}]}<\/script>\n<!-- \/ Yoast SEO plugin. -->","yoast_head_json":{"title":"Hidden winch mount for NEW DEFENDER - ReulSport - Landrover specialist - Iveco partner","robots":{"index":"index","follow":"follow","max-snippet":"max-snippet:-1","max-image-preview":"max-image-preview:large","max-video-preview":"max-video-preview:-1"},"canonical":"https:\/\/www.reulsport.com\/en\/produit\/hidden-winch-mount-for-new-defender\/","og_locale":"en_US","og_type":"article","og_title":"Hidden winch mount for NEW DEFENDER - ReulSport - Landrover specialist - Iveco partner","og_description":"!!! NOT SUITABLE FOR V8 ENGINES !!! Allows the mounting of an inline Winch Mounted behind the original bumper The winch plate and the winch are hidden In Weldox 700 Black termopainted The complete kit contains the winch mount, all needed screws and bolts, different fixation plates and the mounting instructions","og_url":"https:\/\/www.reulsport.com\/en\/produit\/hidden-winch-mount-for-new-defender\/","og_site_name":"ReulSport - Landrover specialist - Iveco partner","article_modified_time":"2023-01-17T15:39:08+00:00","og_image":[{"width":2038,"height":2048,"url":"https:\/\/www.reulsport.com\/wp-content\/uploads\/2021\/05\/175178682_4095224910542978_7691626741664275264_n.jpg","type":"image\/jpeg"}],"twitter_card":"summary_large_image","schema":{"@context":"https:\/\/schema.org","@graph":[{"@type":"WebPage","@id":"https:\/\/www.reulsport.com\/en\/produit\/hidden-winch-mount-for-new-defender\/","url":"https:\/\/www.reulsport.com\/en\/produit\/hidden-winch-mount-for-new-defender\/","name":"Hidden winch mount for NEW DEFENDER - ReulSport - Landrover specialist - Iveco partner","isPartOf":{"@id":"https:\/\/www.reulsport.com\/#website"},"datePublished":"2021-05-08T08:19:43+00:00","dateModified":"2023-01-17T15:39:08+00:00","breadcrumb":{"@id":"https:\/\/www.reulsport.com\/en\/produit\/hidden-winch-mount-for-new-defender\/#breadcrumb"},"inLanguage":"en-US","potentialAction":[{"@type":"ReadAction","target":["https:\/\/www.reulsport.com\/en\/produit\/hidden-winch-mount-for-new-defender\/"]}]},{"@type":"BreadcrumbList","@id":"https:\/\/www.reulsport.com\/en\/produit\/hidden-winch-mount-for-new-defender\/#breadcrumb","itemListElement":[{"@type":"ListItem","position":1,"name":"Accueil","item":"https:\/\/www.reulsport.com\/en\/"},{"@type":"ListItem","position":2,"name":"Shop","item":"https:\/\/www.reulsport.com\/en\/shop\/"},{"@type":"ListItem","position":3,"name":"Hidden winch mount for NEW DEFENDER"}]},{"@type":"WebSite","@id":"https:\/\/www.reulsport.com\/#website","url":"https:\/\/www.reulsport.com\/","name":"ReulSport - Landrover specialist - Iveco partner","description":"ReulSport est un garage Ineos, Iveco et Polaris dans la r\u00e9gion de Verviers et Li\u00e8ge. Sp\u00e9cialiste de l&#039;Offroad, de la pr\u00e9paration et de l&#039;accessoirisation. .","potentialAction":[{"@type":"SearchAction","target":{"@type":"EntryPoint","urlTemplate":"https:\/\/www.reulsport.com\/?s={search_term_string}"},"query-input":"required name=search_term_string"}],"inLanguage":"en-US"}]}},"_links":{"self":[{"href":"https:\/\/www.reulsport.com\/en\/wp-json\/wp\/v2\/product\/29709"}],"collection":[{"href":"https:\/\/www.reulsport.com\/en\/wp-json\/wp\/v2\/product"}],"about":[{"href":"https:\/\/www.reulsport.com\/en\/wp-json\/wp\/v2\/types\/product"}],"replies":[{"embeddable":true,"href":"https:\/\/www.reulsport.com\/en\/wp-json\/wp\/v2\/comments?post=29709"}],"wp:featuredmedia":[{"embeddable":true,"href":"https:\/\/www.reulsport.com\/en\/wp-json\/wp\/v2\/media\/29707"}],"wp:attachment":[{"href":"https:\/\/www.reulsport.com\/en\/wp-json\/wp\/v2\/media?parent=29709"}],"wp:term":[{"taxonomy":"product_cat","embeddable":true,"href":"https:\/\/www.reulsport.com\/en\/wp-json\/wp\/v2\/product_cat?post=29709"},{"taxonomy":"product_tag","embeddable":true,"href":"https:\/\/www.reulsport.com\/en\/wp-json\/wp\/v2\/product_tag?post=29709"}],"curies":[{"name":"wp","href":"https:\/\/api.w.org\/{rel}","templated":true}]}}