{"id":29971,"date":"2021-05-14T11:35:11","date_gmt":"2021-05-14T09:35:11","guid":{"rendered":"https:\/\/www.reulsport.com\/produit\/sabelt-alu-2-2-6-points-harness\/"},"modified":"2021-05-14T11:54:44","modified_gmt":"2021-05-14T09:54:44","slug":"sabelt-alu-2-2-6-points-harness","status":"publish","type":"product","link":"https:\/\/www.reulsport.com\/en\/produit\/sabelt-alu-2-2-6-points-harness\/","title":{"rendered":"SABELT Alu 2&#8243;\/2&#8243; &#8211; 6 Points Harness"},"content":{"rendered":"<p>FIA SABELT 6-point harness designed for off-road use:<\/p>\n<ul>\n<li>Newly designed mud resistant aluminium buckle,<\/li>\n<li>Robust system,<\/li>\n<li>Easy adjustment in all conditions,<\/li>\n<li>Intercom cable attachment,<\/li>\n<li>Maximum comfort with Classic or Hybrid Hans.<\/li>\n<\/ul>\n<p>Strap width 2&#8243;.<\/p>\n<p>Tightening system: pull down<\/p>\n","protected":false},"excerpt":{"rendered":"<p>FIA SABELT 6-point harness designed for off-road use: Newly designed mud resistant aluminium buckle, Robust system, Easy adjustment in all conditions, Intercom cable attachment, Maximum comfort with Classic or Hybrid Hans. Strap width 2&#8243;. Tightening system: pull down<\/p>\n","protected":false},"featured_media":29948,"comment_status":"open","ping_status":"closed","template":"","meta":[],"product_cat":[164],"product_tag":[],"acf":[],"yoast_head":"<!-- This site is optimized with the Yoast SEO plugin v20.1 - https:\/\/yoast.com\/wordpress\/plugins\/seo\/ -->\n<title>SABELT Alu 2&quot;\/2&quot; - 6 Points Harness - ReulSport - Landrover specialist - Iveco partner<\/title>\n<meta name=\"robots\" content=\"index, follow, max-snippet:-1, max-image-preview:large, max-video-preview:-1\" \/>\n<link rel=\"canonical\" href=\"https:\/\/www.reulsport.com\/en\/produit\/sabelt-alu-2-2-6-points-harness\/\" \/>\n<meta property=\"og:locale\" content=\"en_US\" \/>\n<meta property=\"og:type\" content=\"article\" \/>\n<meta property=\"og:title\" content=\"SABELT Alu 2&quot;\/2&quot; - 6 Points Harness - ReulSport - Landrover specialist - Iveco partner\" \/>\n<meta property=\"og:description\" content=\"FIA SABELT 6-point harness designed for off-road use: Newly designed mud resistant aluminium buckle, Robust system, Easy adjustment in all conditions, Intercom cable attachment, Maximum comfort with Classic or Hybrid Hans. Strap width 2&#8243;. Tightening system: pull down\" \/>\n<meta property=\"og:url\" content=\"https:\/\/www.reulsport.com\/en\/produit\/sabelt-alu-2-2-6-points-harness\/\" \/>\n<meta property=\"og:site_name\" content=\"ReulSport - Landrover specialist - Iveco partner\" \/>\n<meta property=\"article:modified_time\" content=\"2021-05-14T09:54:44+00:00\" \/>\n<meta property=\"og:image\" content=\"https:\/\/www.reulsport.com\/wp-content\/uploads\/2021\/05\/SPK07231.jpg\" \/>\n\t<meta property=\"og:image:width\" content=\"1080\" \/>\n\t<meta property=\"og:image:height\" content=\"1350\" \/>\n\t<meta property=\"og:image:type\" content=\"image\/jpeg\" \/>\n<meta name=\"twitter:card\" content=\"summary_large_image\" \/>\n<script type=\"application\/ld+json\" class=\"yoast-schema-graph\">{\"@context\":\"https:\/\/schema.org\",\"@graph\":[{\"@type\":\"WebPage\",\"@id\":\"https:\/\/www.reulsport.com\/en\/produit\/sabelt-alu-2-2-6-points-harness\/\",\"url\":\"https:\/\/www.reulsport.com\/en\/produit\/sabelt-alu-2-2-6-points-harness\/\",\"name\":\"SABELT Alu 2\\\"\/2\\\" - 6 Points Harness - ReulSport - Landrover specialist - Iveco partner\",\"isPartOf\":{\"@id\":\"https:\/\/www.reulsport.com\/#website\"},\"datePublished\":\"2021-05-14T09:35:11+00:00\",\"dateModified\":\"2021-05-14T09:54:44+00:00\",\"breadcrumb\":{\"@id\":\"https:\/\/www.reulsport.com\/en\/produit\/sabelt-alu-2-2-6-points-harness\/#breadcrumb\"},\"inLanguage\":\"en-US\",\"potentialAction\":[{\"@type\":\"ReadAction\",\"target\":[\"https:\/\/www.reulsport.com\/en\/produit\/sabelt-alu-2-2-6-points-harness\/\"]}]},{\"@type\":\"BreadcrumbList\",\"@id\":\"https:\/\/www.reulsport.com\/en\/produit\/sabelt-alu-2-2-6-points-harness\/#breadcrumb\",\"itemListElement\":[{\"@type\":\"ListItem\",\"position\":1,\"name\":\"Accueil\",\"item\":\"https:\/\/www.reulsport.com\/en\/\"},{\"@type\":\"ListItem\",\"position\":2,\"name\":\"Shop\",\"item\":\"https:\/\/www.reulsport.com\/en\/shop\/\"},{\"@type\":\"ListItem\",\"position\":3,\"name\":\"SABELT Alu 2&#8243;\/2&#8243; &#8211; 6 Points Harness\"}]},{\"@type\":\"WebSite\",\"@id\":\"https:\/\/www.reulsport.com\/#website\",\"url\":\"https:\/\/www.reulsport.com\/\",\"name\":\"ReulSport - Landrover specialist - Iveco partner\",\"description\":\"ReulSport est un garage Ineos, Iveco et Polaris dans la r\u00e9gion de Verviers et Li\u00e8ge. Sp\u00e9cialiste de l&#039;Offroad, de la pr\u00e9paration et de l&#039;accessoirisation. .\",\"potentialAction\":[{\"@type\":\"SearchAction\",\"target\":{\"@type\":\"EntryPoint\",\"urlTemplate\":\"https:\/\/www.reulsport.com\/?s={search_term_string}\"},\"query-input\":\"required name=search_term_string\"}],\"inLanguage\":\"en-US\"}]}<\/script>\n<!-- \/ Yoast SEO plugin. -->","yoast_head_json":{"title":"SABELT Alu 2\"\/2\" - 6 Points Harness - ReulSport - Landrover specialist - Iveco partner","robots":{"index":"index","follow":"follow","max-snippet":"max-snippet:-1","max-image-preview":"max-image-preview:large","max-video-preview":"max-video-preview:-1"},"canonical":"https:\/\/www.reulsport.com\/en\/produit\/sabelt-alu-2-2-6-points-harness\/","og_locale":"en_US","og_type":"article","og_title":"SABELT Alu 2\"\/2\" - 6 Points Harness - ReulSport - Landrover specialist - Iveco partner","og_description":"FIA SABELT 6-point harness designed for off-road use: Newly designed mud resistant aluminium buckle, Robust system, Easy adjustment in all conditions, Intercom cable attachment, Maximum comfort with Classic or Hybrid Hans. Strap width 2&#8243;. Tightening system: pull down","og_url":"https:\/\/www.reulsport.com\/en\/produit\/sabelt-alu-2-2-6-points-harness\/","og_site_name":"ReulSport - Landrover specialist - Iveco partner","article_modified_time":"2021-05-14T09:54:44+00:00","og_image":[{"width":1080,"height":1350,"url":"https:\/\/www.reulsport.com\/wp-content\/uploads\/2021\/05\/SPK07231.jpg","type":"image\/jpeg"}],"twitter_card":"summary_large_image","schema":{"@context":"https:\/\/schema.org","@graph":[{"@type":"WebPage","@id":"https:\/\/www.reulsport.com\/en\/produit\/sabelt-alu-2-2-6-points-harness\/","url":"https:\/\/www.reulsport.com\/en\/produit\/sabelt-alu-2-2-6-points-harness\/","name":"SABELT Alu 2\"\/2\" - 6 Points Harness - ReulSport - Landrover specialist - Iveco partner","isPartOf":{"@id":"https:\/\/www.reulsport.com\/#website"},"datePublished":"2021-05-14T09:35:11+00:00","dateModified":"2021-05-14T09:54:44+00:00","breadcrumb":{"@id":"https:\/\/www.reulsport.com\/en\/produit\/sabelt-alu-2-2-6-points-harness\/#breadcrumb"},"inLanguage":"en-US","potentialAction":[{"@type":"ReadAction","target":["https:\/\/www.reulsport.com\/en\/produit\/sabelt-alu-2-2-6-points-harness\/"]}]},{"@type":"BreadcrumbList","@id":"https:\/\/www.reulsport.com\/en\/produit\/sabelt-alu-2-2-6-points-harness\/#breadcrumb","itemListElement":[{"@type":"ListItem","position":1,"name":"Accueil","item":"https:\/\/www.reulsport.com\/en\/"},{"@type":"ListItem","position":2,"name":"Shop","item":"https:\/\/www.reulsport.com\/en\/shop\/"},{"@type":"ListItem","position":3,"name":"SABELT Alu 2&#8243;\/2&#8243; &#8211; 6 Points Harness"}]},{"@type":"WebSite","@id":"https:\/\/www.reulsport.com\/#website","url":"https:\/\/www.reulsport.com\/","name":"ReulSport - Landrover specialist - Iveco partner","description":"ReulSport est un garage Ineos, Iveco et Polaris dans la r\u00e9gion de Verviers et Li\u00e8ge. Sp\u00e9cialiste de l&#039;Offroad, de la pr\u00e9paration et de l&#039;accessoirisation. .","potentialAction":[{"@type":"SearchAction","target":{"@type":"EntryPoint","urlTemplate":"https:\/\/www.reulsport.com\/?s={search_term_string}"},"query-input":"required name=search_term_string"}],"inLanguage":"en-US"}]}},"_links":{"self":[{"href":"https:\/\/www.reulsport.com\/en\/wp-json\/wp\/v2\/product\/29971"}],"collection":[{"href":"https:\/\/www.reulsport.com\/en\/wp-json\/wp\/v2\/product"}],"about":[{"href":"https:\/\/www.reulsport.com\/en\/wp-json\/wp\/v2\/types\/product"}],"replies":[{"embeddable":true,"href":"https:\/\/www.reulsport.com\/en\/wp-json\/wp\/v2\/comments?post=29971"}],"wp:featuredmedia":[{"embeddable":true,"href":"https:\/\/www.reulsport.com\/en\/wp-json\/wp\/v2\/media\/29948"}],"wp:attachment":[{"href":"https:\/\/www.reulsport.com\/en\/wp-json\/wp\/v2\/media?parent=29971"}],"wp:term":[{"taxonomy":"product_cat","embeddable":true,"href":"https:\/\/www.reulsport.com\/en\/wp-json\/wp\/v2\/product_cat?post=29971"},{"taxonomy":"product_tag","embeddable":true,"href":"https:\/\/www.reulsport.com\/en\/wp-json\/wp\/v2\/product_tag?post=29971"}],"curies":[{"name":"wp","href":"https:\/\/api.w.org\/{rel}","templated":true}]}}