{"id":30304,"date":"2021-05-22T15:30:04","date_gmt":"2021-05-22T13:30:04","guid":{"rendered":"https:\/\/www.reulsport.com\/produit\/nestbox-camper-complete-set\/"},"modified":"2021-05-22T17:19:45","modified_gmt":"2021-05-22T15:19:45","slug":"nestbox-camper-complete-set","status":"publish","type":"product","link":"https:\/\/www.reulsport.com\/en\/produit\/nestbox-camper-complete-set\/","title":{"rendered":"Nestbox CAMPER- Complete set+"},"content":{"rendered":"<p>Complete set including:<\/p>\n<ul>\n<li>complete frame,<\/li>\n<li>integrated water module (sink &amp; tap),<\/li>\n<li>removable cooking module,<\/li>\n<li>storage space primarily for a cooling bag,<\/li>\n<li>bed (base with side rails, base support, mattress with side parts).<\/li>\n<\/ul>\n<p>Dimensions: 544-1950 x 990 x H360mm<br \/>\nWeight: 75kg<\/p>\n<p>&nbsp;<\/p>\n<p>Compatible with the following vehicles:<\/p>\n<ul>\n<li>Audi Q5 &amp; Q7<\/li>\n<li>BMW X3 &amp; X5<\/li>\n<li>Citro\u00ebn C4<\/li>\n<li>Dodge Durango &amp; Journey<\/li>\n<li>Fiat Freemont<\/li>\n<li>Ford Escape &amp; Galaxy &amp; Kuga &amp; S-Max<\/li>\n<li>Honda CR-V<\/li>\n<li>Hyundai Palisade &amp; Santa Fe<\/li>\n<li>Jeep Commander &amp; Grand Cherokee<\/li>\n<li>Kia Sorento<\/li>\n<li>Land Rover Discover 3, 4, 5<\/li>\n<li>Mazda CX9<\/li>\n<li>Mini Cooper Countryman<\/li>\n<li>Nissan X-Trail<\/li>\n<li>Peugeot 5008<\/li>\n<li>Renault Grand Sc\u00e9nic &amp; Koleos<\/li>\n<li>Seat Alhambra<\/li>\n<li>Subaru Forester &amp; Outback &amp; Tribeca<\/li>\n<li>Suzuki S-Cross<\/li>\n<li>Skoda Octavia III &amp; Roomster &amp; Superb III &amp; Yeti<\/li>\n<li>Toyota Land Cruiser &amp; Rav4<\/li>\n<li>Volvo XC60 &amp; XC90<\/li>\n<li>VW Passat &amp; Sharan &amp; Touran &amp; Tiguan &amp; Tiguan Allspace<\/li>\n<\/ul>\n<p>Available textile colors<br \/>\n<img decoding=\"async\" loading=\"lazy\" class=\"alignnone wp-image-30249 size-full\" src=\"https:\/\/www.reulsport.com\/wp-content\/uploads\/2021\/05\/Couleur-tissus-1.png\" alt=\"\" width=\"849\" height=\"1119\" srcset=\"https:\/\/www.reulsport.com\/wp-content\/uploads\/2021\/05\/Couleur-tissus-1.png 849w, https:\/\/www.reulsport.com\/wp-content\/uploads\/2021\/05\/Couleur-tissus-1-600x791.png 600w, https:\/\/www.reulsport.com\/wp-content\/uploads\/2021\/05\/Couleur-tissus-1-228x300.png 228w, https:\/\/www.reulsport.com\/wp-content\/uploads\/2021\/05\/Couleur-tissus-1-777x1024.png 777w, https:\/\/www.reulsport.com\/wp-content\/uploads\/2021\/05\/Couleur-tissus-1-768x1012.png 768w\" sizes=\"(max-width: 849px) 100vw, 849px\" \/><\/p>\n","protected":false},"excerpt":{"rendered":"<p>Complete set including: complete frame, integrated water module (sink &amp; tap), removable cooking module, storage space primarily for a cooling bag, bed (base with side rails, base support, mattress with side parts). Dimensions: 544-1950 x 990 x H360mm Weight: 75kg &nbsp; Compatible with the following vehicles: Audi Q5 &amp; Q7 BMW X3 &amp; X5 Citro\u00ebn [&hellip;]<\/p>\n","protected":false},"featured_media":30281,"comment_status":"open","ping_status":"closed","template":"","meta":[],"product_cat":[241],"product_tag":[],"acf":[],"yoast_head":"<!-- This site is optimized with the Yoast SEO plugin v20.1 - https:\/\/yoast.com\/wordpress\/plugins\/seo\/ -->\n<title>Nestbox CAMPER- Complete set+ - ReulSport - Landrover specialist - Iveco partner<\/title>\n<meta name=\"robots\" content=\"index, follow, max-snippet:-1, max-image-preview:large, max-video-preview:-1\" \/>\n<link rel=\"canonical\" href=\"https:\/\/www.reulsport.com\/en\/produit\/nestbox-camper-complete-set\/\" \/>\n<meta property=\"og:locale\" content=\"en_US\" \/>\n<meta property=\"og:type\" content=\"article\" \/>\n<meta property=\"og:title\" content=\"Nestbox CAMPER- Complete set+ - ReulSport - Landrover specialist - Iveco partner\" \/>\n<meta property=\"og:description\" content=\"Complete set including: complete frame, integrated water module (sink &amp; tap), removable cooking module, storage space primarily for a cooling bag, bed (base with side rails, base support, mattress with side parts). Dimensions: 544-1950 x 990 x H360mm Weight: 75kg &nbsp; Compatible with the following vehicles: Audi Q5 &amp; Q7 BMW X3 &amp; X5 Citro\u00ebn [&hellip;]\" \/>\n<meta property=\"og:url\" content=\"https:\/\/www.reulsport.com\/en\/produit\/nestbox-camper-complete-set\/\" \/>\n<meta property=\"og:site_name\" content=\"ReulSport - Landrover specialist - Iveco partner\" \/>\n<meta property=\"article:modified_time\" content=\"2021-05-22T15:19:45+00:00\" \/>\n<meta property=\"og:image\" content=\"https:\/\/www.reulsport.com\/wp-content\/uploads\/2021\/05\/EGOE-CAMPER-1-1-scaled.jpg\" \/>\n\t<meta property=\"og:image:width\" content=\"2560\" \/>\n\t<meta property=\"og:image:height\" content=\"1440\" \/>\n\t<meta property=\"og:image:type\" content=\"image\/jpeg\" \/>\n<meta name=\"twitter:card\" content=\"summary_large_image\" \/>\n<meta name=\"twitter:label1\" content=\"Est. reading time\" \/>\n\t<meta name=\"twitter:data1\" content=\"1 minute\" \/>\n<script type=\"application\/ld+json\" class=\"yoast-schema-graph\">{\"@context\":\"https:\/\/schema.org\",\"@graph\":[{\"@type\":\"WebPage\",\"@id\":\"https:\/\/www.reulsport.com\/en\/produit\/nestbox-camper-complete-set\/\",\"url\":\"https:\/\/www.reulsport.com\/en\/produit\/nestbox-camper-complete-set\/\",\"name\":\"Nestbox CAMPER- Complete set+ - ReulSport - Landrover specialist - Iveco partner\",\"isPartOf\":{\"@id\":\"https:\/\/www.reulsport.com\/#website\"},\"datePublished\":\"2021-05-22T13:30:04+00:00\",\"dateModified\":\"2021-05-22T15:19:45+00:00\",\"breadcrumb\":{\"@id\":\"https:\/\/www.reulsport.com\/en\/produit\/nestbox-camper-complete-set\/#breadcrumb\"},\"inLanguage\":\"en-US\",\"potentialAction\":[{\"@type\":\"ReadAction\",\"target\":[\"https:\/\/www.reulsport.com\/en\/produit\/nestbox-camper-complete-set\/\"]}]},{\"@type\":\"BreadcrumbList\",\"@id\":\"https:\/\/www.reulsport.com\/en\/produit\/nestbox-camper-complete-set\/#breadcrumb\",\"itemListElement\":[{\"@type\":\"ListItem\",\"position\":1,\"name\":\"Accueil\",\"item\":\"https:\/\/www.reulsport.com\/en\/\"},{\"@type\":\"ListItem\",\"position\":2,\"name\":\"Shop\",\"item\":\"https:\/\/www.reulsport.com\/en\/shop\/\"},{\"@type\":\"ListItem\",\"position\":3,\"name\":\"Nestbox CAMPER- Complete set+\"}]},{\"@type\":\"WebSite\",\"@id\":\"https:\/\/www.reulsport.com\/#website\",\"url\":\"https:\/\/www.reulsport.com\/\",\"name\":\"ReulSport - Landrover specialist - Iveco partner\",\"description\":\"ReulSport est un garage Ineos, Iveco et Polaris dans la r\u00e9gion de Verviers et Li\u00e8ge. Sp\u00e9cialiste de l&#039;Offroad, de la pr\u00e9paration et de l&#039;accessoirisation. .\",\"potentialAction\":[{\"@type\":\"SearchAction\",\"target\":{\"@type\":\"EntryPoint\",\"urlTemplate\":\"https:\/\/www.reulsport.com\/?s={search_term_string}\"},\"query-input\":\"required name=search_term_string\"}],\"inLanguage\":\"en-US\"}]}<\/script>\n<!-- \/ Yoast SEO plugin. -->","yoast_head_json":{"title":"Nestbox CAMPER- Complete set+ - ReulSport - Landrover specialist - Iveco partner","robots":{"index":"index","follow":"follow","max-snippet":"max-snippet:-1","max-image-preview":"max-image-preview:large","max-video-preview":"max-video-preview:-1"},"canonical":"https:\/\/www.reulsport.com\/en\/produit\/nestbox-camper-complete-set\/","og_locale":"en_US","og_type":"article","og_title":"Nestbox CAMPER- Complete set+ - ReulSport - Landrover specialist - Iveco partner","og_description":"Complete set including: complete frame, integrated water module (sink &amp; tap), removable cooking module, storage space primarily for a cooling bag, bed (base with side rails, base support, mattress with side parts). Dimensions: 544-1950 x 990 x H360mm Weight: 75kg &nbsp; Compatible with the following vehicles: Audi Q5 &amp; Q7 BMW X3 &amp; X5 Citro\u00ebn [&hellip;]","og_url":"https:\/\/www.reulsport.com\/en\/produit\/nestbox-camper-complete-set\/","og_site_name":"ReulSport - Landrover specialist - Iveco partner","article_modified_time":"2021-05-22T15:19:45+00:00","og_image":[{"width":2560,"height":1440,"url":"https:\/\/www.reulsport.com\/wp-content\/uploads\/2021\/05\/EGOE-CAMPER-1-1-scaled.jpg","type":"image\/jpeg"}],"twitter_card":"summary_large_image","twitter_misc":{"Est. reading time":"1 minute"},"schema":{"@context":"https:\/\/schema.org","@graph":[{"@type":"WebPage","@id":"https:\/\/www.reulsport.com\/en\/produit\/nestbox-camper-complete-set\/","url":"https:\/\/www.reulsport.com\/en\/produit\/nestbox-camper-complete-set\/","name":"Nestbox CAMPER- Complete set+ - ReulSport - Landrover specialist - Iveco partner","isPartOf":{"@id":"https:\/\/www.reulsport.com\/#website"},"datePublished":"2021-05-22T13:30:04+00:00","dateModified":"2021-05-22T15:19:45+00:00","breadcrumb":{"@id":"https:\/\/www.reulsport.com\/en\/produit\/nestbox-camper-complete-set\/#breadcrumb"},"inLanguage":"en-US","potentialAction":[{"@type":"ReadAction","target":["https:\/\/www.reulsport.com\/en\/produit\/nestbox-camper-complete-set\/"]}]},{"@type":"BreadcrumbList","@id":"https:\/\/www.reulsport.com\/en\/produit\/nestbox-camper-complete-set\/#breadcrumb","itemListElement":[{"@type":"ListItem","position":1,"name":"Accueil","item":"https:\/\/www.reulsport.com\/en\/"},{"@type":"ListItem","position":2,"name":"Shop","item":"https:\/\/www.reulsport.com\/en\/shop\/"},{"@type":"ListItem","position":3,"name":"Nestbox CAMPER- Complete set+"}]},{"@type":"WebSite","@id":"https:\/\/www.reulsport.com\/#website","url":"https:\/\/www.reulsport.com\/","name":"ReulSport - Landrover specialist - Iveco partner","description":"ReulSport est un garage Ineos, Iveco et Polaris dans la r\u00e9gion de Verviers et Li\u00e8ge. Sp\u00e9cialiste de l&#039;Offroad, de la pr\u00e9paration et de l&#039;accessoirisation. .","potentialAction":[{"@type":"SearchAction","target":{"@type":"EntryPoint","urlTemplate":"https:\/\/www.reulsport.com\/?s={search_term_string}"},"query-input":"required name=search_term_string"}],"inLanguage":"en-US"}]}},"_links":{"self":[{"href":"https:\/\/www.reulsport.com\/en\/wp-json\/wp\/v2\/product\/30304"}],"collection":[{"href":"https:\/\/www.reulsport.com\/en\/wp-json\/wp\/v2\/product"}],"about":[{"href":"https:\/\/www.reulsport.com\/en\/wp-json\/wp\/v2\/types\/product"}],"replies":[{"embeddable":true,"href":"https:\/\/www.reulsport.com\/en\/wp-json\/wp\/v2\/comments?post=30304"}],"wp:featuredmedia":[{"embeddable":true,"href":"https:\/\/www.reulsport.com\/en\/wp-json\/wp\/v2\/media\/30281"}],"wp:attachment":[{"href":"https:\/\/www.reulsport.com\/en\/wp-json\/wp\/v2\/media?parent=30304"}],"wp:term":[{"taxonomy":"product_cat","embeddable":true,"href":"https:\/\/www.reulsport.com\/en\/wp-json\/wp\/v2\/product_cat?post=30304"},{"taxonomy":"product_tag","embeddable":true,"href":"https:\/\/www.reulsport.com\/en\/wp-json\/wp\/v2\/product_tag?post=30304"}],"curies":[{"name":"wp","href":"https:\/\/api.w.org\/{rel}","templated":true}]}}