{"id":30737,"date":"2020-11-24T17:08:01","date_gmt":"2020-11-24T16:08:01","guid":{"rendered":"https:\/\/www.reulsport.com\/produit\/braid-winrace-t-8x18-new-defender\/"},"modified":"2023-01-26T11:56:11","modified_gmt":"2023-01-26T10:56:11","slug":"braid-winrace-t-8x18-new-defender","status":"publish","type":"product","link":"https:\/\/www.reulsport.com\/en\/produit\/braid-winrace-t-8x18-new-defender\/","title":{"rendered":"Braid Winrace T 8X18&#8243; NEW DEFENDER"},"content":{"rendered":"<p>Aluminum 8&#215;18 wheel for the New Defender<\/p>\n<p>ET: +20mm \/ Pattern: 5&#215;120 \/ Center: 73mm<\/p>\n<p>Charcoal finishing<br \/>\nOther colors available on demand<\/p>\n<p><strong>!! ATTENTION !!<\/strong><br \/>\nThe rims fit as is on the D200 model;<br \/>\non D250 &amp; D300 models it is necessary to replace the rear brake discs and caliper fixings;<br \/>\non D300X &amp; P400 models it is necessary to replace the front and rear brake discs and caliper fixings.<\/p>\n","protected":false},"excerpt":{"rendered":"<p>Aluminum 8&#215;18 wheel for the New Defender ET: +20mm \/ Pattern: 5&#215;120 \/ Center: 73mm Charcoal finishing Other colors available on demand !! ATTENTION !! The rims fit as is on the D200 model; on D250 &amp; D300 models it is necessary to replace the rear brake discs and caliper fixings; on D300X &amp; P400 [&hellip;]<\/p>\n","protected":false},"featured_media":22917,"comment_status":"open","ping_status":"closed","template":"","meta":[],"product_cat":[191,97],"product_tag":[223],"acf":[],"yoast_head":"<!-- This site is optimized with the Yoast SEO plugin v20.1 - https:\/\/yoast.com\/wordpress\/plugins\/seo\/ -->\n<title>Braid Winrace T 8X18&quot; NEW DEFENDER - ReulSport - Landrover specialist - Iveco partner<\/title>\n<meta name=\"robots\" content=\"index, follow, max-snippet:-1, max-image-preview:large, max-video-preview:-1\" \/>\n<link rel=\"canonical\" href=\"https:\/\/www.reulsport.com\/en\/produit\/braid-winrace-t-8x18-new-defender\/\" \/>\n<meta property=\"og:locale\" content=\"en_US\" \/>\n<meta property=\"og:type\" content=\"article\" \/>\n<meta property=\"og:title\" content=\"Braid Winrace T 8X18&quot; NEW DEFENDER - ReulSport - Landrover specialist - Iveco partner\" \/>\n<meta property=\"og:description\" content=\"Aluminum 8&#215;18 wheel for the New Defender ET: +20mm \/ Pattern: 5&#215;120 \/ Center: 73mm Charcoal finishing Other colors available on demand !! ATTENTION !! The rims fit as is on the D200 model; on D250 &amp; D300 models it is necessary to replace the rear brake discs and caliper fixings; on D300X &amp; P400 [&hellip;]\" \/>\n<meta property=\"og:url\" content=\"https:\/\/www.reulsport.com\/en\/produit\/braid-winrace-t-8x18-new-defender\/\" \/>\n<meta property=\"og:site_name\" content=\"ReulSport - Landrover specialist - Iveco partner\" \/>\n<meta property=\"article:modified_time\" content=\"2023-01-26T10:56:11+00:00\" \/>\n<meta property=\"og:image\" content=\"https:\/\/www.reulsport.com\/wp-content\/uploads\/2020\/11\/JantesBraidDefender-1.jpg\" \/>\n\t<meta property=\"og:image:width\" content=\"1080\" \/>\n\t<meta property=\"og:image:height\" content=\"864\" \/>\n\t<meta property=\"og:image:type\" content=\"image\/jpeg\" \/>\n<meta name=\"twitter:card\" content=\"summary_large_image\" \/>\n<script type=\"application\/ld+json\" class=\"yoast-schema-graph\">{\"@context\":\"https:\/\/schema.org\",\"@graph\":[{\"@type\":\"WebPage\",\"@id\":\"https:\/\/www.reulsport.com\/en\/produit\/braid-winrace-t-8x18-new-defender\/\",\"url\":\"https:\/\/www.reulsport.com\/en\/produit\/braid-winrace-t-8x18-new-defender\/\",\"name\":\"Braid Winrace T 8X18\\\" NEW DEFENDER - ReulSport - Landrover specialist - Iveco partner\",\"isPartOf\":{\"@id\":\"https:\/\/www.reulsport.com\/#website\"},\"datePublished\":\"2020-11-24T16:08:01+00:00\",\"dateModified\":\"2023-01-26T10:56:11+00:00\",\"breadcrumb\":{\"@id\":\"https:\/\/www.reulsport.com\/en\/produit\/braid-winrace-t-8x18-new-defender\/#breadcrumb\"},\"inLanguage\":\"en-US\",\"potentialAction\":[{\"@type\":\"ReadAction\",\"target\":[\"https:\/\/www.reulsport.com\/en\/produit\/braid-winrace-t-8x18-new-defender\/\"]}]},{\"@type\":\"BreadcrumbList\",\"@id\":\"https:\/\/www.reulsport.com\/en\/produit\/braid-winrace-t-8x18-new-defender\/#breadcrumb\",\"itemListElement\":[{\"@type\":\"ListItem\",\"position\":1,\"name\":\"Accueil\",\"item\":\"https:\/\/www.reulsport.com\/en\/\"},{\"@type\":\"ListItem\",\"position\":2,\"name\":\"Shop\",\"item\":\"https:\/\/www.reulsport.com\/en\/shop\/\"},{\"@type\":\"ListItem\",\"position\":3,\"name\":\"Braid Winrace T 8X18&#8243; NEW DEFENDER\"}]},{\"@type\":\"WebSite\",\"@id\":\"https:\/\/www.reulsport.com\/#website\",\"url\":\"https:\/\/www.reulsport.com\/\",\"name\":\"ReulSport - Landrover specialist - Iveco partner\",\"description\":\"ReulSport est un garage Ineos, Iveco et Polaris dans la r\u00e9gion de Verviers et Li\u00e8ge. Sp\u00e9cialiste de l&#039;Offroad, de la pr\u00e9paration et de l&#039;accessoirisation. .\",\"potentialAction\":[{\"@type\":\"SearchAction\",\"target\":{\"@type\":\"EntryPoint\",\"urlTemplate\":\"https:\/\/www.reulsport.com\/?s={search_term_string}\"},\"query-input\":\"required name=search_term_string\"}],\"inLanguage\":\"en-US\"}]}<\/script>\n<!-- \/ Yoast SEO plugin. -->","yoast_head_json":{"title":"Braid Winrace T 8X18\" NEW DEFENDER - ReulSport - Landrover specialist - Iveco partner","robots":{"index":"index","follow":"follow","max-snippet":"max-snippet:-1","max-image-preview":"max-image-preview:large","max-video-preview":"max-video-preview:-1"},"canonical":"https:\/\/www.reulsport.com\/en\/produit\/braid-winrace-t-8x18-new-defender\/","og_locale":"en_US","og_type":"article","og_title":"Braid Winrace T 8X18\" NEW DEFENDER - ReulSport - Landrover specialist - Iveco partner","og_description":"Aluminum 8&#215;18 wheel for the New Defender ET: +20mm \/ Pattern: 5&#215;120 \/ Center: 73mm Charcoal finishing Other colors available on demand !! ATTENTION !! The rims fit as is on the D200 model; on D250 &amp; D300 models it is necessary to replace the rear brake discs and caliper fixings; on D300X &amp; P400 [&hellip;]","og_url":"https:\/\/www.reulsport.com\/en\/produit\/braid-winrace-t-8x18-new-defender\/","og_site_name":"ReulSport - Landrover specialist - Iveco partner","article_modified_time":"2023-01-26T10:56:11+00:00","og_image":[{"width":1080,"height":864,"url":"https:\/\/www.reulsport.com\/wp-content\/uploads\/2020\/11\/JantesBraidDefender-1.jpg","type":"image\/jpeg"}],"twitter_card":"summary_large_image","schema":{"@context":"https:\/\/schema.org","@graph":[{"@type":"WebPage","@id":"https:\/\/www.reulsport.com\/en\/produit\/braid-winrace-t-8x18-new-defender\/","url":"https:\/\/www.reulsport.com\/en\/produit\/braid-winrace-t-8x18-new-defender\/","name":"Braid Winrace T 8X18\" NEW DEFENDER - ReulSport - Landrover specialist - Iveco partner","isPartOf":{"@id":"https:\/\/www.reulsport.com\/#website"},"datePublished":"2020-11-24T16:08:01+00:00","dateModified":"2023-01-26T10:56:11+00:00","breadcrumb":{"@id":"https:\/\/www.reulsport.com\/en\/produit\/braid-winrace-t-8x18-new-defender\/#breadcrumb"},"inLanguage":"en-US","potentialAction":[{"@type":"ReadAction","target":["https:\/\/www.reulsport.com\/en\/produit\/braid-winrace-t-8x18-new-defender\/"]}]},{"@type":"BreadcrumbList","@id":"https:\/\/www.reulsport.com\/en\/produit\/braid-winrace-t-8x18-new-defender\/#breadcrumb","itemListElement":[{"@type":"ListItem","position":1,"name":"Accueil","item":"https:\/\/www.reulsport.com\/en\/"},{"@type":"ListItem","position":2,"name":"Shop","item":"https:\/\/www.reulsport.com\/en\/shop\/"},{"@type":"ListItem","position":3,"name":"Braid Winrace T 8X18&#8243; NEW DEFENDER"}]},{"@type":"WebSite","@id":"https:\/\/www.reulsport.com\/#website","url":"https:\/\/www.reulsport.com\/","name":"ReulSport - Landrover specialist - Iveco partner","description":"ReulSport est un garage Ineos, Iveco et Polaris dans la r\u00e9gion de Verviers et Li\u00e8ge. Sp\u00e9cialiste de l&#039;Offroad, de la pr\u00e9paration et de l&#039;accessoirisation. .","potentialAction":[{"@type":"SearchAction","target":{"@type":"EntryPoint","urlTemplate":"https:\/\/www.reulsport.com\/?s={search_term_string}"},"query-input":"required name=search_term_string"}],"inLanguage":"en-US"}]}},"_links":{"self":[{"href":"https:\/\/www.reulsport.com\/en\/wp-json\/wp\/v2\/product\/30737"}],"collection":[{"href":"https:\/\/www.reulsport.com\/en\/wp-json\/wp\/v2\/product"}],"about":[{"href":"https:\/\/www.reulsport.com\/en\/wp-json\/wp\/v2\/types\/product"}],"replies":[{"embeddable":true,"href":"https:\/\/www.reulsport.com\/en\/wp-json\/wp\/v2\/comments?post=30737"}],"wp:featuredmedia":[{"embeddable":true,"href":"https:\/\/www.reulsport.com\/en\/wp-json\/wp\/v2\/media\/22917"}],"wp:attachment":[{"href":"https:\/\/www.reulsport.com\/en\/wp-json\/wp\/v2\/media?parent=30737"}],"wp:term":[{"taxonomy":"product_cat","embeddable":true,"href":"https:\/\/www.reulsport.com\/en\/wp-json\/wp\/v2\/product_cat?post=30737"},{"taxonomy":"product_tag","embeddable":true,"href":"https:\/\/www.reulsport.com\/en\/wp-json\/wp\/v2\/product_tag?post=30737"}],"curies":[{"name":"wp","href":"https:\/\/api.w.org\/{rel}","templated":true}]}}