{"id":35683,"date":"2021-12-09T13:35:46","date_gmt":"2021-12-09T12:35:46","guid":{"rendered":"https:\/\/www.reulsport.com\/?post_type=product&#038;p=35683"},"modified":"2021-12-09T13:35:46","modified_gmt":"2021-12-09T12:35:46","slug":"brackets-for-led-bar-lower-grille-for-iveco-daily","status":"publish","type":"product","link":"https:\/\/www.reulsport.com\/en\/produit\/brackets-for-led-bar-lower-grille-for-iveco-daily\/","title":{"rendered":"Brackets LED bar (lower grille) for Iveco Daily"},"content":{"rendered":"<p>Material: stainless steel<\/p>\n<p>Sold in pairs!<\/p>\n<p>Allows the mounting of a LED bar at the bottom of the grille for Iveco Daily.<\/p>\n<p>Increases visibility considerably<\/p>\n","protected":false},"excerpt":{"rendered":"<p>Material: stainless steel Sold in pairs! Allows the mounting of a LED bar at the bottom of the grille for Iveco Daily. Increases visibility considerably<\/p>\n","protected":false},"featured_media":35679,"comment_status":"open","ping_status":"closed","template":"","meta":[],"product_cat":[229],"product_tag":[],"acf":[],"yoast_head":"<!-- This site is optimized with the Yoast SEO plugin v20.1 - https:\/\/yoast.com\/wordpress\/plugins\/seo\/ -->\n<title>Brackets LED bar (lower grille) for Iveco Daily - ReulSport - Landrover specialist - Iveco partner<\/title>\n<meta name=\"robots\" content=\"index, follow, max-snippet:-1, max-image-preview:large, max-video-preview:-1\" \/>\n<link rel=\"canonical\" href=\"https:\/\/www.reulsport.com\/en\/produit\/brackets-for-led-bar-lower-grille-for-iveco-daily\/\" \/>\n<meta property=\"og:locale\" content=\"en_US\" \/>\n<meta property=\"og:type\" content=\"article\" \/>\n<meta property=\"og:title\" content=\"Brackets LED bar (lower grille) for Iveco Daily - ReulSport - Landrover specialist - Iveco partner\" \/>\n<meta property=\"og:description\" content=\"Material: stainless steel Sold in pairs! Allows the mounting of a LED bar at the bottom of the grille for Iveco Daily. Increases visibility considerably\" \/>\n<meta property=\"og:url\" content=\"https:\/\/www.reulsport.com\/en\/produit\/brackets-for-led-bar-lower-grille-for-iveco-daily\/\" \/>\n<meta property=\"og:site_name\" content=\"ReulSport - Landrover specialist - Iveco partner\" \/>\n<meta property=\"og:image\" content=\"https:\/\/www.reulsport.com\/wp-content\/uploads\/2021\/12\/20211126_084715-scaled.jpg\" \/>\n\t<meta property=\"og:image:width\" content=\"2560\" \/>\n\t<meta property=\"og:image:height\" content=\"1181\" \/>\n\t<meta property=\"og:image:type\" content=\"image\/jpeg\" \/>\n<meta name=\"twitter:card\" content=\"summary_large_image\" \/>\n<script type=\"application\/ld+json\" class=\"yoast-schema-graph\">{\"@context\":\"https:\/\/schema.org\",\"@graph\":[{\"@type\":\"WebPage\",\"@id\":\"https:\/\/www.reulsport.com\/en\/produit\/brackets-for-led-bar-lower-grille-for-iveco-daily\/\",\"url\":\"https:\/\/www.reulsport.com\/en\/produit\/brackets-for-led-bar-lower-grille-for-iveco-daily\/\",\"name\":\"Brackets LED bar (lower grille) for Iveco Daily - ReulSport - Landrover specialist - Iveco partner\",\"isPartOf\":{\"@id\":\"https:\/\/www.reulsport.com\/#website\"},\"datePublished\":\"2021-12-09T12:35:46+00:00\",\"dateModified\":\"2021-12-09T12:35:46+00:00\",\"breadcrumb\":{\"@id\":\"https:\/\/www.reulsport.com\/en\/produit\/brackets-for-led-bar-lower-grille-for-iveco-daily\/#breadcrumb\"},\"inLanguage\":\"en-US\",\"potentialAction\":[{\"@type\":\"ReadAction\",\"target\":[\"https:\/\/www.reulsport.com\/en\/produit\/brackets-for-led-bar-lower-grille-for-iveco-daily\/\"]}]},{\"@type\":\"BreadcrumbList\",\"@id\":\"https:\/\/www.reulsport.com\/en\/produit\/brackets-for-led-bar-lower-grille-for-iveco-daily\/#breadcrumb\",\"itemListElement\":[{\"@type\":\"ListItem\",\"position\":1,\"name\":\"Accueil\",\"item\":\"https:\/\/www.reulsport.com\/en\/\"},{\"@type\":\"ListItem\",\"position\":2,\"name\":\"Shop\",\"item\":\"https:\/\/www.reulsport.com\/en\/shop\/\"},{\"@type\":\"ListItem\",\"position\":3,\"name\":\"Brackets LED bar (lower grille) for Iveco Daily\"}]},{\"@type\":\"WebSite\",\"@id\":\"https:\/\/www.reulsport.com\/#website\",\"url\":\"https:\/\/www.reulsport.com\/\",\"name\":\"ReulSport - Landrover specialist - Iveco partner\",\"description\":\"ReulSport est un garage Ineos, Iveco et Polaris dans la r\u00e9gion de Verviers et Li\u00e8ge. Sp\u00e9cialiste de l&#039;Offroad, de la pr\u00e9paration et de l&#039;accessoirisation. .\",\"potentialAction\":[{\"@type\":\"SearchAction\",\"target\":{\"@type\":\"EntryPoint\",\"urlTemplate\":\"https:\/\/www.reulsport.com\/?s={search_term_string}\"},\"query-input\":\"required name=search_term_string\"}],\"inLanguage\":\"en-US\"}]}<\/script>\n<!-- \/ Yoast SEO plugin. -->","yoast_head_json":{"title":"Brackets LED bar (lower grille) for Iveco Daily - ReulSport - Landrover specialist - Iveco partner","robots":{"index":"index","follow":"follow","max-snippet":"max-snippet:-1","max-image-preview":"max-image-preview:large","max-video-preview":"max-video-preview:-1"},"canonical":"https:\/\/www.reulsport.com\/en\/produit\/brackets-for-led-bar-lower-grille-for-iveco-daily\/","og_locale":"en_US","og_type":"article","og_title":"Brackets LED bar (lower grille) for Iveco Daily - ReulSport - Landrover specialist - Iveco partner","og_description":"Material: stainless steel Sold in pairs! Allows the mounting of a LED bar at the bottom of the grille for Iveco Daily. Increases visibility considerably","og_url":"https:\/\/www.reulsport.com\/en\/produit\/brackets-for-led-bar-lower-grille-for-iveco-daily\/","og_site_name":"ReulSport - Landrover specialist - Iveco partner","og_image":[{"width":2560,"height":1181,"url":"https:\/\/www.reulsport.com\/wp-content\/uploads\/2021\/12\/20211126_084715-scaled.jpg","type":"image\/jpeg"}],"twitter_card":"summary_large_image","schema":{"@context":"https:\/\/schema.org","@graph":[{"@type":"WebPage","@id":"https:\/\/www.reulsport.com\/en\/produit\/brackets-for-led-bar-lower-grille-for-iveco-daily\/","url":"https:\/\/www.reulsport.com\/en\/produit\/brackets-for-led-bar-lower-grille-for-iveco-daily\/","name":"Brackets LED bar (lower grille) for Iveco Daily - ReulSport - Landrover specialist - Iveco partner","isPartOf":{"@id":"https:\/\/www.reulsport.com\/#website"},"datePublished":"2021-12-09T12:35:46+00:00","dateModified":"2021-12-09T12:35:46+00:00","breadcrumb":{"@id":"https:\/\/www.reulsport.com\/en\/produit\/brackets-for-led-bar-lower-grille-for-iveco-daily\/#breadcrumb"},"inLanguage":"en-US","potentialAction":[{"@type":"ReadAction","target":["https:\/\/www.reulsport.com\/en\/produit\/brackets-for-led-bar-lower-grille-for-iveco-daily\/"]}]},{"@type":"BreadcrumbList","@id":"https:\/\/www.reulsport.com\/en\/produit\/brackets-for-led-bar-lower-grille-for-iveco-daily\/#breadcrumb","itemListElement":[{"@type":"ListItem","position":1,"name":"Accueil","item":"https:\/\/www.reulsport.com\/en\/"},{"@type":"ListItem","position":2,"name":"Shop","item":"https:\/\/www.reulsport.com\/en\/shop\/"},{"@type":"ListItem","position":3,"name":"Brackets LED bar (lower grille) for Iveco Daily"}]},{"@type":"WebSite","@id":"https:\/\/www.reulsport.com\/#website","url":"https:\/\/www.reulsport.com\/","name":"ReulSport - Landrover specialist - Iveco partner","description":"ReulSport est un garage Ineos, Iveco et Polaris dans la r\u00e9gion de Verviers et Li\u00e8ge. Sp\u00e9cialiste de l&#039;Offroad, de la pr\u00e9paration et de l&#039;accessoirisation. .","potentialAction":[{"@type":"SearchAction","target":{"@type":"EntryPoint","urlTemplate":"https:\/\/www.reulsport.com\/?s={search_term_string}"},"query-input":"required name=search_term_string"}],"inLanguage":"en-US"}]}},"_links":{"self":[{"href":"https:\/\/www.reulsport.com\/en\/wp-json\/wp\/v2\/product\/35683"}],"collection":[{"href":"https:\/\/www.reulsport.com\/en\/wp-json\/wp\/v2\/product"}],"about":[{"href":"https:\/\/www.reulsport.com\/en\/wp-json\/wp\/v2\/types\/product"}],"replies":[{"embeddable":true,"href":"https:\/\/www.reulsport.com\/en\/wp-json\/wp\/v2\/comments?post=35683"}],"wp:featuredmedia":[{"embeddable":true,"href":"https:\/\/www.reulsport.com\/en\/wp-json\/wp\/v2\/media\/35679"}],"wp:attachment":[{"href":"https:\/\/www.reulsport.com\/en\/wp-json\/wp\/v2\/media?parent=35683"}],"wp:term":[{"taxonomy":"product_cat","embeddable":true,"href":"https:\/\/www.reulsport.com\/en\/wp-json\/wp\/v2\/product_cat?post=35683"},{"taxonomy":"product_tag","embeddable":true,"href":"https:\/\/www.reulsport.com\/en\/wp-json\/wp\/v2\/product_tag?post=35683"}],"curies":[{"name":"wp","href":"https:\/\/api.w.org\/{rel}","templated":true}]}}