{"id":36230,"date":"2021-12-29T16:59:03","date_gmt":"2021-12-29T15:59:03","guid":{"rendered":"https:\/\/www.reulsport.com\/produit\/radiator-protection-grill-for-polaris-pro-xp\/"},"modified":"2021-12-29T16:59:03","modified_gmt":"2021-12-29T15:59:03","slug":"radiator-protection-grill-for-polaris-pro-xp","status":"publish","type":"product","link":"https:\/\/www.reulsport.com\/en\/produit\/radiator-protection-grill-for-polaris-pro-xp\/","title":{"rendered":"Radiator protection grill for Polaris PRO XP"},"content":{"rendered":"<p>XRW protection ( black color ) in aluminium, thickness 2,5mm.<\/p>\n<p>Delivered with its complete fixing kit.<\/p>\n<p>Excellent product intended as well for the excursion as for the competition.<\/p>\n<p>This kit will be perfectly adapted to your Polaris.<\/p>\n<p>The assembly of this product is very simple and does not require any adaptation or modification.<\/p>\n","protected":false},"excerpt":{"rendered":"<p>XRW protection ( black color ) in aluminium, thickness 2,5mm. Delivered with its complete fixing kit. Excellent product intended as well for the excursion as for the competition. This kit will be perfectly adapted to your Polaris. The assembly of this product is very simple and does not require any adaptation or modification.<\/p>\n","protected":false},"featured_media":36219,"comment_status":"open","ping_status":"closed","template":"","meta":[],"product_cat":[164],"product_tag":[],"acf":[],"yoast_head":"<!-- This site is optimized with the Yoast SEO plugin v20.1 - https:\/\/yoast.com\/wordpress\/plugins\/seo\/ -->\n<title>Radiator protection grill for Polaris PRO XP - ReulSport - Landrover specialist - Iveco partner<\/title>\n<meta name=\"robots\" content=\"index, follow, max-snippet:-1, max-image-preview:large, max-video-preview:-1\" \/>\n<link rel=\"canonical\" href=\"https:\/\/www.reulsport.com\/en\/produit\/radiator-protection-grill-for-polaris-pro-xp\/\" \/>\n<meta property=\"og:locale\" content=\"en_US\" \/>\n<meta property=\"og:type\" content=\"article\" \/>\n<meta property=\"og:title\" content=\"Radiator protection grill for Polaris PRO XP - ReulSport - Landrover specialist - Iveco partner\" \/>\n<meta property=\"og:description\" content=\"XRW protection ( black color ) in aluminium, thickness 2,5mm. Delivered with its complete fixing kit. Excellent product intended as well for the excursion as for the competition. This kit will be perfectly adapted to your Polaris. The assembly of this product is very simple and does not require any adaptation or modification.\" \/>\n<meta property=\"og:url\" content=\"https:\/\/www.reulsport.com\/en\/produit\/radiator-protection-grill-for-polaris-pro-xp\/\" \/>\n<meta property=\"og:site_name\" content=\"ReulSport - Landrover specialist - Iveco partner\" \/>\n<meta property=\"og:image\" content=\"https:\/\/www.reulsport.com\/wp-content\/uploads\/2021\/12\/protection-radiateur.jpg\" \/>\n\t<meta property=\"og:image:width\" content=\"800\" \/>\n\t<meta property=\"og:image:height\" content=\"800\" \/>\n\t<meta property=\"og:image:type\" content=\"image\/jpeg\" \/>\n<meta name=\"twitter:card\" content=\"summary_large_image\" \/>\n<script type=\"application\/ld+json\" class=\"yoast-schema-graph\">{\"@context\":\"https:\/\/schema.org\",\"@graph\":[{\"@type\":\"WebPage\",\"@id\":\"https:\/\/www.reulsport.com\/en\/produit\/radiator-protection-grill-for-polaris-pro-xp\/\",\"url\":\"https:\/\/www.reulsport.com\/en\/produit\/radiator-protection-grill-for-polaris-pro-xp\/\",\"name\":\"Radiator protection grill for Polaris PRO XP - ReulSport - Landrover specialist - Iveco partner\",\"isPartOf\":{\"@id\":\"https:\/\/www.reulsport.com\/#website\"},\"datePublished\":\"2021-12-29T15:59:03+00:00\",\"dateModified\":\"2021-12-29T15:59:03+00:00\",\"breadcrumb\":{\"@id\":\"https:\/\/www.reulsport.com\/en\/produit\/radiator-protection-grill-for-polaris-pro-xp\/#breadcrumb\"},\"inLanguage\":\"en-US\",\"potentialAction\":[{\"@type\":\"ReadAction\",\"target\":[\"https:\/\/www.reulsport.com\/en\/produit\/radiator-protection-grill-for-polaris-pro-xp\/\"]}]},{\"@type\":\"BreadcrumbList\",\"@id\":\"https:\/\/www.reulsport.com\/en\/produit\/radiator-protection-grill-for-polaris-pro-xp\/#breadcrumb\",\"itemListElement\":[{\"@type\":\"ListItem\",\"position\":1,\"name\":\"Accueil\",\"item\":\"https:\/\/www.reulsport.com\/en\/\"},{\"@type\":\"ListItem\",\"position\":2,\"name\":\"Shop\",\"item\":\"https:\/\/www.reulsport.com\/en\/shop\/\"},{\"@type\":\"ListItem\",\"position\":3,\"name\":\"Radiator protection grill for Polaris PRO XP\"}]},{\"@type\":\"WebSite\",\"@id\":\"https:\/\/www.reulsport.com\/#website\",\"url\":\"https:\/\/www.reulsport.com\/\",\"name\":\"ReulSport - Landrover specialist - Iveco partner\",\"description\":\"ReulSport est un garage Ineos, Iveco et Polaris dans la r\u00e9gion de Verviers et Li\u00e8ge. Sp\u00e9cialiste de l&#039;Offroad, de la pr\u00e9paration et de l&#039;accessoirisation. .\",\"potentialAction\":[{\"@type\":\"SearchAction\",\"target\":{\"@type\":\"EntryPoint\",\"urlTemplate\":\"https:\/\/www.reulsport.com\/?s={search_term_string}\"},\"query-input\":\"required name=search_term_string\"}],\"inLanguage\":\"en-US\"}]}<\/script>\n<!-- \/ Yoast SEO plugin. -->","yoast_head_json":{"title":"Radiator protection grill for Polaris PRO XP - ReulSport - Landrover specialist - Iveco partner","robots":{"index":"index","follow":"follow","max-snippet":"max-snippet:-1","max-image-preview":"max-image-preview:large","max-video-preview":"max-video-preview:-1"},"canonical":"https:\/\/www.reulsport.com\/en\/produit\/radiator-protection-grill-for-polaris-pro-xp\/","og_locale":"en_US","og_type":"article","og_title":"Radiator protection grill for Polaris PRO XP - ReulSport - Landrover specialist - Iveco partner","og_description":"XRW protection ( black color ) in aluminium, thickness 2,5mm. Delivered with its complete fixing kit. Excellent product intended as well for the excursion as for the competition. This kit will be perfectly adapted to your Polaris. The assembly of this product is very simple and does not require any adaptation or modification.","og_url":"https:\/\/www.reulsport.com\/en\/produit\/radiator-protection-grill-for-polaris-pro-xp\/","og_site_name":"ReulSport - Landrover specialist - Iveco partner","og_image":[{"width":800,"height":800,"url":"https:\/\/www.reulsport.com\/wp-content\/uploads\/2021\/12\/protection-radiateur.jpg","type":"image\/jpeg"}],"twitter_card":"summary_large_image","schema":{"@context":"https:\/\/schema.org","@graph":[{"@type":"WebPage","@id":"https:\/\/www.reulsport.com\/en\/produit\/radiator-protection-grill-for-polaris-pro-xp\/","url":"https:\/\/www.reulsport.com\/en\/produit\/radiator-protection-grill-for-polaris-pro-xp\/","name":"Radiator protection grill for Polaris PRO XP - ReulSport - Landrover specialist - Iveco partner","isPartOf":{"@id":"https:\/\/www.reulsport.com\/#website"},"datePublished":"2021-12-29T15:59:03+00:00","dateModified":"2021-12-29T15:59:03+00:00","breadcrumb":{"@id":"https:\/\/www.reulsport.com\/en\/produit\/radiator-protection-grill-for-polaris-pro-xp\/#breadcrumb"},"inLanguage":"en-US","potentialAction":[{"@type":"ReadAction","target":["https:\/\/www.reulsport.com\/en\/produit\/radiator-protection-grill-for-polaris-pro-xp\/"]}]},{"@type":"BreadcrumbList","@id":"https:\/\/www.reulsport.com\/en\/produit\/radiator-protection-grill-for-polaris-pro-xp\/#breadcrumb","itemListElement":[{"@type":"ListItem","position":1,"name":"Accueil","item":"https:\/\/www.reulsport.com\/en\/"},{"@type":"ListItem","position":2,"name":"Shop","item":"https:\/\/www.reulsport.com\/en\/shop\/"},{"@type":"ListItem","position":3,"name":"Radiator protection grill for Polaris PRO XP"}]},{"@type":"WebSite","@id":"https:\/\/www.reulsport.com\/#website","url":"https:\/\/www.reulsport.com\/","name":"ReulSport - Landrover specialist - Iveco partner","description":"ReulSport est un garage Ineos, Iveco et Polaris dans la r\u00e9gion de Verviers et Li\u00e8ge. Sp\u00e9cialiste de l&#039;Offroad, de la pr\u00e9paration et de l&#039;accessoirisation. .","potentialAction":[{"@type":"SearchAction","target":{"@type":"EntryPoint","urlTemplate":"https:\/\/www.reulsport.com\/?s={search_term_string}"},"query-input":"required name=search_term_string"}],"inLanguage":"en-US"}]}},"_links":{"self":[{"href":"https:\/\/www.reulsport.com\/en\/wp-json\/wp\/v2\/product\/36230"}],"collection":[{"href":"https:\/\/www.reulsport.com\/en\/wp-json\/wp\/v2\/product"}],"about":[{"href":"https:\/\/www.reulsport.com\/en\/wp-json\/wp\/v2\/types\/product"}],"replies":[{"embeddable":true,"href":"https:\/\/www.reulsport.com\/en\/wp-json\/wp\/v2\/comments?post=36230"}],"wp:featuredmedia":[{"embeddable":true,"href":"https:\/\/www.reulsport.com\/en\/wp-json\/wp\/v2\/media\/36219"}],"wp:attachment":[{"href":"https:\/\/www.reulsport.com\/en\/wp-json\/wp\/v2\/media?parent=36230"}],"wp:term":[{"taxonomy":"product_cat","embeddable":true,"href":"https:\/\/www.reulsport.com\/en\/wp-json\/wp\/v2\/product_cat?post=36230"},{"taxonomy":"product_tag","embeddable":true,"href":"https:\/\/www.reulsport.com\/en\/wp-json\/wp\/v2\/product_tag?post=36230"}],"curies":[{"name":"wp","href":"https:\/\/api.w.org\/{rel}","templated":true}]}}