{"id":36409,"date":"2022-01-04T14:33:32","date_gmt":"2022-01-04T13:33:32","guid":{"rendered":"https:\/\/www.reulsport.com\/produit\/mud-flaps-for-polaris-pro-xp\/"},"modified":"2022-01-04T14:33:32","modified_gmt":"2022-01-04T13:33:32","slug":"mud-flaps-for-polaris-pro-xp","status":"publish","type":"product","link":"https:\/\/www.reulsport.com\/en\/produit\/mud-flaps-for-polaris-pro-xp\/","title":{"rendered":"Mud flaps for Polaris PRO XP"},"content":{"rendered":"<p>Pair of Mud Flaps for Polaris PRO XP.<\/p>\n<p>Protect your rear calipers and your cardan shafts from projections.<\/p>\n<p>Fits directly on the rear tie rod of your SSV.<\/p>\n<p>Perfectly compatible with the XRW tie rod protections.<\/p>\n<p>Composition: Steel fixing and rubber sheet with reinforcement fabric (Durable and Flexible), thickness 8mm. Supplied with all screws and bolts.<\/p>\n","protected":false},"excerpt":{"rendered":"<p>Pair of Mud Flaps for Polaris PRO XP. Protect your rear calipers and your cardan shafts from projections. Fits directly on the rear tie rod of your SSV. Perfectly compatible with the XRW tie rod protections. Composition: Steel fixing and rubber sheet with reinforcement fabric (Durable and Flexible), thickness 8mm. Supplied with all screws and [&hellip;]<\/p>\n","protected":false},"featured_media":36401,"comment_status":"open","ping_status":"closed","template":"","meta":[],"product_cat":[164],"product_tag":[],"acf":[],"yoast_head":"<!-- This site is optimized with the Yoast SEO plugin v20.1 - https:\/\/yoast.com\/wordpress\/plugins\/seo\/ -->\n<title>Mud flaps for Polaris PRO XP - ReulSport - Landrover specialist - Iveco partner<\/title>\n<meta name=\"robots\" content=\"index, follow, max-snippet:-1, max-image-preview:large, max-video-preview:-1\" \/>\n<link rel=\"canonical\" href=\"https:\/\/www.reulsport.com\/en\/produit\/mud-flaps-for-polaris-pro-xp\/\" \/>\n<meta property=\"og:locale\" content=\"en_US\" \/>\n<meta property=\"og:type\" content=\"article\" \/>\n<meta property=\"og:title\" content=\"Mud flaps for Polaris PRO XP - ReulSport - Landrover specialist - Iveco partner\" \/>\n<meta property=\"og:description\" content=\"Pair of Mud Flaps for Polaris PRO XP. Protect your rear calipers and your cardan shafts from projections. Fits directly on the rear tie rod of your SSV. Perfectly compatible with the XRW tie rod protections. Composition: Steel fixing and rubber sheet with reinforcement fabric (Durable and Flexible), thickness 8mm. Supplied with all screws and [&hellip;]\" \/>\n<meta property=\"og:url\" content=\"https:\/\/www.reulsport.com\/en\/produit\/mud-flaps-for-polaris-pro-xp\/\" \/>\n<meta property=\"og:site_name\" content=\"ReulSport - Landrover specialist - Iveco partner\" \/>\n<meta property=\"og:image\" content=\"https:\/\/www.reulsport.com\/wp-content\/uploads\/2022\/01\/kit-garde-boues.jpg\" \/>\n\t<meta property=\"og:image:width\" content=\"800\" \/>\n\t<meta property=\"og:image:height\" content=\"800\" \/>\n\t<meta property=\"og:image:type\" content=\"image\/jpeg\" \/>\n<meta name=\"twitter:card\" content=\"summary_large_image\" \/>\n<script type=\"application\/ld+json\" class=\"yoast-schema-graph\">{\"@context\":\"https:\/\/schema.org\",\"@graph\":[{\"@type\":\"WebPage\",\"@id\":\"https:\/\/www.reulsport.com\/en\/produit\/mud-flaps-for-polaris-pro-xp\/\",\"url\":\"https:\/\/www.reulsport.com\/en\/produit\/mud-flaps-for-polaris-pro-xp\/\",\"name\":\"Mud flaps for Polaris PRO XP - ReulSport - Landrover specialist - Iveco partner\",\"isPartOf\":{\"@id\":\"https:\/\/www.reulsport.com\/#website\"},\"datePublished\":\"2022-01-04T13:33:32+00:00\",\"dateModified\":\"2022-01-04T13:33:32+00:00\",\"breadcrumb\":{\"@id\":\"https:\/\/www.reulsport.com\/en\/produit\/mud-flaps-for-polaris-pro-xp\/#breadcrumb\"},\"inLanguage\":\"en-US\",\"potentialAction\":[{\"@type\":\"ReadAction\",\"target\":[\"https:\/\/www.reulsport.com\/en\/produit\/mud-flaps-for-polaris-pro-xp\/\"]}]},{\"@type\":\"BreadcrumbList\",\"@id\":\"https:\/\/www.reulsport.com\/en\/produit\/mud-flaps-for-polaris-pro-xp\/#breadcrumb\",\"itemListElement\":[{\"@type\":\"ListItem\",\"position\":1,\"name\":\"Accueil\",\"item\":\"https:\/\/www.reulsport.com\/en\/\"},{\"@type\":\"ListItem\",\"position\":2,\"name\":\"Shop\",\"item\":\"https:\/\/www.reulsport.com\/en\/shop\/\"},{\"@type\":\"ListItem\",\"position\":3,\"name\":\"Mud flaps for Polaris PRO XP\"}]},{\"@type\":\"WebSite\",\"@id\":\"https:\/\/www.reulsport.com\/#website\",\"url\":\"https:\/\/www.reulsport.com\/\",\"name\":\"ReulSport - Landrover specialist - Iveco partner\",\"description\":\"ReulSport est un garage Ineos, Iveco et Polaris dans la r\u00e9gion de Verviers et Li\u00e8ge. Sp\u00e9cialiste de l&#039;Offroad, de la pr\u00e9paration et de l&#039;accessoirisation. .\",\"potentialAction\":[{\"@type\":\"SearchAction\",\"target\":{\"@type\":\"EntryPoint\",\"urlTemplate\":\"https:\/\/www.reulsport.com\/?s={search_term_string}\"},\"query-input\":\"required name=search_term_string\"}],\"inLanguage\":\"en-US\"}]}<\/script>\n<!-- \/ Yoast SEO plugin. -->","yoast_head_json":{"title":"Mud flaps for Polaris PRO XP - ReulSport - Landrover specialist - Iveco partner","robots":{"index":"index","follow":"follow","max-snippet":"max-snippet:-1","max-image-preview":"max-image-preview:large","max-video-preview":"max-video-preview:-1"},"canonical":"https:\/\/www.reulsport.com\/en\/produit\/mud-flaps-for-polaris-pro-xp\/","og_locale":"en_US","og_type":"article","og_title":"Mud flaps for Polaris PRO XP - ReulSport - Landrover specialist - Iveco partner","og_description":"Pair of Mud Flaps for Polaris PRO XP. Protect your rear calipers and your cardan shafts from projections. Fits directly on the rear tie rod of your SSV. Perfectly compatible with the XRW tie rod protections. Composition: Steel fixing and rubber sheet with reinforcement fabric (Durable and Flexible), thickness 8mm. Supplied with all screws and [&hellip;]","og_url":"https:\/\/www.reulsport.com\/en\/produit\/mud-flaps-for-polaris-pro-xp\/","og_site_name":"ReulSport - Landrover specialist - Iveco partner","og_image":[{"width":800,"height":800,"url":"https:\/\/www.reulsport.com\/wp-content\/uploads\/2022\/01\/kit-garde-boues.jpg","type":"image\/jpeg"}],"twitter_card":"summary_large_image","schema":{"@context":"https:\/\/schema.org","@graph":[{"@type":"WebPage","@id":"https:\/\/www.reulsport.com\/en\/produit\/mud-flaps-for-polaris-pro-xp\/","url":"https:\/\/www.reulsport.com\/en\/produit\/mud-flaps-for-polaris-pro-xp\/","name":"Mud flaps for Polaris PRO XP - ReulSport - Landrover specialist - Iveco partner","isPartOf":{"@id":"https:\/\/www.reulsport.com\/#website"},"datePublished":"2022-01-04T13:33:32+00:00","dateModified":"2022-01-04T13:33:32+00:00","breadcrumb":{"@id":"https:\/\/www.reulsport.com\/en\/produit\/mud-flaps-for-polaris-pro-xp\/#breadcrumb"},"inLanguage":"en-US","potentialAction":[{"@type":"ReadAction","target":["https:\/\/www.reulsport.com\/en\/produit\/mud-flaps-for-polaris-pro-xp\/"]}]},{"@type":"BreadcrumbList","@id":"https:\/\/www.reulsport.com\/en\/produit\/mud-flaps-for-polaris-pro-xp\/#breadcrumb","itemListElement":[{"@type":"ListItem","position":1,"name":"Accueil","item":"https:\/\/www.reulsport.com\/en\/"},{"@type":"ListItem","position":2,"name":"Shop","item":"https:\/\/www.reulsport.com\/en\/shop\/"},{"@type":"ListItem","position":3,"name":"Mud flaps for Polaris PRO XP"}]},{"@type":"WebSite","@id":"https:\/\/www.reulsport.com\/#website","url":"https:\/\/www.reulsport.com\/","name":"ReulSport - Landrover specialist - Iveco partner","description":"ReulSport est un garage Ineos, Iveco et Polaris dans la r\u00e9gion de Verviers et Li\u00e8ge. Sp\u00e9cialiste de l&#039;Offroad, de la pr\u00e9paration et de l&#039;accessoirisation. .","potentialAction":[{"@type":"SearchAction","target":{"@type":"EntryPoint","urlTemplate":"https:\/\/www.reulsport.com\/?s={search_term_string}"},"query-input":"required name=search_term_string"}],"inLanguage":"en-US"}]}},"_links":{"self":[{"href":"https:\/\/www.reulsport.com\/en\/wp-json\/wp\/v2\/product\/36409"}],"collection":[{"href":"https:\/\/www.reulsport.com\/en\/wp-json\/wp\/v2\/product"}],"about":[{"href":"https:\/\/www.reulsport.com\/en\/wp-json\/wp\/v2\/types\/product"}],"replies":[{"embeddable":true,"href":"https:\/\/www.reulsport.com\/en\/wp-json\/wp\/v2\/comments?post=36409"}],"wp:featuredmedia":[{"embeddable":true,"href":"https:\/\/www.reulsport.com\/en\/wp-json\/wp\/v2\/media\/36401"}],"wp:attachment":[{"href":"https:\/\/www.reulsport.com\/en\/wp-json\/wp\/v2\/media?parent=36409"}],"wp:term":[{"taxonomy":"product_cat","embeddable":true,"href":"https:\/\/www.reulsport.com\/en\/wp-json\/wp\/v2\/product_cat?post=36409"},{"taxonomy":"product_tag","embeddable":true,"href":"https:\/\/www.reulsport.com\/en\/wp-json\/wp\/v2\/product_tag?post=36409"}],"curies":[{"name":"wp","href":"https:\/\/api.w.org\/{rel}","templated":true}]}}