{"id":36790,"date":"2022-01-15T16:31:25","date_gmt":"2022-01-15T15:31:25","guid":{"rendered":"https:\/\/www.reulsport.com\/?post_type=product&#038;p=36790"},"modified":"2022-01-15T16:48:14","modified_gmt":"2022-01-15T15:48:14","slug":"bfgoodrich-kdr3-2","status":"publish","type":"product","link":"https:\/\/www.reulsport.com\/en\/produit\/bfgoodrich-kdr3-2\/","title":{"rendered":"BFGoodrich KDR3"},"content":{"rendered":"<p>he new BF Goodrich KDR3, specially designed for the World Rallye-Raids Championship, the Dakar and sand competitions. It complements the KR2, which is more rocky terrain oriented.<\/p>\n<p>The All Terrain T\/A KDR3 range provides increased performance in both 2WD and 4WD without sacrificing wear. It combines all the technologies of the KDR models with the latest BFG innovations.<\/p>\n<p>Available in 30\/9.5R15 and 32\/9.5R15<\/p>\n","protected":false},"excerpt":{"rendered":"<p>he new BF Goodrich KDR3, specially designed for the World Rallye-Raids Championship, the Dakar and sand competitions. It complements the KR2, which is more rocky terrain oriented. The All Terrain T\/A KDR3 range provides increased performance in both 2WD and 4WD without sacrificing wear. It combines all the technologies of the KDR models with the [&hellip;]<\/p>\n","protected":false},"featured_media":36570,"comment_status":"open","ping_status":"closed","template":"","meta":[],"product_cat":[136,182,97],"product_tag":[222],"acf":[],"yoast_head":"<!-- This site is optimized with the Yoast SEO plugin v20.1 - https:\/\/yoast.com\/wordpress\/plugins\/seo\/ -->\n<title>BFGoodrich KDR3 - ReulSport - Landrover specialist - Iveco partner<\/title>\n<meta name=\"robots\" content=\"index, follow, max-snippet:-1, max-image-preview:large, max-video-preview:-1\" \/>\n<link rel=\"canonical\" href=\"https:\/\/www.reulsport.com\/en\/produit\/bfgoodrich-kdr3-2\/\" \/>\n<meta property=\"og:locale\" content=\"en_US\" \/>\n<meta property=\"og:type\" content=\"article\" \/>\n<meta property=\"og:title\" content=\"BFGoodrich KDR3 - ReulSport - Landrover specialist - Iveco partner\" \/>\n<meta property=\"og:description\" content=\"he new BF Goodrich KDR3, specially designed for the World Rallye-Raids Championship, the Dakar and sand competitions. It complements the KR2, which is more rocky terrain oriented. The All Terrain T\/A KDR3 range provides increased performance in both 2WD and 4WD without sacrificing wear. It combines all the technologies of the KDR models with the [&hellip;]\" \/>\n<meta property=\"og:url\" content=\"https:\/\/www.reulsport.com\/en\/produit\/bfgoodrich-kdr3-2\/\" \/>\n<meta property=\"og:site_name\" content=\"ReulSport - Landrover specialist - Iveco partner\" \/>\n<meta property=\"article:modified_time\" content=\"2022-01-15T15:48:14+00:00\" \/>\n<meta property=\"og:image\" content=\"https:\/\/www.reulsport.com\/wp-content\/uploads\/2022\/01\/KDR3-3_4-VIEW_low-res-scaled.jpg\" \/>\n\t<meta property=\"og:image:width\" content=\"2560\" \/>\n\t<meta property=\"og:image:height\" content=\"1474\" \/>\n\t<meta property=\"og:image:type\" content=\"image\/jpeg\" \/>\n<meta name=\"twitter:card\" content=\"summary_large_image\" \/>\n<script type=\"application\/ld+json\" class=\"yoast-schema-graph\">{\"@context\":\"https:\/\/schema.org\",\"@graph\":[{\"@type\":\"WebPage\",\"@id\":\"https:\/\/www.reulsport.com\/en\/produit\/bfgoodrich-kdr3-2\/\",\"url\":\"https:\/\/www.reulsport.com\/en\/produit\/bfgoodrich-kdr3-2\/\",\"name\":\"BFGoodrich KDR3 - ReulSport - Landrover specialist - Iveco partner\",\"isPartOf\":{\"@id\":\"https:\/\/www.reulsport.com\/#website\"},\"datePublished\":\"2022-01-15T15:31:25+00:00\",\"dateModified\":\"2022-01-15T15:48:14+00:00\",\"breadcrumb\":{\"@id\":\"https:\/\/www.reulsport.com\/en\/produit\/bfgoodrich-kdr3-2\/#breadcrumb\"},\"inLanguage\":\"en-US\",\"potentialAction\":[{\"@type\":\"ReadAction\",\"target\":[\"https:\/\/www.reulsport.com\/en\/produit\/bfgoodrich-kdr3-2\/\"]}]},{\"@type\":\"BreadcrumbList\",\"@id\":\"https:\/\/www.reulsport.com\/en\/produit\/bfgoodrich-kdr3-2\/#breadcrumb\",\"itemListElement\":[{\"@type\":\"ListItem\",\"position\":1,\"name\":\"Accueil\",\"item\":\"https:\/\/www.reulsport.com\/en\/\"},{\"@type\":\"ListItem\",\"position\":2,\"name\":\"Shop\",\"item\":\"https:\/\/www.reulsport.com\/en\/shop\/\"},{\"@type\":\"ListItem\",\"position\":3,\"name\":\"BFGoodrich KDR3\"}]},{\"@type\":\"WebSite\",\"@id\":\"https:\/\/www.reulsport.com\/#website\",\"url\":\"https:\/\/www.reulsport.com\/\",\"name\":\"ReulSport - Landrover specialist - Iveco partner\",\"description\":\"ReulSport est un garage Ineos, Iveco et Polaris dans la r\u00e9gion de Verviers et Li\u00e8ge. Sp\u00e9cialiste de l&#039;Offroad, de la pr\u00e9paration et de l&#039;accessoirisation. .\",\"potentialAction\":[{\"@type\":\"SearchAction\",\"target\":{\"@type\":\"EntryPoint\",\"urlTemplate\":\"https:\/\/www.reulsport.com\/?s={search_term_string}\"},\"query-input\":\"required name=search_term_string\"}],\"inLanguage\":\"en-US\"}]}<\/script>\n<!-- \/ Yoast SEO plugin. -->","yoast_head_json":{"title":"BFGoodrich KDR3 - ReulSport - Landrover specialist - Iveco partner","robots":{"index":"index","follow":"follow","max-snippet":"max-snippet:-1","max-image-preview":"max-image-preview:large","max-video-preview":"max-video-preview:-1"},"canonical":"https:\/\/www.reulsport.com\/en\/produit\/bfgoodrich-kdr3-2\/","og_locale":"en_US","og_type":"article","og_title":"BFGoodrich KDR3 - ReulSport - Landrover specialist - Iveco partner","og_description":"he new BF Goodrich KDR3, specially designed for the World Rallye-Raids Championship, the Dakar and sand competitions. It complements the KR2, which is more rocky terrain oriented. The All Terrain T\/A KDR3 range provides increased performance in both 2WD and 4WD without sacrificing wear. It combines all the technologies of the KDR models with the [&hellip;]","og_url":"https:\/\/www.reulsport.com\/en\/produit\/bfgoodrich-kdr3-2\/","og_site_name":"ReulSport - Landrover specialist - Iveco partner","article_modified_time":"2022-01-15T15:48:14+00:00","og_image":[{"width":2560,"height":1474,"url":"https:\/\/www.reulsport.com\/wp-content\/uploads\/2022\/01\/KDR3-3_4-VIEW_low-res-scaled.jpg","type":"image\/jpeg"}],"twitter_card":"summary_large_image","schema":{"@context":"https:\/\/schema.org","@graph":[{"@type":"WebPage","@id":"https:\/\/www.reulsport.com\/en\/produit\/bfgoodrich-kdr3-2\/","url":"https:\/\/www.reulsport.com\/en\/produit\/bfgoodrich-kdr3-2\/","name":"BFGoodrich KDR3 - ReulSport - Landrover specialist - Iveco partner","isPartOf":{"@id":"https:\/\/www.reulsport.com\/#website"},"datePublished":"2022-01-15T15:31:25+00:00","dateModified":"2022-01-15T15:48:14+00:00","breadcrumb":{"@id":"https:\/\/www.reulsport.com\/en\/produit\/bfgoodrich-kdr3-2\/#breadcrumb"},"inLanguage":"en-US","potentialAction":[{"@type":"ReadAction","target":["https:\/\/www.reulsport.com\/en\/produit\/bfgoodrich-kdr3-2\/"]}]},{"@type":"BreadcrumbList","@id":"https:\/\/www.reulsport.com\/en\/produit\/bfgoodrich-kdr3-2\/#breadcrumb","itemListElement":[{"@type":"ListItem","position":1,"name":"Accueil","item":"https:\/\/www.reulsport.com\/en\/"},{"@type":"ListItem","position":2,"name":"Shop","item":"https:\/\/www.reulsport.com\/en\/shop\/"},{"@type":"ListItem","position":3,"name":"BFGoodrich KDR3"}]},{"@type":"WebSite","@id":"https:\/\/www.reulsport.com\/#website","url":"https:\/\/www.reulsport.com\/","name":"ReulSport - Landrover specialist - Iveco partner","description":"ReulSport est un garage Ineos, Iveco et Polaris dans la r\u00e9gion de Verviers et Li\u00e8ge. Sp\u00e9cialiste de l&#039;Offroad, de la pr\u00e9paration et de l&#039;accessoirisation. .","potentialAction":[{"@type":"SearchAction","target":{"@type":"EntryPoint","urlTemplate":"https:\/\/www.reulsport.com\/?s={search_term_string}"},"query-input":"required name=search_term_string"}],"inLanguage":"en-US"}]}},"_links":{"self":[{"href":"https:\/\/www.reulsport.com\/en\/wp-json\/wp\/v2\/product\/36790"}],"collection":[{"href":"https:\/\/www.reulsport.com\/en\/wp-json\/wp\/v2\/product"}],"about":[{"href":"https:\/\/www.reulsport.com\/en\/wp-json\/wp\/v2\/types\/product"}],"replies":[{"embeddable":true,"href":"https:\/\/www.reulsport.com\/en\/wp-json\/wp\/v2\/comments?post=36790"}],"wp:featuredmedia":[{"embeddable":true,"href":"https:\/\/www.reulsport.com\/en\/wp-json\/wp\/v2\/media\/36570"}],"wp:attachment":[{"href":"https:\/\/www.reulsport.com\/en\/wp-json\/wp\/v2\/media?parent=36790"}],"wp:term":[{"taxonomy":"product_cat","embeddable":true,"href":"https:\/\/www.reulsport.com\/en\/wp-json\/wp\/v2\/product_cat?post=36790"},{"taxonomy":"product_tag","embeddable":true,"href":"https:\/\/www.reulsport.com\/en\/wp-json\/wp\/v2\/product_tag?post=36790"}],"curies":[{"name":"wp","href":"https:\/\/api.w.org\/{rel}","templated":true}]}}