{"id":4388,"date":"2017-06-01T15:32:23","date_gmt":"2017-06-01T13:32:23","guid":{"rendered":"https:\/\/www.reulsport.com\/product\/air-locker-for-rover-axles\/"},"modified":"2017-06-01T15:32:23","modified_gmt":"2017-06-01T13:32:23","slug":"air-locker-for-rover-axles","status":"publish","type":"product","link":"https:\/\/www.reulsport.com\/en\/produit\/air-locker-for-rover-axles\/","title":{"rendered":"Air Locker for ROVER Axles"},"content":{"rendered":"<p>This Air Locker is a pneumatic locking differential that uses air to facilitate the locking of both axles. This action converts your differential from a conventional open to a full spool type axle supplying 100% power to both wheels to keep you going through the worst terrain.<\/p>\n<p>A relentless commitment to research and design, the use of quality materials, and an uncompromising approach to manufacturing have all contributed to the Air Locker\u2019s success in over 100 countries worldwide.<\/p>\n<p>Forged Gears<br \/>\nStrength, durability and resistance to fatigue in all Air Locker components is paramount. With phenomenal forces being applied to the side and pinion gears within the differential,\u00a0 invested heavily in the application of forged gears, typically found in heavy duty commercial, race and agricultural transmissions.\u00a0<br \/>\nTwo Piece Design<br \/>\nHousing this superior internal gear train in a two-piece case brings further benefits. Machining a case from two pieces instead of three results in a much higher dimensional accuracy of the finished assembly and has allowed engineers to improve the design of other elements, resulting in a reduction of moving parts, increased strength and a more responsive activation.<\/p>\n<p>ARB onboard air compressor required to activate Air Lockers (sold separately)<\/p>\n","protected":false},"excerpt":{"rendered":"<p>This Air Locker is a pneumatic locking differential that uses air to facilitate the locking of both axles. This action converts your differential from a conventional open to a full spool type axle supplying 100% power to both wheels to keep you going through the worst terrain. A relentless commitment to research and design, the [&hellip;]<\/p>\n","protected":false},"featured_media":1381,"comment_status":"open","ping_status":"closed","template":"","meta":[],"product_cat":[177],"product_tag":[210],"acf":[],"yoast_head":"<!-- This site is optimized with the Yoast SEO plugin v20.1 - https:\/\/yoast.com\/wordpress\/plugins\/seo\/ -->\n<title>Air Locker for ROVER Axles - ReulSport - Landrover specialist - Iveco partner<\/title>\n<meta name=\"robots\" content=\"index, follow, max-snippet:-1, max-image-preview:large, max-video-preview:-1\" \/>\n<link rel=\"canonical\" href=\"https:\/\/www.reulsport.com\/en\/produit\/air-locker-for-rover-axles\/\" \/>\n<meta property=\"og:locale\" content=\"en_US\" \/>\n<meta property=\"og:type\" content=\"article\" \/>\n<meta property=\"og:title\" content=\"Air Locker for ROVER Axles - ReulSport - Landrover specialist - Iveco partner\" \/>\n<meta property=\"og:description\" content=\"This Air Locker is a pneumatic locking differential that uses air to facilitate the locking of both axles. This action converts your differential from a conventional open to a full spool type axle supplying 100% power to both wheels to keep you going through the worst terrain. A relentless commitment to research and design, the [&hellip;]\" \/>\n<meta property=\"og:url\" content=\"https:\/\/www.reulsport.com\/en\/produit\/air-locker-for-rover-axles\/\" \/>\n<meta property=\"og:site_name\" content=\"ReulSport - Landrover specialist - Iveco partner\" \/>\n<meta property=\"og:image\" content=\"https:\/\/www.reulsport.com\/wp-content\/uploads\/2017\/06\/11-catalogue-NDR-BW.jpg\" \/>\n\t<meta property=\"og:image:width\" content=\"1920\" \/>\n\t<meta property=\"og:image:height\" content=\"1920\" \/>\n\t<meta property=\"og:image:type\" content=\"image\/jpeg\" \/>\n<meta name=\"twitter:card\" content=\"summary_large_image\" \/>\n<meta name=\"twitter:label1\" content=\"Est. reading time\" \/>\n\t<meta name=\"twitter:data1\" content=\"1 minute\" \/>\n<script type=\"application\/ld+json\" class=\"yoast-schema-graph\">{\"@context\":\"https:\/\/schema.org\",\"@graph\":[{\"@type\":\"WebPage\",\"@id\":\"https:\/\/www.reulsport.com\/en\/produit\/air-locker-for-rover-axles\/\",\"url\":\"https:\/\/www.reulsport.com\/en\/produit\/air-locker-for-rover-axles\/\",\"name\":\"Air Locker for ROVER Axles - ReulSport - Landrover specialist - Iveco partner\",\"isPartOf\":{\"@id\":\"https:\/\/www.reulsport.com\/#website\"},\"datePublished\":\"2017-06-01T13:32:23+00:00\",\"dateModified\":\"2017-06-01T13:32:23+00:00\",\"breadcrumb\":{\"@id\":\"https:\/\/www.reulsport.com\/en\/produit\/air-locker-for-rover-axles\/#breadcrumb\"},\"inLanguage\":\"en-US\",\"potentialAction\":[{\"@type\":\"ReadAction\",\"target\":[\"https:\/\/www.reulsport.com\/en\/produit\/air-locker-for-rover-axles\/\"]}]},{\"@type\":\"BreadcrumbList\",\"@id\":\"https:\/\/www.reulsport.com\/en\/produit\/air-locker-for-rover-axles\/#breadcrumb\",\"itemListElement\":[{\"@type\":\"ListItem\",\"position\":1,\"name\":\"Accueil\",\"item\":\"https:\/\/www.reulsport.com\/en\/\"},{\"@type\":\"ListItem\",\"position\":2,\"name\":\"Shop\",\"item\":\"https:\/\/www.reulsport.com\/en\/shop\/\"},{\"@type\":\"ListItem\",\"position\":3,\"name\":\"Air Locker for ROVER Axles\"}]},{\"@type\":\"WebSite\",\"@id\":\"https:\/\/www.reulsport.com\/#website\",\"url\":\"https:\/\/www.reulsport.com\/\",\"name\":\"ReulSport - Landrover specialist - Iveco partner\",\"description\":\"ReulSport est un garage Ineos, Iveco et Polaris dans la r\u00e9gion de Verviers et Li\u00e8ge. Sp\u00e9cialiste de l&#039;Offroad, de la pr\u00e9paration et de l&#039;accessoirisation. .\",\"potentialAction\":[{\"@type\":\"SearchAction\",\"target\":{\"@type\":\"EntryPoint\",\"urlTemplate\":\"https:\/\/www.reulsport.com\/?s={search_term_string}\"},\"query-input\":\"required name=search_term_string\"}],\"inLanguage\":\"en-US\"}]}<\/script>\n<!-- \/ Yoast SEO plugin. -->","yoast_head_json":{"title":"Air Locker for ROVER Axles - ReulSport - Landrover specialist - Iveco partner","robots":{"index":"index","follow":"follow","max-snippet":"max-snippet:-1","max-image-preview":"max-image-preview:large","max-video-preview":"max-video-preview:-1"},"canonical":"https:\/\/www.reulsport.com\/en\/produit\/air-locker-for-rover-axles\/","og_locale":"en_US","og_type":"article","og_title":"Air Locker for ROVER Axles - ReulSport - Landrover specialist - Iveco partner","og_description":"This Air Locker is a pneumatic locking differential that uses air to facilitate the locking of both axles. This action converts your differential from a conventional open to a full spool type axle supplying 100% power to both wheels to keep you going through the worst terrain. A relentless commitment to research and design, the [&hellip;]","og_url":"https:\/\/www.reulsport.com\/en\/produit\/air-locker-for-rover-axles\/","og_site_name":"ReulSport - Landrover specialist - Iveco partner","og_image":[{"width":1920,"height":1920,"url":"https:\/\/www.reulsport.com\/wp-content\/uploads\/2017\/06\/11-catalogue-NDR-BW.jpg","type":"image\/jpeg"}],"twitter_card":"summary_large_image","twitter_misc":{"Est. reading time":"1 minute"},"schema":{"@context":"https:\/\/schema.org","@graph":[{"@type":"WebPage","@id":"https:\/\/www.reulsport.com\/en\/produit\/air-locker-for-rover-axles\/","url":"https:\/\/www.reulsport.com\/en\/produit\/air-locker-for-rover-axles\/","name":"Air Locker for ROVER Axles - ReulSport - Landrover specialist - Iveco partner","isPartOf":{"@id":"https:\/\/www.reulsport.com\/#website"},"datePublished":"2017-06-01T13:32:23+00:00","dateModified":"2017-06-01T13:32:23+00:00","breadcrumb":{"@id":"https:\/\/www.reulsport.com\/en\/produit\/air-locker-for-rover-axles\/#breadcrumb"},"inLanguage":"en-US","potentialAction":[{"@type":"ReadAction","target":["https:\/\/www.reulsport.com\/en\/produit\/air-locker-for-rover-axles\/"]}]},{"@type":"BreadcrumbList","@id":"https:\/\/www.reulsport.com\/en\/produit\/air-locker-for-rover-axles\/#breadcrumb","itemListElement":[{"@type":"ListItem","position":1,"name":"Accueil","item":"https:\/\/www.reulsport.com\/en\/"},{"@type":"ListItem","position":2,"name":"Shop","item":"https:\/\/www.reulsport.com\/en\/shop\/"},{"@type":"ListItem","position":3,"name":"Air Locker for ROVER Axles"}]},{"@type":"WebSite","@id":"https:\/\/www.reulsport.com\/#website","url":"https:\/\/www.reulsport.com\/","name":"ReulSport - Landrover specialist - Iveco partner","description":"ReulSport est un garage Ineos, Iveco et Polaris dans la r\u00e9gion de Verviers et Li\u00e8ge. Sp\u00e9cialiste de l&#039;Offroad, de la pr\u00e9paration et de l&#039;accessoirisation. .","potentialAction":[{"@type":"SearchAction","target":{"@type":"EntryPoint","urlTemplate":"https:\/\/www.reulsport.com\/?s={search_term_string}"},"query-input":"required name=search_term_string"}],"inLanguage":"en-US"}]}},"_links":{"self":[{"href":"https:\/\/www.reulsport.com\/en\/wp-json\/wp\/v2\/product\/4388"}],"collection":[{"href":"https:\/\/www.reulsport.com\/en\/wp-json\/wp\/v2\/product"}],"about":[{"href":"https:\/\/www.reulsport.com\/en\/wp-json\/wp\/v2\/types\/product"}],"replies":[{"embeddable":true,"href":"https:\/\/www.reulsport.com\/en\/wp-json\/wp\/v2\/comments?post=4388"}],"wp:featuredmedia":[{"embeddable":true,"href":"https:\/\/www.reulsport.com\/en\/wp-json\/wp\/v2\/media\/1381"}],"wp:attachment":[{"href":"https:\/\/www.reulsport.com\/en\/wp-json\/wp\/v2\/media?parent=4388"}],"wp:term":[{"taxonomy":"product_cat","embeddable":true,"href":"https:\/\/www.reulsport.com\/en\/wp-json\/wp\/v2\/product_cat?post=4388"},{"taxonomy":"product_tag","embeddable":true,"href":"https:\/\/www.reulsport.com\/en\/wp-json\/wp\/v2\/product_tag?post=4388"}],"curies":[{"name":"wp","href":"https:\/\/api.w.org\/{rel}","templated":true}]}}