{"id":44040,"date":"2022-10-12T12:28:41","date_gmt":"2022-10-12T10:28:41","guid":{"rendered":"https:\/\/www.reulsport.com\/produit\/extra-motion-upper-wishbone-front-canam-x3\/"},"modified":"2022-10-12T13:54:34","modified_gmt":"2022-10-12T11:54:34","slug":"extra-motion-upper-wishbone-front-canam-x3","status":"publish","type":"product","link":"https:\/\/www.reulsport.com\/en\/produit\/extra-motion-upper-wishbone-front-canam-x3\/","title":{"rendered":"Extra Motion &#8211; upper wishbone front &#8211; CanAm x3"},"content":{"rendered":"<p>ExtraMotion reinforced upper front wishbone for Can-Am x3.<\/p>\n<p>Left, right or both wishbone available .<\/p>\n","protected":false},"excerpt":{"rendered":"<p>ExtraMotion reinforced upper front wishbone for Can-Am x3. Left, right or both wishbone available .<\/p>\n","protected":false},"featured_media":44018,"comment_status":"open","ping_status":"closed","template":"","meta":[],"product_cat":[164],"product_tag":[],"acf":[],"yoast_head":"<!-- This site is optimized with the Yoast SEO plugin v20.1 - https:\/\/yoast.com\/wordpress\/plugins\/seo\/ -->\n<title>Extra Motion - upper wishbone front - CanAm x3 - ReulSport - Landrover specialist - Iveco partner<\/title>\n<meta name=\"robots\" content=\"index, follow, max-snippet:-1, max-image-preview:large, max-video-preview:-1\" \/>\n<link rel=\"canonical\" href=\"https:\/\/www.reulsport.com\/en\/produit\/extra-motion-upper-wishbone-front-canam-x3\/\" \/>\n<meta property=\"og:locale\" content=\"en_US\" \/>\n<meta property=\"og:type\" content=\"article\" \/>\n<meta property=\"og:title\" content=\"Extra Motion - upper wishbone front - CanAm x3 - ReulSport - Landrover specialist - Iveco partner\" \/>\n<meta property=\"og:description\" content=\"ExtraMotion reinforced upper front wishbone for Can-Am x3. Left, right or both wishbone available .\" \/>\n<meta property=\"og:url\" content=\"https:\/\/www.reulsport.com\/en\/produit\/extra-motion-upper-wishbone-front-canam-x3\/\" \/>\n<meta property=\"og:site_name\" content=\"ReulSport - Landrover specialist - Iveco partner\" \/>\n<meta property=\"article:modified_time\" content=\"2022-10-12T11:54:34+00:00\" \/>\n<meta property=\"og:image\" content=\"https:\/\/www.reulsport.com\/wp-content\/uploads\/2022\/10\/310606661_855665418930923_8988760486945594309_n.jpg\" \/>\n\t<meta property=\"og:image:width\" content=\"1920\" \/>\n\t<meta property=\"og:image:height\" content=\"2560\" \/>\n\t<meta property=\"og:image:type\" content=\"image\/jpeg\" \/>\n<meta name=\"twitter:card\" content=\"summary_large_image\" \/>\n<script type=\"application\/ld+json\" class=\"yoast-schema-graph\">{\"@context\":\"https:\/\/schema.org\",\"@graph\":[{\"@type\":\"WebPage\",\"@id\":\"https:\/\/www.reulsport.com\/en\/produit\/extra-motion-upper-wishbone-front-canam-x3\/\",\"url\":\"https:\/\/www.reulsport.com\/en\/produit\/extra-motion-upper-wishbone-front-canam-x3\/\",\"name\":\"Extra Motion - upper wishbone front - CanAm x3 - ReulSport - Landrover specialist - Iveco partner\",\"isPartOf\":{\"@id\":\"https:\/\/www.reulsport.com\/#website\"},\"datePublished\":\"2022-10-12T10:28:41+00:00\",\"dateModified\":\"2022-10-12T11:54:34+00:00\",\"breadcrumb\":{\"@id\":\"https:\/\/www.reulsport.com\/en\/produit\/extra-motion-upper-wishbone-front-canam-x3\/#breadcrumb\"},\"inLanguage\":\"en-US\",\"potentialAction\":[{\"@type\":\"ReadAction\",\"target\":[\"https:\/\/www.reulsport.com\/en\/produit\/extra-motion-upper-wishbone-front-canam-x3\/\"]}]},{\"@type\":\"BreadcrumbList\",\"@id\":\"https:\/\/www.reulsport.com\/en\/produit\/extra-motion-upper-wishbone-front-canam-x3\/#breadcrumb\",\"itemListElement\":[{\"@type\":\"ListItem\",\"position\":1,\"name\":\"Accueil\",\"item\":\"https:\/\/www.reulsport.com\/en\/\"},{\"@type\":\"ListItem\",\"position\":2,\"name\":\"Shop\",\"item\":\"https:\/\/www.reulsport.com\/en\/shop\/\"},{\"@type\":\"ListItem\",\"position\":3,\"name\":\"Extra Motion &#8211; upper wishbone front &#8211; CanAm x3\"}]},{\"@type\":\"WebSite\",\"@id\":\"https:\/\/www.reulsport.com\/#website\",\"url\":\"https:\/\/www.reulsport.com\/\",\"name\":\"ReulSport - Landrover specialist - Iveco partner\",\"description\":\"ReulSport est un garage Ineos, Iveco et Polaris dans la r\u00e9gion de Verviers et Li\u00e8ge. Sp\u00e9cialiste de l&#039;Offroad, de la pr\u00e9paration et de l&#039;accessoirisation. .\",\"potentialAction\":[{\"@type\":\"SearchAction\",\"target\":{\"@type\":\"EntryPoint\",\"urlTemplate\":\"https:\/\/www.reulsport.com\/?s={search_term_string}\"},\"query-input\":\"required name=search_term_string\"}],\"inLanguage\":\"en-US\"}]}<\/script>\n<!-- \/ Yoast SEO plugin. -->","yoast_head_json":{"title":"Extra Motion - upper wishbone front - CanAm x3 - ReulSport - Landrover specialist - Iveco partner","robots":{"index":"index","follow":"follow","max-snippet":"max-snippet:-1","max-image-preview":"max-image-preview:large","max-video-preview":"max-video-preview:-1"},"canonical":"https:\/\/www.reulsport.com\/en\/produit\/extra-motion-upper-wishbone-front-canam-x3\/","og_locale":"en_US","og_type":"article","og_title":"Extra Motion - upper wishbone front - CanAm x3 - ReulSport - Landrover specialist - Iveco partner","og_description":"ExtraMotion reinforced upper front wishbone for Can-Am x3. Left, right or both wishbone available .","og_url":"https:\/\/www.reulsport.com\/en\/produit\/extra-motion-upper-wishbone-front-canam-x3\/","og_site_name":"ReulSport - Landrover specialist - Iveco partner","article_modified_time":"2022-10-12T11:54:34+00:00","og_image":[{"width":1920,"height":2560,"url":"https:\/\/www.reulsport.com\/wp-content\/uploads\/2022\/10\/310606661_855665418930923_8988760486945594309_n.jpg","type":"image\/jpeg"}],"twitter_card":"summary_large_image","schema":{"@context":"https:\/\/schema.org","@graph":[{"@type":"WebPage","@id":"https:\/\/www.reulsport.com\/en\/produit\/extra-motion-upper-wishbone-front-canam-x3\/","url":"https:\/\/www.reulsport.com\/en\/produit\/extra-motion-upper-wishbone-front-canam-x3\/","name":"Extra Motion - upper wishbone front - CanAm x3 - ReulSport - Landrover specialist - Iveco partner","isPartOf":{"@id":"https:\/\/www.reulsport.com\/#website"},"datePublished":"2022-10-12T10:28:41+00:00","dateModified":"2022-10-12T11:54:34+00:00","breadcrumb":{"@id":"https:\/\/www.reulsport.com\/en\/produit\/extra-motion-upper-wishbone-front-canam-x3\/#breadcrumb"},"inLanguage":"en-US","potentialAction":[{"@type":"ReadAction","target":["https:\/\/www.reulsport.com\/en\/produit\/extra-motion-upper-wishbone-front-canam-x3\/"]}]},{"@type":"BreadcrumbList","@id":"https:\/\/www.reulsport.com\/en\/produit\/extra-motion-upper-wishbone-front-canam-x3\/#breadcrumb","itemListElement":[{"@type":"ListItem","position":1,"name":"Accueil","item":"https:\/\/www.reulsport.com\/en\/"},{"@type":"ListItem","position":2,"name":"Shop","item":"https:\/\/www.reulsport.com\/en\/shop\/"},{"@type":"ListItem","position":3,"name":"Extra Motion &#8211; upper wishbone front &#8211; CanAm x3"}]},{"@type":"WebSite","@id":"https:\/\/www.reulsport.com\/#website","url":"https:\/\/www.reulsport.com\/","name":"ReulSport - Landrover specialist - Iveco partner","description":"ReulSport est un garage Ineos, Iveco et Polaris dans la r\u00e9gion de Verviers et Li\u00e8ge. Sp\u00e9cialiste de l&#039;Offroad, de la pr\u00e9paration et de l&#039;accessoirisation. .","potentialAction":[{"@type":"SearchAction","target":{"@type":"EntryPoint","urlTemplate":"https:\/\/www.reulsport.com\/?s={search_term_string}"},"query-input":"required name=search_term_string"}],"inLanguage":"en-US"}]}},"_links":{"self":[{"href":"https:\/\/www.reulsport.com\/en\/wp-json\/wp\/v2\/product\/44040"}],"collection":[{"href":"https:\/\/www.reulsport.com\/en\/wp-json\/wp\/v2\/product"}],"about":[{"href":"https:\/\/www.reulsport.com\/en\/wp-json\/wp\/v2\/types\/product"}],"replies":[{"embeddable":true,"href":"https:\/\/www.reulsport.com\/en\/wp-json\/wp\/v2\/comments?post=44040"}],"wp:featuredmedia":[{"embeddable":true,"href":"https:\/\/www.reulsport.com\/en\/wp-json\/wp\/v2\/media\/44018"}],"wp:attachment":[{"href":"https:\/\/www.reulsport.com\/en\/wp-json\/wp\/v2\/media?parent=44040"}],"wp:term":[{"taxonomy":"product_cat","embeddable":true,"href":"https:\/\/www.reulsport.com\/en\/wp-json\/wp\/v2\/product_cat?post=44040"},{"taxonomy":"product_tag","embeddable":true,"href":"https:\/\/www.reulsport.com\/en\/wp-json\/wp\/v2\/product_tag?post=44040"}],"curies":[{"name":"wp","href":"https:\/\/api.w.org\/{rel}","templated":true}]}}