{"id":4477,"date":"2018-08-31T10:16:47","date_gmt":"2018-08-31T08:16:47","guid":{"rendered":"https:\/\/www.reulsport.com\/?post_type=product&#038;p=4477\/"},"modified":"2018-08-31T10:16:48","modified_gmt":"2018-08-31T08:16:48","slug":"330c-ig-series-compressor-kit-24v-intercooler-head-100","status":"publish","type":"product","link":"https:\/\/www.reulsport.com\/en\/produit\/330c-ig-series-compressor-kit-24v-intercooler-head-100\/","title":{"rendered":"330C IG Series Compressor Kit (24V, Intercooler Head, 100% )"},"content":{"rendered":"<p>Industrial Grade (IG) compressors are specifically designed to fill air reservoir tanks and feature a head assembly that includes a newly-developed, patents pending innovative head design for better heat dissipation. All IG compressors are certified CE spec. and feature outstanding sealing properties to the elements. Additionally, all IG compressors are equipped with a separate stainless steel braided PTFE-lined leader hoses and check valve assembly that protects the compressor against high amperage restarts.<\/p>\n<p><img decoding=\"async\" src=\"http:\/\/www.viaircorp.com\/images\/air_tank_icon.png\" alt=\"air tank icon\" \/><\/p>\n<p>&nbsp;<\/p>\n<div id=\"includedparts\">\n<p><strong>Included Parts:<\/strong><br \/>\n&#8211; Vibration Isolators<br \/>\n&#8211; Mounting Hardware<br \/>\n&#8211; 1\/4&#8243; Quick Connect Stud<br \/>\n&#8211; Heavy Duty 1\/4&#8243; NPT Check Valve<br \/>\n&#8211; Stainless Steel Braided Leader Hose<br \/>\n&#8211; Air Line for Remote Mount Air Filter<br \/>\n&#8211; Remote Mount Air Filter Assembly<br \/>\n&#8211; (2) Replacement Air Filter Elements<br \/>\n&#8211; Installation Instructions<\/p>\n<\/div>\n<div id=\"components\"><strong>Recommended Components:<\/strong><br \/>\n&#8211;\u00a0<a href=\"http:\/\/www.viaircorp.com\/05gallon.html\">0.5 Gallon Tank (P\/N 91005)<\/a>\u00a0<br \/>\n&#8211;\u00a0<a href=\"http:\/\/www.viaircorp.com\/1gallon.html\">1.0 Gallon Tank (P\/N 91010, 91014)<\/a>\u00a0<br \/>\n&#8211;\u00a0<a href=\"http:\/\/www.viaircorp.com\/2gallon.html\">2.0 Gallon Tank (P\/N 91022)<\/a>\u00a0<br \/>\n&#8211;\u00a0<a href=\"http:\/\/www.viaircorp.com\/2_5gallon.html\">2.5 Gallon Tank (P\/N 91025)<\/a>\u00a0<br \/>\n&#8211;\u00a0<a href=\"http:\/\/www.viaircorp.com\/relays.html\">12V Relay (P\/N 93940, 93977, 93980)<\/a>\u00a0<br \/>\n&#8211;\u00a0<a href=\"http:\/\/www.viaircorp.com\/relays.html\">24V Relay (P\/N 93943, 93979)<\/a>\u00a0<br \/>\n&#8211;\u00a0<a href=\"http:\/\/www.viaircorp.com\/pswitches.html\">Pressure Switches (P\/N 90100, 90101, 90102)<\/a><br \/>\n&#8211;\u00a0<a href=\"http:\/\/www.viaircorp.com\/pswitchrelay.html\">Pressure Switches with Relay (P\/N 90110*, 90111*, 90113*)<\/a><br \/>\n&#8211;\u00a0<a href=\"http:\/\/www.viaircorp.com\/sealedpswitches.html\">Sealed Pressure Switches (P\/N 90217, 90223, 90227)<\/a><\/p>\n<p><em>*For 12V Only.<\/em><\/p>\n<\/div>\n<p>&nbsp;<\/p>\n<div id=\"tabs\" class=\"ui-tabs ui-widget ui-widget-content ui-corner-all\">\n<ul class=\"ui-tabs-nav ui-helper-reset ui-helper-clearfix ui-widget-header ui-corner-all\">\n<li class=\"ui-state-default ui-corner-top ui-tabs-selected ui-state-active\"><a href=\"http:\/\/www.viaircorp.com\/250C-IG.html#tabs-1\">Specifications<\/a><\/li>\n<li class=\"ui-state-default ui-corner-top\"><a class=\"first\" href=\"http:\/\/www.viaircorp.com\/250C-IG.html#tabs-2\">Performance Data<\/a><\/li>\n<li class=\"ui-state-default ui-corner-top\"><a href=\"http:\/\/www.viaircorp.com\/250C-IG.html#tabs-3\">Fill Rates<\/a><\/li>\n<\/ul>\n<p>&#8211; 12-Volt \/ 24-Volt<br \/>\n&#8211; Permanent Magnetic Motor<br \/>\n&#8211; Duty Cycle: 100% @ 100 PSI<br \/>\n&#8211; Max. Working Pressure: 150 PSI<br \/>\n&#8211; Max. Air Tank Size: 2.5 Gallon\u00a0<br \/>\n&#8211; Max. 12V Amp Draw: 11 Amps<br \/>\n&#8211; Max. 24V Amp Draw: 6 Amps<br \/>\n&#8211; Dimensions: 7.4&#8243;L x 3.9&#8243;W x 6.75&#8243;H<br \/>\n&#8211; Net Weight: 6.75 lbs.<\/p>\n<\/div>\n","protected":false},"excerpt":{"rendered":"<p>Industrial Grade (IG) compressors are specifically designed to fill air reservoir tanks and feature a head assembly that includes a newly-developed, patents pending innovative head design for better heat dissipation. All IG compressors are certified CE spec. and feature outstanding sealing properties to the elements. Additionally, all IG compressors are equipped with a separate stainless [&hellip;]<\/p>\n","protected":false},"featured_media":8362,"comment_status":"open","ping_status":"closed","template":"","meta":[],"product_cat":[147],"product_tag":[],"acf":[],"yoast_head":"<!-- This site is optimized with the Yoast SEO plugin v20.1 - https:\/\/yoast.com\/wordpress\/plugins\/seo\/ -->\n<title>330C IG Series Compressor Kit (24V, Intercooler Head, 100% ) - ReulSport - Landrover specialist - Iveco partner<\/title>\n<meta name=\"robots\" content=\"index, follow, max-snippet:-1, max-image-preview:large, max-video-preview:-1\" \/>\n<link rel=\"canonical\" href=\"https:\/\/www.reulsport.com\/en\/produit\/330c-ig-series-compressor-kit-24v-intercooler-head-100\/\" \/>\n<meta property=\"og:locale\" content=\"en_US\" \/>\n<meta property=\"og:type\" content=\"article\" \/>\n<meta property=\"og:title\" content=\"330C IG Series Compressor Kit (24V, Intercooler Head, 100% ) - ReulSport - Landrover specialist - Iveco partner\" \/>\n<meta property=\"og:description\" content=\"Industrial Grade (IG) compressors are specifically designed to fill air reservoir tanks and feature a head assembly that includes a newly-developed, patents pending innovative head design for better heat dissipation. All IG compressors are certified CE spec. and feature outstanding sealing properties to the elements. Additionally, all IG compressors are equipped with a separate stainless [&hellip;]\" \/>\n<meta property=\"og:url\" content=\"https:\/\/www.reulsport.com\/en\/produit\/330c-ig-series-compressor-kit-24v-intercooler-head-100\/\" \/>\n<meta property=\"og:site_name\" content=\"ReulSport - Landrover specialist - Iveco partner\" \/>\n<meta property=\"article:modified_time\" content=\"2018-08-31T08:16:48+00:00\" \/>\n<meta property=\"og:image\" content=\"https:\/\/www.reulsport.com\/wp-content\/uploads\/2018\/03\/VIA-33058.jpg\" \/>\n\t<meta property=\"og:image:width\" content=\"600\" \/>\n\t<meta property=\"og:image:height\" content=\"600\" \/>\n\t<meta property=\"og:image:type\" content=\"image\/jpeg\" \/>\n<meta name=\"twitter:card\" content=\"summary_large_image\" \/>\n<meta name=\"twitter:label1\" content=\"Est. reading time\" \/>\n\t<meta name=\"twitter:data1\" content=\"1 minute\" \/>\n<script type=\"application\/ld+json\" class=\"yoast-schema-graph\">{\"@context\":\"https:\/\/schema.org\",\"@graph\":[{\"@type\":\"WebPage\",\"@id\":\"https:\/\/www.reulsport.com\/en\/produit\/330c-ig-series-compressor-kit-24v-intercooler-head-100\/\",\"url\":\"https:\/\/www.reulsport.com\/en\/produit\/330c-ig-series-compressor-kit-24v-intercooler-head-100\/\",\"name\":\"330C IG Series Compressor Kit (24V, Intercooler Head, 100% ) - ReulSport - Landrover specialist - Iveco partner\",\"isPartOf\":{\"@id\":\"https:\/\/www.reulsport.com\/#website\"},\"datePublished\":\"2018-08-31T08:16:47+00:00\",\"dateModified\":\"2018-08-31T08:16:48+00:00\",\"breadcrumb\":{\"@id\":\"https:\/\/www.reulsport.com\/en\/produit\/330c-ig-series-compressor-kit-24v-intercooler-head-100\/#breadcrumb\"},\"inLanguage\":\"en-US\",\"potentialAction\":[{\"@type\":\"ReadAction\",\"target\":[\"https:\/\/www.reulsport.com\/en\/produit\/330c-ig-series-compressor-kit-24v-intercooler-head-100\/\"]}]},{\"@type\":\"BreadcrumbList\",\"@id\":\"https:\/\/www.reulsport.com\/en\/produit\/330c-ig-series-compressor-kit-24v-intercooler-head-100\/#breadcrumb\",\"itemListElement\":[{\"@type\":\"ListItem\",\"position\":1,\"name\":\"Accueil\",\"item\":\"https:\/\/www.reulsport.com\/en\/\"},{\"@type\":\"ListItem\",\"position\":2,\"name\":\"Shop\",\"item\":\"https:\/\/www.reulsport.com\/en\/shop\/\"},{\"@type\":\"ListItem\",\"position\":3,\"name\":\"330C IG Series Compressor Kit (24V, Intercooler Head, 100% )\"}]},{\"@type\":\"WebSite\",\"@id\":\"https:\/\/www.reulsport.com\/#website\",\"url\":\"https:\/\/www.reulsport.com\/\",\"name\":\"ReulSport - Landrover specialist - Iveco partner\",\"description\":\"ReulSport est un garage Ineos, Iveco et Polaris dans la r\u00e9gion de Verviers et Li\u00e8ge. Sp\u00e9cialiste de l&#039;Offroad, de la pr\u00e9paration et de l&#039;accessoirisation. .\",\"potentialAction\":[{\"@type\":\"SearchAction\",\"target\":{\"@type\":\"EntryPoint\",\"urlTemplate\":\"https:\/\/www.reulsport.com\/?s={search_term_string}\"},\"query-input\":\"required name=search_term_string\"}],\"inLanguage\":\"en-US\"}]}<\/script>\n<!-- \/ Yoast SEO plugin. -->","yoast_head_json":{"title":"330C IG Series Compressor Kit (24V, Intercooler Head, 100% ) - ReulSport - Landrover specialist - Iveco partner","robots":{"index":"index","follow":"follow","max-snippet":"max-snippet:-1","max-image-preview":"max-image-preview:large","max-video-preview":"max-video-preview:-1"},"canonical":"https:\/\/www.reulsport.com\/en\/produit\/330c-ig-series-compressor-kit-24v-intercooler-head-100\/","og_locale":"en_US","og_type":"article","og_title":"330C IG Series Compressor Kit (24V, Intercooler Head, 100% ) - ReulSport - Landrover specialist - Iveco partner","og_description":"Industrial Grade (IG) compressors are specifically designed to fill air reservoir tanks and feature a head assembly that includes a newly-developed, patents pending innovative head design for better heat dissipation. All IG compressors are certified CE spec. and feature outstanding sealing properties to the elements. Additionally, all IG compressors are equipped with a separate stainless [&hellip;]","og_url":"https:\/\/www.reulsport.com\/en\/produit\/330c-ig-series-compressor-kit-24v-intercooler-head-100\/","og_site_name":"ReulSport - Landrover specialist - Iveco partner","article_modified_time":"2018-08-31T08:16:48+00:00","og_image":[{"width":600,"height":600,"url":"https:\/\/www.reulsport.com\/wp-content\/uploads\/2018\/03\/VIA-33058.jpg","type":"image\/jpeg"}],"twitter_card":"summary_large_image","twitter_misc":{"Est. reading time":"1 minute"},"schema":{"@context":"https:\/\/schema.org","@graph":[{"@type":"WebPage","@id":"https:\/\/www.reulsport.com\/en\/produit\/330c-ig-series-compressor-kit-24v-intercooler-head-100\/","url":"https:\/\/www.reulsport.com\/en\/produit\/330c-ig-series-compressor-kit-24v-intercooler-head-100\/","name":"330C IG Series Compressor Kit (24V, Intercooler Head, 100% ) - ReulSport - Landrover specialist - Iveco partner","isPartOf":{"@id":"https:\/\/www.reulsport.com\/#website"},"datePublished":"2018-08-31T08:16:47+00:00","dateModified":"2018-08-31T08:16:48+00:00","breadcrumb":{"@id":"https:\/\/www.reulsport.com\/en\/produit\/330c-ig-series-compressor-kit-24v-intercooler-head-100\/#breadcrumb"},"inLanguage":"en-US","potentialAction":[{"@type":"ReadAction","target":["https:\/\/www.reulsport.com\/en\/produit\/330c-ig-series-compressor-kit-24v-intercooler-head-100\/"]}]},{"@type":"BreadcrumbList","@id":"https:\/\/www.reulsport.com\/en\/produit\/330c-ig-series-compressor-kit-24v-intercooler-head-100\/#breadcrumb","itemListElement":[{"@type":"ListItem","position":1,"name":"Accueil","item":"https:\/\/www.reulsport.com\/en\/"},{"@type":"ListItem","position":2,"name":"Shop","item":"https:\/\/www.reulsport.com\/en\/shop\/"},{"@type":"ListItem","position":3,"name":"330C IG Series Compressor Kit (24V, Intercooler Head, 100% )"}]},{"@type":"WebSite","@id":"https:\/\/www.reulsport.com\/#website","url":"https:\/\/www.reulsport.com\/","name":"ReulSport - Landrover specialist - Iveco partner","description":"ReulSport est un garage Ineos, Iveco et Polaris dans la r\u00e9gion de Verviers et Li\u00e8ge. Sp\u00e9cialiste de l&#039;Offroad, de la pr\u00e9paration et de l&#039;accessoirisation. .","potentialAction":[{"@type":"SearchAction","target":{"@type":"EntryPoint","urlTemplate":"https:\/\/www.reulsport.com\/?s={search_term_string}"},"query-input":"required name=search_term_string"}],"inLanguage":"en-US"}]}},"_links":{"self":[{"href":"https:\/\/www.reulsport.com\/en\/wp-json\/wp\/v2\/product\/4477"}],"collection":[{"href":"https:\/\/www.reulsport.com\/en\/wp-json\/wp\/v2\/product"}],"about":[{"href":"https:\/\/www.reulsport.com\/en\/wp-json\/wp\/v2\/types\/product"}],"replies":[{"embeddable":true,"href":"https:\/\/www.reulsport.com\/en\/wp-json\/wp\/v2\/comments?post=4477"}],"wp:featuredmedia":[{"embeddable":true,"href":"https:\/\/www.reulsport.com\/en\/wp-json\/wp\/v2\/media\/8362"}],"wp:attachment":[{"href":"https:\/\/www.reulsport.com\/en\/wp-json\/wp\/v2\/media?parent=4477"}],"wp:term":[{"taxonomy":"product_cat","embeddable":true,"href":"https:\/\/www.reulsport.com\/en\/wp-json\/wp\/v2\/product_cat?post=4477"},{"taxonomy":"product_tag","embeddable":true,"href":"https:\/\/www.reulsport.com\/en\/wp-json\/wp\/v2\/product_tag?post=4477"}],"curies":[{"name":"wp","href":"https:\/\/api.w.org\/{rel}","templated":true}]}}