{"id":4545,"date":"2018-08-29T14:23:36","date_gmt":"2018-08-29T12:23:36","guid":{"rendered":"https:\/\/www.reulsport.com\/?post_type=product&#038;p=4545\/"},"modified":"2018-09-04T10:56:07","modified_gmt":"2018-09-04T08:56:07","slug":"pressure-switch-with-relay-12v-only-18-inch-npt-m-port-2","status":"publish","type":"product","link":"https:\/\/www.reulsport.com\/en\/produit\/pressure-switch-with-relay-12v-only-18-inch-npt-m-port-2\/","title":{"rendered":"Pressure Switch with Relay, 12V Only, 1\/8 inch NPT M Port"},"content":{"rendered":"<p>110 PSI ON \/ 145 PSI OFF<\/p>\n<p>&nbsp;<\/p>\n<p>For 12-Volt systems only up to 40 amps. Moisture resistant and tested to last over 10,000 cycles. Leads are pre-fitted with insulated male push-to-connect terminals that are clearly marked.<br \/>\n Measures 4.25\u2033L x 2.25\u2033W x 2.25\u2033H<\/p>\n<p>\u2013 1\/8\u2033 (M) NPT Port Fitting<\/p>\n","protected":false},"excerpt":{"rendered":"<p>110 PSI ON \/ 145 PSI OFF &nbsp; For 12-Volt systems only up to 40 amps. Moisture resistant and tested to last over 10,000 cycles. Leads are pre-fitted with insulated male push-to-connect terminals that are clearly marked. Measures 4.25\u2033L x 2.25\u2033W x 2.25\u2033H \u2013 1\/8\u2033 (M) NPT Port Fitting<\/p>\n","protected":false},"featured_media":8170,"comment_status":"open","ping_status":"closed","template":"","meta":[],"product_cat":[100],"product_tag":[],"acf":[],"yoast_head":"<!-- This site is optimized with the Yoast SEO plugin v20.1 - https:\/\/yoast.com\/wordpress\/plugins\/seo\/ -->\n<title>Pressure Switch with Relay, 12V Only, 1\/8 inch NPT M Port - ReulSport - Landrover specialist - Iveco partner<\/title>\n<meta name=\"robots\" content=\"index, follow, max-snippet:-1, max-image-preview:large, max-video-preview:-1\" \/>\n<link rel=\"canonical\" href=\"https:\/\/www.reulsport.com\/en\/produit\/pressure-switch-with-relay-12v-only-18-inch-npt-m-port-2\/\" \/>\n<meta property=\"og:locale\" content=\"en_US\" \/>\n<meta property=\"og:type\" content=\"article\" \/>\n<meta property=\"og:title\" content=\"Pressure Switch with Relay, 12V Only, 1\/8 inch NPT M Port - ReulSport - Landrover specialist - Iveco partner\" \/>\n<meta property=\"og:description\" content=\"110 PSI ON \/ 145 PSI OFF &nbsp; For 12-Volt systems only up to 40 amps. Moisture resistant and tested to last over 10,000 cycles. Leads are pre-fitted with insulated male push-to-connect terminals that are clearly marked. Measures 4.25\u2033L x 2.25\u2033W x 2.25\u2033H \u2013 1\/8\u2033 (M) NPT Port Fitting\" \/>\n<meta property=\"og:url\" content=\"https:\/\/www.reulsport.com\/en\/produit\/pressure-switch-with-relay-12v-only-18-inch-npt-m-port-2\/\" \/>\n<meta property=\"og:site_name\" content=\"ReulSport - Landrover specialist - Iveco partner\" \/>\n<meta property=\"article:modified_time\" content=\"2018-09-04T08:56:07+00:00\" \/>\n<meta property=\"og:image\" content=\"https:\/\/www.reulsport.com\/wp-content\/uploads\/2018\/03\/VIA-90118.jpg\" \/>\n\t<meta property=\"og:image:width\" content=\"600\" \/>\n\t<meta property=\"og:image:height\" content=\"600\" \/>\n\t<meta property=\"og:image:type\" content=\"image\/jpeg\" \/>\n<meta name=\"twitter:card\" content=\"summary_large_image\" \/>\n<script type=\"application\/ld+json\" class=\"yoast-schema-graph\">{\"@context\":\"https:\/\/schema.org\",\"@graph\":[{\"@type\":\"WebPage\",\"@id\":\"https:\/\/www.reulsport.com\/en\/produit\/pressure-switch-with-relay-12v-only-18-inch-npt-m-port-2\/\",\"url\":\"https:\/\/www.reulsport.com\/en\/produit\/pressure-switch-with-relay-12v-only-18-inch-npt-m-port-2\/\",\"name\":\"Pressure Switch with Relay, 12V Only, 1\/8 inch NPT M Port - ReulSport - Landrover specialist - Iveco partner\",\"isPartOf\":{\"@id\":\"https:\/\/www.reulsport.com\/#website\"},\"datePublished\":\"2018-08-29T12:23:36+00:00\",\"dateModified\":\"2018-09-04T08:56:07+00:00\",\"breadcrumb\":{\"@id\":\"https:\/\/www.reulsport.com\/en\/produit\/pressure-switch-with-relay-12v-only-18-inch-npt-m-port-2\/#breadcrumb\"},\"inLanguage\":\"en-US\",\"potentialAction\":[{\"@type\":\"ReadAction\",\"target\":[\"https:\/\/www.reulsport.com\/en\/produit\/pressure-switch-with-relay-12v-only-18-inch-npt-m-port-2\/\"]}]},{\"@type\":\"BreadcrumbList\",\"@id\":\"https:\/\/www.reulsport.com\/en\/produit\/pressure-switch-with-relay-12v-only-18-inch-npt-m-port-2\/#breadcrumb\",\"itemListElement\":[{\"@type\":\"ListItem\",\"position\":1,\"name\":\"Accueil\",\"item\":\"https:\/\/www.reulsport.com\/en\/\"},{\"@type\":\"ListItem\",\"position\":2,\"name\":\"Shop\",\"item\":\"https:\/\/www.reulsport.com\/en\/shop\/\"},{\"@type\":\"ListItem\",\"position\":3,\"name\":\"Pressure Switch with Relay, 12V Only, 1\/8 inch NPT M Port\"}]},{\"@type\":\"WebSite\",\"@id\":\"https:\/\/www.reulsport.com\/#website\",\"url\":\"https:\/\/www.reulsport.com\/\",\"name\":\"ReulSport - Landrover specialist - Iveco partner\",\"description\":\"ReulSport est un garage Ineos, Iveco et Polaris dans la r\u00e9gion de Verviers et Li\u00e8ge. Sp\u00e9cialiste de l&#039;Offroad, de la pr\u00e9paration et de l&#039;accessoirisation. .\",\"potentialAction\":[{\"@type\":\"SearchAction\",\"target\":{\"@type\":\"EntryPoint\",\"urlTemplate\":\"https:\/\/www.reulsport.com\/?s={search_term_string}\"},\"query-input\":\"required name=search_term_string\"}],\"inLanguage\":\"en-US\"}]}<\/script>\n<!-- \/ Yoast SEO plugin. -->","yoast_head_json":{"title":"Pressure Switch with Relay, 12V Only, 1\/8 inch NPT M Port - ReulSport - Landrover specialist - Iveco partner","robots":{"index":"index","follow":"follow","max-snippet":"max-snippet:-1","max-image-preview":"max-image-preview:large","max-video-preview":"max-video-preview:-1"},"canonical":"https:\/\/www.reulsport.com\/en\/produit\/pressure-switch-with-relay-12v-only-18-inch-npt-m-port-2\/","og_locale":"en_US","og_type":"article","og_title":"Pressure Switch with Relay, 12V Only, 1\/8 inch NPT M Port - ReulSport - Landrover specialist - Iveco partner","og_description":"110 PSI ON \/ 145 PSI OFF &nbsp; For 12-Volt systems only up to 40 amps. Moisture resistant and tested to last over 10,000 cycles. Leads are pre-fitted with insulated male push-to-connect terminals that are clearly marked. Measures 4.25\u2033L x 2.25\u2033W x 2.25\u2033H \u2013 1\/8\u2033 (M) NPT Port Fitting","og_url":"https:\/\/www.reulsport.com\/en\/produit\/pressure-switch-with-relay-12v-only-18-inch-npt-m-port-2\/","og_site_name":"ReulSport - Landrover specialist - Iveco partner","article_modified_time":"2018-09-04T08:56:07+00:00","og_image":[{"width":600,"height":600,"url":"https:\/\/www.reulsport.com\/wp-content\/uploads\/2018\/03\/VIA-90118.jpg","type":"image\/jpeg"}],"twitter_card":"summary_large_image","schema":{"@context":"https:\/\/schema.org","@graph":[{"@type":"WebPage","@id":"https:\/\/www.reulsport.com\/en\/produit\/pressure-switch-with-relay-12v-only-18-inch-npt-m-port-2\/","url":"https:\/\/www.reulsport.com\/en\/produit\/pressure-switch-with-relay-12v-only-18-inch-npt-m-port-2\/","name":"Pressure Switch with Relay, 12V Only, 1\/8 inch NPT M Port - ReulSport - Landrover specialist - Iveco partner","isPartOf":{"@id":"https:\/\/www.reulsport.com\/#website"},"datePublished":"2018-08-29T12:23:36+00:00","dateModified":"2018-09-04T08:56:07+00:00","breadcrumb":{"@id":"https:\/\/www.reulsport.com\/en\/produit\/pressure-switch-with-relay-12v-only-18-inch-npt-m-port-2\/#breadcrumb"},"inLanguage":"en-US","potentialAction":[{"@type":"ReadAction","target":["https:\/\/www.reulsport.com\/en\/produit\/pressure-switch-with-relay-12v-only-18-inch-npt-m-port-2\/"]}]},{"@type":"BreadcrumbList","@id":"https:\/\/www.reulsport.com\/en\/produit\/pressure-switch-with-relay-12v-only-18-inch-npt-m-port-2\/#breadcrumb","itemListElement":[{"@type":"ListItem","position":1,"name":"Accueil","item":"https:\/\/www.reulsport.com\/en\/"},{"@type":"ListItem","position":2,"name":"Shop","item":"https:\/\/www.reulsport.com\/en\/shop\/"},{"@type":"ListItem","position":3,"name":"Pressure Switch with Relay, 12V Only, 1\/8 inch NPT M Port"}]},{"@type":"WebSite","@id":"https:\/\/www.reulsport.com\/#website","url":"https:\/\/www.reulsport.com\/","name":"ReulSport - Landrover specialist - Iveco partner","description":"ReulSport est un garage Ineos, Iveco et Polaris dans la r\u00e9gion de Verviers et Li\u00e8ge. Sp\u00e9cialiste de l&#039;Offroad, de la pr\u00e9paration et de l&#039;accessoirisation. .","potentialAction":[{"@type":"SearchAction","target":{"@type":"EntryPoint","urlTemplate":"https:\/\/www.reulsport.com\/?s={search_term_string}"},"query-input":"required name=search_term_string"}],"inLanguage":"en-US"}]}},"_links":{"self":[{"href":"https:\/\/www.reulsport.com\/en\/wp-json\/wp\/v2\/product\/4545"}],"collection":[{"href":"https:\/\/www.reulsport.com\/en\/wp-json\/wp\/v2\/product"}],"about":[{"href":"https:\/\/www.reulsport.com\/en\/wp-json\/wp\/v2\/types\/product"}],"replies":[{"embeddable":true,"href":"https:\/\/www.reulsport.com\/en\/wp-json\/wp\/v2\/comments?post=4545"}],"wp:featuredmedia":[{"embeddable":true,"href":"https:\/\/www.reulsport.com\/en\/wp-json\/wp\/v2\/media\/8170"}],"wp:attachment":[{"href":"https:\/\/www.reulsport.com\/en\/wp-json\/wp\/v2\/media?parent=4545"}],"wp:term":[{"taxonomy":"product_cat","embeddable":true,"href":"https:\/\/www.reulsport.com\/en\/wp-json\/wp\/v2\/product_cat?post=4545"},{"taxonomy":"product_tag","embeddable":true,"href":"https:\/\/www.reulsport.com\/en\/wp-json\/wp\/v2\/product_tag?post=4545"}],"curies":[{"name":"wp","href":"https:\/\/api.w.org\/{rel}","templated":true}]}}