{"id":52030,"date":"2023-01-02T12:27:09","date_gmt":"2023-01-02T11:27:22","guid":{"rendered":"https:\/\/www.reulsport.com\/?post_type=product&#038;p=52030"},"modified":"2023-04-19T12:04:35","modified_gmt":"2023-04-19T10:04:35","slug":"bfgoodrich-trail-terrain-t-a","status":"publish","type":"product","link":"https:\/\/www.reulsport.com\/en\/produit\/bfgoodrich-trail-terrain-t-a\/","title":{"rendered":"BFGoodrich Trail Terrain T\/A"},"content":{"rendered":"<h5>Detailled price on demand at the adress : reulparts@reulsport.com<\/h5>\n<h5>Designed to explore<\/h5>\n<ul>\n<li>Casual all-season on- and off-road tyre for crossovers, SUVs and pick-ups<\/li>\n<li>Go on a year-round adventure with a tyre that performs in all weather conditions<\/li>\n<li>3PMSF (3 Peak Mountain Snow Flake) certified for power and grip in winter <\/li>\n<\/ul>\n<h5>Developed for everyday use<\/h5>\n<p>Enjoy smooth, comfortable rides, mile after mile. Thanks to the full depth 3D self-locking sipes, the optimized ground contact surface provides excellent tread block stability and therefore long tread life. Enjoy a quiet and comfortable driving experience thanks to the narrowed lateral grooves.<\/p>\n<h5><img decoding=\"async\" src=\"https:\/\/aecbmesvcm.cloudimg.io\/v7\/https:\/\/dcadprod.azureedge.net\/b2c-experience-bfg-production\/attachments\/cl7fu34h8042x01n5w5em84nx-benefit-1.one-sixth.jpg\" alt=\"benefit 1\" \/><br \/>\nEquipped for every season<\/h5>\n<h5>Don&#8217;t let the weather stop you. Take advantage of the 3PMSF (3 Peak Mountain Snow Flake) certification for safety even in winter. The additional biting edges, designed for all-weather use, are designed to give you power and grip for the life of the tyre.<br \/>\n<img decoding=\"async\" src=\"https:\/\/aecbmesvcm.cloudimg.io\/v7\/https:\/\/dcadprod.azureedge.net\/b2c-experience-bfg-production\/attachments\/cl7fuec28043901n5ls2azxuw-benefit-2.one-sixth.jpg\" alt=\"benefit 2\" \/><\/p>\n<p>Designed to explore<\/h5>\n<p>Rugged, reliable and durable, this all-season tyre features a serrated shoulder, optimised for traction on soft ground in occasional off-road situations, without compromising your sound comfort. Go on an adventure with this BFGoodrich tyre with its distinctive shoulder, designed to deliver impressive performance in casual off-road conditions.<br \/>\n<img decoding=\"async\" src=\"https:\/\/aecbmesvcm.cloudimg.io\/v7\/https:\/\/dcadprod.azureedge.net\/b2c-experience-bfg-production\/attachments\/cl7fu5iup04e501lrh7t8kfa6-benefit-3.one-sixth.jpg\" alt=\"benefit 3\" \/><\/p>\n","protected":false},"excerpt":{"rendered":"<p>Detailled price on demand at the adress : reulparts@reulsport.com Designed to explore Casual all-season on- and off-road tyre for crossovers, SUVs and pick-ups Go on a year-round adventure with a tyre that performs in all weather conditions 3PMSF (3 Peak Mountain Snow Flake) certified for power and grip in winter Developed for everyday use Enjoy [&hellip;]<\/p>\n","protected":false},"featured_media":52087,"comment_status":"closed","ping_status":"closed","template":"","meta":[],"product_cat":[97],"product_tag":[222],"acf":[],"yoast_head":"<!-- This site is optimized with the Yoast SEO plugin v20.1 - https:\/\/yoast.com\/wordpress\/plugins\/seo\/ -->\n<title>BFGoodrich Trail Terrain T\/A - ReulSport - Landrover specialist - Iveco partner<\/title>\n<meta name=\"robots\" content=\"index, follow, max-snippet:-1, max-image-preview:large, max-video-preview:-1\" \/>\n<link rel=\"canonical\" href=\"https:\/\/www.reulsport.com\/en\/produit\/bfgoodrich-trail-terrain-t-a\/\" \/>\n<meta property=\"og:locale\" content=\"en_US\" \/>\n<meta property=\"og:type\" content=\"article\" \/>\n<meta property=\"og:title\" content=\"BFGoodrich Trail Terrain T\/A - ReulSport - Landrover specialist - Iveco partner\" \/>\n<meta property=\"og:description\" content=\"Detailled price on demand at the adress : reulparts@reulsport.com Designed to explore Casual all-season on- and off-road tyre for crossovers, SUVs and pick-ups Go on a year-round adventure with a tyre that performs in all weather conditions 3PMSF (3 Peak Mountain Snow Flake) certified for power and grip in winter Developed for everyday use Enjoy [&hellip;]\" \/>\n<meta property=\"og:url\" content=\"https:\/\/www.reulsport.com\/en\/produit\/bfgoodrich-trail-terrain-t-a\/\" \/>\n<meta property=\"og:site_name\" content=\"ReulSport - Landrover specialist - Iveco partner\" \/>\n<meta property=\"article:modified_time\" content=\"2023-04-19T10:04:35+00:00\" \/>\n<meta property=\"og:image\" content=\"https:\/\/www.reulsport.com\/wp-content\/uploads\/2023\/01\/trail-terrain-1.png\" \/>\n\t<meta property=\"og:image:width\" content=\"608\" \/>\n\t<meta property=\"og:image:height\" content=\"606\" \/>\n\t<meta property=\"og:image:type\" content=\"image\/png\" \/>\n<meta name=\"twitter:card\" content=\"summary_large_image\" \/>\n<meta name=\"twitter:label1\" content=\"Est. reading time\" \/>\n\t<meta name=\"twitter:data1\" content=\"1 minute\" \/>\n<script type=\"application\/ld+json\" class=\"yoast-schema-graph\">{\"@context\":\"https:\/\/schema.org\",\"@graph\":[{\"@type\":\"WebPage\",\"@id\":\"https:\/\/www.reulsport.com\/en\/produit\/bfgoodrich-trail-terrain-t-a\/\",\"url\":\"https:\/\/www.reulsport.com\/en\/produit\/bfgoodrich-trail-terrain-t-a\/\",\"name\":\"BFGoodrich Trail Terrain T\/A - ReulSport - Landrover specialist - Iveco partner\",\"isPartOf\":{\"@id\":\"https:\/\/www.reulsport.com\/#website\"},\"datePublished\":\"2023-01-02T11:27:22+00:00\",\"dateModified\":\"2023-04-19T10:04:35+00:00\",\"breadcrumb\":{\"@id\":\"https:\/\/www.reulsport.com\/en\/produit\/bfgoodrich-trail-terrain-t-a\/#breadcrumb\"},\"inLanguage\":\"en-US\",\"potentialAction\":[{\"@type\":\"ReadAction\",\"target\":[\"https:\/\/www.reulsport.com\/en\/produit\/bfgoodrich-trail-terrain-t-a\/\"]}]},{\"@type\":\"BreadcrumbList\",\"@id\":\"https:\/\/www.reulsport.com\/en\/produit\/bfgoodrich-trail-terrain-t-a\/#breadcrumb\",\"itemListElement\":[{\"@type\":\"ListItem\",\"position\":1,\"name\":\"Accueil\",\"item\":\"https:\/\/www.reulsport.com\/en\/\"},{\"@type\":\"ListItem\",\"position\":2,\"name\":\"Shop\",\"item\":\"https:\/\/www.reulsport.com\/en\/shop\/\"},{\"@type\":\"ListItem\",\"position\":3,\"name\":\"BFGoodrich Trail Terrain T\/A\"}]},{\"@type\":\"WebSite\",\"@id\":\"https:\/\/www.reulsport.com\/#website\",\"url\":\"https:\/\/www.reulsport.com\/\",\"name\":\"ReulSport - Landrover specialist - Iveco partner\",\"description\":\"ReulSport est un garage Ineos, Iveco et Polaris dans la r\u00e9gion de Verviers et Li\u00e8ge. Sp\u00e9cialiste de l&#039;Offroad, de la pr\u00e9paration et de l&#039;accessoirisation. .\",\"potentialAction\":[{\"@type\":\"SearchAction\",\"target\":{\"@type\":\"EntryPoint\",\"urlTemplate\":\"https:\/\/www.reulsport.com\/?s={search_term_string}\"},\"query-input\":\"required name=search_term_string\"}],\"inLanguage\":\"en-US\"}]}<\/script>\n<!-- \/ Yoast SEO plugin. -->","yoast_head_json":{"title":"BFGoodrich Trail Terrain T\/A - ReulSport - Landrover specialist - Iveco partner","robots":{"index":"index","follow":"follow","max-snippet":"max-snippet:-1","max-image-preview":"max-image-preview:large","max-video-preview":"max-video-preview:-1"},"canonical":"https:\/\/www.reulsport.com\/en\/produit\/bfgoodrich-trail-terrain-t-a\/","og_locale":"en_US","og_type":"article","og_title":"BFGoodrich Trail Terrain T\/A - ReulSport - Landrover specialist - Iveco partner","og_description":"Detailled price on demand at the adress : reulparts@reulsport.com Designed to explore Casual all-season on- and off-road tyre for crossovers, SUVs and pick-ups Go on a year-round adventure with a tyre that performs in all weather conditions 3PMSF (3 Peak Mountain Snow Flake) certified for power and grip in winter Developed for everyday use Enjoy [&hellip;]","og_url":"https:\/\/www.reulsport.com\/en\/produit\/bfgoodrich-trail-terrain-t-a\/","og_site_name":"ReulSport - Landrover specialist - Iveco partner","article_modified_time":"2023-04-19T10:04:35+00:00","og_image":[{"width":608,"height":606,"url":"https:\/\/www.reulsport.com\/wp-content\/uploads\/2023\/01\/trail-terrain-1.png","type":"image\/png"}],"twitter_card":"summary_large_image","twitter_misc":{"Est. reading time":"1 minute"},"schema":{"@context":"https:\/\/schema.org","@graph":[{"@type":"WebPage","@id":"https:\/\/www.reulsport.com\/en\/produit\/bfgoodrich-trail-terrain-t-a\/","url":"https:\/\/www.reulsport.com\/en\/produit\/bfgoodrich-trail-terrain-t-a\/","name":"BFGoodrich Trail Terrain T\/A - ReulSport - Landrover specialist - Iveco partner","isPartOf":{"@id":"https:\/\/www.reulsport.com\/#website"},"datePublished":"2023-01-02T11:27:22+00:00","dateModified":"2023-04-19T10:04:35+00:00","breadcrumb":{"@id":"https:\/\/www.reulsport.com\/en\/produit\/bfgoodrich-trail-terrain-t-a\/#breadcrumb"},"inLanguage":"en-US","potentialAction":[{"@type":"ReadAction","target":["https:\/\/www.reulsport.com\/en\/produit\/bfgoodrich-trail-terrain-t-a\/"]}]},{"@type":"BreadcrumbList","@id":"https:\/\/www.reulsport.com\/en\/produit\/bfgoodrich-trail-terrain-t-a\/#breadcrumb","itemListElement":[{"@type":"ListItem","position":1,"name":"Accueil","item":"https:\/\/www.reulsport.com\/en\/"},{"@type":"ListItem","position":2,"name":"Shop","item":"https:\/\/www.reulsport.com\/en\/shop\/"},{"@type":"ListItem","position":3,"name":"BFGoodrich Trail Terrain T\/A"}]},{"@type":"WebSite","@id":"https:\/\/www.reulsport.com\/#website","url":"https:\/\/www.reulsport.com\/","name":"ReulSport - Landrover specialist - Iveco partner","description":"ReulSport est un garage Ineos, Iveco et Polaris dans la r\u00e9gion de Verviers et Li\u00e8ge. Sp\u00e9cialiste de l&#039;Offroad, de la pr\u00e9paration et de l&#039;accessoirisation. .","potentialAction":[{"@type":"SearchAction","target":{"@type":"EntryPoint","urlTemplate":"https:\/\/www.reulsport.com\/?s={search_term_string}"},"query-input":"required name=search_term_string"}],"inLanguage":"en-US"}]}},"_links":{"self":[{"href":"https:\/\/www.reulsport.com\/en\/wp-json\/wp\/v2\/product\/52030"}],"collection":[{"href":"https:\/\/www.reulsport.com\/en\/wp-json\/wp\/v2\/product"}],"about":[{"href":"https:\/\/www.reulsport.com\/en\/wp-json\/wp\/v2\/types\/product"}],"replies":[{"embeddable":true,"href":"https:\/\/www.reulsport.com\/en\/wp-json\/wp\/v2\/comments?post=52030"}],"wp:featuredmedia":[{"embeddable":true,"href":"https:\/\/www.reulsport.com\/en\/wp-json\/wp\/v2\/media\/52087"}],"wp:attachment":[{"href":"https:\/\/www.reulsport.com\/en\/wp-json\/wp\/v2\/media?parent=52030"}],"wp:term":[{"taxonomy":"product_cat","embeddable":true,"href":"https:\/\/www.reulsport.com\/en\/wp-json\/wp\/v2\/product_cat?post=52030"},{"taxonomy":"product_tag","embeddable":true,"href":"https:\/\/www.reulsport.com\/en\/wp-json\/wp\/v2\/product_tag?post=52030"}],"curies":[{"name":"wp","href":"https:\/\/api.w.org\/{rel}","templated":true}]}}