{"id":52391,"date":"2023-01-03T11:03:52","date_gmt":"2023-01-03T10:03:52","guid":{"rendered":"https:\/\/www.reulsport.com\/produit\/aluminum-door-hinges-kit-2-doors\/"},"modified":"2023-01-03T11:03:52","modified_gmt":"2023-01-03T10:03:52","slug":"aluminum-door-hinges-kit-2-doors","status":"publish","type":"product","link":"https:\/\/www.reulsport.com\/en\/produit\/aluminum-door-hinges-kit-2-doors\/","title":{"rendered":"Aluminum door hinges kit &#8211; 2 DOORS"},"content":{"rendered":"<p>The original door hinges have quite a few problems. Rust tends to build up and leaks down on the door in a rather ugly manner. Humidity can get into the car. Experienced Landy drivers know that problem well. We have a permanent solution for that problem. Our door hinges made from high strength aluminum are built for eternity.<\/p>\n<p><strong>Your advantages :<\/strong><\/p>\n<p>Optimum protection against corrosion and external influences with protective anodizing<br \/>\nEasy to use lubricating nipples<br \/>\nStainless steel bolts with thick helical groove for optimum grease dispersion<br \/>\nExchangeable friction bearings (stainless steel)<br \/>\nComplex and precisely milled to give your Landy a new optical highlight<\/p>\n<p><strong>Facts :<br \/>\n<\/strong>fits all Land Rover Defender 90, 110 and 130, 1988 and up. Other models on request<br \/>\n2 door kit includes: 4 hinges<br \/>\n4 door kit includes: 8 hinges<br \/>\nincluding mirror mounts and fitted seals for paint protection<br \/>\nstainless steel mounting kit (screws) available as an option<br \/>\nblack anodized<br \/>\n100% MADE IN GERMANY<br \/>\nIf you install this set you get permanently rid of rusting and jamming door hinges! A rewarding investment!<\/p>\n","protected":false},"excerpt":{"rendered":"<p>The original door hinges have quite a few problems. Rust tends to build up and leaks down on the door in a rather ugly manner. Humidity can get into the car. Experienced Landy drivers know that problem well. We have a permanent solution for that problem. Our door hinges made from high strength aluminum are [&hellip;]<\/p>\n","protected":false},"featured_media":52373,"comment_status":"open","ping_status":"closed","template":"","meta":[],"product_cat":[177],"product_tag":[],"acf":[],"yoast_head":"<!-- This site is optimized with the Yoast SEO plugin v20.1 - https:\/\/yoast.com\/wordpress\/plugins\/seo\/ -->\n<title>Aluminum door hinges kit - 2 DOORS - ReulSport - Landrover specialist - Iveco partner<\/title>\n<meta name=\"robots\" content=\"index, follow, max-snippet:-1, max-image-preview:large, max-video-preview:-1\" \/>\n<link rel=\"canonical\" href=\"https:\/\/www.reulsport.com\/en\/produit\/aluminum-door-hinges-kit-2-doors\/\" \/>\n<meta property=\"og:locale\" content=\"en_US\" \/>\n<meta property=\"og:type\" content=\"article\" \/>\n<meta property=\"og:title\" content=\"Aluminum door hinges kit - 2 DOORS - ReulSport - Landrover specialist - Iveco partner\" \/>\n<meta property=\"og:description\" content=\"The original door hinges have quite a few problems. Rust tends to build up and leaks down on the door in a rather ugly manner. Humidity can get into the car. Experienced Landy drivers know that problem well. We have a permanent solution for that problem. Our door hinges made from high strength aluminum are [&hellip;]\" \/>\n<meta property=\"og:url\" content=\"https:\/\/www.reulsport.com\/en\/produit\/aluminum-door-hinges-kit-2-doors\/\" \/>\n<meta property=\"og:site_name\" content=\"ReulSport - Landrover specialist - Iveco partner\" \/>\n<meta property=\"og:image\" content=\"https:\/\/www.reulsport.com\/wp-content\/uploads\/2023\/01\/1111-030417_4_900x600.jpg\" \/>\n\t<meta property=\"og:image:width\" content=\"900\" \/>\n\t<meta property=\"og:image:height\" content=\"600\" \/>\n\t<meta property=\"og:image:type\" content=\"image\/jpeg\" \/>\n<meta name=\"twitter:card\" content=\"summary_large_image\" \/>\n<meta name=\"twitter:label1\" content=\"Est. reading time\" \/>\n\t<meta name=\"twitter:data1\" content=\"1 minute\" \/>\n<script type=\"application\/ld+json\" class=\"yoast-schema-graph\">{\"@context\":\"https:\/\/schema.org\",\"@graph\":[{\"@type\":\"WebPage\",\"@id\":\"https:\/\/www.reulsport.com\/en\/produit\/aluminum-door-hinges-kit-2-doors\/\",\"url\":\"https:\/\/www.reulsport.com\/en\/produit\/aluminum-door-hinges-kit-2-doors\/\",\"name\":\"Aluminum door hinges kit - 2 DOORS - ReulSport - Landrover specialist - Iveco partner\",\"isPartOf\":{\"@id\":\"https:\/\/www.reulsport.com\/#website\"},\"datePublished\":\"2023-01-03T10:03:52+00:00\",\"dateModified\":\"2023-01-03T10:03:52+00:00\",\"breadcrumb\":{\"@id\":\"https:\/\/www.reulsport.com\/en\/produit\/aluminum-door-hinges-kit-2-doors\/#breadcrumb\"},\"inLanguage\":\"en-US\",\"potentialAction\":[{\"@type\":\"ReadAction\",\"target\":[\"https:\/\/www.reulsport.com\/en\/produit\/aluminum-door-hinges-kit-2-doors\/\"]}]},{\"@type\":\"BreadcrumbList\",\"@id\":\"https:\/\/www.reulsport.com\/en\/produit\/aluminum-door-hinges-kit-2-doors\/#breadcrumb\",\"itemListElement\":[{\"@type\":\"ListItem\",\"position\":1,\"name\":\"Accueil\",\"item\":\"https:\/\/www.reulsport.com\/en\/\"},{\"@type\":\"ListItem\",\"position\":2,\"name\":\"Shop\",\"item\":\"https:\/\/www.reulsport.com\/en\/shop\/\"},{\"@type\":\"ListItem\",\"position\":3,\"name\":\"Aluminum door hinges kit &#8211; 2 DOORS\"}]},{\"@type\":\"WebSite\",\"@id\":\"https:\/\/www.reulsport.com\/#website\",\"url\":\"https:\/\/www.reulsport.com\/\",\"name\":\"ReulSport - Landrover specialist - Iveco partner\",\"description\":\"ReulSport est un garage Ineos, Iveco et Polaris dans la r\u00e9gion de Verviers et Li\u00e8ge. Sp\u00e9cialiste de l&#039;Offroad, de la pr\u00e9paration et de l&#039;accessoirisation. .\",\"potentialAction\":[{\"@type\":\"SearchAction\",\"target\":{\"@type\":\"EntryPoint\",\"urlTemplate\":\"https:\/\/www.reulsport.com\/?s={search_term_string}\"},\"query-input\":\"required name=search_term_string\"}],\"inLanguage\":\"en-US\"}]}<\/script>\n<!-- \/ Yoast SEO plugin. -->","yoast_head_json":{"title":"Aluminum door hinges kit - 2 DOORS - ReulSport - Landrover specialist - Iveco partner","robots":{"index":"index","follow":"follow","max-snippet":"max-snippet:-1","max-image-preview":"max-image-preview:large","max-video-preview":"max-video-preview:-1"},"canonical":"https:\/\/www.reulsport.com\/en\/produit\/aluminum-door-hinges-kit-2-doors\/","og_locale":"en_US","og_type":"article","og_title":"Aluminum door hinges kit - 2 DOORS - ReulSport - Landrover specialist - Iveco partner","og_description":"The original door hinges have quite a few problems. Rust tends to build up and leaks down on the door in a rather ugly manner. Humidity can get into the car. Experienced Landy drivers know that problem well. We have a permanent solution for that problem. Our door hinges made from high strength aluminum are [&hellip;]","og_url":"https:\/\/www.reulsport.com\/en\/produit\/aluminum-door-hinges-kit-2-doors\/","og_site_name":"ReulSport - Landrover specialist - Iveco partner","og_image":[{"width":900,"height":600,"url":"https:\/\/www.reulsport.com\/wp-content\/uploads\/2023\/01\/1111-030417_4_900x600.jpg","type":"image\/jpeg"}],"twitter_card":"summary_large_image","twitter_misc":{"Est. reading time":"1 minute"},"schema":{"@context":"https:\/\/schema.org","@graph":[{"@type":"WebPage","@id":"https:\/\/www.reulsport.com\/en\/produit\/aluminum-door-hinges-kit-2-doors\/","url":"https:\/\/www.reulsport.com\/en\/produit\/aluminum-door-hinges-kit-2-doors\/","name":"Aluminum door hinges kit - 2 DOORS - ReulSport - Landrover specialist - Iveco partner","isPartOf":{"@id":"https:\/\/www.reulsport.com\/#website"},"datePublished":"2023-01-03T10:03:52+00:00","dateModified":"2023-01-03T10:03:52+00:00","breadcrumb":{"@id":"https:\/\/www.reulsport.com\/en\/produit\/aluminum-door-hinges-kit-2-doors\/#breadcrumb"},"inLanguage":"en-US","potentialAction":[{"@type":"ReadAction","target":["https:\/\/www.reulsport.com\/en\/produit\/aluminum-door-hinges-kit-2-doors\/"]}]},{"@type":"BreadcrumbList","@id":"https:\/\/www.reulsport.com\/en\/produit\/aluminum-door-hinges-kit-2-doors\/#breadcrumb","itemListElement":[{"@type":"ListItem","position":1,"name":"Accueil","item":"https:\/\/www.reulsport.com\/en\/"},{"@type":"ListItem","position":2,"name":"Shop","item":"https:\/\/www.reulsport.com\/en\/shop\/"},{"@type":"ListItem","position":3,"name":"Aluminum door hinges kit &#8211; 2 DOORS"}]},{"@type":"WebSite","@id":"https:\/\/www.reulsport.com\/#website","url":"https:\/\/www.reulsport.com\/","name":"ReulSport - Landrover specialist - Iveco partner","description":"ReulSport est un garage Ineos, Iveco et Polaris dans la r\u00e9gion de Verviers et Li\u00e8ge. Sp\u00e9cialiste de l&#039;Offroad, de la pr\u00e9paration et de l&#039;accessoirisation. .","potentialAction":[{"@type":"SearchAction","target":{"@type":"EntryPoint","urlTemplate":"https:\/\/www.reulsport.com\/?s={search_term_string}"},"query-input":"required name=search_term_string"}],"inLanguage":"en-US"}]}},"_links":{"self":[{"href":"https:\/\/www.reulsport.com\/en\/wp-json\/wp\/v2\/product\/52391"}],"collection":[{"href":"https:\/\/www.reulsport.com\/en\/wp-json\/wp\/v2\/product"}],"about":[{"href":"https:\/\/www.reulsport.com\/en\/wp-json\/wp\/v2\/types\/product"}],"replies":[{"embeddable":true,"href":"https:\/\/www.reulsport.com\/en\/wp-json\/wp\/v2\/comments?post=52391"}],"wp:featuredmedia":[{"embeddable":true,"href":"https:\/\/www.reulsport.com\/en\/wp-json\/wp\/v2\/media\/52373"}],"wp:attachment":[{"href":"https:\/\/www.reulsport.com\/en\/wp-json\/wp\/v2\/media?parent=52391"}],"wp:term":[{"taxonomy":"product_cat","embeddable":true,"href":"https:\/\/www.reulsport.com\/en\/wp-json\/wp\/v2\/product_cat?post=52391"},{"taxonomy":"product_tag","embeddable":true,"href":"https:\/\/www.reulsport.com\/en\/wp-json\/wp\/v2\/product_tag?post=52391"}],"curies":[{"name":"wp","href":"https:\/\/api.w.org\/{rel}","templated":true}]}}