{"id":52426,"date":"2023-01-03T11:58:54","date_gmt":"2023-01-03T10:58:54","guid":{"rendered":"https:\/\/www.reulsport.com\/produit\/hood-holder-with-integrated-anti-theft-protection\/"},"modified":"2023-01-03T11:58:54","modified_gmt":"2023-01-03T10:58:54","slug":"hood-holder-with-integrated-anti-theft-protection","status":"publish","type":"product","link":"https:\/\/www.reulsport.com\/en\/produit\/hood-holder-with-integrated-anti-theft-protection\/","title":{"rendered":"Hood holder with integrated anti-theft protection"},"content":{"rendered":"<p>Hood holder with integrated anti-theft protection<\/p>\n<p>The perfect complement to our door hinges. Precisely manufactured, stable and durable. In addition, they provide theft protection for the beloved vehicle, because with them you can no longer simply unhook the hood. Made of high-strength aluminum with a look that is true to the original. With special UV coating, which also provides maximum corrosion resistance.<\/p>\n<p><strong>Advantages :<\/strong><br \/>\nthe hood cannot be unhooked when closed &#8211; theft is (almost) impossible with this part<br \/>\nmade of high-strength aluminum<br \/>\ntrue to original, beautiful optics<br \/>\nincl. stainless steel mounting kit (black) and gaskets between body and hinge<br \/>\ncorrosion &amp; UV resistant coating<br \/>\nsuitable for all Land Rover Defender 90, 110 and 130 from 1988! Other models on request!<br \/>\n100 % MADE IN GERMANY!!!<\/p>\n","protected":false},"excerpt":{"rendered":"<p>Hood holder with integrated anti-theft protection The perfect complement to our door hinges. Precisely manufactured, stable and durable. In addition, they provide theft protection for the beloved vehicle, because with them you can no longer simply unhook the hood. Made of high-strength aluminum with a look that is true to the original. With special UV [&hellip;]<\/p>\n","protected":false},"featured_media":52412,"comment_status":"open","ping_status":"closed","template":"","meta":[],"product_cat":[177],"product_tag":[],"acf":[],"yoast_head":"<!-- This site is optimized with the Yoast SEO plugin v20.1 - https:\/\/yoast.com\/wordpress\/plugins\/seo\/ -->\n<title>Hood holder with integrated anti-theft protection - ReulSport - Landrover specialist - Iveco partner<\/title>\n<meta name=\"robots\" content=\"index, follow, max-snippet:-1, max-image-preview:large, max-video-preview:-1\" \/>\n<link rel=\"canonical\" href=\"https:\/\/www.reulsport.com\/en\/produit\/hood-holder-with-integrated-anti-theft-protection\/\" \/>\n<meta property=\"og:locale\" content=\"en_US\" \/>\n<meta property=\"og:type\" content=\"article\" \/>\n<meta property=\"og:title\" content=\"Hood holder with integrated anti-theft protection - ReulSport - Landrover specialist - Iveco partner\" \/>\n<meta property=\"og:description\" content=\"Hood holder with integrated anti-theft protection The perfect complement to our door hinges. Precisely manufactured, stable and durable. In addition, they provide theft protection for the beloved vehicle, because with them you can no longer simply unhook the hood. Made of high-strength aluminum with a look that is true to the original. With special UV [&hellip;]\" \/>\n<meta property=\"og:url\" content=\"https:\/\/www.reulsport.com\/en\/produit\/hood-holder-with-integrated-anti-theft-protection\/\" \/>\n<meta property=\"og:site_name\" content=\"ReulSport - Landrover specialist - Iveco partner\" \/>\n<meta property=\"og:image\" content=\"https:\/\/www.reulsport.com\/wp-content\/uploads\/2023\/01\/Hood.jpg\" \/>\n\t<meta property=\"og:image:width\" content=\"900\" \/>\n\t<meta property=\"og:image:height\" content=\"600\" \/>\n\t<meta property=\"og:image:type\" content=\"image\/jpeg\" \/>\n<meta name=\"twitter:card\" content=\"summary_large_image\" \/>\n<meta name=\"twitter:label1\" content=\"Est. reading time\" \/>\n\t<meta name=\"twitter:data1\" content=\"1 minute\" \/>\n<script type=\"application\/ld+json\" class=\"yoast-schema-graph\">{\"@context\":\"https:\/\/schema.org\",\"@graph\":[{\"@type\":\"WebPage\",\"@id\":\"https:\/\/www.reulsport.com\/en\/produit\/hood-holder-with-integrated-anti-theft-protection\/\",\"url\":\"https:\/\/www.reulsport.com\/en\/produit\/hood-holder-with-integrated-anti-theft-protection\/\",\"name\":\"Hood holder with integrated anti-theft protection - ReulSport - Landrover specialist - Iveco partner\",\"isPartOf\":{\"@id\":\"https:\/\/www.reulsport.com\/#website\"},\"datePublished\":\"2023-01-03T10:58:54+00:00\",\"dateModified\":\"2023-01-03T10:58:54+00:00\",\"breadcrumb\":{\"@id\":\"https:\/\/www.reulsport.com\/en\/produit\/hood-holder-with-integrated-anti-theft-protection\/#breadcrumb\"},\"inLanguage\":\"en-US\",\"potentialAction\":[{\"@type\":\"ReadAction\",\"target\":[\"https:\/\/www.reulsport.com\/en\/produit\/hood-holder-with-integrated-anti-theft-protection\/\"]}]},{\"@type\":\"BreadcrumbList\",\"@id\":\"https:\/\/www.reulsport.com\/en\/produit\/hood-holder-with-integrated-anti-theft-protection\/#breadcrumb\",\"itemListElement\":[{\"@type\":\"ListItem\",\"position\":1,\"name\":\"Accueil\",\"item\":\"https:\/\/www.reulsport.com\/en\/\"},{\"@type\":\"ListItem\",\"position\":2,\"name\":\"Shop\",\"item\":\"https:\/\/www.reulsport.com\/en\/shop\/\"},{\"@type\":\"ListItem\",\"position\":3,\"name\":\"Hood holder with integrated anti-theft protection\"}]},{\"@type\":\"WebSite\",\"@id\":\"https:\/\/www.reulsport.com\/#website\",\"url\":\"https:\/\/www.reulsport.com\/\",\"name\":\"ReulSport - Landrover specialist - Iveco partner\",\"description\":\"ReulSport est un garage Ineos, Iveco et Polaris dans la r\u00e9gion de Verviers et Li\u00e8ge. Sp\u00e9cialiste de l&#039;Offroad, de la pr\u00e9paration et de l&#039;accessoirisation. .\",\"potentialAction\":[{\"@type\":\"SearchAction\",\"target\":{\"@type\":\"EntryPoint\",\"urlTemplate\":\"https:\/\/www.reulsport.com\/?s={search_term_string}\"},\"query-input\":\"required name=search_term_string\"}],\"inLanguage\":\"en-US\"}]}<\/script>\n<!-- \/ Yoast SEO plugin. -->","yoast_head_json":{"title":"Hood holder with integrated anti-theft protection - ReulSport - Landrover specialist - Iveco partner","robots":{"index":"index","follow":"follow","max-snippet":"max-snippet:-1","max-image-preview":"max-image-preview:large","max-video-preview":"max-video-preview:-1"},"canonical":"https:\/\/www.reulsport.com\/en\/produit\/hood-holder-with-integrated-anti-theft-protection\/","og_locale":"en_US","og_type":"article","og_title":"Hood holder with integrated anti-theft protection - ReulSport - Landrover specialist - Iveco partner","og_description":"Hood holder with integrated anti-theft protection The perfect complement to our door hinges. Precisely manufactured, stable and durable. In addition, they provide theft protection for the beloved vehicle, because with them you can no longer simply unhook the hood. Made of high-strength aluminum with a look that is true to the original. With special UV [&hellip;]","og_url":"https:\/\/www.reulsport.com\/en\/produit\/hood-holder-with-integrated-anti-theft-protection\/","og_site_name":"ReulSport - Landrover specialist - Iveco partner","og_image":[{"width":900,"height":600,"url":"https:\/\/www.reulsport.com\/wp-content\/uploads\/2023\/01\/Hood.jpg","type":"image\/jpeg"}],"twitter_card":"summary_large_image","twitter_misc":{"Est. reading time":"1 minute"},"schema":{"@context":"https:\/\/schema.org","@graph":[{"@type":"WebPage","@id":"https:\/\/www.reulsport.com\/en\/produit\/hood-holder-with-integrated-anti-theft-protection\/","url":"https:\/\/www.reulsport.com\/en\/produit\/hood-holder-with-integrated-anti-theft-protection\/","name":"Hood holder with integrated anti-theft protection - ReulSport - Landrover specialist - Iveco partner","isPartOf":{"@id":"https:\/\/www.reulsport.com\/#website"},"datePublished":"2023-01-03T10:58:54+00:00","dateModified":"2023-01-03T10:58:54+00:00","breadcrumb":{"@id":"https:\/\/www.reulsport.com\/en\/produit\/hood-holder-with-integrated-anti-theft-protection\/#breadcrumb"},"inLanguage":"en-US","potentialAction":[{"@type":"ReadAction","target":["https:\/\/www.reulsport.com\/en\/produit\/hood-holder-with-integrated-anti-theft-protection\/"]}]},{"@type":"BreadcrumbList","@id":"https:\/\/www.reulsport.com\/en\/produit\/hood-holder-with-integrated-anti-theft-protection\/#breadcrumb","itemListElement":[{"@type":"ListItem","position":1,"name":"Accueil","item":"https:\/\/www.reulsport.com\/en\/"},{"@type":"ListItem","position":2,"name":"Shop","item":"https:\/\/www.reulsport.com\/en\/shop\/"},{"@type":"ListItem","position":3,"name":"Hood holder with integrated anti-theft protection"}]},{"@type":"WebSite","@id":"https:\/\/www.reulsport.com\/#website","url":"https:\/\/www.reulsport.com\/","name":"ReulSport - Landrover specialist - Iveco partner","description":"ReulSport est un garage Ineos, Iveco et Polaris dans la r\u00e9gion de Verviers et Li\u00e8ge. Sp\u00e9cialiste de l&#039;Offroad, de la pr\u00e9paration et de l&#039;accessoirisation. .","potentialAction":[{"@type":"SearchAction","target":{"@type":"EntryPoint","urlTemplate":"https:\/\/www.reulsport.com\/?s={search_term_string}"},"query-input":"required name=search_term_string"}],"inLanguage":"en-US"}]}},"_links":{"self":[{"href":"https:\/\/www.reulsport.com\/en\/wp-json\/wp\/v2\/product\/52426"}],"collection":[{"href":"https:\/\/www.reulsport.com\/en\/wp-json\/wp\/v2\/product"}],"about":[{"href":"https:\/\/www.reulsport.com\/en\/wp-json\/wp\/v2\/types\/product"}],"replies":[{"embeddable":true,"href":"https:\/\/www.reulsport.com\/en\/wp-json\/wp\/v2\/comments?post=52426"}],"wp:featuredmedia":[{"embeddable":true,"href":"https:\/\/www.reulsport.com\/en\/wp-json\/wp\/v2\/media\/52412"}],"wp:attachment":[{"href":"https:\/\/www.reulsport.com\/en\/wp-json\/wp\/v2\/media?parent=52426"}],"wp:term":[{"taxonomy":"product_cat","embeddable":true,"href":"https:\/\/www.reulsport.com\/en\/wp-json\/wp\/v2\/product_cat?post=52426"},{"taxonomy":"product_tag","embeddable":true,"href":"https:\/\/www.reulsport.com\/en\/wp-json\/wp\/v2\/product_tag?post=52426"}],"curies":[{"name":"wp","href":"https:\/\/api.w.org\/{rel}","templated":true}]}}