{"id":52441,"date":"2023-01-03T13:22:04","date_gmt":"2023-01-03T12:22:04","guid":{"rendered":"https:\/\/www.reulsport.com\/produit\/adjustable-mirror-arms\/"},"modified":"2023-01-03T13:22:04","modified_gmt":"2023-01-03T12:22:04","slug":"adjustable-mirror-arms","status":"publish","type":"product","link":"https:\/\/www.reulsport.com\/en\/produit\/adjustable-mirror-arms\/","title":{"rendered":"Adjustable mirror arms"},"content":{"rendered":"<p>Adjustable mirror arms<\/p>\n<p>Not only visually, the mirror arms of the Offroad Monkeys are a real hinguker, they also offer technical highlights that no one else offers.<\/p>\n<p>Thanks to their unique fastening mechanism, nothing flutters even at high speeds. The real highlight, however, is the folding function of the mirror. Simply open the Torx screw, fold the mirror down by 90\u00b0 and you can expand your field of vision to the rear many times over.<\/p>\n<p>Especially for vehicles with a living cabin or when driving with a trailer, these mirror arms offer real added value! The attachment of mirror extensions is thus completely eliminated. And for those who still prefer to install longer mirror arms, we have\u00a0<a title=\"About the product Mirror arms 100mm longer than original\" href=\"https:\/\/www.m-motorcycle.de\/produkte\/land-rover-defender\/spiegelarme\/verlaengert\" target=\"_blank\" rel=\"nofollow noopener noreferrer\">our 100mm longer mirror arms<\/a>\u00a0in the program.<\/p>\n<p><strong>Advantages :<\/strong><br \/>\nunique flip mechanism of the mirror<br \/>\nprecisely manufactured from high-strength aluminum<br \/>\ncorrosion &amp; UV resistant coating<br \/>\nfit also on the original Land Rover Defender hinges<br \/>\nSet includes two pieces<br \/>\n100% made in Bavaria<\/p>\n<p><strong>Note:<\/strong>\u00a0When using our mirror arms, the use of a mirror heater is not required.<\/p>\n","protected":false},"excerpt":{"rendered":"<p>Adjustable mirror arms Not only visually, the mirror arms of the Offroad Monkeys are a real hinguker, they also offer technical highlights that no one else offers. Thanks to their unique fastening mechanism, nothing flutters even at high speeds. The real highlight, however, is the folding function of the mirror. Simply open the Torx screw, [&hellip;]<\/p>\n","protected":false},"featured_media":52435,"comment_status":"open","ping_status":"closed","template":"","meta":[],"product_cat":[177],"product_tag":[],"acf":[],"yoast_head":"<!-- This site is optimized with the Yoast SEO plugin v20.1 - https:\/\/yoast.com\/wordpress\/plugins\/seo\/ -->\n<title>Adjustable mirror arms - ReulSport - Landrover specialist - Iveco partner<\/title>\n<meta name=\"robots\" content=\"index, follow, max-snippet:-1, max-image-preview:large, max-video-preview:-1\" \/>\n<link rel=\"canonical\" href=\"https:\/\/www.reulsport.com\/en\/produit\/adjustable-mirror-arms\/\" \/>\n<meta property=\"og:locale\" content=\"en_US\" \/>\n<meta property=\"og:type\" content=\"article\" \/>\n<meta property=\"og:title\" content=\"Adjustable mirror arms - ReulSport - Landrover specialist - Iveco partner\" \/>\n<meta property=\"og:description\" content=\"Adjustable mirror arms Not only visually, the mirror arms of the Offroad Monkeys are a real hinguker, they also offer technical highlights that no one else offers. Thanks to their unique fastening mechanism, nothing flutters even at high speeds. The real highlight, however, is the folding function of the mirror. Simply open the Torx screw, [&hellip;]\" \/>\n<meta property=\"og:url\" content=\"https:\/\/www.reulsport.com\/en\/produit\/adjustable-mirror-arms\/\" \/>\n<meta property=\"og:site_name\" content=\"ReulSport - Landrover specialist - Iveco partner\" \/>\n<meta property=\"og:image\" content=\"https:\/\/www.reulsport.com\/wp-content\/uploads\/2023\/01\/LR-19-4_900x600.png\" \/>\n\t<meta property=\"og:image:width\" content=\"900\" \/>\n\t<meta property=\"og:image:height\" content=\"600\" \/>\n\t<meta property=\"og:image:type\" content=\"image\/png\" \/>\n<meta name=\"twitter:card\" content=\"summary_large_image\" \/>\n<meta name=\"twitter:label1\" content=\"Est. reading time\" \/>\n\t<meta name=\"twitter:data1\" content=\"1 minute\" \/>\n<script type=\"application\/ld+json\" class=\"yoast-schema-graph\">{\"@context\":\"https:\/\/schema.org\",\"@graph\":[{\"@type\":\"WebPage\",\"@id\":\"https:\/\/www.reulsport.com\/en\/produit\/adjustable-mirror-arms\/\",\"url\":\"https:\/\/www.reulsport.com\/en\/produit\/adjustable-mirror-arms\/\",\"name\":\"Adjustable mirror arms - ReulSport - Landrover specialist - Iveco partner\",\"isPartOf\":{\"@id\":\"https:\/\/www.reulsport.com\/#website\"},\"datePublished\":\"2023-01-03T12:22:04+00:00\",\"dateModified\":\"2023-01-03T12:22:04+00:00\",\"breadcrumb\":{\"@id\":\"https:\/\/www.reulsport.com\/en\/produit\/adjustable-mirror-arms\/#breadcrumb\"},\"inLanguage\":\"en-US\",\"potentialAction\":[{\"@type\":\"ReadAction\",\"target\":[\"https:\/\/www.reulsport.com\/en\/produit\/adjustable-mirror-arms\/\"]}]},{\"@type\":\"BreadcrumbList\",\"@id\":\"https:\/\/www.reulsport.com\/en\/produit\/adjustable-mirror-arms\/#breadcrumb\",\"itemListElement\":[{\"@type\":\"ListItem\",\"position\":1,\"name\":\"Accueil\",\"item\":\"https:\/\/www.reulsport.com\/en\/\"},{\"@type\":\"ListItem\",\"position\":2,\"name\":\"Shop\",\"item\":\"https:\/\/www.reulsport.com\/en\/shop\/\"},{\"@type\":\"ListItem\",\"position\":3,\"name\":\"Adjustable mirror arms\"}]},{\"@type\":\"WebSite\",\"@id\":\"https:\/\/www.reulsport.com\/#website\",\"url\":\"https:\/\/www.reulsport.com\/\",\"name\":\"ReulSport - Landrover specialist - Iveco partner\",\"description\":\"ReulSport est un garage Ineos, Iveco et Polaris dans la r\u00e9gion de Verviers et Li\u00e8ge. Sp\u00e9cialiste de l&#039;Offroad, de la pr\u00e9paration et de l&#039;accessoirisation. .\",\"potentialAction\":[{\"@type\":\"SearchAction\",\"target\":{\"@type\":\"EntryPoint\",\"urlTemplate\":\"https:\/\/www.reulsport.com\/?s={search_term_string}\"},\"query-input\":\"required name=search_term_string\"}],\"inLanguage\":\"en-US\"}]}<\/script>\n<!-- \/ Yoast SEO plugin. -->","yoast_head_json":{"title":"Adjustable mirror arms - ReulSport - Landrover specialist - Iveco partner","robots":{"index":"index","follow":"follow","max-snippet":"max-snippet:-1","max-image-preview":"max-image-preview:large","max-video-preview":"max-video-preview:-1"},"canonical":"https:\/\/www.reulsport.com\/en\/produit\/adjustable-mirror-arms\/","og_locale":"en_US","og_type":"article","og_title":"Adjustable mirror arms - ReulSport - Landrover specialist - Iveco partner","og_description":"Adjustable mirror arms Not only visually, the mirror arms of the Offroad Monkeys are a real hinguker, they also offer technical highlights that no one else offers. Thanks to their unique fastening mechanism, nothing flutters even at high speeds. The real highlight, however, is the folding function of the mirror. Simply open the Torx screw, [&hellip;]","og_url":"https:\/\/www.reulsport.com\/en\/produit\/adjustable-mirror-arms\/","og_site_name":"ReulSport - Landrover specialist - Iveco partner","og_image":[{"width":900,"height":600,"url":"https:\/\/www.reulsport.com\/wp-content\/uploads\/2023\/01\/LR-19-4_900x600.png","type":"image\/png"}],"twitter_card":"summary_large_image","twitter_misc":{"Est. reading time":"1 minute"},"schema":{"@context":"https:\/\/schema.org","@graph":[{"@type":"WebPage","@id":"https:\/\/www.reulsport.com\/en\/produit\/adjustable-mirror-arms\/","url":"https:\/\/www.reulsport.com\/en\/produit\/adjustable-mirror-arms\/","name":"Adjustable mirror arms - ReulSport - Landrover specialist - Iveco partner","isPartOf":{"@id":"https:\/\/www.reulsport.com\/#website"},"datePublished":"2023-01-03T12:22:04+00:00","dateModified":"2023-01-03T12:22:04+00:00","breadcrumb":{"@id":"https:\/\/www.reulsport.com\/en\/produit\/adjustable-mirror-arms\/#breadcrumb"},"inLanguage":"en-US","potentialAction":[{"@type":"ReadAction","target":["https:\/\/www.reulsport.com\/en\/produit\/adjustable-mirror-arms\/"]}]},{"@type":"BreadcrumbList","@id":"https:\/\/www.reulsport.com\/en\/produit\/adjustable-mirror-arms\/#breadcrumb","itemListElement":[{"@type":"ListItem","position":1,"name":"Accueil","item":"https:\/\/www.reulsport.com\/en\/"},{"@type":"ListItem","position":2,"name":"Shop","item":"https:\/\/www.reulsport.com\/en\/shop\/"},{"@type":"ListItem","position":3,"name":"Adjustable mirror arms"}]},{"@type":"WebSite","@id":"https:\/\/www.reulsport.com\/#website","url":"https:\/\/www.reulsport.com\/","name":"ReulSport - Landrover specialist - Iveco partner","description":"ReulSport est un garage Ineos, Iveco et Polaris dans la r\u00e9gion de Verviers et Li\u00e8ge. Sp\u00e9cialiste de l&#039;Offroad, de la pr\u00e9paration et de l&#039;accessoirisation. .","potentialAction":[{"@type":"SearchAction","target":{"@type":"EntryPoint","urlTemplate":"https:\/\/www.reulsport.com\/?s={search_term_string}"},"query-input":"required name=search_term_string"}],"inLanguage":"en-US"}]}},"_links":{"self":[{"href":"https:\/\/www.reulsport.com\/en\/wp-json\/wp\/v2\/product\/52441"}],"collection":[{"href":"https:\/\/www.reulsport.com\/en\/wp-json\/wp\/v2\/product"}],"about":[{"href":"https:\/\/www.reulsport.com\/en\/wp-json\/wp\/v2\/types\/product"}],"replies":[{"embeddable":true,"href":"https:\/\/www.reulsport.com\/en\/wp-json\/wp\/v2\/comments?post=52441"}],"wp:featuredmedia":[{"embeddable":true,"href":"https:\/\/www.reulsport.com\/en\/wp-json\/wp\/v2\/media\/52435"}],"wp:attachment":[{"href":"https:\/\/www.reulsport.com\/en\/wp-json\/wp\/v2\/media?parent=52441"}],"wp:term":[{"taxonomy":"product_cat","embeddable":true,"href":"https:\/\/www.reulsport.com\/en\/wp-json\/wp\/v2\/product_cat?post=52441"},{"taxonomy":"product_tag","embeddable":true,"href":"https:\/\/www.reulsport.com\/en\/wp-json\/wp\/v2\/product_tag?post=52441"}],"curies":[{"name":"wp","href":"https:\/\/api.w.org\/{rel}","templated":true}]}}