{"id":52479,"date":"2023-01-03T13:51:34","date_gmt":"2023-01-03T12:51:34","guid":{"rendered":"https:\/\/www.reulsport.com\/produit\/mirror-arms-100mm-longer-than-original\/"},"modified":"2023-01-09T14:07:23","modified_gmt":"2023-01-09T13:07:23","slug":"mirror-arms-100mm-longer-than-original","status":"publish","type":"product","link":"https:\/\/www.reulsport.com\/en\/produit\/mirror-arms-100mm-longer-than-original\/","title":{"rendered":"Mirror arms 100mm longer than original"},"content":{"rendered":"<p>The perfect mirror arms for trailers &amp; Co.<br \/>\nThe 100mm extended mirror arms made of high-strength aluminum provide the best visibility to the rear. Especially when traveling with trailers or thick box bodies.<\/p>\n<p>The mirror arms are optically perfectly adapted to our hinges, but also fit to any original receptacle. The sophisticated folding mechanism with hardened ratchet disc keeps the mirror firmly in the direction of travel even at high speeds without fluttering or folding. In tight passages off-road, the mirror can be folded close to the vehicle and you still have a good view into the rear view mirror.<\/p>\n<p><strong>Advantages:<\/strong><br \/>\nprecision machined from high strength aluminum<br \/>\nStainless steel bearing bolts<br \/>\ncorrosion &amp; UV resistant coating<br \/>\nsophisticated adjustment mechanism\u00a0<br \/>\n2 pcs. in a set<br \/>\n100% made in Germany<\/p>\n<p><strong>Note:<\/strong>\u00a0When using our mirror arms, the use of a mirror heater is not necessary.<\/p>\n<p><strong>TIP:<\/strong>\u00a0Who is looking for mirror arms in original length, but with which you still have optimal visibility even with caravan or box bodies, we have our new\u00a090 \u00b0 adjustable mirror arms.<\/p>\n","protected":false},"excerpt":{"rendered":"<p>The perfect mirror arms for trailers &amp; Co. The 100mm extended mirror arms made of high-strength aluminum provide the best visibility to the rear. Especially when traveling with trailers or thick box bodies. The mirror arms are optically perfectly adapted to our hinges, but also fit to any original receptacle. The sophisticated folding mechanism with [&hellip;]<\/p>\n","protected":false},"featured_media":52468,"comment_status":"open","ping_status":"closed","template":"","meta":[],"product_cat":[177],"product_tag":[],"acf":[],"yoast_head":"<!-- This site is optimized with the Yoast SEO plugin v20.1 - https:\/\/yoast.com\/wordpress\/plugins\/seo\/ -->\n<title>Mirror arms 100mm longer than original - ReulSport - Landrover specialist - Iveco partner<\/title>\n<meta name=\"robots\" content=\"index, follow, max-snippet:-1, max-image-preview:large, max-video-preview:-1\" \/>\n<link rel=\"canonical\" href=\"https:\/\/www.reulsport.com\/en\/produit\/mirror-arms-100mm-longer-than-original\/\" \/>\n<meta property=\"og:locale\" content=\"en_US\" \/>\n<meta property=\"og:type\" content=\"article\" \/>\n<meta property=\"og:title\" content=\"Mirror arms 100mm longer than original - ReulSport - Landrover specialist - Iveco partner\" \/>\n<meta property=\"og:description\" content=\"The perfect mirror arms for trailers &amp; Co. The 100mm extended mirror arms made of high-strength aluminum provide the best visibility to the rear. Especially when traveling with trailers or thick box bodies. The mirror arms are optically perfectly adapted to our hinges, but also fit to any original receptacle. The sophisticated folding mechanism with [&hellip;]\" \/>\n<meta property=\"og:url\" content=\"https:\/\/www.reulsport.com\/en\/produit\/mirror-arms-100mm-longer-than-original\/\" \/>\n<meta property=\"og:site_name\" content=\"ReulSport - Landrover specialist - Iveco partner\" \/>\n<meta property=\"article:modified_time\" content=\"2023-01-09T13:07:23+00:00\" \/>\n<meta property=\"og:image\" content=\"https:\/\/www.reulsport.com\/wp-content\/uploads\/2023\/01\/Spiegelarme_lang_900x600.png\" \/>\n\t<meta property=\"og:image:width\" content=\"900\" \/>\n\t<meta property=\"og:image:height\" content=\"600\" \/>\n\t<meta property=\"og:image:type\" content=\"image\/png\" \/>\n<meta name=\"twitter:card\" content=\"summary_large_image\" \/>\n<meta name=\"twitter:label1\" content=\"Est. reading time\" \/>\n\t<meta name=\"twitter:data1\" content=\"1 minute\" \/>\n<script type=\"application\/ld+json\" class=\"yoast-schema-graph\">{\"@context\":\"https:\/\/schema.org\",\"@graph\":[{\"@type\":\"WebPage\",\"@id\":\"https:\/\/www.reulsport.com\/en\/produit\/mirror-arms-100mm-longer-than-original\/\",\"url\":\"https:\/\/www.reulsport.com\/en\/produit\/mirror-arms-100mm-longer-than-original\/\",\"name\":\"Mirror arms 100mm longer than original - ReulSport - Landrover specialist - Iveco partner\",\"isPartOf\":{\"@id\":\"https:\/\/www.reulsport.com\/#website\"},\"datePublished\":\"2023-01-03T12:51:34+00:00\",\"dateModified\":\"2023-01-09T13:07:23+00:00\",\"breadcrumb\":{\"@id\":\"https:\/\/www.reulsport.com\/en\/produit\/mirror-arms-100mm-longer-than-original\/#breadcrumb\"},\"inLanguage\":\"en-US\",\"potentialAction\":[{\"@type\":\"ReadAction\",\"target\":[\"https:\/\/www.reulsport.com\/en\/produit\/mirror-arms-100mm-longer-than-original\/\"]}]},{\"@type\":\"BreadcrumbList\",\"@id\":\"https:\/\/www.reulsport.com\/en\/produit\/mirror-arms-100mm-longer-than-original\/#breadcrumb\",\"itemListElement\":[{\"@type\":\"ListItem\",\"position\":1,\"name\":\"Accueil\",\"item\":\"https:\/\/www.reulsport.com\/en\/\"},{\"@type\":\"ListItem\",\"position\":2,\"name\":\"Shop\",\"item\":\"https:\/\/www.reulsport.com\/en\/shop\/\"},{\"@type\":\"ListItem\",\"position\":3,\"name\":\"Mirror arms 100mm longer than original\"}]},{\"@type\":\"WebSite\",\"@id\":\"https:\/\/www.reulsport.com\/#website\",\"url\":\"https:\/\/www.reulsport.com\/\",\"name\":\"ReulSport - Landrover specialist - Iveco partner\",\"description\":\"ReulSport est un garage Ineos, Iveco et Polaris dans la r\u00e9gion de Verviers et Li\u00e8ge. Sp\u00e9cialiste de l&#039;Offroad, de la pr\u00e9paration et de l&#039;accessoirisation. .\",\"potentialAction\":[{\"@type\":\"SearchAction\",\"target\":{\"@type\":\"EntryPoint\",\"urlTemplate\":\"https:\/\/www.reulsport.com\/?s={search_term_string}\"},\"query-input\":\"required name=search_term_string\"}],\"inLanguage\":\"en-US\"}]}<\/script>\n<!-- \/ Yoast SEO plugin. -->","yoast_head_json":{"title":"Mirror arms 100mm longer than original - ReulSport - Landrover specialist - Iveco partner","robots":{"index":"index","follow":"follow","max-snippet":"max-snippet:-1","max-image-preview":"max-image-preview:large","max-video-preview":"max-video-preview:-1"},"canonical":"https:\/\/www.reulsport.com\/en\/produit\/mirror-arms-100mm-longer-than-original\/","og_locale":"en_US","og_type":"article","og_title":"Mirror arms 100mm longer than original - ReulSport - Landrover specialist - Iveco partner","og_description":"The perfect mirror arms for trailers &amp; Co. The 100mm extended mirror arms made of high-strength aluminum provide the best visibility to the rear. Especially when traveling with trailers or thick box bodies. The mirror arms are optically perfectly adapted to our hinges, but also fit to any original receptacle. The sophisticated folding mechanism with [&hellip;]","og_url":"https:\/\/www.reulsport.com\/en\/produit\/mirror-arms-100mm-longer-than-original\/","og_site_name":"ReulSport - Landrover specialist - Iveco partner","article_modified_time":"2023-01-09T13:07:23+00:00","og_image":[{"width":900,"height":600,"url":"https:\/\/www.reulsport.com\/wp-content\/uploads\/2023\/01\/Spiegelarme_lang_900x600.png","type":"image\/png"}],"twitter_card":"summary_large_image","twitter_misc":{"Est. reading time":"1 minute"},"schema":{"@context":"https:\/\/schema.org","@graph":[{"@type":"WebPage","@id":"https:\/\/www.reulsport.com\/en\/produit\/mirror-arms-100mm-longer-than-original\/","url":"https:\/\/www.reulsport.com\/en\/produit\/mirror-arms-100mm-longer-than-original\/","name":"Mirror arms 100mm longer than original - ReulSport - Landrover specialist - Iveco partner","isPartOf":{"@id":"https:\/\/www.reulsport.com\/#website"},"datePublished":"2023-01-03T12:51:34+00:00","dateModified":"2023-01-09T13:07:23+00:00","breadcrumb":{"@id":"https:\/\/www.reulsport.com\/en\/produit\/mirror-arms-100mm-longer-than-original\/#breadcrumb"},"inLanguage":"en-US","potentialAction":[{"@type":"ReadAction","target":["https:\/\/www.reulsport.com\/en\/produit\/mirror-arms-100mm-longer-than-original\/"]}]},{"@type":"BreadcrumbList","@id":"https:\/\/www.reulsport.com\/en\/produit\/mirror-arms-100mm-longer-than-original\/#breadcrumb","itemListElement":[{"@type":"ListItem","position":1,"name":"Accueil","item":"https:\/\/www.reulsport.com\/en\/"},{"@type":"ListItem","position":2,"name":"Shop","item":"https:\/\/www.reulsport.com\/en\/shop\/"},{"@type":"ListItem","position":3,"name":"Mirror arms 100mm longer than original"}]},{"@type":"WebSite","@id":"https:\/\/www.reulsport.com\/#website","url":"https:\/\/www.reulsport.com\/","name":"ReulSport - Landrover specialist - Iveco partner","description":"ReulSport est un garage Ineos, Iveco et Polaris dans la r\u00e9gion de Verviers et Li\u00e8ge. Sp\u00e9cialiste de l&#039;Offroad, de la pr\u00e9paration et de l&#039;accessoirisation. .","potentialAction":[{"@type":"SearchAction","target":{"@type":"EntryPoint","urlTemplate":"https:\/\/www.reulsport.com\/?s={search_term_string}"},"query-input":"required name=search_term_string"}],"inLanguage":"en-US"}]}},"_links":{"self":[{"href":"https:\/\/www.reulsport.com\/en\/wp-json\/wp\/v2\/product\/52479"}],"collection":[{"href":"https:\/\/www.reulsport.com\/en\/wp-json\/wp\/v2\/product"}],"about":[{"href":"https:\/\/www.reulsport.com\/en\/wp-json\/wp\/v2\/types\/product"}],"replies":[{"embeddable":true,"href":"https:\/\/www.reulsport.com\/en\/wp-json\/wp\/v2\/comments?post=52479"}],"wp:featuredmedia":[{"embeddable":true,"href":"https:\/\/www.reulsport.com\/en\/wp-json\/wp\/v2\/media\/52468"}],"wp:attachment":[{"href":"https:\/\/www.reulsport.com\/en\/wp-json\/wp\/v2\/media?parent=52479"}],"wp:term":[{"taxonomy":"product_cat","embeddable":true,"href":"https:\/\/www.reulsport.com\/en\/wp-json\/wp\/v2\/product_cat?post=52479"},{"taxonomy":"product_tag","embeddable":true,"href":"https:\/\/www.reulsport.com\/en\/wp-json\/wp\/v2\/product_tag?post=52479"}],"curies":[{"name":"wp","href":"https:\/\/api.w.org\/{rel}","templated":true}]}}