{"id":55193,"date":"2023-04-21T10:35:55","date_gmt":"2023-04-21T08:35:55","guid":{"rendered":"https:\/\/www.reulsport.com\/produit\/central-protection-ski-for-new-defender-90\/"},"modified":"2023-04-21T10:35:55","modified_gmt":"2023-04-21T08:35:55","slug":"central-protection-ski-for-new-defender-90","status":"publish","type":"product","link":"https:\/\/www.reulsport.com\/en\/produit\/central-protection-ski-for-new-defender-90\/","title":{"rendered":"Central protection ski for NEW DEFENDER 90"},"content":{"rendered":"<p>Central skid for full protection between the axles of your Defender 90 by Reulparts.<\/p>\n<p>In combination with our extreme front ski, you will be able to glide over obstacles in complete safety.<\/p>\n<p>Made of 8mm thick aluminium, it includes the fixing points on the side rails.<\/p>\n<p>Black RAL9005 anti-corrosion finish.<\/p>\n","protected":false},"excerpt":{"rendered":"<p>Central skid for full protection between the axles of your Defender 90 by Reulparts. In combination with our extreme front ski, you will be able to glide over obstacles in complete safety. Made of 8mm thick aluminium, it includes the fixing points on the side rails. Black RAL9005 anti-corrosion finish.<\/p>\n","protected":false},"featured_media":55624,"comment_status":"open","ping_status":"closed","template":"","meta":[],"product_cat":[191],"product_tag":[],"acf":[],"yoast_head":"<!-- This site is optimized with the Yoast SEO plugin v20.1 - https:\/\/yoast.com\/wordpress\/plugins\/seo\/ -->\n<title>Central protection ski for NEW DEFENDER 90 - ReulSport - Landrover specialist - Iveco partner<\/title>\n<meta name=\"robots\" content=\"index, follow, max-snippet:-1, max-image-preview:large, max-video-preview:-1\" \/>\n<link rel=\"canonical\" href=\"https:\/\/www.reulsport.com\/en\/produit\/central-protection-ski-for-new-defender-90\/\" \/>\n<meta property=\"og:locale\" content=\"en_US\" \/>\n<meta property=\"og:type\" content=\"article\" \/>\n<meta property=\"og:title\" content=\"Central protection ski for NEW DEFENDER 90 - ReulSport - Landrover specialist - Iveco partner\" \/>\n<meta property=\"og:description\" content=\"Central skid for full protection between the axles of your Defender 90 by Reulparts. In combination with our extreme front ski, you will be able to glide over obstacles in complete safety. Made of 8mm thick aluminium, it includes the fixing points on the side rails. Black RAL9005 anti-corrosion finish.\" \/>\n<meta property=\"og:url\" content=\"https:\/\/www.reulsport.com\/en\/produit\/central-protection-ski-for-new-defender-90\/\" \/>\n<meta property=\"og:site_name\" content=\"ReulSport - Landrover specialist - Iveco partner\" \/>\n<meta property=\"og:image\" content=\"https:\/\/www.reulsport.com\/wp-content\/uploads\/2023\/04\/313575919_588125216450637_615583063209832212_n-scaled.jpg\" \/>\n\t<meta property=\"og:image:width\" content=\"1920\" \/>\n\t<meta property=\"og:image:height\" content=\"2560\" \/>\n\t<meta property=\"og:image:type\" content=\"image\/jpeg\" \/>\n<meta name=\"twitter:card\" content=\"summary_large_image\" \/>\n<script type=\"application\/ld+json\" class=\"yoast-schema-graph\">{\"@context\":\"https:\/\/schema.org\",\"@graph\":[{\"@type\":\"WebPage\",\"@id\":\"https:\/\/www.reulsport.com\/en\/produit\/central-protection-ski-for-new-defender-90\/\",\"url\":\"https:\/\/www.reulsport.com\/en\/produit\/central-protection-ski-for-new-defender-90\/\",\"name\":\"Central protection ski for NEW DEFENDER 90 - ReulSport - Landrover specialist - Iveco partner\",\"isPartOf\":{\"@id\":\"https:\/\/www.reulsport.com\/#website\"},\"datePublished\":\"2023-04-21T08:35:55+00:00\",\"dateModified\":\"2023-04-21T08:35:55+00:00\",\"breadcrumb\":{\"@id\":\"https:\/\/www.reulsport.com\/en\/produit\/central-protection-ski-for-new-defender-90\/#breadcrumb\"},\"inLanguage\":\"en-US\",\"potentialAction\":[{\"@type\":\"ReadAction\",\"target\":[\"https:\/\/www.reulsport.com\/en\/produit\/central-protection-ski-for-new-defender-90\/\"]}]},{\"@type\":\"BreadcrumbList\",\"@id\":\"https:\/\/www.reulsport.com\/en\/produit\/central-protection-ski-for-new-defender-90\/#breadcrumb\",\"itemListElement\":[{\"@type\":\"ListItem\",\"position\":1,\"name\":\"Accueil\",\"item\":\"https:\/\/www.reulsport.com\/en\/\"},{\"@type\":\"ListItem\",\"position\":2,\"name\":\"Shop\",\"item\":\"https:\/\/www.reulsport.com\/en\/shop\/\"},{\"@type\":\"ListItem\",\"position\":3,\"name\":\"Central protection ski for NEW DEFENDER 90\"}]},{\"@type\":\"WebSite\",\"@id\":\"https:\/\/www.reulsport.com\/#website\",\"url\":\"https:\/\/www.reulsport.com\/\",\"name\":\"ReulSport - Landrover specialist - Iveco partner\",\"description\":\"ReulSport est un garage Ineos, Iveco et Polaris dans la r\u00e9gion de Verviers et Li\u00e8ge. Sp\u00e9cialiste de l&#039;Offroad, de la pr\u00e9paration et de l&#039;accessoirisation. .\",\"potentialAction\":[{\"@type\":\"SearchAction\",\"target\":{\"@type\":\"EntryPoint\",\"urlTemplate\":\"https:\/\/www.reulsport.com\/?s={search_term_string}\"},\"query-input\":\"required name=search_term_string\"}],\"inLanguage\":\"en-US\"}]}<\/script>\n<!-- \/ Yoast SEO plugin. -->","yoast_head_json":{"title":"Central protection ski for NEW DEFENDER 90 - ReulSport - Landrover specialist - Iveco partner","robots":{"index":"index","follow":"follow","max-snippet":"max-snippet:-1","max-image-preview":"max-image-preview:large","max-video-preview":"max-video-preview:-1"},"canonical":"https:\/\/www.reulsport.com\/en\/produit\/central-protection-ski-for-new-defender-90\/","og_locale":"en_US","og_type":"article","og_title":"Central protection ski for NEW DEFENDER 90 - ReulSport - Landrover specialist - Iveco partner","og_description":"Central skid for full protection between the axles of your Defender 90 by Reulparts. In combination with our extreme front ski, you will be able to glide over obstacles in complete safety. Made of 8mm thick aluminium, it includes the fixing points on the side rails. Black RAL9005 anti-corrosion finish.","og_url":"https:\/\/www.reulsport.com\/en\/produit\/central-protection-ski-for-new-defender-90\/","og_site_name":"ReulSport - Landrover specialist - Iveco partner","og_image":[{"width":1920,"height":2560,"url":"https:\/\/www.reulsport.com\/wp-content\/uploads\/2023\/04\/313575919_588125216450637_615583063209832212_n-scaled.jpg","type":"image\/jpeg"}],"twitter_card":"summary_large_image","schema":{"@context":"https:\/\/schema.org","@graph":[{"@type":"WebPage","@id":"https:\/\/www.reulsport.com\/en\/produit\/central-protection-ski-for-new-defender-90\/","url":"https:\/\/www.reulsport.com\/en\/produit\/central-protection-ski-for-new-defender-90\/","name":"Central protection ski for NEW DEFENDER 90 - ReulSport - Landrover specialist - Iveco partner","isPartOf":{"@id":"https:\/\/www.reulsport.com\/#website"},"datePublished":"2023-04-21T08:35:55+00:00","dateModified":"2023-04-21T08:35:55+00:00","breadcrumb":{"@id":"https:\/\/www.reulsport.com\/en\/produit\/central-protection-ski-for-new-defender-90\/#breadcrumb"},"inLanguage":"en-US","potentialAction":[{"@type":"ReadAction","target":["https:\/\/www.reulsport.com\/en\/produit\/central-protection-ski-for-new-defender-90\/"]}]},{"@type":"BreadcrumbList","@id":"https:\/\/www.reulsport.com\/en\/produit\/central-protection-ski-for-new-defender-90\/#breadcrumb","itemListElement":[{"@type":"ListItem","position":1,"name":"Accueil","item":"https:\/\/www.reulsport.com\/en\/"},{"@type":"ListItem","position":2,"name":"Shop","item":"https:\/\/www.reulsport.com\/en\/shop\/"},{"@type":"ListItem","position":3,"name":"Central protection ski for NEW DEFENDER 90"}]},{"@type":"WebSite","@id":"https:\/\/www.reulsport.com\/#website","url":"https:\/\/www.reulsport.com\/","name":"ReulSport - Landrover specialist - Iveco partner","description":"ReulSport est un garage Ineos, Iveco et Polaris dans la r\u00e9gion de Verviers et Li\u00e8ge. Sp\u00e9cialiste de l&#039;Offroad, de la pr\u00e9paration et de l&#039;accessoirisation. .","potentialAction":[{"@type":"SearchAction","target":{"@type":"EntryPoint","urlTemplate":"https:\/\/www.reulsport.com\/?s={search_term_string}"},"query-input":"required name=search_term_string"}],"inLanguage":"en-US"}]}},"_links":{"self":[{"href":"https:\/\/www.reulsport.com\/en\/wp-json\/wp\/v2\/product\/55193"}],"collection":[{"href":"https:\/\/www.reulsport.com\/en\/wp-json\/wp\/v2\/product"}],"about":[{"href":"https:\/\/www.reulsport.com\/en\/wp-json\/wp\/v2\/types\/product"}],"replies":[{"embeddable":true,"href":"https:\/\/www.reulsport.com\/en\/wp-json\/wp\/v2\/comments?post=55193"}],"wp:featuredmedia":[{"embeddable":true,"href":"https:\/\/www.reulsport.com\/en\/wp-json\/wp\/v2\/media\/55624"}],"wp:attachment":[{"href":"https:\/\/www.reulsport.com\/en\/wp-json\/wp\/v2\/media?parent=55193"}],"wp:term":[{"taxonomy":"product_cat","embeddable":true,"href":"https:\/\/www.reulsport.com\/en\/wp-json\/wp\/v2\/product_cat?post=55193"},{"taxonomy":"product_tag","embeddable":true,"href":"https:\/\/www.reulsport.com\/en\/wp-json\/wp\/v2\/product_tag?post=55193"}],"curies":[{"name":"wp","href":"https:\/\/api.w.org\/{rel}","templated":true}]}}