{"id":55251,"date":"2023-05-09T09:26:57","date_gmt":"2023-05-09T07:26:57","guid":{"rendered":"https:\/\/www.reulsport.com\/produit\/braid-fullrace-ta-7x15-pro-r-turbo-r\/"},"modified":"2023-05-09T09:26:57","modified_gmt":"2023-05-09T07:26:57","slug":"braid-fullrace-ta-7x15-pro-r-turbo-r","status":"publish","type":"product","link":"https:\/\/www.reulsport.com\/en\/produit\/braid-fullrace-ta-7x15-pro-r-turbo-r\/","title":{"rendered":"Braid fullrace TA 7&#215;15 : Pro R Turbo R"},"content":{"rendered":"<p>Aluminium Braid fullrace TA 7&#215;15 wheels suited for the polaris RZR Pro R and Turbo R.<\/p>\n<p>Fullrace TA 7&#215;15 ET+45mm 5&#215;114.3mm Center 68.1<\/p>\n<p>Mat black finish .<\/p>\n<p>Other dimensions and colors available on demand.<\/p>\n","protected":false},"excerpt":{"rendered":"<p>Aluminium Braid fullrace TA 7&#215;15 wheels suited for the polaris RZR Pro R and Turbo R. Fullrace TA 7&#215;15 ET+45mm 5&#215;114.3mm Center 68.1 Mat black finish . Other dimensions and colors available on demand.<\/p>\n","protected":false},"featured_media":55235,"comment_status":"open","ping_status":"closed","template":"","meta":[],"product_cat":[164,97],"product_tag":[],"acf":[],"yoast_head":"<!-- This site is optimized with the Yoast SEO plugin v20.1 - https:\/\/yoast.com\/wordpress\/plugins\/seo\/ -->\n<title>Braid fullrace TA 7x15 : Pro R Turbo R - ReulSport - Landrover specialist - Iveco partner<\/title>\n<meta name=\"robots\" content=\"index, follow, max-snippet:-1, max-image-preview:large, max-video-preview:-1\" \/>\n<link rel=\"canonical\" href=\"https:\/\/www.reulsport.com\/en\/produit\/braid-fullrace-ta-7x15-pro-r-turbo-r\/\" \/>\n<meta property=\"og:locale\" content=\"en_US\" \/>\n<meta property=\"og:type\" content=\"article\" \/>\n<meta property=\"og:title\" content=\"Braid fullrace TA 7x15 : Pro R Turbo R - ReulSport - Landrover specialist - Iveco partner\" \/>\n<meta property=\"og:description\" content=\"Aluminium Braid fullrace TA 7&#215;15 wheels suited for the polaris RZR Pro R and Turbo R. Fullrace TA 7&#215;15 ET+45mm 5&#215;114.3mm Center 68.1 Mat black finish . Other dimensions and colors available on demand.\" \/>\n<meta property=\"og:url\" content=\"https:\/\/www.reulsport.com\/en\/produit\/braid-fullrace-ta-7x15-pro-r-turbo-r\/\" \/>\n<meta property=\"og:site_name\" content=\"ReulSport - Landrover specialist - Iveco partner\" \/>\n<meta property=\"og:image\" content=\"https:\/\/www.reulsport.com\/wp-content\/uploads\/2023\/05\/DSCF6217-scaled.jpg\" \/>\n\t<meta property=\"og:image:width\" content=\"1707\" \/>\n\t<meta property=\"og:image:height\" content=\"2560\" \/>\n\t<meta property=\"og:image:type\" content=\"image\/jpeg\" \/>\n<meta name=\"twitter:card\" content=\"summary_large_image\" \/>\n<script type=\"application\/ld+json\" class=\"yoast-schema-graph\">{\"@context\":\"https:\/\/schema.org\",\"@graph\":[{\"@type\":\"WebPage\",\"@id\":\"https:\/\/www.reulsport.com\/en\/produit\/braid-fullrace-ta-7x15-pro-r-turbo-r\/\",\"url\":\"https:\/\/www.reulsport.com\/en\/produit\/braid-fullrace-ta-7x15-pro-r-turbo-r\/\",\"name\":\"Braid fullrace TA 7x15 : Pro R Turbo R - ReulSport - Landrover specialist - Iveco partner\",\"isPartOf\":{\"@id\":\"https:\/\/www.reulsport.com\/#website\"},\"datePublished\":\"2023-05-09T07:26:57+00:00\",\"dateModified\":\"2023-05-09T07:26:57+00:00\",\"breadcrumb\":{\"@id\":\"https:\/\/www.reulsport.com\/en\/produit\/braid-fullrace-ta-7x15-pro-r-turbo-r\/#breadcrumb\"},\"inLanguage\":\"en-US\",\"potentialAction\":[{\"@type\":\"ReadAction\",\"target\":[\"https:\/\/www.reulsport.com\/en\/produit\/braid-fullrace-ta-7x15-pro-r-turbo-r\/\"]}]},{\"@type\":\"BreadcrumbList\",\"@id\":\"https:\/\/www.reulsport.com\/en\/produit\/braid-fullrace-ta-7x15-pro-r-turbo-r\/#breadcrumb\",\"itemListElement\":[{\"@type\":\"ListItem\",\"position\":1,\"name\":\"Accueil\",\"item\":\"https:\/\/www.reulsport.com\/en\/\"},{\"@type\":\"ListItem\",\"position\":2,\"name\":\"Shop\",\"item\":\"https:\/\/www.reulsport.com\/en\/shop\/\"},{\"@type\":\"ListItem\",\"position\":3,\"name\":\"Braid fullrace TA 7&#215;15 : Pro R Turbo R\"}]},{\"@type\":\"WebSite\",\"@id\":\"https:\/\/www.reulsport.com\/#website\",\"url\":\"https:\/\/www.reulsport.com\/\",\"name\":\"ReulSport - Landrover specialist - Iveco partner\",\"description\":\"ReulSport est un garage Ineos, Iveco et Polaris dans la r\u00e9gion de Verviers et Li\u00e8ge. Sp\u00e9cialiste de l&#039;Offroad, de la pr\u00e9paration et de l&#039;accessoirisation. .\",\"potentialAction\":[{\"@type\":\"SearchAction\",\"target\":{\"@type\":\"EntryPoint\",\"urlTemplate\":\"https:\/\/www.reulsport.com\/?s={search_term_string}\"},\"query-input\":\"required name=search_term_string\"}],\"inLanguage\":\"en-US\"}]}<\/script>\n<!-- \/ Yoast SEO plugin. -->","yoast_head_json":{"title":"Braid fullrace TA 7x15 : Pro R Turbo R - ReulSport - Landrover specialist - Iveco partner","robots":{"index":"index","follow":"follow","max-snippet":"max-snippet:-1","max-image-preview":"max-image-preview:large","max-video-preview":"max-video-preview:-1"},"canonical":"https:\/\/www.reulsport.com\/en\/produit\/braid-fullrace-ta-7x15-pro-r-turbo-r\/","og_locale":"en_US","og_type":"article","og_title":"Braid fullrace TA 7x15 : Pro R Turbo R - ReulSport - Landrover specialist - Iveco partner","og_description":"Aluminium Braid fullrace TA 7&#215;15 wheels suited for the polaris RZR Pro R and Turbo R. Fullrace TA 7&#215;15 ET+45mm 5&#215;114.3mm Center 68.1 Mat black finish . Other dimensions and colors available on demand.","og_url":"https:\/\/www.reulsport.com\/en\/produit\/braid-fullrace-ta-7x15-pro-r-turbo-r\/","og_site_name":"ReulSport - Landrover specialist - Iveco partner","og_image":[{"width":1707,"height":2560,"url":"https:\/\/www.reulsport.com\/wp-content\/uploads\/2023\/05\/DSCF6217-scaled.jpg","type":"image\/jpeg"}],"twitter_card":"summary_large_image","schema":{"@context":"https:\/\/schema.org","@graph":[{"@type":"WebPage","@id":"https:\/\/www.reulsport.com\/en\/produit\/braid-fullrace-ta-7x15-pro-r-turbo-r\/","url":"https:\/\/www.reulsport.com\/en\/produit\/braid-fullrace-ta-7x15-pro-r-turbo-r\/","name":"Braid fullrace TA 7x15 : Pro R Turbo R - ReulSport - Landrover specialist - Iveco partner","isPartOf":{"@id":"https:\/\/www.reulsport.com\/#website"},"datePublished":"2023-05-09T07:26:57+00:00","dateModified":"2023-05-09T07:26:57+00:00","breadcrumb":{"@id":"https:\/\/www.reulsport.com\/en\/produit\/braid-fullrace-ta-7x15-pro-r-turbo-r\/#breadcrumb"},"inLanguage":"en-US","potentialAction":[{"@type":"ReadAction","target":["https:\/\/www.reulsport.com\/en\/produit\/braid-fullrace-ta-7x15-pro-r-turbo-r\/"]}]},{"@type":"BreadcrumbList","@id":"https:\/\/www.reulsport.com\/en\/produit\/braid-fullrace-ta-7x15-pro-r-turbo-r\/#breadcrumb","itemListElement":[{"@type":"ListItem","position":1,"name":"Accueil","item":"https:\/\/www.reulsport.com\/en\/"},{"@type":"ListItem","position":2,"name":"Shop","item":"https:\/\/www.reulsport.com\/en\/shop\/"},{"@type":"ListItem","position":3,"name":"Braid fullrace TA 7&#215;15 : Pro R Turbo R"}]},{"@type":"WebSite","@id":"https:\/\/www.reulsport.com\/#website","url":"https:\/\/www.reulsport.com\/","name":"ReulSport - Landrover specialist - Iveco partner","description":"ReulSport est un garage Ineos, Iveco et Polaris dans la r\u00e9gion de Verviers et Li\u00e8ge. Sp\u00e9cialiste de l&#039;Offroad, de la pr\u00e9paration et de l&#039;accessoirisation. .","potentialAction":[{"@type":"SearchAction","target":{"@type":"EntryPoint","urlTemplate":"https:\/\/www.reulsport.com\/?s={search_term_string}"},"query-input":"required name=search_term_string"}],"inLanguage":"en-US"}]}},"_links":{"self":[{"href":"https:\/\/www.reulsport.com\/en\/wp-json\/wp\/v2\/product\/55251"}],"collection":[{"href":"https:\/\/www.reulsport.com\/en\/wp-json\/wp\/v2\/product"}],"about":[{"href":"https:\/\/www.reulsport.com\/en\/wp-json\/wp\/v2\/types\/product"}],"replies":[{"embeddable":true,"href":"https:\/\/www.reulsport.com\/en\/wp-json\/wp\/v2\/comments?post=55251"}],"wp:featuredmedia":[{"embeddable":true,"href":"https:\/\/www.reulsport.com\/en\/wp-json\/wp\/v2\/media\/55235"}],"wp:attachment":[{"href":"https:\/\/www.reulsport.com\/en\/wp-json\/wp\/v2\/media?parent=55251"}],"wp:term":[{"taxonomy":"product_cat","embeddable":true,"href":"https:\/\/www.reulsport.com\/en\/wp-json\/wp\/v2\/product_cat?post=55251"},{"taxonomy":"product_tag","embeddable":true,"href":"https:\/\/www.reulsport.com\/en\/wp-json\/wp\/v2\/product_tag?post=55251"}],"curies":[{"name":"wp","href":"https:\/\/api.w.org\/{rel}","templated":true}]}}