{"id":55551,"date":"2023-10-18T09:57:37","date_gmt":"2023-10-18T07:57:37","guid":{"rendered":"https:\/\/www.reulsport.com\/produit\/visionx-4-7-integration-kit-original-grille\/"},"modified":"2023-10-18T10:02:11","modified_gmt":"2023-10-18T08:02:11","slug":"visionx-4-7-integration-kit-original-grille","status":"publish","type":"product","link":"https:\/\/www.reulsport.com\/en\/produit\/visionx-4-7-integration-kit-original-grille\/","title":{"rendered":"VisionX 4.7 integration Kit : Original grille"},"content":{"rendered":"<p>Integration kit for 2 Vision X 4.7 lights into the Grenadier&#8217;s original grille.<\/p>\n<p>This kit enables you to mount VisionX 4.7 multiled or single-LED guns on your brand-new Grenadier. Easy to install in the original mounting points, this kit is fully reversible, leaving the outer grille untouched.<br \/>\nIf you want to keep the original look while improving performance, this is what you need.<\/p>\n<p>Kit includes :<\/p>\n<ul>\n<li>2 VisionX barrels + cabling<\/li>\n<li>Stainless steel mountings<\/li>\n<li>Custom machined rings replaces original VisionX ones<\/li>\n<li>Mounting instructions and template<\/li>\n<\/ul>\n<p>&nbsp;<\/p>\n","protected":false},"excerpt":{"rendered":"<p>Integration kit for 2 Vision X 4.7 lights into the Grenadier&#8217;s original grille. This kit enables you to mount VisionX 4.7 multiled or single-LED guns on your brand-new Grenadier. Easy to install in the original mounting points, this kit is fully reversible, leaving the outer grille untouched. If you want to keep the original look [&hellip;]<\/p>\n","protected":false},"featured_media":56449,"comment_status":"open","ping_status":"closed","template":"","meta":[],"product_cat":[2297],"product_tag":[],"acf":[],"yoast_head":"<!-- This site is optimized with the Yoast SEO plugin v20.1 - https:\/\/yoast.com\/wordpress\/plugins\/seo\/ -->\n<title>VisionX 4.7 integration Kit : Original grille - ReulSport - Landrover specialist - Iveco partner<\/title>\n<meta name=\"robots\" content=\"index, follow, max-snippet:-1, max-image-preview:large, max-video-preview:-1\" \/>\n<link rel=\"canonical\" href=\"https:\/\/www.reulsport.com\/en\/produit\/visionx-4-7-integration-kit-original-grille\/\" \/>\n<meta property=\"og:locale\" content=\"en_US\" \/>\n<meta property=\"og:type\" content=\"article\" \/>\n<meta property=\"og:title\" content=\"VisionX 4.7 integration Kit : Original grille - ReulSport - Landrover specialist - Iveco partner\" \/>\n<meta property=\"og:description\" content=\"Integration kit for 2 Vision X 4.7 lights into the Grenadier&#8217;s original grille. This kit enables you to mount VisionX 4.7 multiled or single-LED guns on your brand-new Grenadier. Easy to install in the original mounting points, this kit is fully reversible, leaving the outer grille untouched. If you want to keep the original look [&hellip;]\" \/>\n<meta property=\"og:url\" content=\"https:\/\/www.reulsport.com\/en\/produit\/visionx-4-7-integration-kit-original-grille\/\" \/>\n<meta property=\"og:site_name\" content=\"ReulSport - Landrover specialist - Iveco partner\" \/>\n<meta property=\"article:modified_time\" content=\"2023-10-18T08:02:11+00:00\" \/>\n<meta property=\"og:image\" content=\"https:\/\/www.reulsport.com\/wp-content\/uploads\/2023\/10\/Sans-titre-8-scaled.jpg\" \/>\n\t<meta property=\"og:image:width\" content=\"1707\" \/>\n\t<meta property=\"og:image:height\" content=\"2560\" \/>\n\t<meta property=\"og:image:type\" content=\"image\/jpeg\" \/>\n<meta name=\"twitter:card\" content=\"summary_large_image\" \/>\n<script type=\"application\/ld+json\" class=\"yoast-schema-graph\">{\"@context\":\"https:\/\/schema.org\",\"@graph\":[{\"@type\":\"WebPage\",\"@id\":\"https:\/\/www.reulsport.com\/en\/produit\/visionx-4-7-integration-kit-original-grille\/\",\"url\":\"https:\/\/www.reulsport.com\/en\/produit\/visionx-4-7-integration-kit-original-grille\/\",\"name\":\"VisionX 4.7 integration Kit : Original grille - ReulSport - Landrover specialist - Iveco partner\",\"isPartOf\":{\"@id\":\"https:\/\/www.reulsport.com\/#website\"},\"datePublished\":\"2023-10-18T07:57:37+00:00\",\"dateModified\":\"2023-10-18T08:02:11+00:00\",\"breadcrumb\":{\"@id\":\"https:\/\/www.reulsport.com\/en\/produit\/visionx-4-7-integration-kit-original-grille\/#breadcrumb\"},\"inLanguage\":\"en-US\",\"potentialAction\":[{\"@type\":\"ReadAction\",\"target\":[\"https:\/\/www.reulsport.com\/en\/produit\/visionx-4-7-integration-kit-original-grille\/\"]}]},{\"@type\":\"BreadcrumbList\",\"@id\":\"https:\/\/www.reulsport.com\/en\/produit\/visionx-4-7-integration-kit-original-grille\/#breadcrumb\",\"itemListElement\":[{\"@type\":\"ListItem\",\"position\":1,\"name\":\"Accueil\",\"item\":\"https:\/\/www.reulsport.com\/en\/\"},{\"@type\":\"ListItem\",\"position\":2,\"name\":\"Shop\",\"item\":\"https:\/\/www.reulsport.com\/en\/shop\/\"},{\"@type\":\"ListItem\",\"position\":3,\"name\":\"VisionX 4.7 integration Kit : Original grille\"}]},{\"@type\":\"WebSite\",\"@id\":\"https:\/\/www.reulsport.com\/#website\",\"url\":\"https:\/\/www.reulsport.com\/\",\"name\":\"ReulSport - Landrover specialist - Iveco partner\",\"description\":\"ReulSport est un garage Ineos, Iveco et Polaris dans la r\u00e9gion de Verviers et Li\u00e8ge. Sp\u00e9cialiste de l&#039;Offroad, de la pr\u00e9paration et de l&#039;accessoirisation. .\",\"potentialAction\":[{\"@type\":\"SearchAction\",\"target\":{\"@type\":\"EntryPoint\",\"urlTemplate\":\"https:\/\/www.reulsport.com\/?s={search_term_string}\"},\"query-input\":\"required name=search_term_string\"}],\"inLanguage\":\"en-US\"}]}<\/script>\n<!-- \/ Yoast SEO plugin. -->","yoast_head_json":{"title":"VisionX 4.7 integration Kit : Original grille - ReulSport - Landrover specialist - Iveco partner","robots":{"index":"index","follow":"follow","max-snippet":"max-snippet:-1","max-image-preview":"max-image-preview:large","max-video-preview":"max-video-preview:-1"},"canonical":"https:\/\/www.reulsport.com\/en\/produit\/visionx-4-7-integration-kit-original-grille\/","og_locale":"en_US","og_type":"article","og_title":"VisionX 4.7 integration Kit : Original grille - ReulSport - Landrover specialist - Iveco partner","og_description":"Integration kit for 2 Vision X 4.7 lights into the Grenadier&#8217;s original grille. This kit enables you to mount VisionX 4.7 multiled or single-LED guns on your brand-new Grenadier. Easy to install in the original mounting points, this kit is fully reversible, leaving the outer grille untouched. If you want to keep the original look [&hellip;]","og_url":"https:\/\/www.reulsport.com\/en\/produit\/visionx-4-7-integration-kit-original-grille\/","og_site_name":"ReulSport - Landrover specialist - Iveco partner","article_modified_time":"2023-10-18T08:02:11+00:00","og_image":[{"width":1707,"height":2560,"url":"https:\/\/www.reulsport.com\/wp-content\/uploads\/2023\/10\/Sans-titre-8-scaled.jpg","type":"image\/jpeg"}],"twitter_card":"summary_large_image","schema":{"@context":"https:\/\/schema.org","@graph":[{"@type":"WebPage","@id":"https:\/\/www.reulsport.com\/en\/produit\/visionx-4-7-integration-kit-original-grille\/","url":"https:\/\/www.reulsport.com\/en\/produit\/visionx-4-7-integration-kit-original-grille\/","name":"VisionX 4.7 integration Kit : Original grille - ReulSport - Landrover specialist - Iveco partner","isPartOf":{"@id":"https:\/\/www.reulsport.com\/#website"},"datePublished":"2023-10-18T07:57:37+00:00","dateModified":"2023-10-18T08:02:11+00:00","breadcrumb":{"@id":"https:\/\/www.reulsport.com\/en\/produit\/visionx-4-7-integration-kit-original-grille\/#breadcrumb"},"inLanguage":"en-US","potentialAction":[{"@type":"ReadAction","target":["https:\/\/www.reulsport.com\/en\/produit\/visionx-4-7-integration-kit-original-grille\/"]}]},{"@type":"BreadcrumbList","@id":"https:\/\/www.reulsport.com\/en\/produit\/visionx-4-7-integration-kit-original-grille\/#breadcrumb","itemListElement":[{"@type":"ListItem","position":1,"name":"Accueil","item":"https:\/\/www.reulsport.com\/en\/"},{"@type":"ListItem","position":2,"name":"Shop","item":"https:\/\/www.reulsport.com\/en\/shop\/"},{"@type":"ListItem","position":3,"name":"VisionX 4.7 integration Kit : Original grille"}]},{"@type":"WebSite","@id":"https:\/\/www.reulsport.com\/#website","url":"https:\/\/www.reulsport.com\/","name":"ReulSport - Landrover specialist - Iveco partner","description":"ReulSport est un garage Ineos, Iveco et Polaris dans la r\u00e9gion de Verviers et Li\u00e8ge. Sp\u00e9cialiste de l&#039;Offroad, de la pr\u00e9paration et de l&#039;accessoirisation. .","potentialAction":[{"@type":"SearchAction","target":{"@type":"EntryPoint","urlTemplate":"https:\/\/www.reulsport.com\/?s={search_term_string}"},"query-input":"required name=search_term_string"}],"inLanguage":"en-US"}]}},"_links":{"self":[{"href":"https:\/\/www.reulsport.com\/en\/wp-json\/wp\/v2\/product\/55551"}],"collection":[{"href":"https:\/\/www.reulsport.com\/en\/wp-json\/wp\/v2\/product"}],"about":[{"href":"https:\/\/www.reulsport.com\/en\/wp-json\/wp\/v2\/types\/product"}],"replies":[{"embeddable":true,"href":"https:\/\/www.reulsport.com\/en\/wp-json\/wp\/v2\/comments?post=55551"}],"wp:featuredmedia":[{"embeddable":true,"href":"https:\/\/www.reulsport.com\/en\/wp-json\/wp\/v2\/media\/56449"}],"wp:attachment":[{"href":"https:\/\/www.reulsport.com\/en\/wp-json\/wp\/v2\/media?parent=55551"}],"wp:term":[{"taxonomy":"product_cat","embeddable":true,"href":"https:\/\/www.reulsport.com\/en\/wp-json\/wp\/v2\/product_cat?post=55551"},{"taxonomy":"product_tag","embeddable":true,"href":"https:\/\/www.reulsport.com\/en\/wp-json\/wp\/v2\/product_tag?post=55551"}],"curies":[{"name":"wp","href":"https:\/\/api.w.org\/{rel}","templated":true}]}}