{"id":56251,"date":"2022-06-23T16:27:18","date_gmt":"2022-06-23T14:27:18","guid":{"rendered":"https:\/\/www.reulsport.com\/produit\/forged-ur4-9-5x20-beadlock-nouveau-defender\/"},"modified":"2025-08-11T08:11:11","modified_gmt":"2025-08-11T06:11:11","slug":"forged-ur4-9-5x20-beadlock-nouveau-defender","status":"publish","type":"product","link":"https:\/\/www.reulsport.com\/en\/produit\/forged-ur4-9-5x20-beadlock-nouveau-defender\/","title":{"rendered":"BRAID FORGED UR4 9.5&#215;20&#8242; BEADLOCK NEW DEFENDER"},"content":{"rendered":"<p>9.5\u00d720 Beadlock aluminum wheels for the new Defender<\/p>\n<p>Anthracite gray finish<br \/>\nOther colors available on request.<\/p>\n","protected":false},"excerpt":{"rendered":"<p>9.5\u00d720 Beadlock aluminum wheels for the new Defender Anthracite gray finish Other colors available on request.<\/p>\n","protected":false},"featured_media":40913,"comment_status":"open","ping_status":"closed","template":"","meta":[],"product_cat":[191,97],"product_tag":[],"acf":[],"yoast_head":"<!-- This site is optimized with the Yoast SEO plugin v20.1 - https:\/\/yoast.com\/wordpress\/plugins\/seo\/ -->\n<title>BRAID FORGED UR4 9.5x20&#039; BEADLOCK NEW DEFENDER - ReulSport - Landrover specialist - Iveco partner<\/title>\n<meta name=\"robots\" content=\"index, follow, max-snippet:-1, max-image-preview:large, max-video-preview:-1\" \/>\n<link rel=\"canonical\" href=\"https:\/\/www.reulsport.com\/en\/produit\/forged-ur4-9-5x20-beadlock-nouveau-defender\/\" \/>\n<meta property=\"og:locale\" content=\"en_US\" \/>\n<meta property=\"og:type\" content=\"article\" \/>\n<meta property=\"og:title\" content=\"BRAID FORGED UR4 9.5x20&#039; BEADLOCK NEW DEFENDER - ReulSport - Landrover specialist - Iveco partner\" \/>\n<meta property=\"og:description\" content=\"9.5\u00d720 Beadlock aluminum wheels for the new Defender Anthracite gray finish Other colors available on request.\" \/>\n<meta property=\"og:url\" content=\"https:\/\/www.reulsport.com\/en\/produit\/forged-ur4-9-5x20-beadlock-nouveau-defender\/\" \/>\n<meta property=\"og:site_name\" content=\"ReulSport - Landrover specialist - Iveco partner\" \/>\n<meta property=\"article:modified_time\" content=\"2025-08-11T06:11:11+00:00\" \/>\n<meta property=\"og:image\" content=\"https:\/\/www.reulsport.com\/wp-content\/uploads\/2022\/06\/289080173_1455028168265631_1648400578354052442_n.jpg\" \/>\n\t<meta property=\"og:image:width\" content=\"1184\" \/>\n\t<meta property=\"og:image:height\" content=\"1776\" \/>\n\t<meta property=\"og:image:type\" content=\"image\/jpeg\" \/>\n<meta name=\"twitter:card\" content=\"summary_large_image\" \/>\n<script type=\"application\/ld+json\" class=\"yoast-schema-graph\">{\"@context\":\"https:\/\/schema.org\",\"@graph\":[{\"@type\":\"WebPage\",\"@id\":\"https:\/\/www.reulsport.com\/en\/produit\/forged-ur4-9-5x20-beadlock-nouveau-defender\/\",\"url\":\"https:\/\/www.reulsport.com\/en\/produit\/forged-ur4-9-5x20-beadlock-nouveau-defender\/\",\"name\":\"BRAID FORGED UR4 9.5x20' BEADLOCK NEW DEFENDER - ReulSport - Landrover specialist - Iveco partner\",\"isPartOf\":{\"@id\":\"https:\/\/www.reulsport.com\/#website\"},\"datePublished\":\"2022-06-23T14:27:18+00:00\",\"dateModified\":\"2025-08-11T06:11:11+00:00\",\"breadcrumb\":{\"@id\":\"https:\/\/www.reulsport.com\/en\/produit\/forged-ur4-9-5x20-beadlock-nouveau-defender\/#breadcrumb\"},\"inLanguage\":\"en-US\",\"potentialAction\":[{\"@type\":\"ReadAction\",\"target\":[\"https:\/\/www.reulsport.com\/en\/produit\/forged-ur4-9-5x20-beadlock-nouveau-defender\/\"]}]},{\"@type\":\"BreadcrumbList\",\"@id\":\"https:\/\/www.reulsport.com\/en\/produit\/forged-ur4-9-5x20-beadlock-nouveau-defender\/#breadcrumb\",\"itemListElement\":[{\"@type\":\"ListItem\",\"position\":1,\"name\":\"Accueil\",\"item\":\"https:\/\/www.reulsport.com\/en\/\"},{\"@type\":\"ListItem\",\"position\":2,\"name\":\"Shop\",\"item\":\"https:\/\/www.reulsport.com\/en\/shop\/\"},{\"@type\":\"ListItem\",\"position\":3,\"name\":\"BRAID FORGED UR4 9.5&#215;20&#8242; BEADLOCK NEW DEFENDER\"}]},{\"@type\":\"WebSite\",\"@id\":\"https:\/\/www.reulsport.com\/#website\",\"url\":\"https:\/\/www.reulsport.com\/\",\"name\":\"ReulSport - Landrover specialist - Iveco partner\",\"description\":\"ReulSport est un garage Ineos, Iveco et Polaris dans la r\u00e9gion de Verviers et Li\u00e8ge. Sp\u00e9cialiste de l&#039;Offroad, de la pr\u00e9paration et de l&#039;accessoirisation. .\",\"potentialAction\":[{\"@type\":\"SearchAction\",\"target\":{\"@type\":\"EntryPoint\",\"urlTemplate\":\"https:\/\/www.reulsport.com\/?s={search_term_string}\"},\"query-input\":\"required name=search_term_string\"}],\"inLanguage\":\"en-US\"}]}<\/script>\n<!-- \/ Yoast SEO plugin. -->","yoast_head_json":{"title":"BRAID FORGED UR4 9.5x20' BEADLOCK NEW DEFENDER - ReulSport - Landrover specialist - Iveco partner","robots":{"index":"index","follow":"follow","max-snippet":"max-snippet:-1","max-image-preview":"max-image-preview:large","max-video-preview":"max-video-preview:-1"},"canonical":"https:\/\/www.reulsport.com\/en\/produit\/forged-ur4-9-5x20-beadlock-nouveau-defender\/","og_locale":"en_US","og_type":"article","og_title":"BRAID FORGED UR4 9.5x20' BEADLOCK NEW DEFENDER - ReulSport - Landrover specialist - Iveco partner","og_description":"9.5\u00d720 Beadlock aluminum wheels for the new Defender Anthracite gray finish Other colors available on request.","og_url":"https:\/\/www.reulsport.com\/en\/produit\/forged-ur4-9-5x20-beadlock-nouveau-defender\/","og_site_name":"ReulSport - Landrover specialist - Iveco partner","article_modified_time":"2025-08-11T06:11:11+00:00","og_image":[{"width":1184,"height":1776,"url":"https:\/\/www.reulsport.com\/wp-content\/uploads\/2022\/06\/289080173_1455028168265631_1648400578354052442_n.jpg","type":"image\/jpeg"}],"twitter_card":"summary_large_image","schema":{"@context":"https:\/\/schema.org","@graph":[{"@type":"WebPage","@id":"https:\/\/www.reulsport.com\/en\/produit\/forged-ur4-9-5x20-beadlock-nouveau-defender\/","url":"https:\/\/www.reulsport.com\/en\/produit\/forged-ur4-9-5x20-beadlock-nouveau-defender\/","name":"BRAID FORGED UR4 9.5x20' BEADLOCK NEW DEFENDER - ReulSport - Landrover specialist - Iveco partner","isPartOf":{"@id":"https:\/\/www.reulsport.com\/#website"},"datePublished":"2022-06-23T14:27:18+00:00","dateModified":"2025-08-11T06:11:11+00:00","breadcrumb":{"@id":"https:\/\/www.reulsport.com\/en\/produit\/forged-ur4-9-5x20-beadlock-nouveau-defender\/#breadcrumb"},"inLanguage":"en-US","potentialAction":[{"@type":"ReadAction","target":["https:\/\/www.reulsport.com\/en\/produit\/forged-ur4-9-5x20-beadlock-nouveau-defender\/"]}]},{"@type":"BreadcrumbList","@id":"https:\/\/www.reulsport.com\/en\/produit\/forged-ur4-9-5x20-beadlock-nouveau-defender\/#breadcrumb","itemListElement":[{"@type":"ListItem","position":1,"name":"Accueil","item":"https:\/\/www.reulsport.com\/en\/"},{"@type":"ListItem","position":2,"name":"Shop","item":"https:\/\/www.reulsport.com\/en\/shop\/"},{"@type":"ListItem","position":3,"name":"BRAID FORGED UR4 9.5&#215;20&#8242; BEADLOCK NEW DEFENDER"}]},{"@type":"WebSite","@id":"https:\/\/www.reulsport.com\/#website","url":"https:\/\/www.reulsport.com\/","name":"ReulSport - Landrover specialist - Iveco partner","description":"ReulSport est un garage Ineos, Iveco et Polaris dans la r\u00e9gion de Verviers et Li\u00e8ge. Sp\u00e9cialiste de l&#039;Offroad, de la pr\u00e9paration et de l&#039;accessoirisation. .","potentialAction":[{"@type":"SearchAction","target":{"@type":"EntryPoint","urlTemplate":"https:\/\/www.reulsport.com\/?s={search_term_string}"},"query-input":"required name=search_term_string"}],"inLanguage":"en-US"}]}},"_links":{"self":[{"href":"https:\/\/www.reulsport.com\/en\/wp-json\/wp\/v2\/product\/56251"}],"collection":[{"href":"https:\/\/www.reulsport.com\/en\/wp-json\/wp\/v2\/product"}],"about":[{"href":"https:\/\/www.reulsport.com\/en\/wp-json\/wp\/v2\/types\/product"}],"replies":[{"embeddable":true,"href":"https:\/\/www.reulsport.com\/en\/wp-json\/wp\/v2\/comments?post=56251"}],"wp:featuredmedia":[{"embeddable":true,"href":"https:\/\/www.reulsport.com\/en\/wp-json\/wp\/v2\/media\/40913"}],"wp:attachment":[{"href":"https:\/\/www.reulsport.com\/en\/wp-json\/wp\/v2\/media?parent=56251"}],"wp:term":[{"taxonomy":"product_cat","embeddable":true,"href":"https:\/\/www.reulsport.com\/en\/wp-json\/wp\/v2\/product_cat?post=56251"},{"taxonomy":"product_tag","embeddable":true,"href":"https:\/\/www.reulsport.com\/en\/wp-json\/wp\/v2\/product_tag?post=56251"}],"curies":[{"name":"wp","href":"https:\/\/api.w.org\/{rel}","templated":true}]}}