{"id":8662,"date":"2018-09-05T10:49:26","date_gmt":"2018-09-05T08:49:26","guid":{"rendered":"https:\/\/www.reulsport.com\/?post_type=product&#038;p=8662\/"},"modified":"2018-09-06T09:35:27","modified_gmt":"2018-09-06T07:35:27","slug":"52-xmitter-led-bar-black-100-3w-leds-euro","status":"publish","type":"product","link":"https:\/\/www.reulsport.com\/en\/produit\/52-xmitter-led-bar-black-100-3w-leds-euro\/","title":{"rendered":"52&#8243; XMITTER LED BAR BLACK 100 3W LED&#8217;S EURO"},"content":{"rendered":"<p>LED Color: 6&#8243;000K White<\/p>\n<p>LED LIGHT BARS SOLD INDIVIDUALLY WITH RELAY HARNESS<\/p>\n<p>18,000\u00a0Lumen Total Light Output<\/p>\n<p>Why Xmitter<br \/>\n The Xmitter LED Light Bar was the original Vision X LED Bar. The Xmitter has been tested and proven by the best, including the US Border Patrol and NASA. The Xmitter is the best LED bar for applications where the most light is needed without all the frills, such as off-roading, commercial, and recreational use.<\/p>\n<p>Key Features<br \/>\n &gt;Seamless Beam Pattern<br \/>\n &gt;Isolated Rubber Mount for Vibration Control<br \/>\n &gt;15\u00b0 Vertically Adjustable Once Mounted<br \/>\n &gt;Low Power Consumption<\/p>\n<p>The Original Vision X LED Bar<\/p>\n<p>The Xmitter LED Bar has been tested and proven on the dunes, the trails, and beyond. The Xmitter LED bar technology has been used by off-road racers, the United States Border Patrol, NASA, and others because it has been proven as powerful and durable in any application.<br \/>\n Multi Voltage Electronics<br \/>\n Since its introduction, we have added multi-voltage electronics in order to increase lighting output, now taking input voltage of 9-42 Volts.<\/p>\n<p>Durable and Patented Design<br \/>\n Extruded 6&#8243;6&#8243; Aluminum<br \/>\n The Xmitter features a 6&#8243;6&#8243; extruded aluminum housing for ultimate strength and durability.<br \/>\n IP-6&#8243; Rated<br \/>\n The Xmitter has achieved an ingress protection rating of IP-6&#8243;, signifying that it is dust-proof and water spray resistant.<br \/>\n Proven Mounting System<br \/>\n The Xmitter utilizes the Vision X signature stud mounting system that allows for 15\u00b0 of adjustability and helps to control vibration through the use of isolated rubber in the mount.<\/p>\n","protected":false},"excerpt":{"rendered":"<p>LED Color: 6&#8243;000K White LED LIGHT BARS SOLD INDIVIDUALLY WITH RELAY HARNESS 18,000\u00a0Lumen Total Light Output Why Xmitter The Xmitter LED Light Bar was the original Vision X LED Bar. The Xmitter has been tested and proven by the best, including the US Border Patrol and NASA. The Xmitter is the best LED bar for [&hellip;]<\/p>\n","protected":false},"featured_media":8663,"comment_status":"open","ping_status":"closed","template":"","meta":[],"product_cat":[100],"product_tag":[],"acf":[],"yoast_head":"<!-- This site is optimized with the Yoast SEO plugin v20.1 - https:\/\/yoast.com\/wordpress\/plugins\/seo\/ -->\n<title>52&quot; XMITTER LED BAR BLACK 100 3W LED&#039;S EURO - ReulSport - Landrover specialist - Iveco partner<\/title>\n<meta name=\"robots\" content=\"index, follow, max-snippet:-1, max-image-preview:large, max-video-preview:-1\" \/>\n<link rel=\"canonical\" href=\"https:\/\/www.reulsport.com\/en\/produit\/52-xmitter-led-bar-black-100-3w-leds-euro\/\" \/>\n<meta property=\"og:locale\" content=\"en_US\" \/>\n<meta property=\"og:type\" content=\"article\" \/>\n<meta property=\"og:title\" content=\"52&quot; XMITTER LED BAR BLACK 100 3W LED&#039;S EURO - ReulSport - Landrover specialist - Iveco partner\" \/>\n<meta property=\"og:description\" content=\"LED Color: 6&#8243;000K White LED LIGHT BARS SOLD INDIVIDUALLY WITH RELAY HARNESS 18,000\u00a0Lumen Total Light Output Why Xmitter The Xmitter LED Light Bar was the original Vision X LED Bar. The Xmitter has been tested and proven by the best, including the US Border Patrol and NASA. The Xmitter is the best LED bar for [&hellip;]\" \/>\n<meta property=\"og:url\" content=\"https:\/\/www.reulsport.com\/en\/produit\/52-xmitter-led-bar-black-100-3w-leds-euro\/\" \/>\n<meta property=\"og:site_name\" content=\"ReulSport - Landrover specialist - Iveco partner\" \/>\n<meta property=\"article:modified_time\" content=\"2018-09-06T07:35:27+00:00\" \/>\n<meta property=\"og:image\" content=\"https:\/\/www.reulsport.com\/wp-content\/uploads\/2018\/09\/XIL-1000.jpg\" \/>\n\t<meta property=\"og:image:width\" content=\"800\" \/>\n\t<meta property=\"og:image:height\" content=\"800\" \/>\n\t<meta property=\"og:image:type\" content=\"image\/jpeg\" \/>\n<meta name=\"twitter:card\" content=\"summary_large_image\" \/>\n<meta name=\"twitter:label1\" content=\"Est. reading time\" \/>\n\t<meta name=\"twitter:data1\" content=\"1 minute\" \/>\n<script type=\"application\/ld+json\" class=\"yoast-schema-graph\">{\"@context\":\"https:\/\/schema.org\",\"@graph\":[{\"@type\":\"WebPage\",\"@id\":\"https:\/\/www.reulsport.com\/en\/produit\/52-xmitter-led-bar-black-100-3w-leds-euro\/\",\"url\":\"https:\/\/www.reulsport.com\/en\/produit\/52-xmitter-led-bar-black-100-3w-leds-euro\/\",\"name\":\"52\\\" XMITTER LED BAR BLACK 100 3W LED'S EURO - ReulSport - Landrover specialist - Iveco partner\",\"isPartOf\":{\"@id\":\"https:\/\/www.reulsport.com\/#website\"},\"datePublished\":\"2018-09-05T08:49:26+00:00\",\"dateModified\":\"2018-09-06T07:35:27+00:00\",\"breadcrumb\":{\"@id\":\"https:\/\/www.reulsport.com\/en\/produit\/52-xmitter-led-bar-black-100-3w-leds-euro\/#breadcrumb\"},\"inLanguage\":\"en-US\",\"potentialAction\":[{\"@type\":\"ReadAction\",\"target\":[\"https:\/\/www.reulsport.com\/en\/produit\/52-xmitter-led-bar-black-100-3w-leds-euro\/\"]}]},{\"@type\":\"BreadcrumbList\",\"@id\":\"https:\/\/www.reulsport.com\/en\/produit\/52-xmitter-led-bar-black-100-3w-leds-euro\/#breadcrumb\",\"itemListElement\":[{\"@type\":\"ListItem\",\"position\":1,\"name\":\"Accueil\",\"item\":\"https:\/\/www.reulsport.com\/en\/\"},{\"@type\":\"ListItem\",\"position\":2,\"name\":\"Shop\",\"item\":\"https:\/\/www.reulsport.com\/en\/shop\/\"},{\"@type\":\"ListItem\",\"position\":3,\"name\":\"52&#8243; XMITTER LED BAR BLACK 100 3W LED&#8217;S EURO\"}]},{\"@type\":\"WebSite\",\"@id\":\"https:\/\/www.reulsport.com\/#website\",\"url\":\"https:\/\/www.reulsport.com\/\",\"name\":\"ReulSport - Landrover specialist - Iveco partner\",\"description\":\"ReulSport est un garage Ineos, Iveco et Polaris dans la r\u00e9gion de Verviers et Li\u00e8ge. Sp\u00e9cialiste de l&#039;Offroad, de la pr\u00e9paration et de l&#039;accessoirisation. .\",\"potentialAction\":[{\"@type\":\"SearchAction\",\"target\":{\"@type\":\"EntryPoint\",\"urlTemplate\":\"https:\/\/www.reulsport.com\/?s={search_term_string}\"},\"query-input\":\"required name=search_term_string\"}],\"inLanguage\":\"en-US\"}]}<\/script>\n<!-- \/ Yoast SEO plugin. -->","yoast_head_json":{"title":"52\" XMITTER LED BAR BLACK 100 3W LED'S EURO - ReulSport - Landrover specialist - Iveco partner","robots":{"index":"index","follow":"follow","max-snippet":"max-snippet:-1","max-image-preview":"max-image-preview:large","max-video-preview":"max-video-preview:-1"},"canonical":"https:\/\/www.reulsport.com\/en\/produit\/52-xmitter-led-bar-black-100-3w-leds-euro\/","og_locale":"en_US","og_type":"article","og_title":"52\" XMITTER LED BAR BLACK 100 3W LED'S EURO - ReulSport - Landrover specialist - Iveco partner","og_description":"LED Color: 6&#8243;000K White LED LIGHT BARS SOLD INDIVIDUALLY WITH RELAY HARNESS 18,000\u00a0Lumen Total Light Output Why Xmitter The Xmitter LED Light Bar was the original Vision X LED Bar. The Xmitter has been tested and proven by the best, including the US Border Patrol and NASA. The Xmitter is the best LED bar for [&hellip;]","og_url":"https:\/\/www.reulsport.com\/en\/produit\/52-xmitter-led-bar-black-100-3w-leds-euro\/","og_site_name":"ReulSport - Landrover specialist - Iveco partner","article_modified_time":"2018-09-06T07:35:27+00:00","og_image":[{"width":800,"height":800,"url":"https:\/\/www.reulsport.com\/wp-content\/uploads\/2018\/09\/XIL-1000.jpg","type":"image\/jpeg"}],"twitter_card":"summary_large_image","twitter_misc":{"Est. reading time":"1 minute"},"schema":{"@context":"https:\/\/schema.org","@graph":[{"@type":"WebPage","@id":"https:\/\/www.reulsport.com\/en\/produit\/52-xmitter-led-bar-black-100-3w-leds-euro\/","url":"https:\/\/www.reulsport.com\/en\/produit\/52-xmitter-led-bar-black-100-3w-leds-euro\/","name":"52\" XMITTER LED BAR BLACK 100 3W LED'S EURO - ReulSport - Landrover specialist - Iveco partner","isPartOf":{"@id":"https:\/\/www.reulsport.com\/#website"},"datePublished":"2018-09-05T08:49:26+00:00","dateModified":"2018-09-06T07:35:27+00:00","breadcrumb":{"@id":"https:\/\/www.reulsport.com\/en\/produit\/52-xmitter-led-bar-black-100-3w-leds-euro\/#breadcrumb"},"inLanguage":"en-US","potentialAction":[{"@type":"ReadAction","target":["https:\/\/www.reulsport.com\/en\/produit\/52-xmitter-led-bar-black-100-3w-leds-euro\/"]}]},{"@type":"BreadcrumbList","@id":"https:\/\/www.reulsport.com\/en\/produit\/52-xmitter-led-bar-black-100-3w-leds-euro\/#breadcrumb","itemListElement":[{"@type":"ListItem","position":1,"name":"Accueil","item":"https:\/\/www.reulsport.com\/en\/"},{"@type":"ListItem","position":2,"name":"Shop","item":"https:\/\/www.reulsport.com\/en\/shop\/"},{"@type":"ListItem","position":3,"name":"52&#8243; XMITTER LED BAR BLACK 100 3W LED&#8217;S EURO"}]},{"@type":"WebSite","@id":"https:\/\/www.reulsport.com\/#website","url":"https:\/\/www.reulsport.com\/","name":"ReulSport - Landrover specialist - Iveco partner","description":"ReulSport est un garage Ineos, Iveco et Polaris dans la r\u00e9gion de Verviers et Li\u00e8ge. Sp\u00e9cialiste de l&#039;Offroad, de la pr\u00e9paration et de l&#039;accessoirisation. .","potentialAction":[{"@type":"SearchAction","target":{"@type":"EntryPoint","urlTemplate":"https:\/\/www.reulsport.com\/?s={search_term_string}"},"query-input":"required name=search_term_string"}],"inLanguage":"en-US"}]}},"_links":{"self":[{"href":"https:\/\/www.reulsport.com\/en\/wp-json\/wp\/v2\/product\/8662"}],"collection":[{"href":"https:\/\/www.reulsport.com\/en\/wp-json\/wp\/v2\/product"}],"about":[{"href":"https:\/\/www.reulsport.com\/en\/wp-json\/wp\/v2\/types\/product"}],"replies":[{"embeddable":true,"href":"https:\/\/www.reulsport.com\/en\/wp-json\/wp\/v2\/comments?post=8662"}],"wp:featuredmedia":[{"embeddable":true,"href":"https:\/\/www.reulsport.com\/en\/wp-json\/wp\/v2\/media\/8663"}],"wp:attachment":[{"href":"https:\/\/www.reulsport.com\/en\/wp-json\/wp\/v2\/media?parent=8662"}],"wp:term":[{"taxonomy":"product_cat","embeddable":true,"href":"https:\/\/www.reulsport.com\/en\/wp-json\/wp\/v2\/product_cat?post=8662"},{"taxonomy":"product_tag","embeddable":true,"href":"https:\/\/www.reulsport.com\/en\/wp-json\/wp\/v2\/product_tag?post=8662"}],"curies":[{"name":"wp","href":"https:\/\/api.w.org\/{rel}","templated":true}]}}