{"id":8872,"date":"2018-09-06T10:24:14","date_gmt":"2018-09-06T08:24:14","guid":{"rendered":"https:\/\/www.reulsport.com\/?post_type=product&#038;p=8872\/"},"modified":"2018-09-06T10:24:14","modified_gmt":"2018-09-06T08:24:14","slug":"35-chaser-bar-single-row-27-leds-split-circuit-redamberwhiteamberred-without-flasher","status":"publish","type":"product","link":"https:\/\/www.reulsport.com\/en\/produit\/35-chaser-bar-single-row-27-leds-split-circuit-redamberwhiteamberred-without-flasher\/","title":{"rendered":"35&#8243; CHASER BAR SINGLE ROW 27 LEDS (SPLIT CIRCUIT, RED\\AMBER\\WHITE\\AMBER\\RED) &#8211; WITHOUT FLASHER"},"content":{"rendered":"<ul class=\"tbl pd-tbl\">\n<li class=\"tbl-row\"><span class=\"tbl-cell\">Raw Lumens:<\/span><strong id=\"rawLumens\" class=\"tbl-cell\">7,056lm<\/strong><\/li>\n<li class=\"tbl-row\"><span class=\"tbl-cell\">Effective Lumens:<\/span><strong id=\"effLumens\" class=\"tbl-cell\">4,939lm<\/strong><\/li>\n<li class=\"tbl-row\"><span class=\"tbl-cell\">Wattage:<\/span><strong id=\"wattage\" class=\"tbl-cell\">87W<\/strong><\/li>\n<li class=\"tbl-row\"><span class=\"tbl-cell\">Amp Draw(@12V):<\/span><strong id=\"ampDraw\" class=\"tbl-cell\">7.25A<\/strong><\/li>\n<\/ul>\n<h4><strong>Low Profile Rear LED Chaser Bar System<\/strong><\/h4>\n<div>The\u00a0Vision X Chaser\u00a0Bar provides high output color LED\u2019s in a sleek, low profile housing with a bright\u00a0flood beam pattern. This rear mounted light bar can be configured as your running and brake lights using standard Red, Amber and White LED\u2019s. The Chaser Bar comes in two sizes to accommodate stock (28\u2033) and aftermarket(35\u2033) roll cages and is available with or without the adjustable Flasher Unit.<\/div>\n<h4><strong>Dual Mounting Options<\/strong><\/h4>\n<div>With dual mounting options of both end-cap mounting and patented mounting feet, the Chaser Bar is the ultimate solution for your\u00a0ATV, UTV and SXS.<\/div>\n<h4><strong>Prime Drive Technology<\/strong><\/h4>\n<div>Prime Drive Technology from Vision X Lighting controls vital functions such as temperature control and dimming on your LED Light Bar. This advanced technology can increase or decrease the intervals at which the LEDs turn on and off in order to lower the bars overall temperature and maximize the lifespan.<\/div>\n","protected":false},"excerpt":{"rendered":"<p>Raw Lumens:7,056lm Effective Lumens:4,939lm Wattage:87W Amp Draw(@12V):7.25A Low Profile Rear LED Chaser Bar System The\u00a0Vision X Chaser\u00a0Bar provides high output color LED\u2019s in a sleek, low profile housing with a bright\u00a0flood beam pattern. This rear mounted light bar can be configured as your running and brake lights using standard Red, Amber and White LED\u2019s. The [&hellip;]<\/p>\n","protected":false},"featured_media":8855,"comment_status":"open","ping_status":"closed","template":"","meta":[],"product_cat":[100],"product_tag":[],"acf":[],"yoast_head":"<!-- This site is optimized with the Yoast SEO plugin v20.1 - https:\/\/yoast.com\/wordpress\/plugins\/seo\/ -->\n<title>35&quot; CHASER BAR SINGLE ROW 27 LEDS (SPLIT CIRCUIT, RED\\AMBER\\WHITE\\AMBER\\RED) - WITHOUT FLASHER - ReulSport - Landrover specialist - Iveco partner<\/title>\n<meta name=\"robots\" content=\"index, follow, max-snippet:-1, max-image-preview:large, max-video-preview:-1\" \/>\n<link rel=\"canonical\" href=\"https:\/\/www.reulsport.com\/en\/produit\/35-chaser-bar-single-row-27-leds-split-circuit-redamberwhiteamberred-without-flasher\/\" \/>\n<meta property=\"og:locale\" content=\"en_US\" \/>\n<meta property=\"og:type\" content=\"article\" \/>\n<meta property=\"og:title\" content=\"35&quot; CHASER BAR SINGLE ROW 27 LEDS (SPLIT CIRCUIT, RED\\AMBER\\WHITE\\AMBER\\RED) - WITHOUT FLASHER - ReulSport - Landrover specialist - Iveco partner\" \/>\n<meta property=\"og:description\" content=\"Raw Lumens:7,056lm Effective Lumens:4,939lm Wattage:87W Amp Draw(@12V):7.25A Low Profile Rear LED Chaser Bar System The\u00a0Vision X Chaser\u00a0Bar provides high output color LED\u2019s in a sleek, low profile housing with a bright\u00a0flood beam pattern. This rear mounted light bar can be configured as your running and brake lights using standard Red, Amber and White LED\u2019s. The [&hellip;]\" \/>\n<meta property=\"og:url\" content=\"https:\/\/www.reulsport.com\/en\/produit\/35-chaser-bar-single-row-27-leds-split-circuit-redamberwhiteamberred-without-flasher\/\" \/>\n<meta property=\"og:site_name\" content=\"ReulSport - Landrover specialist - Iveco partner\" \/>\n<meta property=\"og:image\" content=\"https:\/\/www.reulsport.com\/wp-content\/uploads\/2018\/09\/XIL-CBSR27.jpg\" \/>\n\t<meta property=\"og:image:width\" content=\"750\" \/>\n\t<meta property=\"og:image:height\" content=\"750\" \/>\n\t<meta property=\"og:image:type\" content=\"image\/jpeg\" \/>\n<meta name=\"twitter:card\" content=\"summary_large_image\" \/>\n<meta name=\"twitter:label1\" content=\"Est. reading time\" \/>\n\t<meta name=\"twitter:data1\" content=\"1 minute\" \/>\n<script type=\"application\/ld+json\" class=\"yoast-schema-graph\">{\"@context\":\"https:\/\/schema.org\",\"@graph\":[{\"@type\":\"WebPage\",\"@id\":\"https:\/\/www.reulsport.com\/en\/produit\/35-chaser-bar-single-row-27-leds-split-circuit-redamberwhiteamberred-without-flasher\/\",\"url\":\"https:\/\/www.reulsport.com\/en\/produit\/35-chaser-bar-single-row-27-leds-split-circuit-redamberwhiteamberred-without-flasher\/\",\"name\":\"35\\\" CHASER BAR SINGLE ROW 27 LEDS (SPLIT CIRCUIT, RED\\\\AMBER\\\\WHITE\\\\AMBER\\\\RED) - WITHOUT FLASHER - ReulSport - Landrover specialist - Iveco partner\",\"isPartOf\":{\"@id\":\"https:\/\/www.reulsport.com\/#website\"},\"datePublished\":\"2018-09-06T08:24:14+00:00\",\"dateModified\":\"2018-09-06T08:24:14+00:00\",\"breadcrumb\":{\"@id\":\"https:\/\/www.reulsport.com\/en\/produit\/35-chaser-bar-single-row-27-leds-split-circuit-redamberwhiteamberred-without-flasher\/#breadcrumb\"},\"inLanguage\":\"en-US\",\"potentialAction\":[{\"@type\":\"ReadAction\",\"target\":[\"https:\/\/www.reulsport.com\/en\/produit\/35-chaser-bar-single-row-27-leds-split-circuit-redamberwhiteamberred-without-flasher\/\"]}]},{\"@type\":\"BreadcrumbList\",\"@id\":\"https:\/\/www.reulsport.com\/en\/produit\/35-chaser-bar-single-row-27-leds-split-circuit-redamberwhiteamberred-without-flasher\/#breadcrumb\",\"itemListElement\":[{\"@type\":\"ListItem\",\"position\":1,\"name\":\"Accueil\",\"item\":\"https:\/\/www.reulsport.com\/en\/\"},{\"@type\":\"ListItem\",\"position\":2,\"name\":\"Shop\",\"item\":\"https:\/\/www.reulsport.com\/en\/shop\/\"},{\"@type\":\"ListItem\",\"position\":3,\"name\":\"35&#8243; CHASER BAR SINGLE ROW 27 LEDS (SPLIT CIRCUIT, RED\\\\AMBER\\\\WHITE\\\\AMBER\\\\RED) &#8211; WITHOUT FLASHER\"}]},{\"@type\":\"WebSite\",\"@id\":\"https:\/\/www.reulsport.com\/#website\",\"url\":\"https:\/\/www.reulsport.com\/\",\"name\":\"ReulSport - Landrover specialist - Iveco partner\",\"description\":\"ReulSport est un garage Ineos, Iveco et Polaris dans la r\u00e9gion de Verviers et Li\u00e8ge. Sp\u00e9cialiste de l&#039;Offroad, de la pr\u00e9paration et de l&#039;accessoirisation. .\",\"potentialAction\":[{\"@type\":\"SearchAction\",\"target\":{\"@type\":\"EntryPoint\",\"urlTemplate\":\"https:\/\/www.reulsport.com\/?s={search_term_string}\"},\"query-input\":\"required name=search_term_string\"}],\"inLanguage\":\"en-US\"}]}<\/script>\n<!-- \/ Yoast SEO plugin. -->","yoast_head_json":{"title":"35\" CHASER BAR SINGLE ROW 27 LEDS (SPLIT CIRCUIT, RED\\AMBER\\WHITE\\AMBER\\RED) - WITHOUT FLASHER - ReulSport - Landrover specialist - Iveco partner","robots":{"index":"index","follow":"follow","max-snippet":"max-snippet:-1","max-image-preview":"max-image-preview:large","max-video-preview":"max-video-preview:-1"},"canonical":"https:\/\/www.reulsport.com\/en\/produit\/35-chaser-bar-single-row-27-leds-split-circuit-redamberwhiteamberred-without-flasher\/","og_locale":"en_US","og_type":"article","og_title":"35\" CHASER BAR SINGLE ROW 27 LEDS (SPLIT CIRCUIT, RED\\AMBER\\WHITE\\AMBER\\RED) - WITHOUT FLASHER - ReulSport - Landrover specialist - Iveco partner","og_description":"Raw Lumens:7,056lm Effective Lumens:4,939lm Wattage:87W Amp Draw(@12V):7.25A Low Profile Rear LED Chaser Bar System The\u00a0Vision X Chaser\u00a0Bar provides high output color LED\u2019s in a sleek, low profile housing with a bright\u00a0flood beam pattern. This rear mounted light bar can be configured as your running and brake lights using standard Red, Amber and White LED\u2019s. The [&hellip;]","og_url":"https:\/\/www.reulsport.com\/en\/produit\/35-chaser-bar-single-row-27-leds-split-circuit-redamberwhiteamberred-without-flasher\/","og_site_name":"ReulSport - Landrover specialist - Iveco partner","og_image":[{"width":750,"height":750,"url":"https:\/\/www.reulsport.com\/wp-content\/uploads\/2018\/09\/XIL-CBSR27.jpg","type":"image\/jpeg"}],"twitter_card":"summary_large_image","twitter_misc":{"Est. reading time":"1 minute"},"schema":{"@context":"https:\/\/schema.org","@graph":[{"@type":"WebPage","@id":"https:\/\/www.reulsport.com\/en\/produit\/35-chaser-bar-single-row-27-leds-split-circuit-redamberwhiteamberred-without-flasher\/","url":"https:\/\/www.reulsport.com\/en\/produit\/35-chaser-bar-single-row-27-leds-split-circuit-redamberwhiteamberred-without-flasher\/","name":"35\" CHASER BAR SINGLE ROW 27 LEDS (SPLIT CIRCUIT, RED\\AMBER\\WHITE\\AMBER\\RED) - WITHOUT FLASHER - ReulSport - Landrover specialist - Iveco partner","isPartOf":{"@id":"https:\/\/www.reulsport.com\/#website"},"datePublished":"2018-09-06T08:24:14+00:00","dateModified":"2018-09-06T08:24:14+00:00","breadcrumb":{"@id":"https:\/\/www.reulsport.com\/en\/produit\/35-chaser-bar-single-row-27-leds-split-circuit-redamberwhiteamberred-without-flasher\/#breadcrumb"},"inLanguage":"en-US","potentialAction":[{"@type":"ReadAction","target":["https:\/\/www.reulsport.com\/en\/produit\/35-chaser-bar-single-row-27-leds-split-circuit-redamberwhiteamberred-without-flasher\/"]}]},{"@type":"BreadcrumbList","@id":"https:\/\/www.reulsport.com\/en\/produit\/35-chaser-bar-single-row-27-leds-split-circuit-redamberwhiteamberred-without-flasher\/#breadcrumb","itemListElement":[{"@type":"ListItem","position":1,"name":"Accueil","item":"https:\/\/www.reulsport.com\/en\/"},{"@type":"ListItem","position":2,"name":"Shop","item":"https:\/\/www.reulsport.com\/en\/shop\/"},{"@type":"ListItem","position":3,"name":"35&#8243; CHASER BAR SINGLE ROW 27 LEDS (SPLIT CIRCUIT, RED\\AMBER\\WHITE\\AMBER\\RED) &#8211; WITHOUT FLASHER"}]},{"@type":"WebSite","@id":"https:\/\/www.reulsport.com\/#website","url":"https:\/\/www.reulsport.com\/","name":"ReulSport - Landrover specialist - Iveco partner","description":"ReulSport est un garage Ineos, Iveco et Polaris dans la r\u00e9gion de Verviers et Li\u00e8ge. Sp\u00e9cialiste de l&#039;Offroad, de la pr\u00e9paration et de l&#039;accessoirisation. .","potentialAction":[{"@type":"SearchAction","target":{"@type":"EntryPoint","urlTemplate":"https:\/\/www.reulsport.com\/?s={search_term_string}"},"query-input":"required name=search_term_string"}],"inLanguage":"en-US"}]}},"_links":{"self":[{"href":"https:\/\/www.reulsport.com\/en\/wp-json\/wp\/v2\/product\/8872"}],"collection":[{"href":"https:\/\/www.reulsport.com\/en\/wp-json\/wp\/v2\/product"}],"about":[{"href":"https:\/\/www.reulsport.com\/en\/wp-json\/wp\/v2\/types\/product"}],"replies":[{"embeddable":true,"href":"https:\/\/www.reulsport.com\/en\/wp-json\/wp\/v2\/comments?post=8872"}],"wp:featuredmedia":[{"embeddable":true,"href":"https:\/\/www.reulsport.com\/en\/wp-json\/wp\/v2\/media\/8855"}],"wp:attachment":[{"href":"https:\/\/www.reulsport.com\/en\/wp-json\/wp\/v2\/media?parent=8872"}],"wp:term":[{"taxonomy":"product_cat","embeddable":true,"href":"https:\/\/www.reulsport.com\/en\/wp-json\/wp\/v2\/product_cat?post=8872"},{"taxonomy":"product_tag","embeddable":true,"href":"https:\/\/www.reulsport.com\/en\/wp-json\/wp\/v2\/product_tag?post=8872"}],"curies":[{"name":"wp","href":"https:\/\/api.w.org\/{rel}","templated":true}]}}