{"id":8920,"date":"2018-09-06T10:53:06","date_gmt":"2018-09-06T08:53:06","guid":{"rendered":"https:\/\/www.reulsport.com\/?post_type=product&#038;p=8920\/"},"modified":"2018-09-06T10:53:06","modified_gmt":"2018-09-06T08:53:06","slug":"20-xmitter-low-profile-xtreme-black-15-5w-leds-mixed-beam","status":"publish","type":"product","link":"https:\/\/www.reulsport.com\/en\/produit\/20-xmitter-low-profile-xtreme-black-15-5w-leds-mixed-beam\/","title":{"rendered":"20&#8243; XMITTER LOW PROFILE XTREME BLACK 15 5W LED&#8217;S MIXED BEAM"},"content":{"rendered":"<ul>\n<li>White LEDs<\/li>\n<li>Lumens: 7,385<\/li>\n<li>Watts: 75w<\/li>\n<li>15 LEDs<\/li>\n<li>Combo Spot &amp; Fog Beam<\/li>\n<\/ul>\n<p>Vision X Xmitter Low Profile Xtreme 20&#8243; LED light bars pack a lot of power in a compact housing. Loaded with Xtreme 5 watt LEDs, these light bars produce almost double the light as Vision X 3 watt alternatives.<\/p>\n<ul>\n<li>\u00a0Features 5 watt LEDs<\/li>\n<li>\u00a0Includes wiring harness, relay, and switch<\/li>\n<li>\u00a0Integrated electronic thermal management<\/li>\n<li>\u00a0Utilizes pulse width modulation<\/li>\n<li>\u00a050,000 hour life potential<\/li>\n<li>\u00a0Durable polycarbonate lens<\/li>\n<li>\u00a0Compact aluminum housing<\/li>\n<li>\u00a0Mounting depth: 1&#8243;<\/li>\n<li>\u00a0Height: 2.06&#8243;<\/li>\n<li>\u00a0Depth: 2.45&#8243;<\/li>\n<\/ul>\n<p>Vision X packed this light bar with features to keep it running for potentially 50,000 hours. Vision X Xmitter low profile Xtreme LED light bars feature electronic thermal management. This monitors the heat output of the LEDs and makes use of integrated pulse width modulation circuitry in order to maintain safe operating temperatures. The pulse width modulation feature dims circuitry to manage heat levels. Pulse width modulation works by flashing the LED at a frequency faster than the human eye can detect, reducing the time that the LED is operating while still delivering 100% light output.<\/p>\n<p>Vision X packs all of these features into a durable aluminum housing and protects the LEDs with a polycarbonate lens. Take the road less traveled and light your path with a Vision X Xmitter Low Profile Xtreme 20&#8243; LED light bar.<\/p>\n","protected":false},"excerpt":{"rendered":"<p>White LEDs Lumens: 7,385 Watts: 75w 15 LEDs Combo Spot &amp; Fog Beam Vision X Xmitter Low Profile Xtreme 20&#8243; LED light bars pack a lot of power in a compact housing. Loaded with Xtreme 5 watt LEDs, these light bars produce almost double the light as Vision X 3 watt alternatives. \u00a0Features 5 watt [&hellip;]<\/p>\n","protected":false},"featured_media":8921,"comment_status":"open","ping_status":"closed","template":"","meta":[],"product_cat":[100],"product_tag":[],"acf":[],"yoast_head":"<!-- This site is optimized with the Yoast SEO plugin v20.1 - https:\/\/yoast.com\/wordpress\/plugins\/seo\/ -->\n<title>20&quot; XMITTER LOW PROFILE XTREME BLACK 15 5W LED&#039;S MIXED BEAM - ReulSport - Landrover specialist - Iveco partner<\/title>\n<meta name=\"robots\" content=\"index, follow, max-snippet:-1, max-image-preview:large, max-video-preview:-1\" \/>\n<link rel=\"canonical\" href=\"https:\/\/www.reulsport.com\/en\/produit\/20-xmitter-low-profile-xtreme-black-15-5w-leds-mixed-beam\/\" \/>\n<meta property=\"og:locale\" content=\"en_US\" \/>\n<meta property=\"og:type\" content=\"article\" \/>\n<meta property=\"og:title\" content=\"20&quot; XMITTER LOW PROFILE XTREME BLACK 15 5W LED&#039;S MIXED BEAM - ReulSport - Landrover specialist - Iveco partner\" \/>\n<meta property=\"og:description\" content=\"White LEDs Lumens: 7,385 Watts: 75w 15 LEDs Combo Spot &amp; Fog Beam Vision X Xmitter Low Profile Xtreme 20&#8243; LED light bars pack a lot of power in a compact housing. Loaded with Xtreme 5 watt LEDs, these light bars produce almost double the light as Vision X 3 watt alternatives. \u00a0Features 5 watt [&hellip;]\" \/>\n<meta property=\"og:url\" content=\"https:\/\/www.reulsport.com\/en\/produit\/20-xmitter-low-profile-xtreme-black-15-5w-leds-mixed-beam\/\" \/>\n<meta property=\"og:site_name\" content=\"ReulSport - Landrover specialist - Iveco partner\" \/>\n<meta property=\"og:image\" content=\"https:\/\/www.reulsport.com\/wp-content\/uploads\/2018\/09\/XIL-LPX15M.jpg\" \/>\n\t<meta property=\"og:image:width\" content=\"670\" \/>\n\t<meta property=\"og:image:height\" content=\"503\" \/>\n\t<meta property=\"og:image:type\" content=\"image\/jpeg\" \/>\n<meta name=\"twitter:card\" content=\"summary_large_image\" \/>\n<meta name=\"twitter:label1\" content=\"Est. reading time\" \/>\n\t<meta name=\"twitter:data1\" content=\"1 minute\" \/>\n<script type=\"application\/ld+json\" class=\"yoast-schema-graph\">{\"@context\":\"https:\/\/schema.org\",\"@graph\":[{\"@type\":\"WebPage\",\"@id\":\"https:\/\/www.reulsport.com\/en\/produit\/20-xmitter-low-profile-xtreme-black-15-5w-leds-mixed-beam\/\",\"url\":\"https:\/\/www.reulsport.com\/en\/produit\/20-xmitter-low-profile-xtreme-black-15-5w-leds-mixed-beam\/\",\"name\":\"20\\\" XMITTER LOW PROFILE XTREME BLACK 15 5W LED'S MIXED BEAM - ReulSport - Landrover specialist - Iveco partner\",\"isPartOf\":{\"@id\":\"https:\/\/www.reulsport.com\/#website\"},\"datePublished\":\"2018-09-06T08:53:06+00:00\",\"dateModified\":\"2018-09-06T08:53:06+00:00\",\"breadcrumb\":{\"@id\":\"https:\/\/www.reulsport.com\/en\/produit\/20-xmitter-low-profile-xtreme-black-15-5w-leds-mixed-beam\/#breadcrumb\"},\"inLanguage\":\"en-US\",\"potentialAction\":[{\"@type\":\"ReadAction\",\"target\":[\"https:\/\/www.reulsport.com\/en\/produit\/20-xmitter-low-profile-xtreme-black-15-5w-leds-mixed-beam\/\"]}]},{\"@type\":\"BreadcrumbList\",\"@id\":\"https:\/\/www.reulsport.com\/en\/produit\/20-xmitter-low-profile-xtreme-black-15-5w-leds-mixed-beam\/#breadcrumb\",\"itemListElement\":[{\"@type\":\"ListItem\",\"position\":1,\"name\":\"Accueil\",\"item\":\"https:\/\/www.reulsport.com\/en\/\"},{\"@type\":\"ListItem\",\"position\":2,\"name\":\"Shop\",\"item\":\"https:\/\/www.reulsport.com\/en\/shop\/\"},{\"@type\":\"ListItem\",\"position\":3,\"name\":\"20&#8243; XMITTER LOW PROFILE XTREME BLACK 15 5W LED&#8217;S MIXED BEAM\"}]},{\"@type\":\"WebSite\",\"@id\":\"https:\/\/www.reulsport.com\/#website\",\"url\":\"https:\/\/www.reulsport.com\/\",\"name\":\"ReulSport - Landrover specialist - Iveco partner\",\"description\":\"ReulSport est un garage Ineos, Iveco et Polaris dans la r\u00e9gion de Verviers et Li\u00e8ge. Sp\u00e9cialiste de l&#039;Offroad, de la pr\u00e9paration et de l&#039;accessoirisation. .\",\"potentialAction\":[{\"@type\":\"SearchAction\",\"target\":{\"@type\":\"EntryPoint\",\"urlTemplate\":\"https:\/\/www.reulsport.com\/?s={search_term_string}\"},\"query-input\":\"required name=search_term_string\"}],\"inLanguage\":\"en-US\"}]}<\/script>\n<!-- \/ Yoast SEO plugin. -->","yoast_head_json":{"title":"20\" XMITTER LOW PROFILE XTREME BLACK 15 5W LED'S MIXED BEAM - ReulSport - Landrover specialist - Iveco partner","robots":{"index":"index","follow":"follow","max-snippet":"max-snippet:-1","max-image-preview":"max-image-preview:large","max-video-preview":"max-video-preview:-1"},"canonical":"https:\/\/www.reulsport.com\/en\/produit\/20-xmitter-low-profile-xtreme-black-15-5w-leds-mixed-beam\/","og_locale":"en_US","og_type":"article","og_title":"20\" XMITTER LOW PROFILE XTREME BLACK 15 5W LED'S MIXED BEAM - ReulSport - Landrover specialist - Iveco partner","og_description":"White LEDs Lumens: 7,385 Watts: 75w 15 LEDs Combo Spot &amp; Fog Beam Vision X Xmitter Low Profile Xtreme 20&#8243; LED light bars pack a lot of power in a compact housing. Loaded with Xtreme 5 watt LEDs, these light bars produce almost double the light as Vision X 3 watt alternatives. \u00a0Features 5 watt [&hellip;]","og_url":"https:\/\/www.reulsport.com\/en\/produit\/20-xmitter-low-profile-xtreme-black-15-5w-leds-mixed-beam\/","og_site_name":"ReulSport - Landrover specialist - Iveco partner","og_image":[{"width":670,"height":503,"url":"https:\/\/www.reulsport.com\/wp-content\/uploads\/2018\/09\/XIL-LPX15M.jpg","type":"image\/jpeg"}],"twitter_card":"summary_large_image","twitter_misc":{"Est. reading time":"1 minute"},"schema":{"@context":"https:\/\/schema.org","@graph":[{"@type":"WebPage","@id":"https:\/\/www.reulsport.com\/en\/produit\/20-xmitter-low-profile-xtreme-black-15-5w-leds-mixed-beam\/","url":"https:\/\/www.reulsport.com\/en\/produit\/20-xmitter-low-profile-xtreme-black-15-5w-leds-mixed-beam\/","name":"20\" XMITTER LOW PROFILE XTREME BLACK 15 5W LED'S MIXED BEAM - ReulSport - Landrover specialist - Iveco partner","isPartOf":{"@id":"https:\/\/www.reulsport.com\/#website"},"datePublished":"2018-09-06T08:53:06+00:00","dateModified":"2018-09-06T08:53:06+00:00","breadcrumb":{"@id":"https:\/\/www.reulsport.com\/en\/produit\/20-xmitter-low-profile-xtreme-black-15-5w-leds-mixed-beam\/#breadcrumb"},"inLanguage":"en-US","potentialAction":[{"@type":"ReadAction","target":["https:\/\/www.reulsport.com\/en\/produit\/20-xmitter-low-profile-xtreme-black-15-5w-leds-mixed-beam\/"]}]},{"@type":"BreadcrumbList","@id":"https:\/\/www.reulsport.com\/en\/produit\/20-xmitter-low-profile-xtreme-black-15-5w-leds-mixed-beam\/#breadcrumb","itemListElement":[{"@type":"ListItem","position":1,"name":"Accueil","item":"https:\/\/www.reulsport.com\/en\/"},{"@type":"ListItem","position":2,"name":"Shop","item":"https:\/\/www.reulsport.com\/en\/shop\/"},{"@type":"ListItem","position":3,"name":"20&#8243; XMITTER LOW PROFILE XTREME BLACK 15 5W LED&#8217;S MIXED BEAM"}]},{"@type":"WebSite","@id":"https:\/\/www.reulsport.com\/#website","url":"https:\/\/www.reulsport.com\/","name":"ReulSport - Landrover specialist - Iveco partner","description":"ReulSport est un garage Ineos, Iveco et Polaris dans la r\u00e9gion de Verviers et Li\u00e8ge. Sp\u00e9cialiste de l&#039;Offroad, de la pr\u00e9paration et de l&#039;accessoirisation. .","potentialAction":[{"@type":"SearchAction","target":{"@type":"EntryPoint","urlTemplate":"https:\/\/www.reulsport.com\/?s={search_term_string}"},"query-input":"required name=search_term_string"}],"inLanguage":"en-US"}]}},"_links":{"self":[{"href":"https:\/\/www.reulsport.com\/en\/wp-json\/wp\/v2\/product\/8920"}],"collection":[{"href":"https:\/\/www.reulsport.com\/en\/wp-json\/wp\/v2\/product"}],"about":[{"href":"https:\/\/www.reulsport.com\/en\/wp-json\/wp\/v2\/types\/product"}],"replies":[{"embeddable":true,"href":"https:\/\/www.reulsport.com\/en\/wp-json\/wp\/v2\/comments?post=8920"}],"wp:featuredmedia":[{"embeddable":true,"href":"https:\/\/www.reulsport.com\/en\/wp-json\/wp\/v2\/media\/8921"}],"wp:attachment":[{"href":"https:\/\/www.reulsport.com\/en\/wp-json\/wp\/v2\/media?parent=8920"}],"wp:term":[{"taxonomy":"product_cat","embeddable":true,"href":"https:\/\/www.reulsport.com\/en\/wp-json\/wp\/v2\/product_cat?post=8920"},{"taxonomy":"product_tag","embeddable":true,"href":"https:\/\/www.reulsport.com\/en\/wp-json\/wp\/v2\/product_tag?post=8920"}],"curies":[{"name":"wp","href":"https:\/\/api.w.org\/{rel}","templated":true}]}}