{"id":9004,"date":"2018-09-06T12:43:39","date_gmt":"2018-09-06T10:43:39","guid":{"rendered":"https:\/\/www.reulsport.com\/?post_type=product&#038;p=9004\/"},"modified":"2018-09-28T11:12:25","modified_gmt":"2018-09-28T09:12:25","slug":"50-xmitter-low-profile-xtreme-black-39-5w-leds-10-narrow","status":"publish","type":"product","link":"https:\/\/www.reulsport.com\/en\/produit\/50-xmitter-low-profile-xtreme-black-39-5w-leds-10-narrow\/","title":{"rendered":"50&#8243; XMITTER LOW PROFILE XTREME BLACK 39 5W LED&#8217;S 10\u00b0 NARROW"},"content":{"rendered":"<p>LED Color: 6&#8243;000K White<\/p>\n<p>The Low Profile Prime XP is compact with a height of only 2.06&#8243; for a universal fit with double the light output of the 3 watt Low Profile Bar. The Low Profile Prime XP Series also makes use of Prime Drive Technology which manages heat levels to prolong the life of the LEDs.<\/p>\n<p>Key Features<br \/>\n &gt; Raw Lumens:\u00a02&#8243;,592&#8243;lm<br \/>\n &gt;Integrated Electronic Thermal Management (ETM)<br \/>\n &gt;New Generation LED is Driven to 90% Efficiency<br \/>\n &gt;PWM Integrated Dimming Circuitry<br \/>\n &gt;Xtreme 5 Watt LEDs Produces Nearly Twice the Light<\/p>\n<p>\n Prime Drive &#8211; The Smart LED Bar<br \/>\n Electronic Thermal Management<br \/>\n ETM monitors the heat output of the LEDs and makes use of integrated Pulse Width Modulation circuitry in order to maintain safe operating temperatures in order to prolong the LED life span to its full 50,000 hour potential.<br \/>\n Pulse Width Modulation<br \/>\n The Low Profile Xmitter Xtreme utilizes integrated Pulse Width Modulation (PWM) dimming circuitry to manage heat levels. PWM works by flashing the LED at a frequency faster than the human eye can detect, reducing the time that the LED is operating while still delivering 100% light output.<\/p>\n<p>Bold, Strong Design- The Tough LED Bar<br \/>\n Extruded 6&#8243;6&#8243; Aluminum<br \/>\n The Low Profile Xtreme features a 6&#8243;6&#8243; extruded aluminum housing for ultimate strength and durability.<br \/>\n IP-6&#8243; Rated<br \/>\n The Low Profile Xtreme has achieved an ingress protection rating of IP-6&#8243;, signifying that it is dust-proof and submersible in water up to 3 meters.<br \/>\n Proven Mounting System<br \/>\n The Low Profile Xtreme utilizes the Vision X signature stud mounting system that allows for 15\u00b0 of adjustability and helps to control vibration through the use of isolated rubber in the mount.<\/p>\n<p>\n Features<br \/>\n &#8211; Weatherproof Deutsch Connector with Plug-and-Play Harness<br \/>\n &#8211; Billet Clamp Tube Frame Mounts Available<br \/>\n &#8211; 15\u00b0 Vertically Adjustable Once Mounted<br \/>\n &#8211; Extruded 6&#8243;6&#8243; Aluminum Housing<br \/>\n &#8211; Polycarbonate lens<\/p>\n","protected":false},"excerpt":{"rendered":"<p>LED Color: 6&#8243;000K White The Low Profile Prime XP is compact with a height of only 2.06&#8243; for a universal fit with double the light output of the 3 watt Low Profile Bar. The Low Profile Prime XP Series also makes use of Prime Drive Technology which manages heat levels to prolong the life of [&hellip;]<\/p>\n","protected":false},"featured_media":9005,"comment_status":"open","ping_status":"closed","template":"","meta":[],"product_cat":[100],"product_tag":[],"acf":[],"yoast_head":"<!-- This site is optimized with the Yoast SEO plugin v20.1 - https:\/\/yoast.com\/wordpress\/plugins\/seo\/ -->\n<title>50&quot; XMITTER LOW PROFILE XTREME BLACK 39 5W LED&#039;S 10\u00b0 NARROW - ReulSport - Landrover specialist - Iveco partner<\/title>\n<meta name=\"robots\" content=\"index, follow, max-snippet:-1, max-image-preview:large, max-video-preview:-1\" \/>\n<link rel=\"canonical\" href=\"https:\/\/www.reulsport.com\/en\/produit\/50-xmitter-low-profile-xtreme-black-39-5w-leds-10-narrow\/\" \/>\n<meta property=\"og:locale\" content=\"en_US\" \/>\n<meta property=\"og:type\" content=\"article\" \/>\n<meta property=\"og:title\" content=\"50&quot; XMITTER LOW PROFILE XTREME BLACK 39 5W LED&#039;S 10\u00b0 NARROW - ReulSport - Landrover specialist - Iveco partner\" \/>\n<meta property=\"og:description\" content=\"LED Color: 6&#8243;000K White The Low Profile Prime XP is compact with a height of only 2.06&#8243; for a universal fit with double the light output of the 3 watt Low Profile Bar. The Low Profile Prime XP Series also makes use of Prime Drive Technology which manages heat levels to prolong the life of [&hellip;]\" \/>\n<meta property=\"og:url\" content=\"https:\/\/www.reulsport.com\/en\/produit\/50-xmitter-low-profile-xtreme-black-39-5w-leds-10-narrow\/\" \/>\n<meta property=\"og:site_name\" content=\"ReulSport - Landrover specialist - Iveco partner\" \/>\n<meta property=\"article:modified_time\" content=\"2018-09-28T09:12:25+00:00\" \/>\n<meta property=\"og:image\" content=\"https:\/\/www.reulsport.com\/wp-content\/uploads\/2018\/09\/XIL-LPX3910.jpg\" \/>\n\t<meta property=\"og:image:width\" content=\"800\" \/>\n\t<meta property=\"og:image:height\" content=\"800\" \/>\n\t<meta property=\"og:image:type\" content=\"image\/jpeg\" \/>\n<meta name=\"twitter:card\" content=\"summary_large_image\" \/>\n<meta name=\"twitter:label1\" content=\"Est. reading time\" \/>\n\t<meta name=\"twitter:data1\" content=\"1 minute\" \/>\n<script type=\"application\/ld+json\" class=\"yoast-schema-graph\">{\"@context\":\"https:\/\/schema.org\",\"@graph\":[{\"@type\":\"WebPage\",\"@id\":\"https:\/\/www.reulsport.com\/en\/produit\/50-xmitter-low-profile-xtreme-black-39-5w-leds-10-narrow\/\",\"url\":\"https:\/\/www.reulsport.com\/en\/produit\/50-xmitter-low-profile-xtreme-black-39-5w-leds-10-narrow\/\",\"name\":\"50\\\" XMITTER LOW PROFILE XTREME BLACK 39 5W LED'S 10\u00b0 NARROW - ReulSport - Landrover specialist - Iveco partner\",\"isPartOf\":{\"@id\":\"https:\/\/www.reulsport.com\/#website\"},\"datePublished\":\"2018-09-06T10:43:39+00:00\",\"dateModified\":\"2018-09-28T09:12:25+00:00\",\"breadcrumb\":{\"@id\":\"https:\/\/www.reulsport.com\/en\/produit\/50-xmitter-low-profile-xtreme-black-39-5w-leds-10-narrow\/#breadcrumb\"},\"inLanguage\":\"en-US\",\"potentialAction\":[{\"@type\":\"ReadAction\",\"target\":[\"https:\/\/www.reulsport.com\/en\/produit\/50-xmitter-low-profile-xtreme-black-39-5w-leds-10-narrow\/\"]}]},{\"@type\":\"BreadcrumbList\",\"@id\":\"https:\/\/www.reulsport.com\/en\/produit\/50-xmitter-low-profile-xtreme-black-39-5w-leds-10-narrow\/#breadcrumb\",\"itemListElement\":[{\"@type\":\"ListItem\",\"position\":1,\"name\":\"Accueil\",\"item\":\"https:\/\/www.reulsport.com\/en\/\"},{\"@type\":\"ListItem\",\"position\":2,\"name\":\"Shop\",\"item\":\"https:\/\/www.reulsport.com\/en\/shop\/\"},{\"@type\":\"ListItem\",\"position\":3,\"name\":\"50&#8243; XMITTER LOW PROFILE XTREME BLACK 39 5W LED&#8217;S 10\u00b0 NARROW\"}]},{\"@type\":\"WebSite\",\"@id\":\"https:\/\/www.reulsport.com\/#website\",\"url\":\"https:\/\/www.reulsport.com\/\",\"name\":\"ReulSport - Landrover specialist - Iveco partner\",\"description\":\"ReulSport est un garage Ineos, Iveco et Polaris dans la r\u00e9gion de Verviers et Li\u00e8ge. Sp\u00e9cialiste de l&#039;Offroad, de la pr\u00e9paration et de l&#039;accessoirisation. .\",\"potentialAction\":[{\"@type\":\"SearchAction\",\"target\":{\"@type\":\"EntryPoint\",\"urlTemplate\":\"https:\/\/www.reulsport.com\/?s={search_term_string}\"},\"query-input\":\"required name=search_term_string\"}],\"inLanguage\":\"en-US\"}]}<\/script>\n<!-- \/ Yoast SEO plugin. -->","yoast_head_json":{"title":"50\" XMITTER LOW PROFILE XTREME BLACK 39 5W LED'S 10\u00b0 NARROW - ReulSport - Landrover specialist - Iveco partner","robots":{"index":"index","follow":"follow","max-snippet":"max-snippet:-1","max-image-preview":"max-image-preview:large","max-video-preview":"max-video-preview:-1"},"canonical":"https:\/\/www.reulsport.com\/en\/produit\/50-xmitter-low-profile-xtreme-black-39-5w-leds-10-narrow\/","og_locale":"en_US","og_type":"article","og_title":"50\" XMITTER LOW PROFILE XTREME BLACK 39 5W LED'S 10\u00b0 NARROW - ReulSport - Landrover specialist - Iveco partner","og_description":"LED Color: 6&#8243;000K White The Low Profile Prime XP is compact with a height of only 2.06&#8243; for a universal fit with double the light output of the 3 watt Low Profile Bar. The Low Profile Prime XP Series also makes use of Prime Drive Technology which manages heat levels to prolong the life of [&hellip;]","og_url":"https:\/\/www.reulsport.com\/en\/produit\/50-xmitter-low-profile-xtreme-black-39-5w-leds-10-narrow\/","og_site_name":"ReulSport - Landrover specialist - Iveco partner","article_modified_time":"2018-09-28T09:12:25+00:00","og_image":[{"width":800,"height":800,"url":"https:\/\/www.reulsport.com\/wp-content\/uploads\/2018\/09\/XIL-LPX3910.jpg","type":"image\/jpeg"}],"twitter_card":"summary_large_image","twitter_misc":{"Est. reading time":"1 minute"},"schema":{"@context":"https:\/\/schema.org","@graph":[{"@type":"WebPage","@id":"https:\/\/www.reulsport.com\/en\/produit\/50-xmitter-low-profile-xtreme-black-39-5w-leds-10-narrow\/","url":"https:\/\/www.reulsport.com\/en\/produit\/50-xmitter-low-profile-xtreme-black-39-5w-leds-10-narrow\/","name":"50\" XMITTER LOW PROFILE XTREME BLACK 39 5W LED'S 10\u00b0 NARROW - ReulSport - Landrover specialist - Iveco partner","isPartOf":{"@id":"https:\/\/www.reulsport.com\/#website"},"datePublished":"2018-09-06T10:43:39+00:00","dateModified":"2018-09-28T09:12:25+00:00","breadcrumb":{"@id":"https:\/\/www.reulsport.com\/en\/produit\/50-xmitter-low-profile-xtreme-black-39-5w-leds-10-narrow\/#breadcrumb"},"inLanguage":"en-US","potentialAction":[{"@type":"ReadAction","target":["https:\/\/www.reulsport.com\/en\/produit\/50-xmitter-low-profile-xtreme-black-39-5w-leds-10-narrow\/"]}]},{"@type":"BreadcrumbList","@id":"https:\/\/www.reulsport.com\/en\/produit\/50-xmitter-low-profile-xtreme-black-39-5w-leds-10-narrow\/#breadcrumb","itemListElement":[{"@type":"ListItem","position":1,"name":"Accueil","item":"https:\/\/www.reulsport.com\/en\/"},{"@type":"ListItem","position":2,"name":"Shop","item":"https:\/\/www.reulsport.com\/en\/shop\/"},{"@type":"ListItem","position":3,"name":"50&#8243; XMITTER LOW PROFILE XTREME BLACK 39 5W LED&#8217;S 10\u00b0 NARROW"}]},{"@type":"WebSite","@id":"https:\/\/www.reulsport.com\/#website","url":"https:\/\/www.reulsport.com\/","name":"ReulSport - Landrover specialist - Iveco partner","description":"ReulSport est un garage Ineos, Iveco et Polaris dans la r\u00e9gion de Verviers et Li\u00e8ge. Sp\u00e9cialiste de l&#039;Offroad, de la pr\u00e9paration et de l&#039;accessoirisation. .","potentialAction":[{"@type":"SearchAction","target":{"@type":"EntryPoint","urlTemplate":"https:\/\/www.reulsport.com\/?s={search_term_string}"},"query-input":"required name=search_term_string"}],"inLanguage":"en-US"}]}},"_links":{"self":[{"href":"https:\/\/www.reulsport.com\/en\/wp-json\/wp\/v2\/product\/9004"}],"collection":[{"href":"https:\/\/www.reulsport.com\/en\/wp-json\/wp\/v2\/product"}],"about":[{"href":"https:\/\/www.reulsport.com\/en\/wp-json\/wp\/v2\/types\/product"}],"replies":[{"embeddable":true,"href":"https:\/\/www.reulsport.com\/en\/wp-json\/wp\/v2\/comments?post=9004"}],"wp:featuredmedia":[{"embeddable":true,"href":"https:\/\/www.reulsport.com\/en\/wp-json\/wp\/v2\/media\/9005"}],"wp:attachment":[{"href":"https:\/\/www.reulsport.com\/en\/wp-json\/wp\/v2\/media?parent=9004"}],"wp:term":[{"taxonomy":"product_cat","embeddable":true,"href":"https:\/\/www.reulsport.com\/en\/wp-json\/wp\/v2\/product_cat?post=9004"},{"taxonomy":"product_tag","embeddable":true,"href":"https:\/\/www.reulsport.com\/en\/wp-json\/wp\/v2\/product_tag?post=9004"}],"curies":[{"name":"wp","href":"https:\/\/api.w.org\/{rel}","templated":true}]}}