{"id":977,"date":"2017-04-07T09:23:12","date_gmt":"2017-04-07T07:23:12","guid":{"rendered":"https:\/\/reulsport.webismymind.be\/product\/4-seat-comfort-kit\/"},"modified":"2018-07-24T08:37:31","modified_gmt":"2018-07-24T06:37:31","slug":"4-seat-comfort-kit-for-defender-td4","status":"publish","type":"product","link":"https:\/\/www.reulsport.com\/en\/produit\/4-seat-comfort-kit-for-defender-td4\/","title":{"rendered":"4 Seat Comfort KIT for DEFENDER TD4"},"content":{"rendered":"<p>For DEFENDER 110 SW<br \/>\n Allows to build in, in place of the back seatbench, two front seats or from another adaptable model<br \/>\n Allows four adults to travel, save place for the legs and better side positioning<br \/>\n Realised in steel<br \/>\n Possibility of heated seats, to install a cigarette lighter and a glove compartements in the middle (in option)<\/p>\n<p> Attention : Provide two safety loop, same as the front ones<br \/>\n\u00a0 \u00a0 \u00a0 \u00a0 \u00a0 \u00a0 \u00a0 \u00a0 \u00a0 \u00a0 \u00a0The kit isn&#8217;t painted\u00a0<\/p>\n","protected":false},"excerpt":{"rendered":"<p>For DEFENDER 110 SW Allows to build in, in place of the back seatbench, two front seats or from another adaptable model Allows four adults to travel, save place for the legs and better side positioning Realised in steel Possibility of heated seats, to install a cigarette lighter and a glove compartements in the middle [&hellip;]<\/p>\n","protected":false},"featured_media":802,"comment_status":"open","ping_status":"closed","template":"","meta":[],"product_cat":[177],"product_tag":[212],"acf":[],"yoast_head":"<!-- This site is optimized with the Yoast SEO plugin v20.1 - https:\/\/yoast.com\/wordpress\/plugins\/seo\/ -->\n<title>4 Seat Comfort KIT for DEFENDER TD4 - ReulSport - Landrover specialist - Iveco partner<\/title>\n<meta name=\"robots\" content=\"index, follow, max-snippet:-1, max-image-preview:large, max-video-preview:-1\" \/>\n<link rel=\"canonical\" href=\"https:\/\/www.reulsport.com\/en\/produit\/4-seat-comfort-kit-for-defender-td4\/\" \/>\n<meta property=\"og:locale\" content=\"en_US\" \/>\n<meta property=\"og:type\" content=\"article\" \/>\n<meta property=\"og:title\" content=\"4 Seat Comfort KIT for DEFENDER TD4 - ReulSport - Landrover specialist - Iveco partner\" \/>\n<meta property=\"og:description\" content=\"For DEFENDER 110 SW Allows to build in, in place of the back seatbench, two front seats or from another adaptable model Allows four adults to travel, save place for the legs and better side positioning Realised in steel Possibility of heated seats, to install a cigarette lighter and a glove compartements in the middle [&hellip;]\" \/>\n<meta property=\"og:url\" content=\"https:\/\/www.reulsport.com\/en\/produit\/4-seat-comfort-kit-for-defender-td4\/\" \/>\n<meta property=\"og:site_name\" content=\"ReulSport - Landrover specialist - Iveco partner\" \/>\n<meta property=\"article:modified_time\" content=\"2018-07-24T06:37:31+00:00\" \/>\n<meta property=\"og:image\" content=\"https:\/\/www.reulsport.com\/wp-content\/uploads\/2017\/04\/85-catalogue.jpg\" \/>\n\t<meta property=\"og:image:width\" content=\"842\" \/>\n\t<meta property=\"og:image:height\" content=\"842\" \/>\n\t<meta property=\"og:image:type\" content=\"image\/jpeg\" \/>\n<meta name=\"twitter:card\" content=\"summary_large_image\" \/>\n<script type=\"application\/ld+json\" class=\"yoast-schema-graph\">{\"@context\":\"https:\/\/schema.org\",\"@graph\":[{\"@type\":\"WebPage\",\"@id\":\"https:\/\/www.reulsport.com\/en\/produit\/4-seat-comfort-kit-for-defender-td4\/\",\"url\":\"https:\/\/www.reulsport.com\/en\/produit\/4-seat-comfort-kit-for-defender-td4\/\",\"name\":\"4 Seat Comfort KIT for DEFENDER TD4 - ReulSport - Landrover specialist - Iveco partner\",\"isPartOf\":{\"@id\":\"https:\/\/www.reulsport.com\/#website\"},\"datePublished\":\"2017-04-07T07:23:12+00:00\",\"dateModified\":\"2018-07-24T06:37:31+00:00\",\"breadcrumb\":{\"@id\":\"https:\/\/www.reulsport.com\/en\/produit\/4-seat-comfort-kit-for-defender-td4\/#breadcrumb\"},\"inLanguage\":\"en-US\",\"potentialAction\":[{\"@type\":\"ReadAction\",\"target\":[\"https:\/\/www.reulsport.com\/en\/produit\/4-seat-comfort-kit-for-defender-td4\/\"]}]},{\"@type\":\"BreadcrumbList\",\"@id\":\"https:\/\/www.reulsport.com\/en\/produit\/4-seat-comfort-kit-for-defender-td4\/#breadcrumb\",\"itemListElement\":[{\"@type\":\"ListItem\",\"position\":1,\"name\":\"Accueil\",\"item\":\"https:\/\/www.reulsport.com\/en\/\"},{\"@type\":\"ListItem\",\"position\":2,\"name\":\"Shop\",\"item\":\"https:\/\/www.reulsport.com\/en\/shop\/\"},{\"@type\":\"ListItem\",\"position\":3,\"name\":\"4 Seat Comfort KIT for DEFENDER TD4\"}]},{\"@type\":\"WebSite\",\"@id\":\"https:\/\/www.reulsport.com\/#website\",\"url\":\"https:\/\/www.reulsport.com\/\",\"name\":\"ReulSport - Landrover specialist - Iveco partner\",\"description\":\"ReulSport est un garage Ineos, Iveco et Polaris dans la r\u00e9gion de Verviers et Li\u00e8ge. Sp\u00e9cialiste de l&#039;Offroad, de la pr\u00e9paration et de l&#039;accessoirisation. .\",\"potentialAction\":[{\"@type\":\"SearchAction\",\"target\":{\"@type\":\"EntryPoint\",\"urlTemplate\":\"https:\/\/www.reulsport.com\/?s={search_term_string}\"},\"query-input\":\"required name=search_term_string\"}],\"inLanguage\":\"en-US\"}]}<\/script>\n<!-- \/ Yoast SEO plugin. -->","yoast_head_json":{"title":"4 Seat Comfort KIT for DEFENDER TD4 - ReulSport - Landrover specialist - Iveco partner","robots":{"index":"index","follow":"follow","max-snippet":"max-snippet:-1","max-image-preview":"max-image-preview:large","max-video-preview":"max-video-preview:-1"},"canonical":"https:\/\/www.reulsport.com\/en\/produit\/4-seat-comfort-kit-for-defender-td4\/","og_locale":"en_US","og_type":"article","og_title":"4 Seat Comfort KIT for DEFENDER TD4 - ReulSport - Landrover specialist - Iveco partner","og_description":"For DEFENDER 110 SW Allows to build in, in place of the back seatbench, two front seats or from another adaptable model Allows four adults to travel, save place for the legs and better side positioning Realised in steel Possibility of heated seats, to install a cigarette lighter and a glove compartements in the middle [&hellip;]","og_url":"https:\/\/www.reulsport.com\/en\/produit\/4-seat-comfort-kit-for-defender-td4\/","og_site_name":"ReulSport - Landrover specialist - Iveco partner","article_modified_time":"2018-07-24T06:37:31+00:00","og_image":[{"width":842,"height":842,"url":"https:\/\/www.reulsport.com\/wp-content\/uploads\/2017\/04\/85-catalogue.jpg","type":"image\/jpeg"}],"twitter_card":"summary_large_image","schema":{"@context":"https:\/\/schema.org","@graph":[{"@type":"WebPage","@id":"https:\/\/www.reulsport.com\/en\/produit\/4-seat-comfort-kit-for-defender-td4\/","url":"https:\/\/www.reulsport.com\/en\/produit\/4-seat-comfort-kit-for-defender-td4\/","name":"4 Seat Comfort KIT for DEFENDER TD4 - ReulSport - Landrover specialist - Iveco partner","isPartOf":{"@id":"https:\/\/www.reulsport.com\/#website"},"datePublished":"2017-04-07T07:23:12+00:00","dateModified":"2018-07-24T06:37:31+00:00","breadcrumb":{"@id":"https:\/\/www.reulsport.com\/en\/produit\/4-seat-comfort-kit-for-defender-td4\/#breadcrumb"},"inLanguage":"en-US","potentialAction":[{"@type":"ReadAction","target":["https:\/\/www.reulsport.com\/en\/produit\/4-seat-comfort-kit-for-defender-td4\/"]}]},{"@type":"BreadcrumbList","@id":"https:\/\/www.reulsport.com\/en\/produit\/4-seat-comfort-kit-for-defender-td4\/#breadcrumb","itemListElement":[{"@type":"ListItem","position":1,"name":"Accueil","item":"https:\/\/www.reulsport.com\/en\/"},{"@type":"ListItem","position":2,"name":"Shop","item":"https:\/\/www.reulsport.com\/en\/shop\/"},{"@type":"ListItem","position":3,"name":"4 Seat Comfort KIT for DEFENDER TD4"}]},{"@type":"WebSite","@id":"https:\/\/www.reulsport.com\/#website","url":"https:\/\/www.reulsport.com\/","name":"ReulSport - Landrover specialist - Iveco partner","description":"ReulSport est un garage Ineos, Iveco et Polaris dans la r\u00e9gion de Verviers et Li\u00e8ge. Sp\u00e9cialiste de l&#039;Offroad, de la pr\u00e9paration et de l&#039;accessoirisation. .","potentialAction":[{"@type":"SearchAction","target":{"@type":"EntryPoint","urlTemplate":"https:\/\/www.reulsport.com\/?s={search_term_string}"},"query-input":"required name=search_term_string"}],"inLanguage":"en-US"}]}},"_links":{"self":[{"href":"https:\/\/www.reulsport.com\/en\/wp-json\/wp\/v2\/product\/977"}],"collection":[{"href":"https:\/\/www.reulsport.com\/en\/wp-json\/wp\/v2\/product"}],"about":[{"href":"https:\/\/www.reulsport.com\/en\/wp-json\/wp\/v2\/types\/product"}],"replies":[{"embeddable":true,"href":"https:\/\/www.reulsport.com\/en\/wp-json\/wp\/v2\/comments?post=977"}],"wp:featuredmedia":[{"embeddable":true,"href":"https:\/\/www.reulsport.com\/en\/wp-json\/wp\/v2\/media\/802"}],"wp:attachment":[{"href":"https:\/\/www.reulsport.com\/en\/wp-json\/wp\/v2\/media?parent=977"}],"wp:term":[{"taxonomy":"product_cat","embeddable":true,"href":"https:\/\/www.reulsport.com\/en\/wp-json\/wp\/v2\/product_cat?post=977"},{"taxonomy":"product_tag","embeddable":true,"href":"https:\/\/www.reulsport.com\/en\/wp-json\/wp\/v2\/product_tag?post=977"}],"curies":[{"name":"wp","href":"https:\/\/api.w.org\/{rel}","templated":true}]}}